{"id":11646,"date":"2022-11-17T13:57:43","date_gmt":"2022-11-17T13:57:43","guid":{"rendered":"https:\/\/modamob2.myco.site\/?post_type=product&#038;p=11646"},"modified":"2024-05-28T17:18:27","modified_gmt":"2024-05-28T14:18:27","slug":"%d0%b4%d0%b2%d0%be%d0%b9%d0%bd%d0%be%d0%b5-%d1%81%d0%b8%d0%b4%d0%b5%d0%bd%d1%8c%d0%b5-%d1%81-%d0%bc%d0%b5%d1%85%d0%b0%d0%bd%d0%b8%d0%b7%d0%bc%d0%be%d0%bc-%d0%b2%d0%b5%d1%80%d1%82%d0%b8%d0%ba%d0%b0","status":"publish","type":"product","link":"https:\/\/www.modamob.com.tr\/ru\/%d0%bf%d1%80%d0%be%d0%b4%d1%83%d0%ba%d1%82\/%d0%b4%d0%b2%d0%be%d0%b9%d0%bd%d0%be%d0%b5-%d1%81%d0%b8%d0%b4%d0%b5%d0%bd%d1%8c%d0%b5-%d1%81-%d0%bc%d0%b5%d1%85%d0%b0%d0%bd%d0%b8%d0%b7%d0%bc%d0%be%d0%bc-%d0%b2%d0%b5%d1%80%d1%82%d0%b8%d0%ba%d0%b0\/","title":{"rendered":"\u0414\u0432\u043e\u0439\u043d\u043e\u0439 \u043c\u0435\u0445\u0430\u043d\u0438\u0437\u043c \u0432\u0435\u0440\u0442\u0438\u043a\u0430\u043b\u044c\u043d\u043e\u0433\u043e \u043e\u0442\u043a\u0440\u044b\u0442\u0438\u044f"},"content":{"rendered":"<h1><a href=\"https:\/\/www.modamob.com.tr\/ru\/?post_type=product&amp;p=11646&amp;preview=true\">\u0414\u0432\u043e\u0439\u043d\u043e\u0439 \u043c\u0435\u0445\u0430\u043d\u0438\u0437\u043c \u0432\u0435\u0440\u0442\u0438\u043a\u0430\u043b\u044c\u043d\u043e\u0433\u043e \u043e\u0442\u043a\u0440\u044b\u0442\u0438\u044f<\/a><\/h1>\n<h2>\u0414\u0435\u0442\u0430\u043b\u0438 \u043f\u0440\u043e\u0434\u0443\u043a\u0442\u0430:<\/h2>\n<p>\u042d\u0422\u041e \u041e\u041f\u0422\u041e\u0412\u0410\u042f \u0426\u0415\u041d\u0410. \u0411\u0415\u0417 \u041d\u0414\u0421. \u0422\u041e\u041b\u042c\u041a\u041e \u041c\u0415\u0422\u0410\u041b\u041b\u0418\u0427\u0415\u0421\u041a\u0418\u0415 \u0427\u0410\u0421\u0422\u0418. \u0411\u0415\u0421\u041f\u041b\u0410\u0422\u041d\u0410\u042f \u0414\u041e\u0421\u0422\u0410\u0412\u041a\u0410<\/p>\n<p><strong>\u0422\u0430\u0431\u043b\u0438\u0446\u0430 \u043f\u0440\u043e\u0434\u0443\u043a\u0442\u043e\u0432:<\/strong><\/p>\n<p>\u0420\u0410\u0417\u041c\u0415\u0420 \u041a\u0420\u041e\u0412\u0410\u0422\u0418 140\u0441\u043c \u0445 190\u0441\u043c.<\/p>\n<p>\u041f\u0420\u041e\u0414\u0423\u041a\u0426\u0418\u042f \u0418\u0417\u0413\u041e\u0422\u041e\u0412\u041b\u042f\u0415\u0422\u0421\u042f \u0420\u0410\u0417\u041d\u042b\u0425 \u0420\u0410\u0417\u041c\u0415\u0420\u041e\u0412.<\/p>\n<p>\u041f\u041e\u0416\u0410\u041b\u0423\u0419\u0421\u0422\u0410, \u0421\u0412\u042f\u0416\u0418\u0422\u0415\u0421\u042c \u0421 \u041d\u0410\u041c\u0418 \u0414\u041b\u042f \u041f\u041e\u041b\u0423\u0427\u0415\u041d\u0418\u042f \u041f\u041e\u0414\u0420\u041e\u0411\u041d\u041e\u0419 \u0418\u041d\u0424\u041e\u0420\u041c\u0410\u0426\u0418\u0418.<\/p>\n<p><img fetchpriority=\"high\" decoding=\"async\" class=\"alignnone size-medium wp-image-11647\" src=\"https:\/\/modamob.com.tr\/wp-content\/uploads\/2022\/11\/1-211x300.jpg\" alt=\"\" width=\"211\" height=\"300\" srcset=\"https:\/\/www.modamob.com.tr\/wp-content\/uploads\/2022\/11\/1-211x300.jpg 211w, https:\/\/www.modamob.com.tr\/wp-content\/uploads\/2022\/11\/1.jpg 558w\" sizes=\"(max-width: 211px) 100vw, 211px\" \/><\/p>\n<p><strong>\u0421\u0445\u0435\u043c\u0430 \u0441\u0431\u043e\u0440\u043a\u0438 \u043f\u0440\u043e\u0434\u0443\u043a\u0442\u0430:<\/strong><\/p>\n<p>\u041f\u043e\u0436\u0430\u043b\u0443\u0439\u0441\u0442\u0430, \u0441\u0432\u044f\u0436\u0438\u0442\u0435\u0441\u044c \u0441 \u043d\u0430\u043c\u0438 \u0434\u043b\u044f \u043f\u043e\u043b\u0443\u0447\u0435\u043d\u0438\u044f \u0438\u043d\u0444\u043e\u0440\u043c\u0430\u0446\u0438\u0438 \u043e \u0440\u0430\u0437\u043d\u044b\u0445 \u0440\u0430\u0437\u043c\u0435\u0440\u0430\u0445.<\/p>\n<p><img decoding=\"async\" class=\"alignnone size-medium wp-image-11648\" src=\"https:\/\/modamob.com.tr\/wp-content\/uploads\/2022\/11\/11-232x300.jpg\" alt=\"\" width=\"232\" height=\"300\" srcset=\"https:\/\/www.modamob.com.tr\/wp-content\/uploads\/2022\/11\/11-232x300.jpg 232w, https:\/\/www.modamob.com.tr\/wp-content\/uploads\/2022\/11\/11-600x774.jpg 600w, https:\/\/www.modamob.com.tr\/wp-content\/uploads\/2022\/11\/11.jpg 668w\" sizes=\"(max-width: 232px) 100vw, 232px\" \/><\/p>\n<p><strong>\u0414\u0435\u0442\u0430\u043b\u044c \u043f\u0440\u043e\u0434\u0443\u043a\u0442\u0430:<\/strong><\/p>\n<p>\u0421\u043f\u0438\u0441\u043e\u043a \u043c\u0430\u0442\u0435\u0440\u0438\u0430\u043b\u043e\u0432 \u043c\u0435\u0445\u0430\u043d\u0438\u0437\u043c\u0430 \u0434\u0432\u043e\u0439\u043d\u043e\u0439 \u0432\u0435\u0440\u0442\u0438\u043a\u0430\u043b\u044c\u043d\u043e\u0439 \u0441\u043a\u043b\u0430\u0434\u043d\u043e\u0439 \u043a\u0440\u043e\u0432\u0430\u0442\u0438.<\/p>\n<p><img decoding=\"async\" class=\"alignnone size-medium wp-image-11649\" src=\"https:\/\/modamob.com.tr\/wp-content\/uploads\/2022\/11\/111-212x300.jpg\" alt=\"\" width=\"212\" height=\"300\" srcset=\"https:\/\/www.modamob.com.tr\/wp-content\/uploads\/2022\/11\/111-212x300.jpg 212w, https:\/\/www.modamob.com.tr\/wp-content\/uploads\/2022\/11\/111.jpg 563w\" sizes=\"(max-width: 212px) 100vw, 212px\" \/><\/p>\n<p>&nbsp;<\/p>\n<p>&nbsp;<\/p>\n<p>&nbsp;<\/p>\n<p>&nbsp;<\/p>\n<p>&nbsp;<\/p>","protected":false},"excerpt":{"rendered":"<p>\u00c7ift Ki\u015filik Dikey A\u00e7\u0131l\u0131r Mekanizma \u00dcr\u00fcn Detaylar\u0131: TOPTAN F\u0130YATTIR. KDV HAR\u0130\u00c7T\u0130R. SADECE METAL AKSAMLAR. \u00dcCRETS\u0130Z KARGO \u00dcr\u00fcn Grafi\u011fi: YATAK \u00d6L\u00c7\u00dcS\u00dc 140cm x 190cm&#8217;D\u0130R. FARKLI \u00d6L\u00c7\u00dcLERDE \u00dcRET\u0130M YAPILMAKTADIR. DETAYLI B\u0130LG\u0130 \u0130\u00c7\u0130N \u0130LET\u0130\u015e\u0130ME GE\u00c7\u0130N\u0130Z. \u00dcr\u00fcn Montaj \u015eemas\u0131: Farkl\u0131 \u00f6l\u00e7\u00fcler i\u00e7in ileti\u015fime ge\u00e7iniz. \u00dcr\u00fcn Detay: \u00c7ift ki\u015filik dikey a\u00e7\u0131l\u0131r duvar yata\u011f\u0131 mekanizmas\u0131 malzeme listesi. &nbsp; &nbsp; &nbsp; &nbsp; [&hellip;]<\/p>","protected":false},"featured_media":11650,"template":"","meta":{"footnotes":""},"product_brand":[],"product_cat":[205,206],"product_tag":[239,240,260],"class_list":{"0":"post-11646","1":"product","2":"type-product","3":"status-publish","4":"has-post-thumbnail","6":"product_cat-cift-kisilik-somyali-mekanizmalar","7":"product_cat-mekanizmalar","8":"product_tag-akilli-mobilya","9":"product_tag-acilir-yatak","10":"product_tag-duvar-yatak-mekanizmasi","11":"tm-no-options","13":"first","14":"instock","15":"taxable","16":"shipping-taxable","17":"purchasable","18":"product-type-simple"},"yoast_head":"<!-- This site is optimized with the Yoast SEO plugin v26.8 - https:\/\/yoast.com\/product\/yoast-seo-wordpress\/ -->\n<title>\u00c7ift Ki\u015filik Dikey A\u00e7\u0131l\u0131r Mekanizma - Modamob Ak\u0131ll\u0131 Mobilya<\/title>\n<meta name=\"robots\" content=\"index, follow, max-snippet:-1, max-image-preview:large, max-video-preview:-1\" \/>\n<link rel=\"canonical\" href=\"https:\/\/www.modamob.com.tr\/ru\/\u043f\u0440\u043e\u0434\u0443\u043a\u0442\/\u0434\u0432\u043e\u0439\u043d\u043e\u0435-\u0441\u0438\u0434\u0435\u043d\u044c\u0435-\u0441-\u043c\u0435\u0445\u0430\u043d\u0438\u0437\u043c\u043e\u043c-\u0432\u0435\u0440\u0442\u0438\u043a\u0430\/\" \/>\n<meta property=\"og:locale\" content=\"ru_RU\" \/>\n<meta property=\"og:type\" content=\"article\" \/>\n<meta property=\"og:title\" content=\"\u00c7ift Ki\u015filik Dikey A\u00e7\u0131l\u0131r Mekanizma - Modamob Ak\u0131ll\u0131 Mobilya\" \/>\n<meta property=\"og:description\" content=\"\u00c7ift Ki\u015filik Dikey A\u00e7\u0131l\u0131r Mekanizma \u00dcr\u00fcn Detaylar\u0131: TOPTAN F\u0130YATTIR. KDV HAR\u0130\u00c7T\u0130R. SADECE METAL AKSAMLAR. \u00dcCRETS\u0130Z KARGO \u00dcr\u00fcn Grafi\u011fi: YATAK \u00d6L\u00c7\u00dcS\u00dc 140cm x 190cm&#8217;D\u0130R. FARKLI \u00d6L\u00c7\u00dcLERDE \u00dcRET\u0130M YAPILMAKTADIR. DETAYLI B\u0130LG\u0130 \u0130\u00c7\u0130N \u0130LET\u0130\u015e\u0130ME GE\u00c7\u0130N\u0130Z. \u00dcr\u00fcn Montaj \u015eemas\u0131: Farkl\u0131 \u00f6l\u00e7\u00fcler i\u00e7in ileti\u015fime ge\u00e7iniz. \u00dcr\u00fcn Detay: \u00c7ift ki\u015filik dikey a\u00e7\u0131l\u0131r duvar yata\u011f\u0131 mekanizmas\u0131 malzeme listesi. &nbsp; &nbsp; &nbsp; &nbsp; [&hellip;]\" \/>\n<meta property=\"og:url\" content=\"https:\/\/www.modamob.com.tr\/ru\/\u043f\u0440\u043e\u0434\u0443\u043a\u0442\/\u0434\u0432\u043e\u0439\u043d\u043e\u0435-\u0441\u0438\u0434\u0435\u043d\u044c\u0435-\u0441-\u043c\u0435\u0445\u0430\u043d\u0438\u0437\u043c\u043e\u043c-\u0432\u0435\u0440\u0442\u0438\u043a\u0430\/\" \/>\n<meta property=\"og:site_name\" content=\"Modamob Ak\u0131ll\u0131 Mobilya\" \/>\n<meta property=\"article:modified_time\" content=\"2024-05-28T14:18:27+00:00\" \/>\n<meta property=\"og:image\" content=\"https:\/\/www.modamob.com.tr\/wp-content\/uploads\/2022\/11\/anaresim1.jpg\" \/>\n\t<meta property=\"og:image:width\" content=\"1024\" \/>\n\t<meta property=\"og:image:height\" content=\"576\" \/>\n\t<meta property=\"og:image:type\" content=\"image\/jpeg\" \/>\n<meta name=\"twitter:card\" content=\"summary_large_image\" \/>\n<meta name=\"twitter:label1\" content=\"\u041f\u0440\u0438\u043c\u0435\u0440\u043d\u043e\u0435 \u0432\u0440\u0435\u043c\u044f \u0434\u043b\u044f \u0447\u0442\u0435\u043d\u0438\u044f\" \/>\n\t<meta name=\"twitter:data1\" content=\"2 \u043c\u0438\u043d\u0443\u0442\u044b\" \/>\n<script type=\"application\/ld+json\" class=\"yoast-schema-graph\">{\"@context\":\"https:\/\/schema.org\",\"@graph\":[{\"@type\":\"WebPage\",\"@id\":\"https:\/\/www.modamob.com.tr\/urun\/cift-kisilik-dikey-acilir-mekanizma\/\",\"url\":\"https:\/\/www.modamob.com.tr\/urun\/cift-kisilik-dikey-acilir-mekanizma\/\",\"name\":\"\u00c7ift Ki\u015filik Dikey A\u00e7\u0131l\u0131r Mekanizma - Modamob Ak\u0131ll\u0131 Mobilya\",\"isPartOf\":{\"@id\":\"https:\/\/www.modamob.com.tr\/#website\"},\"primaryImageOfPage\":{\"@id\":\"https:\/\/www.modamob.com.tr\/urun\/cift-kisilik-dikey-acilir-mekanizma\/#primaryimage\"},\"image\":{\"@id\":\"https:\/\/www.modamob.com.tr\/urun\/cift-kisilik-dikey-acilir-mekanizma\/#primaryimage\"},\"thumbnailUrl\":\"https:\/\/www.modamob.com.tr\/wp-content\/uploads\/2022\/11\/anaresim1.jpg\",\"datePublished\":\"2022-11-17T13:57:43+00:00\",\"dateModified\":\"2024-05-28T14:18:27+00:00\",\"breadcrumb\":{\"@id\":\"https:\/\/www.modamob.com.tr\/urun\/cift-kisilik-dikey-acilir-mekanizma\/#breadcrumb\"},\"inLanguage\":\"ru-RU\",\"potentialAction\":[{\"@type\":\"ReadAction\",\"target\":[\"https:\/\/www.modamob.com.tr\/urun\/cift-kisilik-dikey-acilir-mekanizma\/\"]}]},{\"@type\":\"ImageObject\",\"inLanguage\":\"ru-RU\",\"@id\":\"https:\/\/www.modamob.com.tr\/urun\/cift-kisilik-dikey-acilir-mekanizma\/#primaryimage\",\"url\":\"https:\/\/www.modamob.com.tr\/wp-content\/uploads\/2022\/11\/anaresim1.jpg\",\"contentUrl\":\"https:\/\/www.modamob.com.tr\/wp-content\/uploads\/2022\/11\/anaresim1.jpg\",\"width\":1024,\"height\":576,\"caption\":\"\u00c7ift Ki\u015filik Dikey A\u00e7\u0131l\u0131r Mekanizma\"},{\"@type\":\"BreadcrumbList\",\"@id\":\"https:\/\/www.modamob.com.tr\/urun\/cift-kisilik-dikey-acilir-mekanizma\/#breadcrumb\",\"itemListElement\":[{\"@type\":\"ListItem\",\"position\":1,\"name\":\"Anasayfa\",\"item\":\"https:\/\/www.modamob.com.tr\/\"},{\"@type\":\"ListItem\",\"position\":2,\"name\":\"Ma\u011faza\",\"item\":\"https:\/\/www.modamob.com.tr\/magaza\/\"},{\"@type\":\"ListItem\",\"position\":3,\"name\":\"\u00c7ift Ki\u015filik Dikey A\u00e7\u0131l\u0131r Mekanizma\"}]},{\"@type\":\"WebSite\",\"@id\":\"https:\/\/www.modamob.com.tr\/#website\",\"url\":\"https:\/\/www.modamob.com.tr\/\",\"name\":\"Modamob Ak\u0131ll\u0131 Mobilya\",\"description\":\"Yeni Nesil Hareketli Mobilyalar\",\"potentialAction\":[{\"@type\":\"SearchAction\",\"target\":{\"@type\":\"EntryPoint\",\"urlTemplate\":\"https:\/\/www.modamob.com.tr\/?s={search_term_string}\"},\"query-input\":{\"@type\":\"PropertyValueSpecification\",\"valueRequired\":true,\"valueName\":\"search_term_string\"}}],\"inLanguage\":\"ru-RU\"}]}<\/script>\n<!-- \/ Yoast SEO plugin. -->","yoast_head_json":{"title":"\u0414\u0432\u043e\u0439\u043d\u043e\u0439 \u043c\u0435\u0445\u0430\u043d\u0438\u0437\u043c \u0432\u0435\u0440\u0442\u0438\u043a\u0430\u043b\u044c\u043d\u043e\u0433\u043e \u043e\u0442\u043a\u0440\u044b\u0432\u0430\u043d\u0438\u044f - Modamob Smart Furniture","robots":{"index":"index","follow":"follow","max-snippet":"max-snippet:-1","max-image-preview":"max-image-preview:large","max-video-preview":"max-video-preview:-1"},"canonical":"https:\/\/www.modamob.com.tr\/ru\/\u043f\u0440\u043e\u0434\u0443\u043a\u0442\/\u0434\u0432\u043e\u0439\u043d\u043e\u0435-\u0441\u0438\u0434\u0435\u043d\u044c\u0435-\u0441-\u043c\u0435\u0445\u0430\u043d\u0438\u0437\u043c\u043e\u043c-\u0432\u0435\u0440\u0442\u0438\u043a\u0430\/","og_locale":"ru_RU","og_type":"article","og_title":"\u00c7ift Ki\u015filik Dikey A\u00e7\u0131l\u0131r Mekanizma - Modamob Ak\u0131ll\u0131 Mobilya","og_description":"\u00c7ift Ki\u015filik Dikey A\u00e7\u0131l\u0131r Mekanizma \u00dcr\u00fcn Detaylar\u0131: TOPTAN F\u0130YATTIR. KDV HAR\u0130\u00c7T\u0130R. SADECE METAL AKSAMLAR. \u00dcCRETS\u0130Z KARGO \u00dcr\u00fcn Grafi\u011fi: YATAK \u00d6L\u00c7\u00dcS\u00dc 140cm x 190cm&#8217;D\u0130R. FARKLI \u00d6L\u00c7\u00dcLERDE \u00dcRET\u0130M YAPILMAKTADIR. DETAYLI B\u0130LG\u0130 \u0130\u00c7\u0130N \u0130LET\u0130\u015e\u0130ME GE\u00c7\u0130N\u0130Z. \u00dcr\u00fcn Montaj \u015eemas\u0131: Farkl\u0131 \u00f6l\u00e7\u00fcler i\u00e7in ileti\u015fime ge\u00e7iniz. \u00dcr\u00fcn Detay: \u00c7ift ki\u015filik dikey a\u00e7\u0131l\u0131r duvar yata\u011f\u0131 mekanizmas\u0131 malzeme listesi. &nbsp; &nbsp; &nbsp; &nbsp; [&hellip;]","og_url":"https:\/\/www.modamob.com.tr\/ru\/\u043f\u0440\u043e\u0434\u0443\u043a\u0442\/\u0434\u0432\u043e\u0439\u043d\u043e\u0435-\u0441\u0438\u0434\u0435\u043d\u044c\u0435-\u0441-\u043c\u0435\u0445\u0430\u043d\u0438\u0437\u043c\u043e\u043c-\u0432\u0435\u0440\u0442\u0438\u043a\u0430\/","og_site_name":"Modamob Ak\u0131ll\u0131 Mobilya","article_modified_time":"2024-05-28T14:18:27+00:00","og_image":[{"width":1024,"height":576,"url":"https:\/\/www.modamob.com.tr\/wp-content\/uploads\/2022\/11\/anaresim1.jpg","type":"image\/jpeg"}],"twitter_card":"summary_large_image","twitter_misc":{"\u041f\u0440\u0438\u043c\u0435\u0440\u043d\u043e\u0435 \u0432\u0440\u0435\u043c\u044f \u0434\u043b\u044f \u0447\u0442\u0435\u043d\u0438\u044f":"2 \u043c\u0438\u043d\u0443\u0442\u044b"},"schema":{"@context":"https:\/\/schema.org","@graph":[{"@type":"WebPage","@id":"https:\/\/www.modamob.com.tr\/urun\/cift-kisilik-dikey-acilir-mekanizma\/","url":"https:\/\/www.modamob.com.tr\/urun\/cift-kisilik-dikey-acilir-mekanizma\/","name":"\u0414\u0432\u043e\u0439\u043d\u043e\u0439 \u043c\u0435\u0445\u0430\u043d\u0438\u0437\u043c \u0432\u0435\u0440\u0442\u0438\u043a\u0430\u043b\u044c\u043d\u043e\u0433\u043e \u043e\u0442\u043a\u0440\u044b\u0432\u0430\u043d\u0438\u044f - Modamob Smart Furniture","isPartOf":{"@id":"https:\/\/www.modamob.com.tr\/#website"},"primaryImageOfPage":{"@id":"https:\/\/www.modamob.com.tr\/urun\/cift-kisilik-dikey-acilir-mekanizma\/#primaryimage"},"image":{"@id":"https:\/\/www.modamob.com.tr\/urun\/cift-kisilik-dikey-acilir-mekanizma\/#primaryimage"},"thumbnailUrl":"https:\/\/www.modamob.com.tr\/wp-content\/uploads\/2022\/11\/anaresim1.jpg","datePublished":"2022-11-17T13:57:43+00:00","dateModified":"2024-05-28T14:18:27+00:00","breadcrumb":{"@id":"https:\/\/www.modamob.com.tr\/urun\/cift-kisilik-dikey-acilir-mekanizma\/#breadcrumb"},"inLanguage":"ru-RU","potentialAction":[{"@type":"ReadAction","target":["https:\/\/www.modamob.com.tr\/urun\/cift-kisilik-dikey-acilir-mekanizma\/"]}]},{"@type":"ImageObject","inLanguage":"ru-RU","@id":"https:\/\/www.modamob.com.tr\/urun\/cift-kisilik-dikey-acilir-mekanizma\/#primaryimage","url":"https:\/\/www.modamob.com.tr\/wp-content\/uploads\/2022\/11\/anaresim1.jpg","contentUrl":"https:\/\/www.modamob.com.tr\/wp-content\/uploads\/2022\/11\/anaresim1.jpg","width":1024,"height":576,"caption":"\u00c7ift Ki\u015filik Dikey A\u00e7\u0131l\u0131r Mekanizma"},{"@type":"BreadcrumbList","@id":"https:\/\/www.modamob.com.tr\/urun\/cift-kisilik-dikey-acilir-mekanizma\/#breadcrumb","itemListElement":[{"@type":"ListItem","position":1,"name":"Anasayfa","item":"https:\/\/www.modamob.com.tr\/"},{"@type":"ListItem","position":2,"name":"Ma\u011faza","item":"https:\/\/www.modamob.com.tr\/magaza\/"},{"@type":"ListItem","position":3,"name":"\u00c7ift Ki\u015filik Dikey A\u00e7\u0131l\u0131r Mekanizma"}]},{"@type":"WebSite","@id":"https:\/\/www.modamob.com.tr\/#website","url":"https:\/\/www.modamob.com.tr\/","name":"\u041c\u043e\u0434\u0430\u043c\u043e\u0431 \u0423\u043c\u043d\u0430\u044f \u041c\u0435\u0431\u0435\u043b\u044c","description":"\u041f\u0435\u0440\u0435\u0434\u0432\u0438\u0436\u043d\u0430\u044f \u043c\u0435\u0431\u0435\u043b\u044c \u043d\u043e\u0432\u043e\u0433\u043e \u043f\u043e\u043a\u043e\u043b\u0435\u043d\u0438\u044f","potentialAction":[{"@type":"SearchAction","target":{"@type":"EntryPoint","urlTemplate":"https:\/\/www.modamob.com.tr\/?s={search_term_string}"},"query-input":{"@type":"PropertyValueSpecification","valueRequired":true,"valueName":"search_term_string"}}],"inLanguage":"ru-RU"}]}},"_links":{"self":[{"href":"https:\/\/www.modamob.com.tr\/ru\/wp-json\/wp\/v2\/product\/11646","targetHints":{"allow":["GET"]}}],"collection":[{"href":"https:\/\/www.modamob.com.tr\/ru\/wp-json\/wp\/v2\/product"}],"about":[{"href":"https:\/\/www.modamob.com.tr\/ru\/wp-json\/wp\/v2\/types\/product"}],"version-history":[{"count":2,"href":"https:\/\/www.modamob.com.tr\/ru\/wp-json\/wp\/v2\/product\/11646\/revisions"}],"predecessor-version":[{"id":15808,"href":"https:\/\/www.modamob.com.tr\/ru\/wp-json\/wp\/v2\/product\/11646\/revisions\/15808"}],"wp:featuredmedia":[{"embeddable":true,"href":"https:\/\/www.modamob.com.tr\/ru\/wp-json\/wp\/v2\/media\/11650"}],"wp:attachment":[{"href":"https:\/\/www.modamob.com.tr\/ru\/wp-json\/wp\/v2\/media?parent=11646"}],"wp:term":[{"taxonomy":"product_brand","embeddable":true,"href":"https:\/\/www.modamob.com.tr\/ru\/wp-json\/wp\/v2\/product_brand?post=11646"},{"taxonomy":"product_cat","embeddable":true,"href":"https:\/\/www.modamob.com.tr\/ru\/wp-json\/wp\/v2\/product_cat?post=11646"},{"taxonomy":"product_tag","embeddable":true,"href":"https:\/\/www.modamob.com.tr\/ru\/wp-json\/wp\/v2\/product_tag?post=11646"}],"curies":[{"name":"wp","href":"https:\/\/api.w.org\/{rel}","templated":true}]}}