{"id":11131,"date":"2022-10-29T12:06:08","date_gmt":"2022-10-29T12:06:08","guid":{"rendered":"https:\/\/modamob2.myco.site\/?post_type=product&#038;p=11131"},"modified":"2026-03-24T16:32:06","modified_gmt":"2026-03-24T13:32:06","slug":"metal-cerceveli-yatay-acilir-tek-kisilik-duvar-yatagi","status":"publish","type":"product","link":"https:\/\/www.modamob.com.tr\/ru\/%d0%bf%d1%80%d0%be%d0%b4%d1%83%d0%ba%d1%82\/metal-cerceveli-yatay-acilir-tek-kisilik-duvar-yatagi\/","title":{"rendered":"Metal \u00c7er\u00e7eveli Yatay A\u00e7\u0131l\u0131r Tek Ki\u015filik Duvar Yata\u011f\u0131"},"content":{"rendered":"<h2><\/h2>\n<p>&nbsp;<\/p>","protected":false},"excerpt":{"rendered":"<p>&nbsp;<\/p>","protected":false},"featured_media":18293,"template":"","meta":{"footnotes":""},"product_brand":[],"product_cat":[283],"product_tag":[],"class_list":{"0":"post-11131","1":"product","2":"type-product","3":"status-publish","4":"has-post-thumbnail","6":"product_cat-metal-kasali-duvar-yataklari","7":"tm-no-options","9":"first","10":"instock","11":"sale","12":"taxable","13":"shipping-taxable","14":"purchasable","15":"product-type-variable"},"yoast_head":"<!-- This site is optimized with the Yoast SEO plugin v26.8 - https:\/\/yoast.com\/product\/yoast-seo-wordpress\/ -->\n<title>Metal \u00c7er\u00e7eveli Yatay A\u00e7\u0131l\u0131r Tek Ki\u015filik Duvar Yata\u011f\u0131 - Modamob Ak\u0131ll\u0131 Mobilya<\/title>\n<meta name=\"robots\" content=\"index, follow, max-snippet:-1, max-image-preview:large, max-video-preview:-1\" \/>\n<link rel=\"canonical\" href=\"https:\/\/www.modamob.com.tr\/ru\/\u043f\u0440\u043e\u0434\u0443\u043a\u0442\/metal-cerceveli-yatay-acilir-tek-kisilik-duvar-yatagi\/\" \/>\n<meta property=\"og:locale\" content=\"ru_RU\" \/>\n<meta property=\"og:type\" content=\"article\" \/>\n<meta property=\"og:title\" content=\"Metal \u00c7er\u00e7eveli Yatay A\u00e7\u0131l\u0131r Tek Ki\u015filik Duvar Yata\u011f\u0131 - Modamob Ak\u0131ll\u0131 Mobilya\" \/>\n<meta property=\"og:description\" content=\"&nbsp;\" \/>\n<meta property=\"og:url\" content=\"https:\/\/www.modamob.com.tr\/ru\/\u043f\u0440\u043e\u0434\u0443\u043a\u0442\/metal-cerceveli-yatay-acilir-tek-kisilik-duvar-yatagi\/\" \/>\n<meta property=\"og:site_name\" content=\"Modamob Ak\u0131ll\u0131 Mobilya\" \/>\n<meta property=\"article:modified_time\" content=\"2026-03-24T13:32:06+00:00\" \/>\n<meta property=\"og:image\" content=\"https:\/\/www.modamob.com.tr\/wp-content\/uploads\/2025\/03\/4.png\" \/>\n\t<meta property=\"og:image:width\" content=\"1080\" \/>\n\t<meta property=\"og:image:height\" content=\"1080\" \/>\n\t<meta property=\"og:image:type\" content=\"image\/png\" \/>\n<meta name=\"twitter:card\" content=\"summary_large_image\" \/>\n<meta name=\"twitter:label1\" content=\"\u041f\u0440\u0438\u043c\u0435\u0440\u043d\u043e\u0435 \u0432\u0440\u0435\u043c\u044f \u0434\u043b\u044f \u0447\u0442\u0435\u043d\u0438\u044f\" \/>\n\t<meta name=\"twitter:data1\" content=\"1 \u043c\u0438\u043d\u0443\u0442\u0430\" \/>\n<script type=\"application\/ld+json\" class=\"yoast-schema-graph\">{\"@context\":\"https:\/\/schema.org\",\"@graph\":[{\"@type\":\"WebPage\",\"@id\":\"https:\/\/www.modamob.com.tr\/urun\/metal-cerceveli-yatay-acilir-tek-kisilik-duvar-yatagi\/\",\"url\":\"https:\/\/www.modamob.com.tr\/urun\/metal-cerceveli-yatay-acilir-tek-kisilik-duvar-yatagi\/\",\"name\":\"Metal \u00c7er\u00e7eveli Yatay A\u00e7\u0131l\u0131r Tek Ki\u015filik Duvar Yata\u011f\u0131 - Modamob Ak\u0131ll\u0131 Mobilya\",\"isPartOf\":{\"@id\":\"https:\/\/www.modamob.com.tr\/#website\"},\"primaryImageOfPage\":{\"@id\":\"https:\/\/www.modamob.com.tr\/urun\/metal-cerceveli-yatay-acilir-tek-kisilik-duvar-yatagi\/#primaryimage\"},\"image\":{\"@id\":\"https:\/\/www.modamob.com.tr\/urun\/metal-cerceveli-yatay-acilir-tek-kisilik-duvar-yatagi\/#primaryimage\"},\"thumbnailUrl\":\"https:\/\/www.modamob.com.tr\/wp-content\/uploads\/2025\/03\/4.png\",\"datePublished\":\"2022-10-29T12:06:08+00:00\",\"dateModified\":\"2026-03-24T13:32:06+00:00\",\"breadcrumb\":{\"@id\":\"https:\/\/www.modamob.com.tr\/urun\/metal-cerceveli-yatay-acilir-tek-kisilik-duvar-yatagi\/#breadcrumb\"},\"inLanguage\":\"ru-RU\",\"potentialAction\":[{\"@type\":\"ReadAction\",\"target\":[\"https:\/\/www.modamob.com.tr\/urun\/metal-cerceveli-yatay-acilir-tek-kisilik-duvar-yatagi\/\"]}]},{\"@type\":\"ImageObject\",\"inLanguage\":\"ru-RU\",\"@id\":\"https:\/\/www.modamob.com.tr\/urun\/metal-cerceveli-yatay-acilir-tek-kisilik-duvar-yatagi\/#primaryimage\",\"url\":\"https:\/\/www.modamob.com.tr\/wp-content\/uploads\/2025\/03\/4.png\",\"contentUrl\":\"https:\/\/www.modamob.com.tr\/wp-content\/uploads\/2025\/03\/4.png\",\"width\":1080,\"height\":1080,\"caption\":\"Metal \u00c7er\u00e7eveli Yatay A\u00e7\u0131l\u0131r Tek Ki\u015filik Duvar Yata\u011f\u0131\"},{\"@type\":\"BreadcrumbList\",\"@id\":\"https:\/\/www.modamob.com.tr\/urun\/metal-cerceveli-yatay-acilir-tek-kisilik-duvar-yatagi\/#breadcrumb\",\"itemListElement\":[{\"@type\":\"ListItem\",\"position\":1,\"name\":\"Anasayfa\",\"item\":\"https:\/\/www.modamob.com.tr\/\"},{\"@type\":\"ListItem\",\"position\":2,\"name\":\"Ma\u011faza\",\"item\":\"https:\/\/www.modamob.com.tr\/magaza\/\"},{\"@type\":\"ListItem\",\"position\":3,\"name\":\"Metal \u00c7er\u00e7eveli Yatay A\u00e7\u0131l\u0131r Tek Ki\u015filik Duvar Yata\u011f\u0131\"}]},{\"@type\":\"WebSite\",\"@id\":\"https:\/\/www.modamob.com.tr\/#website\",\"url\":\"https:\/\/www.modamob.com.tr\/\",\"name\":\"Modamob Ak\u0131ll\u0131 Mobilya\",\"description\":\"Yeni Nesil Hareketli Mobilyalar\",\"potentialAction\":[{\"@type\":\"SearchAction\",\"target\":{\"@type\":\"EntryPoint\",\"urlTemplate\":\"https:\/\/www.modamob.com.tr\/?s={search_term_string}\"},\"query-input\":{\"@type\":\"PropertyValueSpecification\",\"valueRequired\":true,\"valueName\":\"search_term_string\"}}],\"inLanguage\":\"ru-RU\"}]}<\/script>\n<!-- \/ Yoast SEO plugin. -->","yoast_head_json":{"title":"Metal \u00c7er\u00e7eveli Yatay A\u00e7\u0131l\u0131r Tek Ki\u015filik Duvar Yata\u011f\u0131 - Modamob Ak\u0131ll\u0131 Mobilya","robots":{"index":"index","follow":"follow","max-snippet":"max-snippet:-1","max-image-preview":"max-image-preview:large","max-video-preview":"max-video-preview:-1"},"canonical":"https:\/\/www.modamob.com.tr\/ru\/\u043f\u0440\u043e\u0434\u0443\u043a\u0442\/metal-cerceveli-yatay-acilir-tek-kisilik-duvar-yatagi\/","og_locale":"ru_RU","og_type":"article","og_title":"Metal \u00c7er\u00e7eveli Yatay A\u00e7\u0131l\u0131r Tek Ki\u015filik Duvar Yata\u011f\u0131 - Modamob Ak\u0131ll\u0131 Mobilya","og_description":"&nbsp;","og_url":"https:\/\/www.modamob.com.tr\/ru\/\u043f\u0440\u043e\u0434\u0443\u043a\u0442\/metal-cerceveli-yatay-acilir-tek-kisilik-duvar-yatagi\/","og_site_name":"Modamob Ak\u0131ll\u0131 Mobilya","article_modified_time":"2026-03-24T13:32:06+00:00","og_image":[{"width":1080,"height":1080,"url":"https:\/\/www.modamob.com.tr\/wp-content\/uploads\/2025\/03\/4.png","type":"image\/png"}],"twitter_card":"summary_large_image","twitter_misc":{"\u041f\u0440\u0438\u043c\u0435\u0440\u043d\u043e\u0435 \u0432\u0440\u0435\u043c\u044f \u0434\u043b\u044f \u0447\u0442\u0435\u043d\u0438\u044f":"1 \u043c\u0438\u043d\u0443\u0442\u0430"},"schema":{"@context":"https:\/\/schema.org","@graph":[{"@type":"WebPage","@id":"https:\/\/www.modamob.com.tr\/urun\/metal-cerceveli-yatay-acilir-tek-kisilik-duvar-yatagi\/","url":"https:\/\/www.modamob.com.tr\/urun\/metal-cerceveli-yatay-acilir-tek-kisilik-duvar-yatagi\/","name":"Metal \u00c7er\u00e7eveli Yatay A\u00e7\u0131l\u0131r Tek Ki\u015filik Duvar Yata\u011f\u0131 - Modamob Ak\u0131ll\u0131 Mobilya","isPartOf":{"@id":"https:\/\/www.modamob.com.tr\/#website"},"primaryImageOfPage":{"@id":"https:\/\/www.modamob.com.tr\/urun\/metal-cerceveli-yatay-acilir-tek-kisilik-duvar-yatagi\/#primaryimage"},"image":{"@id":"https:\/\/www.modamob.com.tr\/urun\/metal-cerceveli-yatay-acilir-tek-kisilik-duvar-yatagi\/#primaryimage"},"thumbnailUrl":"https:\/\/www.modamob.com.tr\/wp-content\/uploads\/2025\/03\/4.png","datePublished":"2022-10-29T12:06:08+00:00","dateModified":"2026-03-24T13:32:06+00:00","breadcrumb":{"@id":"https:\/\/www.modamob.com.tr\/urun\/metal-cerceveli-yatay-acilir-tek-kisilik-duvar-yatagi\/#breadcrumb"},"inLanguage":"ru-RU","potentialAction":[{"@type":"ReadAction","target":["https:\/\/www.modamob.com.tr\/urun\/metal-cerceveli-yatay-acilir-tek-kisilik-duvar-yatagi\/"]}]},{"@type":"ImageObject","inLanguage":"ru-RU","@id":"https:\/\/www.modamob.com.tr\/urun\/metal-cerceveli-yatay-acilir-tek-kisilik-duvar-yatagi\/#primaryimage","url":"https:\/\/www.modamob.com.tr\/wp-content\/uploads\/2025\/03\/4.png","contentUrl":"https:\/\/www.modamob.com.tr\/wp-content\/uploads\/2025\/03\/4.png","width":1080,"height":1080,"caption":"Metal \u00c7er\u00e7eveli Yatay A\u00e7\u0131l\u0131r Tek Ki\u015filik Duvar Yata\u011f\u0131"},{"@type":"BreadcrumbList","@id":"https:\/\/www.modamob.com.tr\/urun\/metal-cerceveli-yatay-acilir-tek-kisilik-duvar-yatagi\/#breadcrumb","itemListElement":[{"@type":"ListItem","position":1,"name":"Anasayfa","item":"https:\/\/www.modamob.com.tr\/"},{"@type":"ListItem","position":2,"name":"Ma\u011faza","item":"https:\/\/www.modamob.com.tr\/magaza\/"},{"@type":"ListItem","position":3,"name":"Metal \u00c7er\u00e7eveli Yatay A\u00e7\u0131l\u0131r Tek Ki\u015filik Duvar Yata\u011f\u0131"}]},{"@type":"WebSite","@id":"https:\/\/www.modamob.com.tr\/#website","url":"https:\/\/www.modamob.com.tr\/","name":"\u041c\u043e\u0434\u0430\u043c\u043e\u0431 \u0423\u043c\u043d\u0430\u044f \u041c\u0435\u0431\u0435\u043b\u044c","description":"\u041f\u0435\u0440\u0435\u0434\u0432\u0438\u0436\u043d\u0430\u044f \u043c\u0435\u0431\u0435\u043b\u044c \u043d\u043e\u0432\u043e\u0433\u043e \u043f\u043e\u043a\u043e\u043b\u0435\u043d\u0438\u044f","potentialAction":[{"@type":"SearchAction","target":{"@type":"EntryPoint","urlTemplate":"https:\/\/www.modamob.com.tr\/?s={search_term_string}"},"query-input":{"@type":"PropertyValueSpecification","valueRequired":true,"valueName":"search_term_string"}}],"inLanguage":"ru-RU"}]}},"_links":{"self":[{"href":"https:\/\/www.modamob.com.tr\/ru\/wp-json\/wp\/v2\/product\/11131","targetHints":{"allow":["GET"]}}],"collection":[{"href":"https:\/\/www.modamob.com.tr\/ru\/wp-json\/wp\/v2\/product"}],"about":[{"href":"https:\/\/www.modamob.com.tr\/ru\/wp-json\/wp\/v2\/types\/product"}],"version-history":[{"count":5,"href":"https:\/\/www.modamob.com.tr\/ru\/wp-json\/wp\/v2\/product\/11131\/revisions"}],"predecessor-version":[{"id":18752,"href":"https:\/\/www.modamob.com.tr\/ru\/wp-json\/wp\/v2\/product\/11131\/revisions\/18752"}],"wp:featuredmedia":[{"embeddable":true,"href":"https:\/\/www.modamob.com.tr\/ru\/wp-json\/wp\/v2\/media\/18293"}],"wp:attachment":[{"href":"https:\/\/www.modamob.com.tr\/ru\/wp-json\/wp\/v2\/media?parent=11131"}],"wp:term":[{"taxonomy":"product_brand","embeddable":true,"href":"https:\/\/www.modamob.com.tr\/ru\/wp-json\/wp\/v2\/product_brand?post=11131"},{"taxonomy":"product_cat","embeddable":true,"href":"https:\/\/www.modamob.com.tr\/ru\/wp-json\/wp\/v2\/product_cat?post=11131"},{"taxonomy":"product_tag","embeddable":true,"href":"https:\/\/www.modamob.com.tr\/ru\/wp-json\/wp\/v2\/product_tag?post=11131"}],"curies":[{"name":"wp","href":"https:\/\/api.w.org\/{rel}","templated":true}]}}