{"id":11,"date":"2022-10-10T12:30:48","date_gmt":"2022-10-10T12:30:48","guid":{"rendered":"https:\/\/modamob2.myco.site\/hesabim\/"},"modified":"2022-10-10T12:30:48","modified_gmt":"2022-10-10T12:30:48","slug":"%d0%bc%d0%be%d0%b9-%d1%81%d1%87%d0%b5%d1%82","status":"publish","type":"page","link":"https:\/\/www.modamob.com.tr\/ru\/%d0%bc%d0%be%d0%b9-%d1%81%d1%87%d0%b5%d1%82\/","title":{"rendered":"\u043c\u043e\u0439 \u0441\u0447\u0435\u0442"},"content":{"rendered":"<div class=\"woocommerce\"><\/div>","protected":false},"excerpt":{"rendered":"","protected":false},"author":1,"featured_media":0,"parent":0,"menu_order":0,"comment_status":"closed","ping_status":"closed","template":"","meta":{"footnotes":""},"class_list":["post-11","page","type-page","status-publish","hentry"],"yoast_head":"<!-- This site is optimized with the Yoast SEO plugin v26.8 - https:\/\/yoast.com\/product\/yoast-seo-wordpress\/ -->\n<title>Hesab\u0131m - Modamob Ak\u0131ll\u0131 Mobilya<\/title>\n<meta name=\"robots\" content=\"index, follow, max-snippet:-1, max-image-preview:large, max-video-preview:-1\" \/>\n<link rel=\"canonical\" href=\"https:\/\/www.modamob.com.tr\/ru\/\u043c\u043e\u0439-\u0441\u0447\u0435\u0442\/\" \/>\n<meta property=\"og:locale\" content=\"ru_RU\" \/>\n<meta property=\"og:type\" content=\"article\" \/>\n<meta property=\"og:title\" content=\"Hesab\u0131m - Modamob Ak\u0131ll\u0131 Mobilya\" \/>\n<meta property=\"og:url\" content=\"https:\/\/www.modamob.com.tr\/ru\/\u043c\u043e\u0439-\u0441\u0447\u0435\u0442\/\" \/>\n<meta property=\"og:site_name\" content=\"Modamob Ak\u0131ll\u0131 Mobilya\" \/>\n<meta name=\"twitter:card\" content=\"summary_large_image\" \/>\n<script type=\"application\/ld+json\" class=\"yoast-schema-graph\">{\"@context\":\"https:\/\/schema.org\",\"@graph\":[{\"@type\":\"WebPage\",\"@id\":\"https:\/\/www.modamob.com.tr\/hesabim\/\",\"url\":\"https:\/\/www.modamob.com.tr\/hesabim\/\",\"name\":\"Hesab\u0131m - Modamob Ak\u0131ll\u0131 Mobilya\",\"isPartOf\":{\"@id\":\"https:\/\/www.modamob.com.tr\/#website\"},\"datePublished\":\"2022-10-10T12:30:48+00:00\",\"breadcrumb\":{\"@id\":\"https:\/\/www.modamob.com.tr\/hesabim\/#breadcrumb\"},\"inLanguage\":\"ru-RU\",\"potentialAction\":[{\"@type\":\"ReadAction\",\"target\":[\"https:\/\/www.modamob.com.tr\/hesabim\/\"]}]},{\"@type\":\"BreadcrumbList\",\"@id\":\"https:\/\/www.modamob.com.tr\/hesabim\/#breadcrumb\",\"itemListElement\":[{\"@type\":\"ListItem\",\"position\":1,\"name\":\"Anasayfa\",\"item\":\"https:\/\/www.modamob.com.tr\/\"},{\"@type\":\"ListItem\",\"position\":2,\"name\":\"Hesab\u0131m\"}]},{\"@type\":\"WebSite\",\"@id\":\"https:\/\/www.modamob.com.tr\/#website\",\"url\":\"https:\/\/www.modamob.com.tr\/\",\"name\":\"Modamob Ak\u0131ll\u0131 Mobilya\",\"description\":\"Yeni Nesil Hareketli Mobilyalar\",\"potentialAction\":[{\"@type\":\"SearchAction\",\"target\":{\"@type\":\"EntryPoint\",\"urlTemplate\":\"https:\/\/www.modamob.com.tr\/?s={search_term_string}\"},\"query-input\":{\"@type\":\"PropertyValueSpecification\",\"valueRequired\":true,\"valueName\":\"search_term_string\"}}],\"inLanguage\":\"ru-RU\"}]}<\/script>\n<!-- \/ Yoast SEO plugin. -->","yoast_head_json":{"title":"\u041c\u043e\u0439 \u0430\u043a\u043a\u0430\u0443\u043d\u0442 - \u041c\u043e\u0434\u0430\u043c\u043e\u0431 \u0423\u043c\u043d\u0430\u044f \u041c\u0435\u0431\u0435\u043b\u044c","robots":{"index":"index","follow":"follow","max-snippet":"max-snippet:-1","max-image-preview":"max-image-preview:large","max-video-preview":"max-video-preview:-1"},"canonical":"https:\/\/www.modamob.com.tr\/ru\/\u043c\u043e\u0439-\u0441\u0447\u0435\u0442\/","og_locale":"ru_RU","og_type":"article","og_title":"Hesab\u0131m - Modamob Ak\u0131ll\u0131 Mobilya","og_url":"https:\/\/www.modamob.com.tr\/ru\/\u043c\u043e\u0439-\u0441\u0447\u0435\u0442\/","og_site_name":"Modamob Ak\u0131ll\u0131 Mobilya","twitter_card":"summary_large_image","schema":{"@context":"https:\/\/schema.org","@graph":[{"@type":"WebPage","@id":"https:\/\/www.modamob.com.tr\/hesabim\/","url":"https:\/\/www.modamob.com.tr\/hesabim\/","name":"\u041c\u043e\u0439 \u0430\u043a\u043a\u0430\u0443\u043d\u0442 - \u041c\u043e\u0434\u0430\u043c\u043e\u0431 \u0423\u043c\u043d\u0430\u044f \u041c\u0435\u0431\u0435\u043b\u044c","isPartOf":{"@id":"https:\/\/www.modamob.com.tr\/#website"},"datePublished":"2022-10-10T12:30:48+00:00","breadcrumb":{"@id":"https:\/\/www.modamob.com.tr\/hesabim\/#breadcrumb"},"inLanguage":"ru-RU","potentialAction":[{"@type":"ReadAction","target":["https:\/\/www.modamob.com.tr\/hesabim\/"]}]},{"@type":"BreadcrumbList","@id":"https:\/\/www.modamob.com.tr\/hesabim\/#breadcrumb","itemListElement":[{"@type":"ListItem","position":1,"name":"Anasayfa","item":"https:\/\/www.modamob.com.tr\/"},{"@type":"ListItem","position":2,"name":"Hesab\u0131m"}]},{"@type":"WebSite","@id":"https:\/\/www.modamob.com.tr\/#website","url":"https:\/\/www.modamob.com.tr\/","name":"\u041c\u043e\u0434\u0430\u043c\u043e\u0431 \u0423\u043c\u043d\u0430\u044f \u041c\u0435\u0431\u0435\u043b\u044c","description":"\u041f\u0435\u0440\u0435\u0434\u0432\u0438\u0436\u043d\u0430\u044f \u043c\u0435\u0431\u0435\u043b\u044c \u043d\u043e\u0432\u043e\u0433\u043e \u043f\u043e\u043a\u043e\u043b\u0435\u043d\u0438\u044f","potentialAction":[{"@type":"SearchAction","target":{"@type":"EntryPoint","urlTemplate":"https:\/\/www.modamob.com.tr\/?s={search_term_string}"},"query-input":{"@type":"PropertyValueSpecification","valueRequired":true,"valueName":"search_term_string"}}],"inLanguage":"ru-RU"}]}},"_links":{"self":[{"href":"https:\/\/www.modamob.com.tr\/ru\/wp-json\/wp\/v2\/pages\/11","targetHints":{"allow":["GET"]}}],"collection":[{"href":"https:\/\/www.modamob.com.tr\/ru\/wp-json\/wp\/v2\/pages"}],"about":[{"href":"https:\/\/www.modamob.com.tr\/ru\/wp-json\/wp\/v2\/types\/page"}],"author":[{"embeddable":true,"href":"https:\/\/www.modamob.com.tr\/ru\/wp-json\/wp\/v2\/users\/1"}],"replies":[{"embeddable":true,"href":"https:\/\/www.modamob.com.tr\/ru\/wp-json\/wp\/v2\/comments?post=11"}],"version-history":[{"count":0,"href":"https:\/\/www.modamob.com.tr\/ru\/wp-json\/wp\/v2\/pages\/11\/revisions"}],"wp:attachment":[{"href":"https:\/\/www.modamob.com.tr\/ru\/wp-json\/wp\/v2\/media?parent=11"}],"curies":[{"name":"wp","href":"https:\/\/api.w.org\/{rel}","templated":true}]}}