{"id":20070,"date":"2026-03-18T17:42:15","date_gmt":"2026-03-18T14:42:15","guid":{"rendered":"https:\/\/www.modamob.com.tr\/?post_type=product&#038;p=20070"},"modified":"2026-03-24T16:48:26","modified_gmt":"2026-03-24T13:48:26","slug":"riva-set-uzaktan-kumandali","status":"publish","type":"product","link":"https:\/\/www.modamob.com.tr\/fr\/produit\/riva-set-uzaktan-kumandali\/","title":{"rendered":"Riva Set Uzaktan Kumandal\u0131"},"content":{"rendered":"<h2 data-start=\"194\" data-end=\"226\"><strong data-start=\"197\" data-end=\"226\">Neden Bu \u00dcr\u00fcn\u00fc Almal\u0131y\u0131m?<\/strong><\/h2>\n<p data-start=\"228\" data-end=\"494\">\u2714 <strong data-start=\"230\" data-end=\"270\">Tek Tu\u015fla A\u00e7\u0131lan Ak\u0131ll\u0131 Duvar Yata\u011f\u0131<\/strong><br data-start=\"270\" data-end=\"273\" \/>Bu model, <strong data-start=\"283\" data-end=\"326\">otomatik kumandayla a\u00e7\u0131lan duvar yata\u011f\u0131<\/strong> sistemi sayesinde fiziksel g\u00fc\u00e7 gerektirmeden, tek tu\u015fla kullan\u0131ma haz\u0131r hale gelir. Konforu teknolojiyle birle\u015ftiren ger\u00e7ek bir <strong data-start=\"455\" data-end=\"478\">ak\u0131ll\u0131 duvar yata\u011f\u0131<\/strong> deneyimi sunar.<\/p>\n<p data-start=\"496\" data-end=\"800\">\u2714 <strong data-start=\"498\" data-end=\"544\">Alan Kazand\u0131ran Fonksiyonel Ak\u0131ll\u0131 Mobilya<\/strong><br data-start=\"544\" data-end=\"547\" \/>G\u00fcnd\u00fczleri ya\u015fam alan\u0131n\u0131z\u0131 tamamen serbest b\u0131rakan, geceleri ise tam donan\u0131ml\u0131 bir <strong data-start=\"630\" data-end=\"655\">duvardan a\u00e7\u0131lan yatak<\/strong> olarak kullan\u0131lan bu \u00fcr\u00fcn, k\u00fc\u00e7\u00fck alanlarda maksimum verim sa\u011flar. Kullan\u0131lmad\u0131\u011f\u0131nda dikey konumda kapanarak mek\u00e2nda ferah bir g\u00f6r\u00fcn\u00fcm olu\u015fturur.<\/p>\n<p data-start=\"802\" data-end=\"1004\">\u2714 <strong data-start=\"804\" data-end=\"839\">Tek Yatakta Maksimum Verimlilik<\/strong><br data-start=\"839\" data-end=\"842\" \/>Geni\u015f ve ergonomik yatak yap\u0131s\u0131 sayesinde g\u00fcnl\u00fck kullan\u0131m i\u00e7in idealdir. Misafir odalar\u0131, st\u00fcdyo daireler ve \u00e7ok ama\u00e7l\u0131 alanlar i\u00e7in pratik bir uyku \u00e7\u00f6z\u00fcm\u00fc sunar.<\/p>\n<p data-start=\"1006\" data-end=\"1253\">\u2714 <strong data-start=\"1008\" data-end=\"1057\">\u00dcst D\u00fczey Konfor, Sessiz ve Dengeli Mekanizma<\/strong><br data-start=\"1057\" data-end=\"1060\" \/>Motorlu <strong data-start=\"1068\" data-end=\"1090\">lit mural<\/strong> sistemi sessiz \u00e7al\u0131\u015f\u0131r, dengeli hareket eder ve yata\u011f\u0131 g\u00fcvenli \u015fekilde indirip kald\u0131r\u0131r. Ergonomik yatak yap\u0131s\u0131 sayesinde her kullan\u0131mda y\u00fcksek <strong data-start=\"1235\" data-end=\"1245\">confort<\/strong> sa\u011flar.<\/p>\n<p data-start=\"1255\" data-end=\"1453\">\u2714 <strong data-start=\"1257\" data-end=\"1289\">Zahmetsiz ve Pratik Kullan\u0131m<\/strong><br data-start=\"1289\" data-end=\"1292\" \/>Manuel sistemlere k\u0131yasla \u00e7ok daha <strong data-start=\"1327\" data-end=\"1337\">pratik<\/strong> olan otomatik mekanizma, tek tu\u015fla kolay kullan\u0131m sunar. G\u00fcnl\u00fck a\u00e7ma-kapama i\u015flemleri yaln\u0131zca birka\u00e7 saniye s\u00fcrer.<\/p>\n<p data-start=\"1455\" data-end=\"1686\">\u2714 <strong data-start=\"1457\" data-end=\"1494\">Modern Tasar\u0131m + Ak\u0131ll\u0131 Teknoloji<\/strong><br data-start=\"1494\" data-end=\"1497\" \/>Minimal ve modern \u00e7izgiler, motorlu sistemle birle\u015ferek \u00fcr\u00fcn\u00fc s\u0131radan bir yataktan \u00e7\u0131kar\u0131r. Ev, ofis, rezidans ve st\u00fcdyo daireler i\u00e7in premium bir <strong data-start=\"1644\" data-end=\"1667\">fonksiyonel mobilya<\/strong> alternatifi sunar.<\/p>\n<p data-start=\"1688\" data-end=\"1926\">\u2714 <strong data-start=\"1690\" data-end=\"1727\">Dayan\u0131kl\u0131, G\u00fcvenli ve Uzun \u00d6m\u00fcrl\u00fc<\/strong><br data-start=\"1727\" data-end=\"1730\" \/>G\u00fc\u00e7lendirilmi\u015f metal konstr\u00fcksiyon, kaliteli motor sistemi ve g\u00fcvenlik mekanizmalar\u0131 sayesinde uzun y\u0131llar sorunsuz kullan\u0131m sa\u011flar. Hem estetik hem teknoloji a\u00e7\u0131s\u0131ndan g\u00fcven veren bir yat\u0131r\u0131md\u0131r.<\/p>\n<p data-start=\"1928\" data-end=\"2074\">\u2714 <strong data-start=\"1930\" data-end=\"1965\">Ekstra Mobilyaya Gerek B\u0131rakmaz<\/strong><br data-start=\"1965\" data-end=\"1968\" \/>Ayr\u0131 bir yatak odas\u0131 ya da ek mobilya ihtiyac\u0131n\u0131 ortadan kald\u0131rarak alan, zaman ve b\u00fct\u00e7e tasarrufu sa\u011flar.<\/p>","protected":false},"excerpt":{"rendered":"<h2 data-start=\"181\" data-end=\"216\"><strong data-start=\"184\" data-end=\"216\">Otomatik Ak\u0131ll\u0131 Duvar Yata\u011f\u0131<\/strong><\/h2>\n<h3 data-start=\"218\" data-end=\"276\"><strong data-start=\"222\" data-end=\"276\">Tek Tu\u015fla Kontrol, Maksimum Alan, \u00dcst D\u00fczey Konfor<\/strong><\/h3>\n<p data-start=\"278\" data-end=\"627\">Alan\u0131 verimli kullanmak isteyenler i\u00e7in tasarlanan bu <strong data-start=\"332\" data-end=\"364\">otomatik ak\u0131ll\u0131 duvar yata\u011f\u0131<\/strong>, motorlu mekanizmas\u0131 ve modern tasar\u0131m\u0131yla ya\u015fam alanlar\u0131na yenilik\u00e7i bir \u00e7\u00f6z\u00fcm sunar. G\u00fcnd\u00fczleri ya\u015fam alan\u0131n\u0131z\u0131 tamamen serbest b\u0131rakan \u00fcr\u00fcn, geceleri <strong data-start=\"518\" data-end=\"561\">kumanda kontroll\u00fc duvardan a\u00e7\u0131lan yatak<\/strong> sistemi sayesinde zahmetsiz ve konforlu bir uyku alan\u0131na d\u00f6n\u00fc\u015f\u00fcr.<\/p>\n<p data-start=\"629\" data-end=\"973\"><strong data-start=\"629\" data-end=\"660\">Motorlu ak\u0131ll\u0131 duvar yata\u011f\u0131<\/strong> mekanizmas\u0131, tek tu\u015fla sessiz ve dengeli bir \u015fekilde a\u00e7\u0131l\u0131p kapan\u0131r. Kullan\u0131lmad\u0131\u011f\u0131 zamanlarda dikey konumda kapanarak mek\u00e2nda ferah, d\u00fczenli ve modern bir g\u00f6r\u00fcn\u00fcm sa\u011flar. G\u00fcvenli yap\u0131ya sahip <strong data-start=\"854\" data-end=\"876\">lit mural<\/strong> sistemi, g\u00fcnl\u00fck kullan\u0131m i\u00e7in \u00f6zel olarak geli\u015ftirilmi\u015f uzun \u00f6m\u00fcrl\u00fc teknoloji ile donat\u0131lm\u0131\u015ft\u0131r.<\/p>\n<p data-start=\"975\" data-end=\"1251\">Ergonomik yatak yap\u0131s\u0131 ve sa\u011flam ta\u015f\u0131y\u0131c\u0131 sistemi sayesinde her g\u00fcn rahat bir uyku deneyimi sunar. Dengeli a\u011f\u0131rl\u0131k da\u011f\u0131l\u0131m\u0131 ve kontroll\u00fc motor sistemi, yata\u011f\u0131n g\u00fcvenli bir \u015fekilde a\u00e7\u0131l\u0131p kapanmas\u0131n\u0131 sa\u011flar. Y\u00fcksek kalite malzeme yap\u0131s\u0131, uzun s\u00fcreli ve sorunsuz kullan\u0131m sunar.<\/p>\n<p data-start=\"1253\" data-end=\"1521\">Minimal \u00e7izgileri ve zamans\u0131z tasar\u0131m\u0131yla ev, st\u00fcdyo daire, ofis, misafir odas\u0131 ve ticari ya\u015fam alanlar\u0131 i\u00e7in ideal bir <strong data-start=\"1373\" data-end=\"1403\">fonksiyonel ak\u0131ll\u0131 mobilya<\/strong> \u00e7\u00f6z\u00fcm\u00fcd\u00fcr. Dar alanlarda maksimum alan kazanc\u0131 sa\u011flayarak ya\u015fam alanlar\u0131n\u0131z\u0131 daha d\u00fczenli ve kullan\u0131\u015fl\u0131 hale getirir.<\/p>\n<hr data-start=\"1523\" data-end=\"1526\" \/>\n<h3 data-start=\"1528\" data-end=\"1556\"><strong data-start=\"1532\" data-end=\"1556\">\u00d6ne \u00c7\u0131kan \u00d6zellikler<\/strong><\/h3>\n<ul data-start=\"1558\" data-end=\"1911\">\n<li data-start=\"1558\" data-end=\"1613\">\n<p data-start=\"1560\" data-end=\"1613\"><strong data-start=\"1560\" data-end=\"1613\">Otomatik ve kumanda kontroll\u00fc ak\u0131ll\u0131 duvar yata\u011f\u0131<\/strong><\/p>\n<\/li>\n<li data-start=\"1614\" data-end=\"1674\">\n<p data-start=\"1616\" data-end=\"1674\">Tek tu\u015fla a\u00e7\u0131l\u0131p kapanan <strong data-start=\"1641\" data-end=\"1674\">motorlu duvardan a\u00e7\u0131lan yatak<\/strong><\/p>\n<\/li>\n<li data-start=\"1675\" data-end=\"1725\">\n<p data-start=\"1677\" data-end=\"1725\">Alan kazand\u0131ran <strong data-start=\"1693\" data-end=\"1716\">fonksiyonel mobilya<\/strong> tasar\u0131m\u0131<\/p>\n<\/li>\n<li data-start=\"1726\" data-end=\"1772\">\n<p data-start=\"1728\" data-end=\"1772\">Sessiz, dengeli ve g\u00fcvenli motorlu mekanizma<\/p>\n<\/li>\n<li data-start=\"1773\" data-end=\"1823\">\n<p data-start=\"1775\" data-end=\"1823\">G\u00fcnl\u00fck kullan\u0131ma uygun, sa\u011flam ve dayan\u0131kl\u0131 yap\u0131<\/p>\n<\/li>\n<li data-start=\"1824\" data-end=\"1877\">\n<p data-start=\"1826\" data-end=\"1877\">Y\u00fcksek <strong data-start=\"1833\" data-end=\"1843\">confort<\/strong> ve son derece <strong data-start=\"1858\" data-end=\"1868\">pratik<\/strong> kullan\u0131m<\/p>\n<\/li>\n<li data-start=\"1878\" data-end=\"1911\">\n<p data-start=\"1880\" data-end=\"1911\">Modern, \u015f\u0131k ve zamans\u0131z tasar\u0131m<\/p>\n<\/li>\n<\/ul>","protected":false},"featured_media":20081,"template":"","meta":{"footnotes":""},"product_brand":[],"product_cat":[157],"product_tag":[],"class_list":{"0":"post-20070","1":"product","2":"type-product","3":"status-publish","4":"has-post-thumbnail","6":"product_cat-cift-kisilik-duvar-yataklari","7":"tm-no-options","9":"first","10":"instock","11":"sale","12":"taxable","13":"shipping-taxable","14":"purchasable","15":"product-type-variable"},"yoast_head":"<!-- This site is optimized with the Yoast SEO plugin v26.8 - https:\/\/yoast.com\/product\/yoast-seo-wordpress\/ -->\n<title>Riva Set Uzaktan Kumandal\u0131 - Modamob Ak\u0131ll\u0131 Mobilya<\/title>\n<meta name=\"robots\" content=\"index, follow, max-snippet:-1, max-image-preview:large, max-video-preview:-1\" \/>\n<link rel=\"canonical\" href=\"https:\/\/www.modamob.com.tr\/fr\/produit\/riva-set-uzaktan-kumandali\/\" \/>\n<meta property=\"og:locale\" content=\"fr_FR\" \/>\n<meta property=\"og:type\" content=\"article\" \/>\n<meta property=\"og:title\" content=\"Riva Set Uzaktan Kumandal\u0131 - Modamob Ak\u0131ll\u0131 Mobilya\" \/>\n<meta property=\"og:description\" content=\"Otomatik Ak\u0131ll\u0131 Duvar Yata\u011f\u0131 Tek Tu\u015fla Kontrol, Maksimum Alan, \u00dcst D\u00fczey Konfor Alan\u0131 verimli kullanmak isteyenler i\u00e7in tasarlanan bu otomatik ak\u0131ll\u0131 duvar yata\u011f\u0131, motorlu mekanizmas\u0131 ve modern tasar\u0131m\u0131yla ya\u015fam alanlar\u0131na yenilik\u00e7i bir \u00e7\u00f6z\u00fcm sunar. G\u00fcnd\u00fczleri ya\u015fam alan\u0131n\u0131z\u0131 tamamen serbest b\u0131rakan \u00fcr\u00fcn, geceleri kumanda kontroll\u00fc duvardan a\u00e7\u0131lan yatak sistemi sayesinde zahmetsiz ve konforlu bir uyku alan\u0131na d\u00f6n\u00fc\u015f\u00fcr. Motorlu ak\u0131ll\u0131 duvar yata\u011f\u0131 mekanizmas\u0131, tek tu\u015fla sessiz ve dengeli bir \u015fekilde a\u00e7\u0131l\u0131p kapan\u0131r. Kullan\u0131lmad\u0131\u011f\u0131 zamanlarda dikey konumda kapanarak mek\u00e2nda ferah, d\u00fczenli ve modern bir g\u00f6r\u00fcn\u00fcm sa\u011flar. G\u00fcvenli yap\u0131ya sahip duvara monte yatak sistemi, g\u00fcnl\u00fck kullan\u0131m i\u00e7in \u00f6zel olarak geli\u015ftirilmi\u015f uzun \u00f6m\u00fcrl\u00fc teknoloji ile donat\u0131lm\u0131\u015ft\u0131r. Ergonomik yatak yap\u0131s\u0131 ve sa\u011flam ta\u015f\u0131y\u0131c\u0131 sistemi sayesinde her g\u00fcn rahat bir uyku deneyimi sunar. Dengeli a\u011f\u0131rl\u0131k da\u011f\u0131l\u0131m\u0131 ve kontroll\u00fc motor sistemi, yata\u011f\u0131n g\u00fcvenli bir \u015fekilde a\u00e7\u0131l\u0131p kapanmas\u0131n\u0131 sa\u011flar. Y\u00fcksek kalite malzeme yap\u0131s\u0131, uzun s\u00fcreli ve sorunsuz kullan\u0131m sunar. Minimal \u00e7izgileri ve zamans\u0131z tasar\u0131m\u0131yla ev, st\u00fcdyo daire, ofis, misafir odas\u0131 ve ticari ya\u015fam alanlar\u0131 i\u00e7in ideal bir fonksiyonel ak\u0131ll\u0131 mobilya \u00e7\u00f6z\u00fcm\u00fcd\u00fcr. Dar alanlarda maksimum alan kazanc\u0131 sa\u011flayarak ya\u015fam alanlar\u0131n\u0131z\u0131 daha d\u00fczenli ve kullan\u0131\u015fl\u0131 hale getirir.     \u00d6ne \u00c7\u0131kan \u00d6zellikler    Otomatik ve kumanda kontroll\u00fc ak\u0131ll\u0131 duvar yata\u011f\u0131    Tek tu\u015fla a\u00e7\u0131l\u0131p kapanan motorlu duvardan a\u00e7\u0131lan yatak    Alan kazand\u0131ran fonksiyonel mobilya tasar\u0131m\u0131    Sessiz, dengeli ve g\u00fcvenli motorlu mekanizma    G\u00fcnl\u00fck kullan\u0131ma uygun, sa\u011flam ve dayan\u0131kl\u0131 yap\u0131    Y\u00fcksek konfor ve son derece pratik kullan\u0131m    Modern, \u015f\u0131k ve zamans\u0131z tasar\u0131m\" \/>\n<meta property=\"og:url\" content=\"https:\/\/www.modamob.com.tr\/fr\/produit\/riva-set-uzaktan-kumandali\/\" \/>\n<meta property=\"og:site_name\" content=\"Modamob Ak\u0131ll\u0131 Mobilya\" \/>\n<meta property=\"article:modified_time\" content=\"2026-03-24T13:48:26+00:00\" \/>\n<meta property=\"og:image\" content=\"https:\/\/www.modamob.com.tr\/wp-content\/uploads\/2026\/03\/9-2.webp\" \/>\n\t<meta property=\"og:image:width\" content=\"1000\" \/>\n\t<meta property=\"og:image:height\" content=\"1000\" \/>\n\t<meta property=\"og:image:type\" content=\"image\/jpeg\" \/>\n<meta name=\"twitter:card\" content=\"summary_large_image\" \/>\n<meta name=\"twitter:label1\" content=\"Dur\u00e9e de lecture estim\u00e9e\" \/>\n\t<meta name=\"twitter:data1\" content=\"2 minutes\" \/>\n<script type=\"application\/ld+json\" class=\"yoast-schema-graph\">{\"@context\":\"https:\/\/schema.org\",\"@graph\":[{\"@type\":\"WebPage\",\"@id\":\"https:\/\/www.modamob.com.tr\/urun\/riva-set-uzaktan-kumandali\/\",\"url\":\"https:\/\/www.modamob.com.tr\/urun\/riva-set-uzaktan-kumandali\/\",\"name\":\"Riva Set Uzaktan Kumandal\u0131 - Modamob Ak\u0131ll\u0131 Mobilya\",\"isPartOf\":{\"@id\":\"https:\/\/www.modamob.com.tr\/#website\"},\"primaryImageOfPage\":{\"@id\":\"https:\/\/www.modamob.com.tr\/urun\/riva-set-uzaktan-kumandali\/#primaryimage\"},\"image\":{\"@id\":\"https:\/\/www.modamob.com.tr\/urun\/riva-set-uzaktan-kumandali\/#primaryimage\"},\"thumbnailUrl\":\"https:\/\/www.modamob.com.tr\/wp-content\/uploads\/2026\/03\/9-2.webp\",\"datePublished\":\"2026-03-18T14:42:15+00:00\",\"dateModified\":\"2026-03-24T13:48:26+00:00\",\"breadcrumb\":{\"@id\":\"https:\/\/www.modamob.com.tr\/urun\/riva-set-uzaktan-kumandali\/#breadcrumb\"},\"inLanguage\":\"fr-FR\",\"potentialAction\":[{\"@type\":\"ReadAction\",\"target\":[\"https:\/\/www.modamob.com.tr\/urun\/riva-set-uzaktan-kumandali\/\"]}]},{\"@type\":\"ImageObject\",\"inLanguage\":\"fr-FR\",\"@id\":\"https:\/\/www.modamob.com.tr\/urun\/riva-set-uzaktan-kumandali\/#primaryimage\",\"url\":\"https:\/\/www.modamob.com.tr\/wp-content\/uploads\/2026\/03\/9-2.webp\",\"contentUrl\":\"https:\/\/www.modamob.com.tr\/wp-content\/uploads\/2026\/03\/9-2.webp\",\"width\":1000,\"height\":1000,\"caption\":\"Riva Set Uzaktan Kumandal\u0131\"},{\"@type\":\"BreadcrumbList\",\"@id\":\"https:\/\/www.modamob.com.tr\/urun\/riva-set-uzaktan-kumandali\/#breadcrumb\",\"itemListElement\":[{\"@type\":\"ListItem\",\"position\":1,\"name\":\"Anasayfa\",\"item\":\"https:\/\/www.modamob.com.tr\/\"},{\"@type\":\"ListItem\",\"position\":2,\"name\":\"Ma\u011faza\",\"item\":\"https:\/\/www.modamob.com.tr\/magaza\/\"},{\"@type\":\"ListItem\",\"position\":3,\"name\":\"Riva Set Uzaktan Kumandal\u0131\"}]},{\"@type\":\"WebSite\",\"@id\":\"https:\/\/www.modamob.com.tr\/#website\",\"url\":\"https:\/\/www.modamob.com.tr\/\",\"name\":\"Modamob Ak\u0131ll\u0131 Mobilya\",\"description\":\"Yeni Nesil Hareketli Mobilyalar\",\"potentialAction\":[{\"@type\":\"SearchAction\",\"target\":{\"@type\":\"EntryPoint\",\"urlTemplate\":\"https:\/\/www.modamob.com.tr\/?s={search_term_string}\"},\"query-input\":{\"@type\":\"PropertyValueSpecification\",\"valueRequired\":true,\"valueName\":\"search_term_string\"}}],\"inLanguage\":\"fr-FR\"}]}<\/script>\n<!-- \/ Yoast SEO plugin. -->","yoast_head_json":{"title":"Riva Set Uzaktan Kumandal\u0131 - Modamob Ak\u0131ll\u0131 Mobilya","robots":{"index":"index","follow":"follow","max-snippet":"max-snippet:-1","max-image-preview":"max-image-preview:large","max-video-preview":"max-video-preview:-1"},"canonical":"https:\/\/www.modamob.com.tr\/fr\/produit\/riva-set-uzaktan-kumandali\/","og_locale":"fr_FR","og_type":"article","og_title":"Riva Set Uzaktan Kumandal\u0131 - Modamob Ak\u0131ll\u0131 Mobilya","og_description":"Otomatik Ak\u0131ll\u0131 Duvar Yata\u011f\u0131 Tek Tu\u015fla Kontrol, Maksimum Alan, \u00dcst D\u00fczey Konfor Alan\u0131 verimli kullanmak isteyenler i\u00e7in tasarlanan bu otomatik ak\u0131ll\u0131 duvar yata\u011f\u0131, motorlu mekanizmas\u0131 ve modern tasar\u0131m\u0131yla ya\u015fam alanlar\u0131na yenilik\u00e7i bir \u00e7\u00f6z\u00fcm sunar. G\u00fcnd\u00fczleri ya\u015fam alan\u0131n\u0131z\u0131 tamamen serbest b\u0131rakan \u00fcr\u00fcn, geceleri kumanda kontroll\u00fc duvardan a\u00e7\u0131lan yatak sistemi sayesinde zahmetsiz ve konforlu bir uyku alan\u0131na d\u00f6n\u00fc\u015f\u00fcr. Motorlu ak\u0131ll\u0131 duvar yata\u011f\u0131 mekanizmas\u0131, tek tu\u015fla sessiz ve dengeli bir \u015fekilde a\u00e7\u0131l\u0131p kapan\u0131r. Kullan\u0131lmad\u0131\u011f\u0131 zamanlarda dikey konumda kapanarak mek\u00e2nda ferah, d\u00fczenli ve modern bir g\u00f6r\u00fcn\u00fcm sa\u011flar. G\u00fcvenli yap\u0131ya sahip duvara monte yatak sistemi, g\u00fcnl\u00fck kullan\u0131m i\u00e7in \u00f6zel olarak geli\u015ftirilmi\u015f uzun \u00f6m\u00fcrl\u00fc teknoloji ile donat\u0131lm\u0131\u015ft\u0131r. Ergonomik yatak yap\u0131s\u0131 ve sa\u011flam ta\u015f\u0131y\u0131c\u0131 sistemi sayesinde her g\u00fcn rahat bir uyku deneyimi sunar. Dengeli a\u011f\u0131rl\u0131k da\u011f\u0131l\u0131m\u0131 ve kontroll\u00fc motor sistemi, yata\u011f\u0131n g\u00fcvenli bir \u015fekilde a\u00e7\u0131l\u0131p kapanmas\u0131n\u0131 sa\u011flar. Y\u00fcksek kalite malzeme yap\u0131s\u0131, uzun s\u00fcreli ve sorunsuz kullan\u0131m sunar. Minimal \u00e7izgileri ve zamans\u0131z tasar\u0131m\u0131yla ev, st\u00fcdyo daire, ofis, misafir odas\u0131 ve ticari ya\u015fam alanlar\u0131 i\u00e7in ideal bir fonksiyonel ak\u0131ll\u0131 mobilya \u00e7\u00f6z\u00fcm\u00fcd\u00fcr. Dar alanlarda maksimum alan kazanc\u0131 sa\u011flayarak ya\u015fam alanlar\u0131n\u0131z\u0131 daha d\u00fczenli ve kullan\u0131\u015fl\u0131 hale getirir.     \u00d6ne \u00c7\u0131kan \u00d6zellikler    Otomatik ve kumanda kontroll\u00fc ak\u0131ll\u0131 duvar yata\u011f\u0131    Tek tu\u015fla a\u00e7\u0131l\u0131p kapanan motorlu duvardan a\u00e7\u0131lan yatak    Alan kazand\u0131ran fonksiyonel mobilya tasar\u0131m\u0131    Sessiz, dengeli ve g\u00fcvenli motorlu mekanizma    G\u00fcnl\u00fck kullan\u0131ma uygun, sa\u011flam ve dayan\u0131kl\u0131 yap\u0131    Y\u00fcksek konfor ve son derece pratik kullan\u0131m    Modern, \u015f\u0131k ve zamans\u0131z tasar\u0131m","og_url":"https:\/\/www.modamob.com.tr\/fr\/produit\/riva-set-uzaktan-kumandali\/","og_site_name":"Modamob Ak\u0131ll\u0131 Mobilya","article_modified_time":"2026-03-24T13:48:26+00:00","og_image":[{"width":1000,"height":1000,"url":"https:\/\/www.modamob.com.tr\/wp-content\/uploads\/2026\/03\/9-2.webp","type":"image\/jpeg"}],"twitter_card":"summary_large_image","twitter_misc":{"Dur\u00e9e de lecture estim\u00e9e":"2 minutes"},"schema":{"@context":"https:\/\/schema.org","@graph":[{"@type":"WebPage","@id":"https:\/\/www.modamob.com.tr\/urun\/riva-set-uzaktan-kumandali\/","url":"https:\/\/www.modamob.com.tr\/urun\/riva-set-uzaktan-kumandali\/","name":"Riva Set Uzaktan Kumandal\u0131 - Modamob Ak\u0131ll\u0131 Mobilya","isPartOf":{"@id":"https:\/\/www.modamob.com.tr\/#website"},"primaryImageOfPage":{"@id":"https:\/\/www.modamob.com.tr\/urun\/riva-set-uzaktan-kumandali\/#primaryimage"},"image":{"@id":"https:\/\/www.modamob.com.tr\/urun\/riva-set-uzaktan-kumandali\/#primaryimage"},"thumbnailUrl":"https:\/\/www.modamob.com.tr\/wp-content\/uploads\/2026\/03\/9-2.webp","datePublished":"2026-03-18T14:42:15+00:00","dateModified":"2026-03-24T13:48:26+00:00","breadcrumb":{"@id":"https:\/\/www.modamob.com.tr\/urun\/riva-set-uzaktan-kumandali\/#breadcrumb"},"inLanguage":"fr-FR","potentialAction":[{"@type":"ReadAction","target":["https:\/\/www.modamob.com.tr\/urun\/riva-set-uzaktan-kumandali\/"]}]},{"@type":"ImageObject","inLanguage":"fr-FR","@id":"https:\/\/www.modamob.com.tr\/urun\/riva-set-uzaktan-kumandali\/#primaryimage","url":"https:\/\/www.modamob.com.tr\/wp-content\/uploads\/2026\/03\/9-2.webp","contentUrl":"https:\/\/www.modamob.com.tr\/wp-content\/uploads\/2026\/03\/9-2.webp","width":1000,"height":1000,"caption":"Riva Set Uzaktan Kumandal\u0131"},{"@type":"BreadcrumbList","@id":"https:\/\/www.modamob.com.tr\/urun\/riva-set-uzaktan-kumandali\/#breadcrumb","itemListElement":[{"@type":"ListItem","position":1,"name":"Anasayfa","item":"https:\/\/www.modamob.com.tr\/"},{"@type":"ListItem","position":2,"name":"Ma\u011faza","item":"https:\/\/www.modamob.com.tr\/magaza\/"},{"@type":"ListItem","position":3,"name":"Riva Set Uzaktan Kumandal\u0131"}]},{"@type":"WebSite","@id":"https:\/\/www.modamob.com.tr\/#website","url":"https:\/\/www.modamob.com.tr\/","name":"Meubles intelligents Modamob","description":"Mobilier mobile nouvelle g\u00e9n\u00e9ration","potentialAction":[{"@type":"SearchAction","target":{"@type":"EntryPoint","urlTemplate":"https:\/\/www.modamob.com.tr\/?s={search_term_string}"},"query-input":{"@type":"PropertyValueSpecification","valueRequired":true,"valueName":"search_term_string"}}],"inLanguage":"fr-FR"}]}},"_links":{"self":[{"href":"https:\/\/www.modamob.com.tr\/fr\/wp-json\/wp\/v2\/product\/20070","targetHints":{"allow":["GET"]}}],"collection":[{"href":"https:\/\/www.modamob.com.tr\/fr\/wp-json\/wp\/v2\/product"}],"about":[{"href":"https:\/\/www.modamob.com.tr\/fr\/wp-json\/wp\/v2\/types\/product"}],"version-history":[{"count":1,"href":"https:\/\/www.modamob.com.tr\/fr\/wp-json\/wp\/v2\/product\/20070\/revisions"}],"predecessor-version":[{"id":20084,"href":"https:\/\/www.modamob.com.tr\/fr\/wp-json\/wp\/v2\/product\/20070\/revisions\/20084"}],"wp:featuredmedia":[{"embeddable":true,"href":"https:\/\/www.modamob.com.tr\/fr\/wp-json\/wp\/v2\/media\/20081"}],"wp:attachment":[{"href":"https:\/\/www.modamob.com.tr\/fr\/wp-json\/wp\/v2\/media?parent=20070"}],"wp:term":[{"taxonomy":"product_brand","embeddable":true,"href":"https:\/\/www.modamob.com.tr\/fr\/wp-json\/wp\/v2\/product_brand?post=20070"},{"taxonomy":"product_cat","embeddable":true,"href":"https:\/\/www.modamob.com.tr\/fr\/wp-json\/wp\/v2\/product_cat?post=20070"},{"taxonomy":"product_tag","embeddable":true,"href":"https:\/\/www.modamob.com.tr\/fr\/wp-json\/wp\/v2\/product_tag?post=20070"}],"curies":[{"name":"wp","href":"https:\/\/api.w.org\/{rel}","templated":true}]}}