{"id":18190,"date":"2025-02-24T22:59:19","date_gmt":"2025-02-24T19:59:19","guid":{"rendered":"https:\/\/www.modamob.com.tr\/?post_type=product&#038;p=18190"},"modified":"2026-03-24T17:26:52","modified_gmt":"2026-03-24T14:26:52","slug":"lit-escamotable-horizontal-double-lucca-avec-table-pliante-2","status":"publish","type":"product","link":"https:\/\/www.modamob.com.tr\/fr\/produit\/lit-escamotable-horizontal-double-lucca-avec-table-pliante-2\/","title":{"rendered":"\u0130stanbul TV \u00dcniteli 3 Kapakl\u0131 D\u00f6ner Duvar Yata\u011f\u0131"},"content":{"rendered":"<p>&nbsp;<\/p>\n<p>&nbsp;<\/p>","protected":false},"excerpt":{"rendered":"<p>Modern G\u00f6r\u00fcn\u00fcm, Alan Tasarrufu ve Konforu Bir Arada!<\/p>\n<p>K\u00fc\u00e7\u00fck alanlarda b\u00fcy\u00fck \u00e7\u00f6z\u00fcmler sunan Modamob Ak\u0131ll\u0131 Duvar Yataklar\u0131, mekanizmal\u0131 mobilya sistemleriyle hem konforu hem de i\u015flevselli\u011fi bir araya getiriyor. Duvara katlanan yatak mekanizmas\u0131 sayesinde, kullan\u0131lmad\u0131\u011f\u0131nda yer kaplamaz; a\u00e7\u0131ld\u0131\u011f\u0131nda ise rahat bir uyku alan\u0131na d\u00f6n\u00fc\u015f\u00fcr. Mod\u00fcler mobilya anlay\u0131\u015f\u0131yla tasarlanan bu sistemler, farkl\u0131 ihtiya\u00e7lara y\u00f6nelik bir\u00e7ok modelle ya\u015fam alanlar\u0131n\u0131z\u0131 daha verimli kullanman\u0131z\u0131 sa\u011flar.<\/p>\n<p>\u00c7ift Ki\u015filik Ak\u0131ll\u0131 D\u00f6ner Duvar Yata\u011f\u0131<\/p>\n<p>Geni\u015f ve rahat uyku alan\u0131 sunan bu model, \u00e7ift ki\u015filik duvar yata\u011f\u0131 mekanizmas\u0131 ile zahmetsizce d\u00f6nd\u00fcr\u00fclerek a\u00e7\u0131l\u0131p kapan\u0131r. TV \u00fcnitesi ile g\u00fcnd\u00fcz seyir zevkini ya\u015fay\u0131n, ak\u015fam ise d\u00f6ner mekanizmas\u0131 sistemi sayesinde kolayca konforlu bir yata\u011fa \u00e7evirin. \u015e\u0131k ve modern tasar\u0131m\u0131, k\u00fc\u00e7\u00fck odalar i\u00e7in b\u00fcy\u00fck \u00e7\u00f6z\u00fcmler sunar.<\/p>\n<p>\u2705 Sa\u011flam ve uzun \u00f6m\u00fcrl\u00fc mekanizma<br \/>\n\u2705 Duvara katlanan yatak ile maksimum alan tasarrufu<br \/>\n\u2705 Renk se\u00e7enekleri<\/p>","protected":false},"featured_media":18203,"template":"","meta":{"footnotes":""},"product_brand":[],"product_cat":[282],"product_tag":[],"class_list":{"0":"post-18190","1":"product","2":"type-product","3":"status-publish","4":"has-post-thumbnail","6":"product_cat-istanbul","7":"tm-no-options","9":"first","10":"instock","11":"sale","12":"taxable","13":"shipping-taxable","14":"purchasable","15":"product-type-variable","16":"has-default-attributes"},"yoast_head":"<!-- This site is optimized with the Yoast SEO plugin v26.8 - https:\/\/yoast.com\/product\/yoast-seo-wordpress\/ -->\n<title>\u0130stanbul TV \u00dcniteli 3 Kapakl\u0131 D\u00f6ner Duvar Yata\u011f\u0131 - Modamob Ak\u0131ll\u0131 Mobilya<\/title>\n<meta name=\"robots\" content=\"index, follow, max-snippet:-1, max-image-preview:large, max-video-preview:-1\" \/>\n<link rel=\"canonical\" href=\"https:\/\/www.modamob.com.tr\/fr\/produit\/lit-escamotable-horizontal-double-lucca-avec-table-pliante-2\/\" \/>\n<meta property=\"og:locale\" content=\"fr_FR\" \/>\n<meta property=\"og:type\" content=\"article\" \/>\n<meta property=\"og:title\" content=\"\u0130stanbul TV \u00dcniteli 3 Kapakl\u0131 D\u00f6ner Duvar Yata\u011f\u0131 - Modamob Ak\u0131ll\u0131 Mobilya\" \/>\n<meta property=\"og:description\" content=\"Modern G\u00f6r\u00fcn\u00fcm, Alan Tasarrufu ve Konforu Bir Arada!  K\u00fc\u00e7\u00fck alanlarda b\u00fcy\u00fck \u00e7\u00f6z\u00fcmler sunan Modamob Ak\u0131ll\u0131 Duvar Yataklar\u0131, mekanizmal\u0131 mobilya sistemleriyle hem konforu hem de i\u015flevselli\u011fi bir araya getiriyor. Duvara katlanan yatak mekanizmas\u0131 sayesinde, kullan\u0131lmad\u0131\u011f\u0131nda yer kaplamaz; a\u00e7\u0131ld\u0131\u011f\u0131nda ise rahat bir uyku alan\u0131na d\u00f6n\u00fc\u015f\u00fcr. Mod\u00fcler mobilya anlay\u0131\u015f\u0131yla tasarlanan bu sistemler, farkl\u0131 ihtiya\u00e7lara y\u00f6nelik bir\u00e7ok modelle ya\u015fam alanlar\u0131n\u0131z\u0131 daha verimli kullanman\u0131z\u0131 sa\u011flar.  \u00c7ift Ki\u015filik Ak\u0131ll\u0131 D\u00f6ner Duvar Yata\u011f\u0131  Geni\u015f ve rahat uyku alan\u0131 sunan bu model, \u00e7ift ki\u015filik duvar yata\u011f\u0131 mekanizmas\u0131 ile zahmetsizce d\u00f6nd\u00fcr\u00fclerek a\u00e7\u0131l\u0131p kapan\u0131r. TV \u00fcnitesi ile g\u00fcnd\u00fcz seyir zevkini ya\u015fay\u0131n, ak\u015fam ise d\u00f6ner mekanizmas\u0131 sistemi sayesinde kolayca konforlu bir yata\u011fa \u00e7evirin. \u015e\u0131k ve modern tasar\u0131m\u0131, k\u00fc\u00e7\u00fck odalar i\u00e7in b\u00fcy\u00fck \u00e7\u00f6z\u00fcmler sunar.  \u2705 Sa\u011flam ve uzun \u00f6m\u00fcrl\u00fc mekanizma \u2705 Duvara katlanan yatak ile maksimum alan tasarrufu \u2705 Renk se\u00e7enekleri\" \/>\n<meta property=\"og:url\" content=\"https:\/\/www.modamob.com.tr\/fr\/produit\/lit-escamotable-horizontal-double-lucca-avec-table-pliante-2\/\" \/>\n<meta property=\"og:site_name\" content=\"Modamob Ak\u0131ll\u0131 Mobilya\" \/>\n<meta property=\"article:modified_time\" content=\"2026-03-24T14:26:52+00:00\" \/>\n<meta property=\"og:image\" content=\"https:\/\/www.modamob.com.tr\/wp-content\/uploads\/2025\/02\/Mdmb0125616-copy.jpg\" \/>\n\t<meta property=\"og:image:width\" content=\"1000\" \/>\n\t<meta property=\"og:image:height\" content=\"1000\" \/>\n\t<meta property=\"og:image:type\" content=\"image\/jpeg\" \/>\n<meta name=\"twitter:card\" content=\"summary_large_image\" \/>\n<meta name=\"twitter:label1\" content=\"Dur\u00e9e de lecture estim\u00e9e\" \/>\n\t<meta name=\"twitter:data1\" content=\"1 minute\" \/>\n<script type=\"application\/ld+json\" class=\"yoast-schema-graph\">{\"@context\":\"https:\/\/schema.org\",\"@graph\":[{\"@type\":\"WebPage\",\"@id\":\"https:\/\/www.modamob.com.tr\/urun\/istanbul-tv-doner-duvar-yatagi\/\",\"url\":\"https:\/\/www.modamob.com.tr\/urun\/istanbul-tv-doner-duvar-yatagi\/\",\"name\":\"\u0130stanbul TV \u00dcniteli 3 Kapakl\u0131 D\u00f6ner Duvar Yata\u011f\u0131 - Modamob Ak\u0131ll\u0131 Mobilya\",\"isPartOf\":{\"@id\":\"https:\/\/www.modamob.com.tr\/#website\"},\"primaryImageOfPage\":{\"@id\":\"https:\/\/www.modamob.com.tr\/urun\/istanbul-tv-doner-duvar-yatagi\/#primaryimage\"},\"image\":{\"@id\":\"https:\/\/www.modamob.com.tr\/urun\/istanbul-tv-doner-duvar-yatagi\/#primaryimage\"},\"thumbnailUrl\":\"https:\/\/www.modamob.com.tr\/wp-content\/uploads\/2025\/02\/Mdmb0125616-copy.jpg\",\"datePublished\":\"2025-02-24T19:59:19+00:00\",\"dateModified\":\"2026-03-24T14:26:52+00:00\",\"breadcrumb\":{\"@id\":\"https:\/\/www.modamob.com.tr\/urun\/istanbul-tv-doner-duvar-yatagi\/#breadcrumb\"},\"inLanguage\":\"fr-FR\",\"potentialAction\":[{\"@type\":\"ReadAction\",\"target\":[\"https:\/\/www.modamob.com.tr\/urun\/istanbul-tv-doner-duvar-yatagi\/\"]}]},{\"@type\":\"ImageObject\",\"inLanguage\":\"fr-FR\",\"@id\":\"https:\/\/www.modamob.com.tr\/urun\/istanbul-tv-doner-duvar-yatagi\/#primaryimage\",\"url\":\"https:\/\/www.modamob.com.tr\/wp-content\/uploads\/2025\/02\/Mdmb0125616-copy.jpg\",\"contentUrl\":\"https:\/\/www.modamob.com.tr\/wp-content\/uploads\/2025\/02\/Mdmb0125616-copy.jpg\",\"width\":1000,\"height\":1000,\"caption\":\"\u0130stanbul TV \u00dcniteli 3 Kapakl\u0131 D\u00f6ner Duvar Yata\u011f\u0131\"},{\"@type\":\"BreadcrumbList\",\"@id\":\"https:\/\/www.modamob.com.tr\/urun\/istanbul-tv-doner-duvar-yatagi\/#breadcrumb\",\"itemListElement\":[{\"@type\":\"ListItem\",\"position\":1,\"name\":\"Anasayfa\",\"item\":\"https:\/\/www.modamob.com.tr\/\"},{\"@type\":\"ListItem\",\"position\":2,\"name\":\"Ma\u011faza\",\"item\":\"https:\/\/www.modamob.com.tr\/magaza\/\"},{\"@type\":\"ListItem\",\"position\":3,\"name\":\"\u0130stanbul TV \u00dcniteli 3 Kapakl\u0131 D\u00f6ner Duvar Yata\u011f\u0131\"}]},{\"@type\":\"WebSite\",\"@id\":\"https:\/\/www.modamob.com.tr\/#website\",\"url\":\"https:\/\/www.modamob.com.tr\/\",\"name\":\"Modamob Ak\u0131ll\u0131 Mobilya\",\"description\":\"Yeni Nesil Hareketli Mobilyalar\",\"potentialAction\":[{\"@type\":\"SearchAction\",\"target\":{\"@type\":\"EntryPoint\",\"urlTemplate\":\"https:\/\/www.modamob.com.tr\/?s={search_term_string}\"},\"query-input\":{\"@type\":\"PropertyValueSpecification\",\"valueRequired\":true,\"valueName\":\"search_term_string\"}}],\"inLanguage\":\"fr-FR\"}]}<\/script>\n<!-- \/ Yoast SEO plugin. -->","yoast_head_json":{"title":"\u0130stanbul TV \u00dcniteli 3 Kapakl\u0131 D\u00f6ner Duvar Yata\u011f\u0131 - Modamob Ak\u0131ll\u0131 Mobilya","robots":{"index":"index","follow":"follow","max-snippet":"max-snippet:-1","max-image-preview":"max-image-preview:large","max-video-preview":"max-video-preview:-1"},"canonical":"https:\/\/www.modamob.com.tr\/fr\/produit\/lit-escamotable-horizontal-double-lucca-avec-table-pliante-2\/","og_locale":"fr_FR","og_type":"article","og_title":"\u0130stanbul TV \u00dcniteli 3 Kapakl\u0131 D\u00f6ner Duvar Yata\u011f\u0131 - Modamob Ak\u0131ll\u0131 Mobilya","og_description":"Modern G\u00f6r\u00fcn\u00fcm, Alan Tasarrufu ve Konforu Bir Arada!  K\u00fc\u00e7\u00fck alanlarda b\u00fcy\u00fck \u00e7\u00f6z\u00fcmler sunan Modamob Ak\u0131ll\u0131 Duvar Yataklar\u0131, mekanizmal\u0131 mobilya sistemleriyle hem konforu hem de i\u015flevselli\u011fi bir araya getiriyor. Duvara katlanan yatak mekanizmas\u0131 sayesinde, kullan\u0131lmad\u0131\u011f\u0131nda yer kaplamaz; a\u00e7\u0131ld\u0131\u011f\u0131nda ise rahat bir uyku alan\u0131na d\u00f6n\u00fc\u015f\u00fcr. Mod\u00fcler mobilya anlay\u0131\u015f\u0131yla tasarlanan bu sistemler, farkl\u0131 ihtiya\u00e7lara y\u00f6nelik bir\u00e7ok modelle ya\u015fam alanlar\u0131n\u0131z\u0131 daha verimli kullanman\u0131z\u0131 sa\u011flar.  \u00c7ift Ki\u015filik Ak\u0131ll\u0131 D\u00f6ner Duvar Yata\u011f\u0131  Geni\u015f ve rahat uyku alan\u0131 sunan bu model, \u00e7ift ki\u015filik duvar yata\u011f\u0131 mekanizmas\u0131 ile zahmetsizce d\u00f6nd\u00fcr\u00fclerek a\u00e7\u0131l\u0131p kapan\u0131r. TV \u00fcnitesi ile g\u00fcnd\u00fcz seyir zevkini ya\u015fay\u0131n, ak\u015fam ise d\u00f6ner mekanizmas\u0131 sistemi sayesinde kolayca konforlu bir yata\u011fa \u00e7evirin. \u015e\u0131k ve modern tasar\u0131m\u0131, k\u00fc\u00e7\u00fck odalar i\u00e7in b\u00fcy\u00fck \u00e7\u00f6z\u00fcmler sunar.  \u2705 Sa\u011flam ve uzun \u00f6m\u00fcrl\u00fc mekanizma \u2705 Duvara katlanan yatak ile maksimum alan tasarrufu \u2705 Renk se\u00e7enekleri","og_url":"https:\/\/www.modamob.com.tr\/fr\/produit\/lit-escamotable-horizontal-double-lucca-avec-table-pliante-2\/","og_site_name":"Modamob Ak\u0131ll\u0131 Mobilya","article_modified_time":"2026-03-24T14:26:52+00:00","og_image":[{"width":1000,"height":1000,"url":"https:\/\/www.modamob.com.tr\/wp-content\/uploads\/2025\/02\/Mdmb0125616-copy.jpg","type":"image\/jpeg"}],"twitter_card":"summary_large_image","twitter_misc":{"Dur\u00e9e de lecture estim\u00e9e":"1 minute"},"schema":{"@context":"https:\/\/schema.org","@graph":[{"@type":"WebPage","@id":"https:\/\/www.modamob.com.tr\/urun\/istanbul-tv-doner-duvar-yatagi\/","url":"https:\/\/www.modamob.com.tr\/urun\/istanbul-tv-doner-duvar-yatagi\/","name":"\u0130stanbul TV \u00dcniteli 3 Kapakl\u0131 D\u00f6ner Duvar Yata\u011f\u0131 - Modamob Ak\u0131ll\u0131 Mobilya","isPartOf":{"@id":"https:\/\/www.modamob.com.tr\/#website"},"primaryImageOfPage":{"@id":"https:\/\/www.modamob.com.tr\/urun\/istanbul-tv-doner-duvar-yatagi\/#primaryimage"},"image":{"@id":"https:\/\/www.modamob.com.tr\/urun\/istanbul-tv-doner-duvar-yatagi\/#primaryimage"},"thumbnailUrl":"https:\/\/www.modamob.com.tr\/wp-content\/uploads\/2025\/02\/Mdmb0125616-copy.jpg","datePublished":"2025-02-24T19:59:19+00:00","dateModified":"2026-03-24T14:26:52+00:00","breadcrumb":{"@id":"https:\/\/www.modamob.com.tr\/urun\/istanbul-tv-doner-duvar-yatagi\/#breadcrumb"},"inLanguage":"fr-FR","potentialAction":[{"@type":"ReadAction","target":["https:\/\/www.modamob.com.tr\/urun\/istanbul-tv-doner-duvar-yatagi\/"]}]},{"@type":"ImageObject","inLanguage":"fr-FR","@id":"https:\/\/www.modamob.com.tr\/urun\/istanbul-tv-doner-duvar-yatagi\/#primaryimage","url":"https:\/\/www.modamob.com.tr\/wp-content\/uploads\/2025\/02\/Mdmb0125616-copy.jpg","contentUrl":"https:\/\/www.modamob.com.tr\/wp-content\/uploads\/2025\/02\/Mdmb0125616-copy.jpg","width":1000,"height":1000,"caption":"\u0130stanbul TV \u00dcniteli 3 Kapakl\u0131 D\u00f6ner Duvar Yata\u011f\u0131"},{"@type":"BreadcrumbList","@id":"https:\/\/www.modamob.com.tr\/urun\/istanbul-tv-doner-duvar-yatagi\/#breadcrumb","itemListElement":[{"@type":"ListItem","position":1,"name":"Anasayfa","item":"https:\/\/www.modamob.com.tr\/"},{"@type":"ListItem","position":2,"name":"Ma\u011faza","item":"https:\/\/www.modamob.com.tr\/magaza\/"},{"@type":"ListItem","position":3,"name":"\u0130stanbul TV \u00dcniteli 3 Kapakl\u0131 D\u00f6ner Duvar Yata\u011f\u0131"}]},{"@type":"WebSite","@id":"https:\/\/www.modamob.com.tr\/#website","url":"https:\/\/www.modamob.com.tr\/","name":"Meubles intelligents Modamob","description":"Mobilier mobile nouvelle g\u00e9n\u00e9ration","potentialAction":[{"@type":"SearchAction","target":{"@type":"EntryPoint","urlTemplate":"https:\/\/www.modamob.com.tr\/?s={search_term_string}"},"query-input":{"@type":"PropertyValueSpecification","valueRequired":true,"valueName":"search_term_string"}}],"inLanguage":"fr-FR"}]}},"_links":{"self":[{"href":"https:\/\/www.modamob.com.tr\/fr\/wp-json\/wp\/v2\/product\/18190","targetHints":{"allow":["GET"]}}],"collection":[{"href":"https:\/\/www.modamob.com.tr\/fr\/wp-json\/wp\/v2\/product"}],"about":[{"href":"https:\/\/www.modamob.com.tr\/fr\/wp-json\/wp\/v2\/types\/product"}],"version-history":[{"count":5,"href":"https:\/\/www.modamob.com.tr\/fr\/wp-json\/wp\/v2\/product\/18190\/revisions"}],"predecessor-version":[{"id":18795,"href":"https:\/\/www.modamob.com.tr\/fr\/wp-json\/wp\/v2\/product\/18190\/revisions\/18795"}],"wp:featuredmedia":[{"embeddable":true,"href":"https:\/\/www.modamob.com.tr\/fr\/wp-json\/wp\/v2\/media\/18203"}],"wp:attachment":[{"href":"https:\/\/www.modamob.com.tr\/fr\/wp-json\/wp\/v2\/media?parent=18190"}],"wp:term":[{"taxonomy":"product_brand","embeddable":true,"href":"https:\/\/www.modamob.com.tr\/fr\/wp-json\/wp\/v2\/product_brand?post=18190"},{"taxonomy":"product_cat","embeddable":true,"href":"https:\/\/www.modamob.com.tr\/fr\/wp-json\/wp\/v2\/product_cat?post=18190"},{"taxonomy":"product_tag","embeddable":true,"href":"https:\/\/www.modamob.com.tr\/fr\/wp-json\/wp\/v2\/product_tag?post=18190"}],"curies":[{"name":"wp","href":"https:\/\/api.w.org\/{rel}","templated":true}]}}