{"id":16875,"date":"2024-10-26T14:02:53","date_gmt":"2024-10-26T11:02:53","guid":{"rendered":"https:\/\/www.modamob.com.tr\/?post_type=product&#038;p=16875"},"modified":"2026-03-24T16:07:48","modified_gmt":"2026-03-24T13:07:48","slug":"mecanisme-de-siege-rabattable-vertical-a-double-siege","status":"publish","type":"product","link":"https:\/\/www.modamob.com.tr\/fr\/produit\/mecanisme-de-siege-rabattable-vertical-a-double-siege\/","title":{"rendered":"M\u00e9canisme de si\u00e8ge pliant vertical double"},"content":{"rendered":"","protected":false},"excerpt":{"rendered":"<p>Les syst\u00e8mes de lits escamotables Modamob Smart sont \u00e9quip\u00e9s de m\u00e9canismes de haute qualit\u00e9 et d&#039;amortisseurs durables pour les fabricants de meubles, les architectes et les menuisiers qui souhaitent offrir des solutions fonctionnelles et esth\u00e9tiques notamment pour les espaces \u00e9troits. Ce m\u00e9canisme s&#039;ouvre et se ferme facilement d&#039;un seul mouvement et se fixe solidement. une fois pli\u00e9 sur le mur.<\/p>\n<p>Ce syst\u00e8me, qui donne la priorit\u00e9 \u00e0 l&#039;utilisation efficace de l&#039;espace, convient aux conceptions de meubles fonctionnels et offre des solutions de lits doubles et simples gr\u00e2ce \u00e0 sa structure modulaire. La partie assise reste fixe, int\u00e9gr\u00e9e au m\u00e9canisme, offrant ainsi une transition pratique entre les espaces de vie et de couchage.<\/p>\n<p>Ce m\u00e9canisme de lit escamotable est le produit id\u00e9al pour les professionnels qui con\u00e7oivent des espaces de vie modernes et compacts. Il est con\u00e7u pour aider les utilisateurs \u00e0 utiliser leur espace avec une efficacit\u00e9 maximale, en particulier dans les projets n\u00e9cessitant des solutions de mobilier intelligentes. <span style=\"color: #993300;\">Vous pouvez nous contacter concernant vos conceptions de tailles sp\u00e9ciales.<\/span><\/p>\n<p><strong>Les lattes en charme sur le m\u00e9canisme et le cadre de lit sont incluses dans le prix.<\/strong><\/p>\n<p><strong>Pi\u00e8ces en bois exclues.<\/strong><\/p>","protected":false},"featured_media":16880,"template":"","meta":{"footnotes":""},"product_brand":[],"product_cat":[205,206],"product_tag":[239,240,251],"class_list":{"0":"post-16875","1":"product","2":"type-product","3":"status-publish","4":"has-post-thumbnail","6":"product_cat-cift-kisilik-somyali-mekanizmalar","7":"product_cat-mekanizmalar","8":"product_tag-akilli-mobilya","9":"product_tag-acilir-yatak","10":"product_tag-duvar-yatak-mekanizmalari","11":"tm-no-options","13":"first","14":"instock","15":"sale","16":"taxable","17":"shipping-taxable","18":"purchasable","19":"product-type-variable"},"yoast_head":"<!-- This site is optimized with the Yoast SEO plugin v26.8 - https:\/\/yoast.com\/product\/yoast-seo-wordpress\/ -->\n<title>\u00c7ift Ki\u015filik Dikey A\u00e7\u0131l\u0131r Koltuklu Mekanizma - Modamob Ak\u0131ll\u0131 Mobilya<\/title>\n<meta name=\"robots\" content=\"index, follow, max-snippet:-1, max-image-preview:large, max-video-preview:-1\" \/>\n<link rel=\"canonical\" href=\"https:\/\/www.modamob.com.tr\/fr\/produit\/mecanisme-de-siege-rabattable-vertical-a-double-siege\/\" \/>\n<meta property=\"og:locale\" content=\"fr_FR\" \/>\n<meta property=\"og:type\" content=\"article\" \/>\n<meta property=\"og:title\" content=\"\u00c7ift Ki\u015filik Dikey A\u00e7\u0131l\u0131r Koltuklu Mekanizma - Modamob Ak\u0131ll\u0131 Mobilya\" \/>\n<meta property=\"og:description\" content=\"Modamob Ak\u0131ll\u0131 Duvar Yata\u011f\u0131 Sistemleri, \u00f6zellikle dar alanlara y\u00f6nelik i\u015flevsel ve estetik \u00e7\u00f6z\u00fcmler sunmak isteyen mobilya \u00fcreticileri, mimarlar ve marangozlar i\u00e7in y\u00fcksek kaliteli mekanizma ve dayan\u0131kl\u0131 amortis\u00f6rlerle donat\u0131lm\u0131\u015f olan bu mekanizma, tek bir hareketle kolayca a\u00e7\u0131l\u0131p kapan\u0131r ve duvara katland\u0131\u011f\u0131nda g\u00fcvenli bir \u015fekilde sabitlenir.  Mekan\u0131n verimli kullan\u0131m\u0131n\u0131 \u00f6n planda tutan bu sistem, fonksiyonel mobilya tasar\u0131mlar\u0131na uygun olup mod\u00fcler yap\u0131s\u0131yla hem \u00e7ift ki\u015filik hem de tek ki\u015filik yatak \u00e7\u00f6z\u00fcmleri sunar. Koltuk k\u0131sm\u0131, mekanizma ile entegre \u015fekilde sabit kal\u0131r, bu sayede oturma ve uyuma alanlar\u0131 aras\u0131nda pratik bir ge\u00e7i\u015f sa\u011flar.  Bu duvar yata\u011f\u0131 mekanizmas\u0131, modern ve kompakt ya\u015fam alanlar\u0131 tasarlayan profesyoneller i\u00e7in ideal bir \u00fcr\u00fcnd\u00fcr. \u00d6zellikle ak\u0131ll\u0131 mobilya \u00e7\u00f6z\u00fcmlerine ihtiya\u00e7 duyan projelerde, kullan\u0131c\u0131lar\u0131n alan\u0131n\u0131 maksimum verimlilikle de\u011ferlendirmelerine yard\u0131mc\u0131 olacak \u015fekilde tasarlanm\u0131\u015ft\u0131r. \u00d6zel \u00f6l\u00e7\u00fc tasar\u0131mlar\u0131n\u0131zla ilgili bizimle ileti\u015fime ge\u00e7ebilirsiniz.  Mekanizma ve somya \u00fczerindeki G\u00fcrgen Latalar fiyata dahildir.  Ah\u015fap K\u0131s\u0131mlar Hari\u00e7tir.\" \/>\n<meta property=\"og:url\" content=\"https:\/\/www.modamob.com.tr\/fr\/produit\/mecanisme-de-siege-rabattable-vertical-a-double-siege\/\" \/>\n<meta property=\"og:site_name\" content=\"Modamob Ak\u0131ll\u0131 Mobilya\" \/>\n<meta property=\"article:modified_time\" content=\"2026-03-24T13:07:48+00:00\" \/>\n<meta property=\"og:image\" content=\"https:\/\/www.modamob.com.tr\/wp-content\/uploads\/2024\/10\/Mdmb12642-1-scaled.jpg\" \/>\n\t<meta property=\"og:image:width\" content=\"2560\" \/>\n\t<meta property=\"og:image:height\" content=\"1920\" \/>\n\t<meta property=\"og:image:type\" content=\"image\/jpeg\" \/>\n<meta name=\"twitter:card\" content=\"summary_large_image\" \/>\n<meta name=\"twitter:label1\" content=\"Dur\u00e9e de lecture estim\u00e9e\" \/>\n\t<meta name=\"twitter:data1\" content=\"1 minute\" \/>\n<script type=\"application\/ld+json\" class=\"yoast-schema-graph\">{\"@context\":\"https:\/\/schema.org\",\"@graph\":[{\"@type\":\"WebPage\",\"@id\":\"https:\/\/www.modamob.com.tr\/urun\/cift-kisilik-dikey-acilir-koltuklu-mekanizma\/\",\"url\":\"https:\/\/www.modamob.com.tr\/urun\/cift-kisilik-dikey-acilir-koltuklu-mekanizma\/\",\"name\":\"\u00c7ift Ki\u015filik Dikey A\u00e7\u0131l\u0131r Koltuklu Mekanizma - Modamob Ak\u0131ll\u0131 Mobilya\",\"isPartOf\":{\"@id\":\"https:\/\/www.modamob.com.tr\/#website\"},\"primaryImageOfPage\":{\"@id\":\"https:\/\/www.modamob.com.tr\/urun\/cift-kisilik-dikey-acilir-koltuklu-mekanizma\/#primaryimage\"},\"image\":{\"@id\":\"https:\/\/www.modamob.com.tr\/urun\/cift-kisilik-dikey-acilir-koltuklu-mekanizma\/#primaryimage\"},\"thumbnailUrl\":\"https:\/\/www.modamob.com.tr\/wp-content\/uploads\/2024\/10\/Mdmb12642-1-scaled.jpg\",\"datePublished\":\"2024-10-26T11:02:53+00:00\",\"dateModified\":\"2026-03-24T13:07:48+00:00\",\"breadcrumb\":{\"@id\":\"https:\/\/www.modamob.com.tr\/urun\/cift-kisilik-dikey-acilir-koltuklu-mekanizma\/#breadcrumb\"},\"inLanguage\":\"fr-FR\",\"potentialAction\":[{\"@type\":\"ReadAction\",\"target\":[\"https:\/\/www.modamob.com.tr\/urun\/cift-kisilik-dikey-acilir-koltuklu-mekanizma\/\"]}]},{\"@type\":\"ImageObject\",\"inLanguage\":\"fr-FR\",\"@id\":\"https:\/\/www.modamob.com.tr\/urun\/cift-kisilik-dikey-acilir-koltuklu-mekanizma\/#primaryimage\",\"url\":\"https:\/\/www.modamob.com.tr\/wp-content\/uploads\/2024\/10\/Mdmb12642-1-scaled.jpg\",\"contentUrl\":\"https:\/\/www.modamob.com.tr\/wp-content\/uploads\/2024\/10\/Mdmb12642-1-scaled.jpg\",\"width\":2560,\"height\":1920,\"caption\":\"\u00c7ift Ki\u015filik Dikey A\u00e7\u0131l\u0131r Koltuklu Mekanizma\"},{\"@type\":\"BreadcrumbList\",\"@id\":\"https:\/\/www.modamob.com.tr\/urun\/cift-kisilik-dikey-acilir-koltuklu-mekanizma\/#breadcrumb\",\"itemListElement\":[{\"@type\":\"ListItem\",\"position\":1,\"name\":\"Anasayfa\",\"item\":\"https:\/\/www.modamob.com.tr\/\"},{\"@type\":\"ListItem\",\"position\":2,\"name\":\"Ma\u011faza\",\"item\":\"https:\/\/www.modamob.com.tr\/magaza\/\"},{\"@type\":\"ListItem\",\"position\":3,\"name\":\"\u00c7ift Ki\u015filik Dikey A\u00e7\u0131l\u0131r Koltuklu Mekanizma\"}]},{\"@type\":\"WebSite\",\"@id\":\"https:\/\/www.modamob.com.tr\/#website\",\"url\":\"https:\/\/www.modamob.com.tr\/\",\"name\":\"Modamob Ak\u0131ll\u0131 Mobilya\",\"description\":\"Yeni Nesil Hareketli Mobilyalar\",\"potentialAction\":[{\"@type\":\"SearchAction\",\"target\":{\"@type\":\"EntryPoint\",\"urlTemplate\":\"https:\/\/www.modamob.com.tr\/?s={search_term_string}\"},\"query-input\":{\"@type\":\"PropertyValueSpecification\",\"valueRequired\":true,\"valueName\":\"search_term_string\"}}],\"inLanguage\":\"fr-FR\"}]}<\/script>\n<!-- \/ Yoast SEO plugin. -->","yoast_head_json":{"title":"M\u00e9canisme de si\u00e8ge pliant vertical double - Modamob Smart Furniture","robots":{"index":"index","follow":"follow","max-snippet":"max-snippet:-1","max-image-preview":"max-image-preview:large","max-video-preview":"max-video-preview:-1"},"canonical":"https:\/\/www.modamob.com.tr\/fr\/produit\/mecanisme-de-siege-rabattable-vertical-a-double-siege\/","og_locale":"fr_FR","og_type":"article","og_title":"\u00c7ift Ki\u015filik Dikey A\u00e7\u0131l\u0131r Koltuklu Mekanizma - Modamob Ak\u0131ll\u0131 Mobilya","og_description":"Modamob Ak\u0131ll\u0131 Duvar Yata\u011f\u0131 Sistemleri, \u00f6zellikle dar alanlara y\u00f6nelik i\u015flevsel ve estetik \u00e7\u00f6z\u00fcmler sunmak isteyen mobilya \u00fcreticileri, mimarlar ve marangozlar i\u00e7in y\u00fcksek kaliteli mekanizma ve dayan\u0131kl\u0131 amortis\u00f6rlerle donat\u0131lm\u0131\u015f olan bu mekanizma, tek bir hareketle kolayca a\u00e7\u0131l\u0131p kapan\u0131r ve duvara katland\u0131\u011f\u0131nda g\u00fcvenli bir \u015fekilde sabitlenir.  Mekan\u0131n verimli kullan\u0131m\u0131n\u0131 \u00f6n planda tutan bu sistem, fonksiyonel mobilya tasar\u0131mlar\u0131na uygun olup mod\u00fcler yap\u0131s\u0131yla hem \u00e7ift ki\u015filik hem de tek ki\u015filik yatak \u00e7\u00f6z\u00fcmleri sunar. Koltuk k\u0131sm\u0131, mekanizma ile entegre \u015fekilde sabit kal\u0131r, bu sayede oturma ve uyuma alanlar\u0131 aras\u0131nda pratik bir ge\u00e7i\u015f sa\u011flar.  Bu duvar yata\u011f\u0131 mekanizmas\u0131, modern ve kompakt ya\u015fam alanlar\u0131 tasarlayan profesyoneller i\u00e7in ideal bir \u00fcr\u00fcnd\u00fcr. \u00d6zellikle ak\u0131ll\u0131 mobilya \u00e7\u00f6z\u00fcmlerine ihtiya\u00e7 duyan projelerde, kullan\u0131c\u0131lar\u0131n alan\u0131n\u0131 maksimum verimlilikle de\u011ferlendirmelerine yard\u0131mc\u0131 olacak \u015fekilde tasarlanm\u0131\u015ft\u0131r. \u00d6zel \u00f6l\u00e7\u00fc tasar\u0131mlar\u0131n\u0131zla ilgili bizimle ileti\u015fime ge\u00e7ebilirsiniz.  Mekanizma ve somya \u00fczerindeki G\u00fcrgen Latalar fiyata dahildir.  Ah\u015fap K\u0131s\u0131mlar Hari\u00e7tir.","og_url":"https:\/\/www.modamob.com.tr\/fr\/produit\/mecanisme-de-siege-rabattable-vertical-a-double-siege\/","og_site_name":"Modamob Ak\u0131ll\u0131 Mobilya","article_modified_time":"2026-03-24T13:07:48+00:00","og_image":[{"width":2560,"height":1920,"url":"https:\/\/www.modamob.com.tr\/wp-content\/uploads\/2024\/10\/Mdmb12642-1-scaled.jpg","type":"image\/jpeg"}],"twitter_card":"summary_large_image","twitter_misc":{"Dur\u00e9e de lecture estim\u00e9e":"1 minute"},"schema":{"@context":"https:\/\/schema.org","@graph":[{"@type":"WebPage","@id":"https:\/\/www.modamob.com.tr\/urun\/cift-kisilik-dikey-acilir-koltuklu-mekanizma\/","url":"https:\/\/www.modamob.com.tr\/urun\/cift-kisilik-dikey-acilir-koltuklu-mekanizma\/","name":"M\u00e9canisme de si\u00e8ge pliant vertical double - Modamob Smart Furniture","isPartOf":{"@id":"https:\/\/www.modamob.com.tr\/#website"},"primaryImageOfPage":{"@id":"https:\/\/www.modamob.com.tr\/urun\/cift-kisilik-dikey-acilir-koltuklu-mekanizma\/#primaryimage"},"image":{"@id":"https:\/\/www.modamob.com.tr\/urun\/cift-kisilik-dikey-acilir-koltuklu-mekanizma\/#primaryimage"},"thumbnailUrl":"https:\/\/www.modamob.com.tr\/wp-content\/uploads\/2024\/10\/Mdmb12642-1-scaled.jpg","datePublished":"2024-10-26T11:02:53+00:00","dateModified":"2026-03-24T13:07:48+00:00","breadcrumb":{"@id":"https:\/\/www.modamob.com.tr\/urun\/cift-kisilik-dikey-acilir-koltuklu-mekanizma\/#breadcrumb"},"inLanguage":"fr-FR","potentialAction":[{"@type":"ReadAction","target":["https:\/\/www.modamob.com.tr\/urun\/cift-kisilik-dikey-acilir-koltuklu-mekanizma\/"]}]},{"@type":"ImageObject","inLanguage":"fr-FR","@id":"https:\/\/www.modamob.com.tr\/urun\/cift-kisilik-dikey-acilir-koltuklu-mekanizma\/#primaryimage","url":"https:\/\/www.modamob.com.tr\/wp-content\/uploads\/2024\/10\/Mdmb12642-1-scaled.jpg","contentUrl":"https:\/\/www.modamob.com.tr\/wp-content\/uploads\/2024\/10\/Mdmb12642-1-scaled.jpg","width":2560,"height":1920,"caption":"\u00c7ift Ki\u015filik Dikey A\u00e7\u0131l\u0131r Koltuklu Mekanizma"},{"@type":"BreadcrumbList","@id":"https:\/\/www.modamob.com.tr\/urun\/cift-kisilik-dikey-acilir-koltuklu-mekanizma\/#breadcrumb","itemListElement":[{"@type":"ListItem","position":1,"name":"Anasayfa","item":"https:\/\/www.modamob.com.tr\/"},{"@type":"ListItem","position":2,"name":"Ma\u011faza","item":"https:\/\/www.modamob.com.tr\/magaza\/"},{"@type":"ListItem","position":3,"name":"\u00c7ift Ki\u015filik Dikey A\u00e7\u0131l\u0131r Koltuklu Mekanizma"}]},{"@type":"WebSite","@id":"https:\/\/www.modamob.com.tr\/#website","url":"https:\/\/www.modamob.com.tr\/","name":"Meubles intelligents Modamob","description":"Mobilier mobile nouvelle g\u00e9n\u00e9ration","potentialAction":[{"@type":"SearchAction","target":{"@type":"EntryPoint","urlTemplate":"https:\/\/www.modamob.com.tr\/?s={search_term_string}"},"query-input":{"@type":"PropertyValueSpecification","valueRequired":true,"valueName":"search_term_string"}}],"inLanguage":"fr-FR"}]}},"_links":{"self":[{"href":"https:\/\/www.modamob.com.tr\/fr\/wp-json\/wp\/v2\/product\/16875","targetHints":{"allow":["GET"]}}],"collection":[{"href":"https:\/\/www.modamob.com.tr\/fr\/wp-json\/wp\/v2\/product"}],"about":[{"href":"https:\/\/www.modamob.com.tr\/fr\/wp-json\/wp\/v2\/types\/product"}],"version-history":[{"count":5,"href":"https:\/\/www.modamob.com.tr\/fr\/wp-json\/wp\/v2\/product\/16875\/revisions"}],"predecessor-version":[{"id":18756,"href":"https:\/\/www.modamob.com.tr\/fr\/wp-json\/wp\/v2\/product\/16875\/revisions\/18756"}],"wp:featuredmedia":[{"embeddable":true,"href":"https:\/\/www.modamob.com.tr\/fr\/wp-json\/wp\/v2\/media\/16880"}],"wp:attachment":[{"href":"https:\/\/www.modamob.com.tr\/fr\/wp-json\/wp\/v2\/media?parent=16875"}],"wp:term":[{"taxonomy":"product_brand","embeddable":true,"href":"https:\/\/www.modamob.com.tr\/fr\/wp-json\/wp\/v2\/product_brand?post=16875"},{"taxonomy":"product_cat","embeddable":true,"href":"https:\/\/www.modamob.com.tr\/fr\/wp-json\/wp\/v2\/product_cat?post=16875"},{"taxonomy":"product_tag","embeddable":true,"href":"https:\/\/www.modamob.com.tr\/fr\/wp-json\/wp\/v2\/product_tag?post=16875"}],"curies":[{"name":"wp","href":"https:\/\/api.w.org\/{rel}","templated":true}]}}