{"id":15102,"date":"2023-01-10T11:18:57","date_gmt":"2023-01-10T08:18:57","guid":{"rendered":"https:\/\/www.modamob.com.tr\/?post_type=product&#038;p=15102"},"modified":"2026-03-24T17:29:14","modified_gmt":"2026-03-24T14:29:14","slug":"lit-escamotable-horizontal-double-lucca-avec-table-pliante","status":"publish","type":"product","link":"https:\/\/www.modamob.com.tr\/fr\/produit\/lit-escamotable-horizontal-double-lucca-avec-table-pliante\/","title":{"rendered":"\u0130stanbul Vitrinli D\u00f6ner Duvar Yata\u011f\u0131"},"content":{"rendered":"<p>&nbsp;<\/p>\n<p>&nbsp;<\/p>","protected":false},"excerpt":{"rendered":"<p>&nbsp; &nbsp;<\/p>","protected":false},"featured_media":17840,"template":"","meta":{"footnotes":""},"product_brand":[],"product_cat":[282],"product_tag":[],"class_list":{"0":"post-15102","1":"product","2":"type-product","3":"status-publish","4":"has-post-thumbnail","6":"product_cat-istanbul","7":"tm-no-options","9":"first","10":"instock","11":"sale","12":"taxable","13":"shipping-taxable","14":"purchasable","15":"product-type-variable","16":"has-default-attributes"},"yoast_head":"<!-- This site is optimized with the Yoast SEO plugin v26.8 - https:\/\/yoast.com\/product\/yoast-seo-wordpress\/ -->\n<title>\u0130stanbul Vitrinli D\u00f6ner Duvar Yata\u011f\u0131 - Modamob Ak\u0131ll\u0131 Mobilya<\/title>\n<meta name=\"robots\" content=\"index, follow, max-snippet:-1, max-image-preview:large, max-video-preview:-1\" \/>\n<link rel=\"canonical\" href=\"https:\/\/www.modamob.com.tr\/fr\/produit\/lit-escamotable-horizontal-double-lucca-avec-table-pliante\/\" \/>\n<meta property=\"og:locale\" content=\"fr_FR\" \/>\n<meta property=\"og:type\" content=\"article\" \/>\n<meta property=\"og:title\" content=\"\u0130stanbul Vitrinli D\u00f6ner Duvar Yata\u011f\u0131 - Modamob Ak\u0131ll\u0131 Mobilya\" \/>\n<meta property=\"og:description\" content=\"&nbsp; &nbsp;\" \/>\n<meta property=\"og:url\" content=\"https:\/\/www.modamob.com.tr\/fr\/produit\/lit-escamotable-horizontal-double-lucca-avec-table-pliante\/\" \/>\n<meta property=\"og:site_name\" content=\"Modamob Ak\u0131ll\u0131 Mobilya\" \/>\n<meta property=\"article:modified_time\" content=\"2026-03-24T14:29:14+00:00\" \/>\n<meta property=\"og:image\" content=\"https:\/\/www.modamob.com.tr\/wp-content\/uploads\/2023\/01\/Mdmb0125616-copy.jpg\" \/>\n\t<meta property=\"og:image:width\" content=\"1000\" \/>\n\t<meta property=\"og:image:height\" content=\"1000\" \/>\n\t<meta property=\"og:image:type\" content=\"image\/jpeg\" \/>\n<meta name=\"twitter:card\" content=\"summary_large_image\" \/>\n<meta name=\"twitter:label1\" content=\"Dur\u00e9e de lecture estim\u00e9e\" \/>\n\t<meta name=\"twitter:data1\" content=\"1 minute\" \/>\n<script type=\"application\/ld+json\" class=\"yoast-schema-graph\">{\"@context\":\"https:\/\/schema.org\",\"@graph\":[{\"@type\":\"WebPage\",\"@id\":\"https:\/\/www.modamob.com.tr\/urun\/istanbul-model-rafli\/\",\"url\":\"https:\/\/www.modamob.com.tr\/urun\/istanbul-model-rafli\/\",\"name\":\"\u0130stanbul Vitrinli D\u00f6ner Duvar Yata\u011f\u0131 - Modamob Ak\u0131ll\u0131 Mobilya\",\"isPartOf\":{\"@id\":\"https:\/\/www.modamob.com.tr\/#website\"},\"primaryImageOfPage\":{\"@id\":\"https:\/\/www.modamob.com.tr\/urun\/istanbul-model-rafli\/#primaryimage\"},\"image\":{\"@id\":\"https:\/\/www.modamob.com.tr\/urun\/istanbul-model-rafli\/#primaryimage\"},\"thumbnailUrl\":\"https:\/\/www.modamob.com.tr\/wp-content\/uploads\/2023\/01\/Mdmb0125616-copy.jpg\",\"datePublished\":\"2023-01-10T08:18:57+00:00\",\"dateModified\":\"2026-03-24T14:29:14+00:00\",\"breadcrumb\":{\"@id\":\"https:\/\/www.modamob.com.tr\/urun\/istanbul-model-rafli\/#breadcrumb\"},\"inLanguage\":\"fr-FR\",\"potentialAction\":[{\"@type\":\"ReadAction\",\"target\":[\"https:\/\/www.modamob.com.tr\/urun\/istanbul-model-rafli\/\"]}]},{\"@type\":\"ImageObject\",\"inLanguage\":\"fr-FR\",\"@id\":\"https:\/\/www.modamob.com.tr\/urun\/istanbul-model-rafli\/#primaryimage\",\"url\":\"https:\/\/www.modamob.com.tr\/wp-content\/uploads\/2023\/01\/Mdmb0125616-copy.jpg\",\"contentUrl\":\"https:\/\/www.modamob.com.tr\/wp-content\/uploads\/2023\/01\/Mdmb0125616-copy.jpg\",\"width\":1000,\"height\":1000,\"caption\":\"\u0130stanbul Vitrinli D\u00f6ner Duvar Yata\u011f\u0131\"},{\"@type\":\"BreadcrumbList\",\"@id\":\"https:\/\/www.modamob.com.tr\/urun\/istanbul-model-rafli\/#breadcrumb\",\"itemListElement\":[{\"@type\":\"ListItem\",\"position\":1,\"name\":\"Anasayfa\",\"item\":\"https:\/\/www.modamob.com.tr\/\"},{\"@type\":\"ListItem\",\"position\":2,\"name\":\"Ma\u011faza\",\"item\":\"https:\/\/www.modamob.com.tr\/magaza\/\"},{\"@type\":\"ListItem\",\"position\":3,\"name\":\"\u0130stanbul Vitrinli D\u00f6ner Duvar Yata\u011f\u0131\"}]},{\"@type\":\"WebSite\",\"@id\":\"https:\/\/www.modamob.com.tr\/#website\",\"url\":\"https:\/\/www.modamob.com.tr\/\",\"name\":\"Modamob Ak\u0131ll\u0131 Mobilya\",\"description\":\"Yeni Nesil Hareketli Mobilyalar\",\"potentialAction\":[{\"@type\":\"SearchAction\",\"target\":{\"@type\":\"EntryPoint\",\"urlTemplate\":\"https:\/\/www.modamob.com.tr\/?s={search_term_string}\"},\"query-input\":{\"@type\":\"PropertyValueSpecification\",\"valueRequired\":true,\"valueName\":\"search_term_string\"}}],\"inLanguage\":\"fr-FR\"}]}<\/script>\n<!-- \/ Yoast SEO plugin. -->","yoast_head_json":{"title":"\u0130stanbul Vitrinli D\u00f6ner Duvar Yata\u011f\u0131 - Modamob Ak\u0131ll\u0131 Mobilya","robots":{"index":"index","follow":"follow","max-snippet":"max-snippet:-1","max-image-preview":"max-image-preview:large","max-video-preview":"max-video-preview:-1"},"canonical":"https:\/\/www.modamob.com.tr\/fr\/produit\/lit-escamotable-horizontal-double-lucca-avec-table-pliante\/","og_locale":"fr_FR","og_type":"article","og_title":"\u0130stanbul Vitrinli D\u00f6ner Duvar Yata\u011f\u0131 - Modamob Ak\u0131ll\u0131 Mobilya","og_description":"&nbsp; &nbsp;","og_url":"https:\/\/www.modamob.com.tr\/fr\/produit\/lit-escamotable-horizontal-double-lucca-avec-table-pliante\/","og_site_name":"Modamob Ak\u0131ll\u0131 Mobilya","article_modified_time":"2026-03-24T14:29:14+00:00","og_image":[{"width":1000,"height":1000,"url":"https:\/\/www.modamob.com.tr\/wp-content\/uploads\/2023\/01\/Mdmb0125616-copy.jpg","type":"image\/jpeg"}],"twitter_card":"summary_large_image","twitter_misc":{"Dur\u00e9e de lecture estim\u00e9e":"1 minute"},"schema":{"@context":"https:\/\/schema.org","@graph":[{"@type":"WebPage","@id":"https:\/\/www.modamob.com.tr\/urun\/istanbul-model-rafli\/","url":"https:\/\/www.modamob.com.tr\/urun\/istanbul-model-rafli\/","name":"\u0130stanbul Vitrinli D\u00f6ner Duvar Yata\u011f\u0131 - Modamob Ak\u0131ll\u0131 Mobilya","isPartOf":{"@id":"https:\/\/www.modamob.com.tr\/#website"},"primaryImageOfPage":{"@id":"https:\/\/www.modamob.com.tr\/urun\/istanbul-model-rafli\/#primaryimage"},"image":{"@id":"https:\/\/www.modamob.com.tr\/urun\/istanbul-model-rafli\/#primaryimage"},"thumbnailUrl":"https:\/\/www.modamob.com.tr\/wp-content\/uploads\/2023\/01\/Mdmb0125616-copy.jpg","datePublished":"2023-01-10T08:18:57+00:00","dateModified":"2026-03-24T14:29:14+00:00","breadcrumb":{"@id":"https:\/\/www.modamob.com.tr\/urun\/istanbul-model-rafli\/#breadcrumb"},"inLanguage":"fr-FR","potentialAction":[{"@type":"ReadAction","target":["https:\/\/www.modamob.com.tr\/urun\/istanbul-model-rafli\/"]}]},{"@type":"ImageObject","inLanguage":"fr-FR","@id":"https:\/\/www.modamob.com.tr\/urun\/istanbul-model-rafli\/#primaryimage","url":"https:\/\/www.modamob.com.tr\/wp-content\/uploads\/2023\/01\/Mdmb0125616-copy.jpg","contentUrl":"https:\/\/www.modamob.com.tr\/wp-content\/uploads\/2023\/01\/Mdmb0125616-copy.jpg","width":1000,"height":1000,"caption":"\u0130stanbul Vitrinli D\u00f6ner Duvar Yata\u011f\u0131"},{"@type":"BreadcrumbList","@id":"https:\/\/www.modamob.com.tr\/urun\/istanbul-model-rafli\/#breadcrumb","itemListElement":[{"@type":"ListItem","position":1,"name":"Anasayfa","item":"https:\/\/www.modamob.com.tr\/"},{"@type":"ListItem","position":2,"name":"Ma\u011faza","item":"https:\/\/www.modamob.com.tr\/magaza\/"},{"@type":"ListItem","position":3,"name":"\u0130stanbul Vitrinli D\u00f6ner Duvar Yata\u011f\u0131"}]},{"@type":"WebSite","@id":"https:\/\/www.modamob.com.tr\/#website","url":"https:\/\/www.modamob.com.tr\/","name":"Meubles intelligents Modamob","description":"Mobilier mobile nouvelle g\u00e9n\u00e9ration","potentialAction":[{"@type":"SearchAction","target":{"@type":"EntryPoint","urlTemplate":"https:\/\/www.modamob.com.tr\/?s={search_term_string}"},"query-input":{"@type":"PropertyValueSpecification","valueRequired":true,"valueName":"search_term_string"}}],"inLanguage":"fr-FR"}]}},"_links":{"self":[{"href":"https:\/\/www.modamob.com.tr\/fr\/wp-json\/wp\/v2\/product\/15102","targetHints":{"allow":["GET"]}}],"collection":[{"href":"https:\/\/www.modamob.com.tr\/fr\/wp-json\/wp\/v2\/product"}],"about":[{"href":"https:\/\/www.modamob.com.tr\/fr\/wp-json\/wp\/v2\/types\/product"}],"version-history":[{"count":5,"href":"https:\/\/www.modamob.com.tr\/fr\/wp-json\/wp\/v2\/product\/15102\/revisions"}],"predecessor-version":[{"id":18798,"href":"https:\/\/www.modamob.com.tr\/fr\/wp-json\/wp\/v2\/product\/15102\/revisions\/18798"}],"wp:featuredmedia":[{"embeddable":true,"href":"https:\/\/www.modamob.com.tr\/fr\/wp-json\/wp\/v2\/media\/17840"}],"wp:attachment":[{"href":"https:\/\/www.modamob.com.tr\/fr\/wp-json\/wp\/v2\/media?parent=15102"}],"wp:term":[{"taxonomy":"product_brand","embeddable":true,"href":"https:\/\/www.modamob.com.tr\/fr\/wp-json\/wp\/v2\/product_brand?post=15102"},{"taxonomy":"product_cat","embeddable":true,"href":"https:\/\/www.modamob.com.tr\/fr\/wp-json\/wp\/v2\/product_cat?post=15102"},{"taxonomy":"product_tag","embeddable":true,"href":"https:\/\/www.modamob.com.tr\/fr\/wp-json\/wp\/v2\/product_tag?post=15102"}],"curies":[{"name":"wp","href":"https:\/\/api.w.org\/{rel}","templated":true}]}}