{"id":12829,"date":"2022-12-03T06:56:52","date_gmt":"2022-12-03T06:56:52","guid":{"rendered":"https:\/\/modamob2.myco.site\/?post_type=product&#038;p=12829"},"modified":"2026-03-24T17:34:33","modified_gmt":"2026-03-24T14:34:33","slug":"mecanisme-de-lit-mural-pour-lit-superpose","status":"publish","type":"product","link":"https:\/\/www.modamob.com.tr\/fr\/produit\/mecanisme-de-lit-mural-pour-lit-superpose\/","title":{"rendered":"M\u00e9canisme de lit mural pour lit superpos\u00e9"},"content":{"rendered":"<h1><a href=\"https:\/\/www.modamob.com.tr\/fr\/produit\/ranza-gizli-duvar-yatagi-mekanizmasi\/\">M\u00e9canisme de lit mural pour lit superpos\u00e9<\/a><\/h1>\n<h2>D\u00e9tails du produit\u00a0:<\/h2>\n<ul>\n<li><strong>Il est envoy\u00e9 dans toute la Turquie avec livraison gratuite.<\/strong><\/li>\n<li><b>Les m\u00e9canismes sont r\u00e9alis\u00e9s \u00e0 partir de t\u00f4le d\u00e9coup\u00e9e au laser de 5 mm.<\/b><\/li>\n<li><strong>Profils : Fabriqu\u00e9s \u00e0 partir d&#039;un profil\u00e9 en caisson de 30x40x1,5 mm.<\/strong><\/li>\n<li><strong>Les produits sont peints au four en noir mat.<\/strong><\/li>\n<li><strong>Les pi\u00e8ces en bois sont exclues des prix.<\/strong><\/li>\n<li><b>Les m\u00e9canismes sont exp\u00e9di\u00e9s d\u00e9mont\u00e9s.<\/b><\/li>\n<li><strong>Les produits sont envoy\u00e9s dans un emballage en carton.<\/strong><\/li>\n<li><strong>Les sch\u00e9mas d&#039;installation et de montage sont inclus dans l&#039;emballage de la bo\u00eete.<\/strong><\/li>\n<\/ul>\n<p><strong>VOUS POUVEZ DEMANDER LES LISTES DE COUPE DE MEUBLES LI\u00c9ES AU M\u00c9CANISME QUE VOUS AVEZ ACHET\u00c9 AUPR\u00c8S DE NOTRE ENTREPRISE.<\/strong><\/p>","protected":false},"excerpt":{"rendered":"<p>Les syst\u00e8mes de lits muraux intelligents Modamob et les m\u00e9canismes de lits superpos\u00e9s sont sp\u00e9cialement d\u00e9velopp\u00e9s pour les conceptions de meubles modulaires. Offrant une solution parfaite pour les meubles \u00e0 espace \u00e9troit dans les chambres d&#039;enfants et les chambres d&#039;amis, ce m\u00e9canisme se plie facilement lorsqu&#039;il n&#039;est pas utilis\u00e9 et offre de l&#039;espace. Ce syst\u00e8me, id\u00e9al pour les fabricants \u00e0 la recherche de m\u00e9canismes de lits superpos\u00e9s gr\u00e2ce \u00e0 sa structure robuste et s\u00fbre, attire \u00e9galement l&#039;attention par ses mesures de s\u00e9curit\u00e9. Les professionnels qui souhaitent proposer des solutions adapt\u00e9es aux diff\u00e9rents besoins de la production de meubles fonctionnels peuvent ajouter de la valeur \u00e0 leurs projets gr\u00e2ce \u00e0 ce m\u00e9canisme. <span style=\"color: #993300;\">Vous pouvez nous contacter concernant vos conceptions de tailles sp\u00e9ciales.<\/span><\/p>\n<p>Il convient aux endroits \u00e9troits gr\u00e2ce \u00e0 son ouverture horizontale. Gr\u00e2ce \u00e0 la ceinture de s\u00e9curit\u00e9, il n&#039;y a aucun probl\u00e8me de s\u00e9curit\u00e9 pour ceux qui dorment sur le lit du haut.<\/p>\n<p><strong>Les lattes en charme sur le m\u00e9canisme et le cadre de lit sont incluses dans le prix.<\/strong><\/p>\n<p><strong>Pi\u00e8ces en bois exclues.\u00a0<\/strong><\/p>","protected":false},"featured_media":17008,"template":"","meta":{"footnotes":""},"product_brand":[],"product_cat":[209,206],"product_tag":[239,240,244,250],"class_list":{"0":"post-12829","1":"product","2":"type-product","3":"status-publish","4":"has-post-thumbnail","6":"product_cat-ranza-mekanizmalari","7":"product_cat-mekanizmalar","8":"product_tag-akilli-mobilya","9":"product_tag-acilir-yatak","10":"product_tag-duvar-yataklari","11":"product_tag-ranza-mekanizmasi","12":"tm-no-options","14":"first","15":"instock","16":"sale","17":"taxable","18":"shipping-taxable","19":"purchasable","20":"product-type-variable"},"yoast_head":"<!-- This site is optimized with the Yoast SEO plugin v26.8 - https:\/\/yoast.com\/product\/yoast-seo-wordpress\/ -->\n<title>Ranza Duvar Yata\u011f\u0131 Mekanizmas\u0131 - Modamob Ak\u0131ll\u0131 Mobilya<\/title>\n<meta name=\"robots\" content=\"index, follow, max-snippet:-1, max-image-preview:large, max-video-preview:-1\" \/>\n<link rel=\"canonical\" href=\"https:\/\/www.modamob.com.tr\/fr\/produit\/mecanisme-de-lit-mural-pour-lit-superpose\/\" \/>\n<meta property=\"og:locale\" content=\"fr_FR\" \/>\n<meta property=\"og:type\" content=\"article\" \/>\n<meta property=\"og:title\" content=\"Ranza Duvar Yata\u011f\u0131 Mekanizmas\u0131 - Modamob Ak\u0131ll\u0131 Mobilya\" \/>\n<meta property=\"og:description\" content=\"Modamob Ak\u0131ll\u0131 Duvar Yata\u011f\u0131 Sistemleri, Ranza Mekanizmas\u0131 mod\u00fcler mobilya tasar\u0131mlar\u0131 i\u00e7in \u00f6zel olarak geli\u015ftirilmi\u015ftir. \u00c7ocuk odalar\u0131 ve misafir odalar\u0131nda dar alan mobilyalar\u0131 i\u00e7in m\u00fckemmel bir \u00e7\u00f6z\u00fcm sunan bu mekanizma, kullan\u0131lmad\u0131\u011f\u0131nda kolayca katlanarak alanda geni\u015flik sa\u011flar. Sa\u011flam ve g\u00fcvenli yap\u0131s\u0131yla ranza mekanizmalar\u0131 arayan \u00fcreticiler i\u00e7in ideal olan bu sistem, g\u00fcvenlik \u00f6nlemleriyle de dikkat \u00e7eker. Fonksiyonel mobilya \u00fcretiminde farkl\u0131 ihtiya\u00e7lara uygun \u00e7\u00f6z\u00fcmler sunmak isteyen profesyoneller, bu mekanizma ile projelerine de\u011fer katabilir. \u00d6zel \u00f6l\u00e7\u00fc tasar\u0131mlar\u0131n\u0131zla ilgili bizimle ileti\u015fime ge\u00e7ebilirsiniz.  Yatay a\u00e7\u0131lmas\u0131 sayesinde dar yerler i\u00e7in uygundur. Emniyet kemeri sayesinde \u00fcst ranzada yatan i\u00e7in g\u00fcvenlik sorunu yoktur.  Mekanizma ve somya \u00fczerindeki G\u00fcrgen Latalar fiyata dahildir.  Ah\u015fap K\u0131s\u0131mlar Hari\u00e7tir.\u00a0\" \/>\n<meta property=\"og:url\" content=\"https:\/\/www.modamob.com.tr\/fr\/produit\/mecanisme-de-lit-mural-pour-lit-superpose\/\" \/>\n<meta property=\"og:site_name\" content=\"Modamob Ak\u0131ll\u0131 Mobilya\" \/>\n<meta property=\"article:modified_time\" content=\"2026-03-24T14:34:33+00:00\" \/>\n<meta property=\"og:image\" content=\"https:\/\/www.modamob.com.tr\/wp-content\/uploads\/2022\/12\/Mdmb12609--scaled.jpg\" \/>\n\t<meta property=\"og:image:width\" content=\"2560\" \/>\n\t<meta property=\"og:image:height\" content=\"1920\" \/>\n\t<meta property=\"og:image:type\" content=\"image\/jpeg\" \/>\n<meta name=\"twitter:card\" content=\"summary_large_image\" \/>\n<meta name=\"twitter:label1\" content=\"Dur\u00e9e de lecture estim\u00e9e\" \/>\n\t<meta name=\"twitter:data1\" content=\"1 minute\" \/>\n<script type=\"application\/ld+json\" class=\"yoast-schema-graph\">{\"@context\":\"https:\/\/schema.org\",\"@graph\":[{\"@type\":\"WebPage\",\"@id\":\"https:\/\/www.modamob.com.tr\/urun\/ranza-duvar-yatagi-mekanizmasi\/\",\"url\":\"https:\/\/www.modamob.com.tr\/urun\/ranza-duvar-yatagi-mekanizmasi\/\",\"name\":\"Ranza Duvar Yata\u011f\u0131 Mekanizmas\u0131 - Modamob Ak\u0131ll\u0131 Mobilya\",\"isPartOf\":{\"@id\":\"https:\/\/www.modamob.com.tr\/#website\"},\"primaryImageOfPage\":{\"@id\":\"https:\/\/www.modamob.com.tr\/urun\/ranza-duvar-yatagi-mekanizmasi\/#primaryimage\"},\"image\":{\"@id\":\"https:\/\/www.modamob.com.tr\/urun\/ranza-duvar-yatagi-mekanizmasi\/#primaryimage\"},\"thumbnailUrl\":\"https:\/\/www.modamob.com.tr\/wp-content\/uploads\/2022\/12\/Mdmb12609--scaled.jpg\",\"datePublished\":\"2022-12-03T06:56:52+00:00\",\"dateModified\":\"2026-03-24T14:34:33+00:00\",\"breadcrumb\":{\"@id\":\"https:\/\/www.modamob.com.tr\/urun\/ranza-duvar-yatagi-mekanizmasi\/#breadcrumb\"},\"inLanguage\":\"fr-FR\",\"potentialAction\":[{\"@type\":\"ReadAction\",\"target\":[\"https:\/\/www.modamob.com.tr\/urun\/ranza-duvar-yatagi-mekanizmasi\/\"]}]},{\"@type\":\"ImageObject\",\"inLanguage\":\"fr-FR\",\"@id\":\"https:\/\/www.modamob.com.tr\/urun\/ranza-duvar-yatagi-mekanizmasi\/#primaryimage\",\"url\":\"https:\/\/www.modamob.com.tr\/wp-content\/uploads\/2022\/12\/Mdmb12609--scaled.jpg\",\"contentUrl\":\"https:\/\/www.modamob.com.tr\/wp-content\/uploads\/2022\/12\/Mdmb12609--scaled.jpg\",\"width\":2560,\"height\":1920,\"caption\":\"RANZA MASALI DUVAR YATA\u011eI\"},{\"@type\":\"BreadcrumbList\",\"@id\":\"https:\/\/www.modamob.com.tr\/urun\/ranza-duvar-yatagi-mekanizmasi\/#breadcrumb\",\"itemListElement\":[{\"@type\":\"ListItem\",\"position\":1,\"name\":\"Anasayfa\",\"item\":\"https:\/\/www.modamob.com.tr\/\"},{\"@type\":\"ListItem\",\"position\":2,\"name\":\"Ma\u011faza\",\"item\":\"https:\/\/www.modamob.com.tr\/magaza\/\"},{\"@type\":\"ListItem\",\"position\":3,\"name\":\"Ranza Duvar Yata\u011f\u0131 Mekanizmas\u0131\"}]},{\"@type\":\"WebSite\",\"@id\":\"https:\/\/www.modamob.com.tr\/#website\",\"url\":\"https:\/\/www.modamob.com.tr\/\",\"name\":\"Modamob Ak\u0131ll\u0131 Mobilya\",\"description\":\"Yeni Nesil Hareketli Mobilyalar\",\"potentialAction\":[{\"@type\":\"SearchAction\",\"target\":{\"@type\":\"EntryPoint\",\"urlTemplate\":\"https:\/\/www.modamob.com.tr\/?s={search_term_string}\"},\"query-input\":{\"@type\":\"PropertyValueSpecification\",\"valueRequired\":true,\"valueName\":\"search_term_string\"}}],\"inLanguage\":\"fr-FR\"}]}<\/script>\n<!-- \/ Yoast SEO plugin. -->","yoast_head_json":{"title":"M\u00e9canisme de lit superpos\u00e9 pour lit mural - Modamob Smart Furniture","robots":{"index":"index","follow":"follow","max-snippet":"max-snippet:-1","max-image-preview":"max-image-preview:large","max-video-preview":"max-video-preview:-1"},"canonical":"https:\/\/www.modamob.com.tr\/fr\/produit\/mecanisme-de-lit-mural-pour-lit-superpose\/","og_locale":"fr_FR","og_type":"article","og_title":"Ranza Duvar Yata\u011f\u0131 Mekanizmas\u0131 - Modamob Ak\u0131ll\u0131 Mobilya","og_description":"Modamob Ak\u0131ll\u0131 Duvar Yata\u011f\u0131 Sistemleri, Ranza Mekanizmas\u0131 mod\u00fcler mobilya tasar\u0131mlar\u0131 i\u00e7in \u00f6zel olarak geli\u015ftirilmi\u015ftir. \u00c7ocuk odalar\u0131 ve misafir odalar\u0131nda dar alan mobilyalar\u0131 i\u00e7in m\u00fckemmel bir \u00e7\u00f6z\u00fcm sunan bu mekanizma, kullan\u0131lmad\u0131\u011f\u0131nda kolayca katlanarak alanda geni\u015flik sa\u011flar. Sa\u011flam ve g\u00fcvenli yap\u0131s\u0131yla ranza mekanizmalar\u0131 arayan \u00fcreticiler i\u00e7in ideal olan bu sistem, g\u00fcvenlik \u00f6nlemleriyle de dikkat \u00e7eker. Fonksiyonel mobilya \u00fcretiminde farkl\u0131 ihtiya\u00e7lara uygun \u00e7\u00f6z\u00fcmler sunmak isteyen profesyoneller, bu mekanizma ile projelerine de\u011fer katabilir. \u00d6zel \u00f6l\u00e7\u00fc tasar\u0131mlar\u0131n\u0131zla ilgili bizimle ileti\u015fime ge\u00e7ebilirsiniz.  Yatay a\u00e7\u0131lmas\u0131 sayesinde dar yerler i\u00e7in uygundur. Emniyet kemeri sayesinde \u00fcst ranzada yatan i\u00e7in g\u00fcvenlik sorunu yoktur.  Mekanizma ve somya \u00fczerindeki G\u00fcrgen Latalar fiyata dahildir.  Ah\u015fap K\u0131s\u0131mlar Hari\u00e7tir.\u00a0","og_url":"https:\/\/www.modamob.com.tr\/fr\/produit\/mecanisme-de-lit-mural-pour-lit-superpose\/","og_site_name":"Modamob Ak\u0131ll\u0131 Mobilya","article_modified_time":"2026-03-24T14:34:33+00:00","og_image":[{"width":2560,"height":1920,"url":"https:\/\/www.modamob.com.tr\/wp-content\/uploads\/2022\/12\/Mdmb12609--scaled.jpg","type":"image\/jpeg"}],"twitter_card":"summary_large_image","twitter_misc":{"Dur\u00e9e de lecture estim\u00e9e":"1 minute"},"schema":{"@context":"https:\/\/schema.org","@graph":[{"@type":"WebPage","@id":"https:\/\/www.modamob.com.tr\/urun\/ranza-duvar-yatagi-mekanizmasi\/","url":"https:\/\/www.modamob.com.tr\/urun\/ranza-duvar-yatagi-mekanizmasi\/","name":"M\u00e9canisme de lit superpos\u00e9 pour lit mural - Modamob Smart Furniture","isPartOf":{"@id":"https:\/\/www.modamob.com.tr\/#website"},"primaryImageOfPage":{"@id":"https:\/\/www.modamob.com.tr\/urun\/ranza-duvar-yatagi-mekanizmasi\/#primaryimage"},"image":{"@id":"https:\/\/www.modamob.com.tr\/urun\/ranza-duvar-yatagi-mekanizmasi\/#primaryimage"},"thumbnailUrl":"https:\/\/www.modamob.com.tr\/wp-content\/uploads\/2022\/12\/Mdmb12609--scaled.jpg","datePublished":"2022-12-03T06:56:52+00:00","dateModified":"2026-03-24T14:34:33+00:00","breadcrumb":{"@id":"https:\/\/www.modamob.com.tr\/urun\/ranza-duvar-yatagi-mekanizmasi\/#breadcrumb"},"inLanguage":"fr-FR","potentialAction":[{"@type":"ReadAction","target":["https:\/\/www.modamob.com.tr\/urun\/ranza-duvar-yatagi-mekanizmasi\/"]}]},{"@type":"ImageObject","inLanguage":"fr-FR","@id":"https:\/\/www.modamob.com.tr\/urun\/ranza-duvar-yatagi-mekanizmasi\/#primaryimage","url":"https:\/\/www.modamob.com.tr\/wp-content\/uploads\/2022\/12\/Mdmb12609--scaled.jpg","contentUrl":"https:\/\/www.modamob.com.tr\/wp-content\/uploads\/2022\/12\/Mdmb12609--scaled.jpg","width":2560,"height":1920,"caption":"RANZA MASALI DUVAR YATA\u011eI"},{"@type":"BreadcrumbList","@id":"https:\/\/www.modamob.com.tr\/urun\/ranza-duvar-yatagi-mekanizmasi\/#breadcrumb","itemListElement":[{"@type":"ListItem","position":1,"name":"Anasayfa","item":"https:\/\/www.modamob.com.tr\/"},{"@type":"ListItem","position":2,"name":"Ma\u011faza","item":"https:\/\/www.modamob.com.tr\/magaza\/"},{"@type":"ListItem","position":3,"name":"Ranza Duvar Yata\u011f\u0131 Mekanizmas\u0131"}]},{"@type":"WebSite","@id":"https:\/\/www.modamob.com.tr\/#website","url":"https:\/\/www.modamob.com.tr\/","name":"Meubles intelligents Modamob","description":"Mobilier mobile nouvelle g\u00e9n\u00e9ration","potentialAction":[{"@type":"SearchAction","target":{"@type":"EntryPoint","urlTemplate":"https:\/\/www.modamob.com.tr\/?s={search_term_string}"},"query-input":{"@type":"PropertyValueSpecification","valueRequired":true,"valueName":"search_term_string"}}],"inLanguage":"fr-FR"}]}},"_links":{"self":[{"href":"https:\/\/www.modamob.com.tr\/fr\/wp-json\/wp\/v2\/product\/12829","targetHints":{"allow":["GET"]}}],"collection":[{"href":"https:\/\/www.modamob.com.tr\/fr\/wp-json\/wp\/v2\/product"}],"about":[{"href":"https:\/\/www.modamob.com.tr\/fr\/wp-json\/wp\/v2\/types\/product"}],"version-history":[{"count":5,"href":"https:\/\/www.modamob.com.tr\/fr\/wp-json\/wp\/v2\/product\/12829\/revisions"}],"predecessor-version":[{"id":18768,"href":"https:\/\/www.modamob.com.tr\/fr\/wp-json\/wp\/v2\/product\/12829\/revisions\/18768"}],"wp:featuredmedia":[{"embeddable":true,"href":"https:\/\/www.modamob.com.tr\/fr\/wp-json\/wp\/v2\/media\/17008"}],"wp:attachment":[{"href":"https:\/\/www.modamob.com.tr\/fr\/wp-json\/wp\/v2\/media?parent=12829"}],"wp:term":[{"taxonomy":"product_brand","embeddable":true,"href":"https:\/\/www.modamob.com.tr\/fr\/wp-json\/wp\/v2\/product_brand?post=12829"},{"taxonomy":"product_cat","embeddable":true,"href":"https:\/\/www.modamob.com.tr\/fr\/wp-json\/wp\/v2\/product_cat?post=12829"},{"taxonomy":"product_tag","embeddable":true,"href":"https:\/\/www.modamob.com.tr\/fr\/wp-json\/wp\/v2\/product_tag?post=12829"}],"curies":[{"name":"wp","href":"https:\/\/api.w.org\/{rel}","templated":true}]}}