{"id":12785,"date":"2022-12-02T12:59:45","date_gmt":"2022-12-02T12:59:45","guid":{"rendered":"https:\/\/modamob2.myco.site\/?post_type=product&#038;p=12785"},"modified":"2026-03-24T16:21:19","modified_gmt":"2026-03-24T13:21:19","slug":"mecanisme-de-lit-escamotable-vertical-simple","status":"publish","type":"product","link":"https:\/\/www.modamob.com.tr\/fr\/produit\/mecanisme-de-lit-escamotable-vertical-simple\/","title":{"rendered":"M\u00e9canisme de lit mural extensible simple vertical"},"content":{"rendered":"<h1><a href=\"https:\/\/www.modamob.com.tr\/fr\/produit\/tek-kisilik-dikey-acilir-gizli-duvar-yatagi-mekanizmasi\/\">M\u00e9canisme de lit mural extensible simple vertical<\/a><\/h1>\n<h2>D\u00e9tails du produit\u00a0:<\/h2>\n<ul>\n<li><strong>Il est envoy\u00e9 dans toute la Turquie avec livraison gratuite.<\/strong><\/li>\n<li><b>Les m\u00e9canismes sont r\u00e9alis\u00e9s \u00e0 partir de t\u00f4le d\u00e9coup\u00e9e au laser de 5 mm.<\/b><\/li>\n<li><strong>Profils : Fabriqu\u00e9s \u00e0 partir d&#039;un profil\u00e9 en caisson de 30x40x1,5 mm.<\/strong><\/li>\n<li><strong>Les produits sont peints au four en noir mat.<\/strong><\/li>\n<li><strong>Les pi\u00e8ces en bois sont exclues des prix.<\/strong><\/li>\n<li><b>Les m\u00e9canismes sont exp\u00e9di\u00e9s pr\u00e9-assembl\u00e9s.<\/b><\/li>\n<li><strong>Les produits sont envoy\u00e9s dans un emballage en carton.<\/strong><\/li>\n<li><strong>Les sch\u00e9mas d&#039;installation et de montage sont inclus dans l&#039;emballage de la bo\u00eete.<\/strong><\/li>\n<\/ul>\n<p><strong>VOUS POUVEZ DEMANDER LES LISTES DE COUPE DE MEUBLES LI\u00c9ES AU M\u00c9CANISME QUE VOUS AVEZ ACHET\u00c9 AUPR\u00c8S DE NOTRE ENTREPRISE.<\/strong><\/p>","protected":false},"excerpt":{"rendered":"<p>Les syst\u00e8mes de lit escamotable intelligent Modamob se distinguent par un m\u00e9canisme de lit escamotable simple et fonctionnel. D\u00e9velopp\u00e9 pour les fabricants de meubles qui ont besoin d&#039;un lit rabattable escamotable, ce syst\u00e8me s&#039;int\u00e8gre compl\u00e8tement au mur \u00e0 l&#039;ouverture et \u00e0 la fermeture et permet un gain de place. Propos\u00e9 sous forme de m\u00e9canisme de lit simple ou double paroi, ce produit offre une option simple mais efficace pour les architectes, les menuisiers et ceux qui souhaitent concevoir leurs propres meubles pour produire des meubles pour espaces \u00e9troits. La structure robuste et la facilit\u00e9 d&#039;assemblage du m\u00e9canisme contribuent \u00e0 la conception de meubles pratiques.<\/p>\n<p>Ce m\u00e9canisme de lit escamotable est le produit id\u00e9al pour les professionnels qui con\u00e7oivent des espaces de vie modernes et compacts. Il est con\u00e7u pour aider les utilisateurs \u00e0 utiliser leur espace avec une efficacit\u00e9 maximale, en particulier dans les projets n\u00e9cessitant des solutions de mobilier intelligentes.\u00a0<span style=\"color: #993300;\">Vous pouvez nous contacter concernant vos conceptions de tailles sp\u00e9ciales.<\/span><\/p>\n<p><strong>Les lattes en charme sur le m\u00e9canisme et le cadre de lit sont incluses dans le prix.<\/strong><\/p>\n<p><strong>Pi\u00e8ces en bois exclues.<\/strong><\/p>","protected":false},"featured_media":16956,"template":"","meta":{"footnotes":""},"product_brand":[],"product_cat":[207,206],"product_tag":[166,251,252],"class_list":{"0":"post-12785","1":"product","2":"type-product","3":"status-publish","4":"has-post-thumbnail","6":"product_cat-tek-kisilik-somyali-mekanizmalar","7":"product_cat-mekanizmalar","8":"product_tag-tek-kisilik-duvar-yataklari","9":"product_tag-duvar-yatak-mekanizmalari","10":"product_tag-somyali-mekanizma","11":"tm-no-options","13":"first","14":"instock","15":"sale","16":"taxable","17":"shipping-taxable","18":"purchasable","19":"product-type-variable"},"yoast_head":"<!-- This site is optimized with the Yoast SEO plugin v26.8 - https:\/\/yoast.com\/product\/yoast-seo-wordpress\/ -->\n<title>Tek Ki\u015filik Dikey A\u00e7\u0131l\u0131r Duvar Yata\u011f\u0131 Mekanizmas\u0131 - Modamob Ak\u0131ll\u0131 Mobilya<\/title>\n<meta name=\"robots\" content=\"index, follow, max-snippet:-1, max-image-preview:large, max-video-preview:-1\" \/>\n<link rel=\"canonical\" href=\"https:\/\/www.modamob.com.tr\/fr\/produit\/mecanisme-de-lit-escamotable-vertical-simple\/\" \/>\n<meta property=\"og:locale\" content=\"fr_FR\" \/>\n<meta property=\"og:type\" content=\"article\" \/>\n<meta property=\"og:title\" content=\"Tek Ki\u015filik Dikey A\u00e7\u0131l\u0131r Duvar Yata\u011f\u0131 Mekanizmas\u0131 - Modamob Ak\u0131ll\u0131 Mobilya\" \/>\n<meta property=\"og:description\" content=\"Modamob Ak\u0131ll\u0131 Duvar Yata\u011f\u0131 Sistemleri, yal\u0131n ve i\u015flevsel bir duvar yata\u011f\u0131 mekanizmas\u0131 olarak \u00f6ne \u00e7\u0131k\u0131yor. Duvara katlanabilir yatak ihtiyac\u0131 olan mobilya \u00fcreticileri i\u00e7in geli\u015ftirilen bu sistem, a\u00e7\u0131l\u0131p kapand\u0131\u011f\u0131nda tamamen duvarla b\u00fct\u00fcnle\u015fir ve alandan tasarruf sa\u011flar. Tek veya \u00e7ift ki\u015filik duvar yata\u011f\u0131 mekanizmas\u0131 olarak sunulan bu \u00fcr\u00fcn, dar alan mobilyalar\u0131 \u00fcretmek mimarlar, marangozlar ve kendi mobilyas\u0131n\u0131 tasarlamak isteyenler i\u00e7in sade ama etkili bir se\u00e7enek sunar. Mekanizman\u0131n sa\u011flam yap\u0131s\u0131 ve kolay montaj \u00f6zelli\u011fi, pratik mobilya tasar\u0131mlar\u0131na katk\u0131 sa\u011flar.  Bu duvar yata\u011f\u0131 mekanizmas\u0131, modern ve kompakt ya\u015fam alanlar\u0131 tasarlayan profesyoneller i\u00e7in ideal bir \u00fcr\u00fcnd\u00fcr. \u00d6zellikle ak\u0131ll\u0131 mobilya \u00e7\u00f6z\u00fcmlerine ihtiya\u00e7 duyan projelerde, kullan\u0131c\u0131lar\u0131n alan\u0131n\u0131 maksimum verimlilikle de\u011ferlendirmelerine yard\u0131mc\u0131 olacak \u015fekilde tasarlanm\u0131\u015ft\u0131r.\u00a0\u00d6zel \u00f6l\u00e7\u00fc tasar\u0131mlar\u0131n\u0131zla ilgili bizimle ileti\u015fime ge\u00e7ebilirsiniz.  Mekanizma ve somya \u00fczerindeki G\u00fcrgen Latalar fiyata dahildir.  Ah\u015fap K\u0131s\u0131mlar Hari\u00e7tir.\" \/>\n<meta property=\"og:url\" content=\"https:\/\/www.modamob.com.tr\/fr\/produit\/mecanisme-de-lit-escamotable-vertical-simple\/\" \/>\n<meta property=\"og:site_name\" content=\"Modamob Ak\u0131ll\u0131 Mobilya\" \/>\n<meta property=\"article:modified_time\" content=\"2026-03-24T13:21:19+00:00\" \/>\n<meta property=\"og:image\" content=\"https:\/\/www.modamob.com.tr\/wp-content\/uploads\/2022\/12\/Mdmb12665--scaled.jpg\" \/>\n\t<meta property=\"og:image:width\" content=\"2560\" \/>\n\t<meta property=\"og:image:height\" content=\"1920\" \/>\n\t<meta property=\"og:image:type\" content=\"image\/jpeg\" \/>\n<meta name=\"twitter:card\" content=\"summary_large_image\" \/>\n<meta name=\"twitter:label1\" content=\"Dur\u00e9e de lecture estim\u00e9e\" \/>\n\t<meta name=\"twitter:data1\" content=\"1 minute\" \/>\n<script type=\"application\/ld+json\" class=\"yoast-schema-graph\">{\"@context\":\"https:\/\/schema.org\",\"@graph\":[{\"@type\":\"WebPage\",\"@id\":\"https:\/\/www.modamob.com.tr\/urun\/tek-kisilik-dikey-acilir-duvar-yatagi-mekanizmasi\/\",\"url\":\"https:\/\/www.modamob.com.tr\/urun\/tek-kisilik-dikey-acilir-duvar-yatagi-mekanizmasi\/\",\"name\":\"Tek Ki\u015filik Dikey A\u00e7\u0131l\u0131r Duvar Yata\u011f\u0131 Mekanizmas\u0131 - Modamob Ak\u0131ll\u0131 Mobilya\",\"isPartOf\":{\"@id\":\"https:\/\/www.modamob.com.tr\/#website\"},\"primaryImageOfPage\":{\"@id\":\"https:\/\/www.modamob.com.tr\/urun\/tek-kisilik-dikey-acilir-duvar-yatagi-mekanizmasi\/#primaryimage\"},\"image\":{\"@id\":\"https:\/\/www.modamob.com.tr\/urun\/tek-kisilik-dikey-acilir-duvar-yatagi-mekanizmasi\/#primaryimage\"},\"thumbnailUrl\":\"https:\/\/www.modamob.com.tr\/wp-content\/uploads\/2022\/12\/Mdmb12665--scaled.jpg\",\"datePublished\":\"2022-12-02T12:59:45+00:00\",\"dateModified\":\"2026-03-24T13:21:19+00:00\",\"breadcrumb\":{\"@id\":\"https:\/\/www.modamob.com.tr\/urun\/tek-kisilik-dikey-acilir-duvar-yatagi-mekanizmasi\/#breadcrumb\"},\"inLanguage\":\"fr-FR\",\"potentialAction\":[{\"@type\":\"ReadAction\",\"target\":[\"https:\/\/www.modamob.com.tr\/urun\/tek-kisilik-dikey-acilir-duvar-yatagi-mekanizmasi\/\"]}]},{\"@type\":\"ImageObject\",\"inLanguage\":\"fr-FR\",\"@id\":\"https:\/\/www.modamob.com.tr\/urun\/tek-kisilik-dikey-acilir-duvar-yatagi-mekanizmasi\/#primaryimage\",\"url\":\"https:\/\/www.modamob.com.tr\/wp-content\/uploads\/2022\/12\/Mdmb12665--scaled.jpg\",\"contentUrl\":\"https:\/\/www.modamob.com.tr\/wp-content\/uploads\/2022\/12\/Mdmb12665--scaled.jpg\",\"width\":2560,\"height\":1920,\"caption\":\"Tek Ki\u015filik Dikey A\u00e7\u0131l\u0131r Duvar Yata\u011f\u0131 Mekanizmas\u0131\"},{\"@type\":\"BreadcrumbList\",\"@id\":\"https:\/\/www.modamob.com.tr\/urun\/tek-kisilik-dikey-acilir-duvar-yatagi-mekanizmasi\/#breadcrumb\",\"itemListElement\":[{\"@type\":\"ListItem\",\"position\":1,\"name\":\"Anasayfa\",\"item\":\"https:\/\/www.modamob.com.tr\/\"},{\"@type\":\"ListItem\",\"position\":2,\"name\":\"Ma\u011faza\",\"item\":\"https:\/\/www.modamob.com.tr\/magaza\/\"},{\"@type\":\"ListItem\",\"position\":3,\"name\":\"Tek Ki\u015filik Dikey A\u00e7\u0131l\u0131r Duvar Yata\u011f\u0131 Mekanizmas\u0131\"}]},{\"@type\":\"WebSite\",\"@id\":\"https:\/\/www.modamob.com.tr\/#website\",\"url\":\"https:\/\/www.modamob.com.tr\/\",\"name\":\"Modamob Ak\u0131ll\u0131 Mobilya\",\"description\":\"Yeni Nesil Hareketli Mobilyalar\",\"potentialAction\":[{\"@type\":\"SearchAction\",\"target\":{\"@type\":\"EntryPoint\",\"urlTemplate\":\"https:\/\/www.modamob.com.tr\/?s={search_term_string}\"},\"query-input\":{\"@type\":\"PropertyValueSpecification\",\"valueRequired\":true,\"valueName\":\"search_term_string\"}}],\"inLanguage\":\"fr-FR\"}]}<\/script>\n<!-- \/ Yoast SEO plugin. -->","yoast_head_json":{"title":"M\u00e9canisme de lit escamotable vertical simple extensible - Modamob Smart Furniture","robots":{"index":"index","follow":"follow","max-snippet":"max-snippet:-1","max-image-preview":"max-image-preview:large","max-video-preview":"max-video-preview:-1"},"canonical":"https:\/\/www.modamob.com.tr\/fr\/produit\/mecanisme-de-lit-escamotable-vertical-simple\/","og_locale":"fr_FR","og_type":"article","og_title":"Tek Ki\u015filik Dikey A\u00e7\u0131l\u0131r Duvar Yata\u011f\u0131 Mekanizmas\u0131 - Modamob Ak\u0131ll\u0131 Mobilya","og_description":"Modamob Ak\u0131ll\u0131 Duvar Yata\u011f\u0131 Sistemleri, yal\u0131n ve i\u015flevsel bir duvar yata\u011f\u0131 mekanizmas\u0131 olarak \u00f6ne \u00e7\u0131k\u0131yor. Duvara katlanabilir yatak ihtiyac\u0131 olan mobilya \u00fcreticileri i\u00e7in geli\u015ftirilen bu sistem, a\u00e7\u0131l\u0131p kapand\u0131\u011f\u0131nda tamamen duvarla b\u00fct\u00fcnle\u015fir ve alandan tasarruf sa\u011flar. Tek veya \u00e7ift ki\u015filik duvar yata\u011f\u0131 mekanizmas\u0131 olarak sunulan bu \u00fcr\u00fcn, dar alan mobilyalar\u0131 \u00fcretmek mimarlar, marangozlar ve kendi mobilyas\u0131n\u0131 tasarlamak isteyenler i\u00e7in sade ama etkili bir se\u00e7enek sunar. Mekanizman\u0131n sa\u011flam yap\u0131s\u0131 ve kolay montaj \u00f6zelli\u011fi, pratik mobilya tasar\u0131mlar\u0131na katk\u0131 sa\u011flar.  Bu duvar yata\u011f\u0131 mekanizmas\u0131, modern ve kompakt ya\u015fam alanlar\u0131 tasarlayan profesyoneller i\u00e7in ideal bir \u00fcr\u00fcnd\u00fcr. \u00d6zellikle ak\u0131ll\u0131 mobilya \u00e7\u00f6z\u00fcmlerine ihtiya\u00e7 duyan projelerde, kullan\u0131c\u0131lar\u0131n alan\u0131n\u0131 maksimum verimlilikle de\u011ferlendirmelerine yard\u0131mc\u0131 olacak \u015fekilde tasarlanm\u0131\u015ft\u0131r.\u00a0\u00d6zel \u00f6l\u00e7\u00fc tasar\u0131mlar\u0131n\u0131zla ilgili bizimle ileti\u015fime ge\u00e7ebilirsiniz.  Mekanizma ve somya \u00fczerindeki G\u00fcrgen Latalar fiyata dahildir.  Ah\u015fap K\u0131s\u0131mlar Hari\u00e7tir.","og_url":"https:\/\/www.modamob.com.tr\/fr\/produit\/mecanisme-de-lit-escamotable-vertical-simple\/","og_site_name":"Modamob Ak\u0131ll\u0131 Mobilya","article_modified_time":"2026-03-24T13:21:19+00:00","og_image":[{"width":2560,"height":1920,"url":"https:\/\/www.modamob.com.tr\/wp-content\/uploads\/2022\/12\/Mdmb12665--scaled.jpg","type":"image\/jpeg"}],"twitter_card":"summary_large_image","twitter_misc":{"Dur\u00e9e de lecture estim\u00e9e":"1 minute"},"schema":{"@context":"https:\/\/schema.org","@graph":[{"@type":"WebPage","@id":"https:\/\/www.modamob.com.tr\/urun\/tek-kisilik-dikey-acilir-duvar-yatagi-mekanizmasi\/","url":"https:\/\/www.modamob.com.tr\/urun\/tek-kisilik-dikey-acilir-duvar-yatagi-mekanizmasi\/","name":"M\u00e9canisme de lit escamotable vertical simple extensible - Modamob Smart Furniture","isPartOf":{"@id":"https:\/\/www.modamob.com.tr\/#website"},"primaryImageOfPage":{"@id":"https:\/\/www.modamob.com.tr\/urun\/tek-kisilik-dikey-acilir-duvar-yatagi-mekanizmasi\/#primaryimage"},"image":{"@id":"https:\/\/www.modamob.com.tr\/urun\/tek-kisilik-dikey-acilir-duvar-yatagi-mekanizmasi\/#primaryimage"},"thumbnailUrl":"https:\/\/www.modamob.com.tr\/wp-content\/uploads\/2022\/12\/Mdmb12665--scaled.jpg","datePublished":"2022-12-02T12:59:45+00:00","dateModified":"2026-03-24T13:21:19+00:00","breadcrumb":{"@id":"https:\/\/www.modamob.com.tr\/urun\/tek-kisilik-dikey-acilir-duvar-yatagi-mekanizmasi\/#breadcrumb"},"inLanguage":"fr-FR","potentialAction":[{"@type":"ReadAction","target":["https:\/\/www.modamob.com.tr\/urun\/tek-kisilik-dikey-acilir-duvar-yatagi-mekanizmasi\/"]}]},{"@type":"ImageObject","inLanguage":"fr-FR","@id":"https:\/\/www.modamob.com.tr\/urun\/tek-kisilik-dikey-acilir-duvar-yatagi-mekanizmasi\/#primaryimage","url":"https:\/\/www.modamob.com.tr\/wp-content\/uploads\/2022\/12\/Mdmb12665--scaled.jpg","contentUrl":"https:\/\/www.modamob.com.tr\/wp-content\/uploads\/2022\/12\/Mdmb12665--scaled.jpg","width":2560,"height":1920,"caption":"Tek Ki\u015filik Dikey A\u00e7\u0131l\u0131r Duvar Yata\u011f\u0131 Mekanizmas\u0131"},{"@type":"BreadcrumbList","@id":"https:\/\/www.modamob.com.tr\/urun\/tek-kisilik-dikey-acilir-duvar-yatagi-mekanizmasi\/#breadcrumb","itemListElement":[{"@type":"ListItem","position":1,"name":"Anasayfa","item":"https:\/\/www.modamob.com.tr\/"},{"@type":"ListItem","position":2,"name":"Ma\u011faza","item":"https:\/\/www.modamob.com.tr\/magaza\/"},{"@type":"ListItem","position":3,"name":"Tek Ki\u015filik Dikey A\u00e7\u0131l\u0131r Duvar Yata\u011f\u0131 Mekanizmas\u0131"}]},{"@type":"WebSite","@id":"https:\/\/www.modamob.com.tr\/#website","url":"https:\/\/www.modamob.com.tr\/","name":"Meubles intelligents Modamob","description":"Mobilier mobile nouvelle g\u00e9n\u00e9ration","potentialAction":[{"@type":"SearchAction","target":{"@type":"EntryPoint","urlTemplate":"https:\/\/www.modamob.com.tr\/?s={search_term_string}"},"query-input":{"@type":"PropertyValueSpecification","valueRequired":true,"valueName":"search_term_string"}}],"inLanguage":"fr-FR"}]}},"_links":{"self":[{"href":"https:\/\/www.modamob.com.tr\/fr\/wp-json\/wp\/v2\/product\/12785","targetHints":{"allow":["GET"]}}],"collection":[{"href":"https:\/\/www.modamob.com.tr\/fr\/wp-json\/wp\/v2\/product"}],"about":[{"href":"https:\/\/www.modamob.com.tr\/fr\/wp-json\/wp\/v2\/types\/product"}],"version-history":[{"count":5,"href":"https:\/\/www.modamob.com.tr\/fr\/wp-json\/wp\/v2\/product\/12785\/revisions"}],"predecessor-version":[{"id":18766,"href":"https:\/\/www.modamob.com.tr\/fr\/wp-json\/wp\/v2\/product\/12785\/revisions\/18766"}],"wp:featuredmedia":[{"embeddable":true,"href":"https:\/\/www.modamob.com.tr\/fr\/wp-json\/wp\/v2\/media\/16956"}],"wp:attachment":[{"href":"https:\/\/www.modamob.com.tr\/fr\/wp-json\/wp\/v2\/media?parent=12785"}],"wp:term":[{"taxonomy":"product_brand","embeddable":true,"href":"https:\/\/www.modamob.com.tr\/fr\/wp-json\/wp\/v2\/product_brand?post=12785"},{"taxonomy":"product_cat","embeddable":true,"href":"https:\/\/www.modamob.com.tr\/fr\/wp-json\/wp\/v2\/product_cat?post=12785"},{"taxonomy":"product_tag","embeddable":true,"href":"https:\/\/www.modamob.com.tr\/fr\/wp-json\/wp\/v2\/product_tag?post=12785"}],"curies":[{"name":"wp","href":"https:\/\/api.w.org\/{rel}","templated":true}]}}