{"id":10996,"date":"2022-10-29T11:33:20","date_gmt":"2022-10-29T11:33:20","guid":{"rendered":"https:\/\/modamob2.myco.site\/?post_type=product&#038;p=10996"},"modified":"2026-03-24T17:22:54","modified_gmt":"2026-03-24T14:22:54","slug":"lucca-lit-superpose-simple-armoire-de-lit-murale-cachee","status":"publish","type":"product","link":"https:\/\/www.modamob.com.tr\/fr\/produit\/lucca-lit-superpose-simple-armoire-de-lit-murale-cachee\/","title":{"rendered":"Armoire de lit murale cach\u00e9e avec lit superpos\u00e9 LUCCA"},"content":{"rendered":"<p>-Mobilyalar\u0131m\u0131z Metal \u00c7er\u00e7eveli olarak \u00fcretilmektedir.<br \/>\n-Metal \u00c7er\u00e7evelerimiz Ya\u015fam boyu Garantilidir<br \/>\n-\u00dcr\u00fcnlerimiz demonte olarak g\u00f6nderilmektedir.<br \/>\n-Paket i\u00e7erisinde montaj \u015femas\u0131 bulunmaktad\u0131r.<br \/>\n-Ah\u015fap k\u0131s\u0131mlar ve amartis\u00f6rler 3 y\u0131l garantilidir.<br \/>\n-Yatak fiyata dahil de\u011fildir.<br \/>\n-Mevcutta yata\u011f\u0131n\u0131z varsa 18 cm den kal\u0131n ise bize bildiriniz.<\/p>","protected":false},"excerpt":{"rendered":"<p>Il est con\u00e7u pour gagner de la place dans les espaces \u00e9troits et rafra\u00eechir votre pi\u00e8ce. Il n&#039;est pas n\u00e9cessaire de collecter des objets dessus lorsqu&#039;il est ferm\u00e9 et hors d&#039;usage.<\/p>","protected":false},"featured_media":17906,"template":"","meta":{"footnotes":""},"product_brand":[],"product_cat":[158],"product_tag":[],"class_list":{"0":"post-10996","1":"product","2":"type-product","3":"status-publish","4":"has-post-thumbnail","6":"product_cat-ranzalar","7":"tm-no-options","9":"first","10":"instock","11":"sale","12":"taxable","13":"shipping-taxable","14":"purchasable","15":"product-type-variable"},"yoast_head":"<!-- This site is optimized with the Yoast SEO plugin v26.8 - https:\/\/yoast.com\/product\/yoast-seo-wordpress\/ -->\n<title>LUCCA Ranza Gizli Duvar Yata\u011f\u0131 Dolab\u0131 - Modamob Ak\u0131ll\u0131 Mobilya<\/title>\n<meta name=\"robots\" content=\"index, follow, max-snippet:-1, max-image-preview:large, max-video-preview:-1\" \/>\n<link rel=\"canonical\" href=\"https:\/\/www.modamob.com.tr\/fr\/produit\/lucca-lit-superpose-simple-armoire-de-lit-murale-cachee\/\" \/>\n<meta property=\"og:locale\" content=\"fr_FR\" \/>\n<meta property=\"og:type\" content=\"article\" \/>\n<meta property=\"og:title\" content=\"LUCCA Ranza Gizli Duvar Yata\u011f\u0131 Dolab\u0131 - Modamob Ak\u0131ll\u0131 Mobilya\" \/>\n<meta property=\"og:description\" content=\"Dar alanlarda yerden tasarruf yapabilece\u011finiz odan\u0131z\u0131 ferahlatacak \u015fekilde tasarlanm\u0131\u015ft\u0131r. Kullan\u0131m d\u0131\u015f\u0131nda&#039; da kapat\u0131ld\u0131\u011f\u0131nda \u00fczerindeki nesneleri toplamak gerekmez.\" \/>\n<meta property=\"og:url\" content=\"https:\/\/www.modamob.com.tr\/fr\/produit\/lucca-lit-superpose-simple-armoire-de-lit-murale-cachee\/\" \/>\n<meta property=\"og:site_name\" content=\"Modamob Ak\u0131ll\u0131 Mobilya\" \/>\n<meta property=\"article:modified_time\" content=\"2026-03-24T14:22:54+00:00\" \/>\n<meta property=\"og:image\" content=\"https:\/\/www.modamob.com.tr\/wp-content\/uploads\/2022\/10\/Mdmb0125922-copy-1.jpg\" \/>\n\t<meta property=\"og:image:width\" content=\"1000\" \/>\n\t<meta property=\"og:image:height\" content=\"1000\" \/>\n\t<meta property=\"og:image:type\" content=\"image\/jpeg\" \/>\n<meta name=\"twitter:card\" content=\"summary_large_image\" \/>\n<meta name=\"twitter:label1\" content=\"Dur\u00e9e de lecture estim\u00e9e\" \/>\n\t<meta name=\"twitter:data1\" content=\"1 minute\" \/>\n<script type=\"application\/ld+json\" class=\"yoast-schema-graph\">{\"@context\":\"https:\/\/schema.org\",\"@graph\":[{\"@type\":\"WebPage\",\"@id\":\"https:\/\/www.modamob.com.tr\/urun\/lucca-tek-kisilik-ranza-gizli-duvar-yatagi-dolabi\/\",\"url\":\"https:\/\/www.modamob.com.tr\/urun\/lucca-tek-kisilik-ranza-gizli-duvar-yatagi-dolabi\/\",\"name\":\"LUCCA Ranza Gizli Duvar Yata\u011f\u0131 Dolab\u0131 - Modamob Ak\u0131ll\u0131 Mobilya\",\"isPartOf\":{\"@id\":\"https:\/\/www.modamob.com.tr\/#website\"},\"primaryImageOfPage\":{\"@id\":\"https:\/\/www.modamob.com.tr\/urun\/lucca-tek-kisilik-ranza-gizli-duvar-yatagi-dolabi\/#primaryimage\"},\"image\":{\"@id\":\"https:\/\/www.modamob.com.tr\/urun\/lucca-tek-kisilik-ranza-gizli-duvar-yatagi-dolabi\/#primaryimage\"},\"thumbnailUrl\":\"https:\/\/www.modamob.com.tr\/wp-content\/uploads\/2022\/10\/Mdmb0125922-copy-1.jpg\",\"datePublished\":\"2022-10-29T11:33:20+00:00\",\"dateModified\":\"2026-03-24T14:22:54+00:00\",\"breadcrumb\":{\"@id\":\"https:\/\/www.modamob.com.tr\/urun\/lucca-tek-kisilik-ranza-gizli-duvar-yatagi-dolabi\/#breadcrumb\"},\"inLanguage\":\"fr-FR\",\"potentialAction\":[{\"@type\":\"ReadAction\",\"target\":[\"https:\/\/www.modamob.com.tr\/urun\/lucca-tek-kisilik-ranza-gizli-duvar-yatagi-dolabi\/\"]}]},{\"@type\":\"ImageObject\",\"inLanguage\":\"fr-FR\",\"@id\":\"https:\/\/www.modamob.com.tr\/urun\/lucca-tek-kisilik-ranza-gizli-duvar-yatagi-dolabi\/#primaryimage\",\"url\":\"https:\/\/www.modamob.com.tr\/wp-content\/uploads\/2022\/10\/Mdmb0125922-copy-1.jpg\",\"contentUrl\":\"https:\/\/www.modamob.com.tr\/wp-content\/uploads\/2022\/10\/Mdmb0125922-copy-1.jpg\",\"width\":1000,\"height\":1000,\"caption\":\"LUCCA Ranza Gizli Duvar Yata\u011f\u0131 Dolab\u0131\"},{\"@type\":\"BreadcrumbList\",\"@id\":\"https:\/\/www.modamob.com.tr\/urun\/lucca-tek-kisilik-ranza-gizli-duvar-yatagi-dolabi\/#breadcrumb\",\"itemListElement\":[{\"@type\":\"ListItem\",\"position\":1,\"name\":\"Anasayfa\",\"item\":\"https:\/\/www.modamob.com.tr\/\"},{\"@type\":\"ListItem\",\"position\":2,\"name\":\"Ma\u011faza\",\"item\":\"https:\/\/www.modamob.com.tr\/magaza\/\"},{\"@type\":\"ListItem\",\"position\":3,\"name\":\"LUCCA Ranza Gizli Duvar Yata\u011f\u0131 Dolab\u0131\"}]},{\"@type\":\"WebSite\",\"@id\":\"https:\/\/www.modamob.com.tr\/#website\",\"url\":\"https:\/\/www.modamob.com.tr\/\",\"name\":\"Modamob Ak\u0131ll\u0131 Mobilya\",\"description\":\"Yeni Nesil Hareketli Mobilyalar\",\"potentialAction\":[{\"@type\":\"SearchAction\",\"target\":{\"@type\":\"EntryPoint\",\"urlTemplate\":\"https:\/\/www.modamob.com.tr\/?s={search_term_string}\"},\"query-input\":{\"@type\":\"PropertyValueSpecification\",\"valueRequired\":true,\"valueName\":\"search_term_string\"}}],\"inLanguage\":\"fr-FR\"}]}<\/script>\n<!-- \/ Yoast SEO plugin. -->","yoast_head_json":{"title":"Armoire de lit murale cach\u00e9e avec lit superpos\u00e9 LUCCA - Modamob Smart Furniture","robots":{"index":"index","follow":"follow","max-snippet":"max-snippet:-1","max-image-preview":"max-image-preview:large","max-video-preview":"max-video-preview:-1"},"canonical":"https:\/\/www.modamob.com.tr\/fr\/produit\/lucca-lit-superpose-simple-armoire-de-lit-murale-cachee\/","og_locale":"fr_FR","og_type":"article","og_title":"LUCCA Ranza Gizli Duvar Yata\u011f\u0131 Dolab\u0131 - Modamob Ak\u0131ll\u0131 Mobilya","og_description":"Dar alanlarda yerden tasarruf yapabilece\u011finiz odan\u0131z\u0131 ferahlatacak \u015fekilde tasarlanm\u0131\u015ft\u0131r. Kullan\u0131m d\u0131\u015f\u0131nda' da kapat\u0131ld\u0131\u011f\u0131nda \u00fczerindeki nesneleri toplamak gerekmez.","og_url":"https:\/\/www.modamob.com.tr\/fr\/produit\/lucca-lit-superpose-simple-armoire-de-lit-murale-cachee\/","og_site_name":"Modamob Ak\u0131ll\u0131 Mobilya","article_modified_time":"2026-03-24T14:22:54+00:00","og_image":[{"width":1000,"height":1000,"url":"https:\/\/www.modamob.com.tr\/wp-content\/uploads\/2022\/10\/Mdmb0125922-copy-1.jpg","type":"image\/jpeg"}],"twitter_card":"summary_large_image","twitter_misc":{"Dur\u00e9e de lecture estim\u00e9e":"1 minute"},"schema":{"@context":"https:\/\/schema.org","@graph":[{"@type":"WebPage","@id":"https:\/\/www.modamob.com.tr\/urun\/lucca-tek-kisilik-ranza-gizli-duvar-yatagi-dolabi\/","url":"https:\/\/www.modamob.com.tr\/urun\/lucca-tek-kisilik-ranza-gizli-duvar-yatagi-dolabi\/","name":"Armoire de lit murale cach\u00e9e avec lit superpos\u00e9 LUCCA - Modamob Smart Furniture","isPartOf":{"@id":"https:\/\/www.modamob.com.tr\/#website"},"primaryImageOfPage":{"@id":"https:\/\/www.modamob.com.tr\/urun\/lucca-tek-kisilik-ranza-gizli-duvar-yatagi-dolabi\/#primaryimage"},"image":{"@id":"https:\/\/www.modamob.com.tr\/urun\/lucca-tek-kisilik-ranza-gizli-duvar-yatagi-dolabi\/#primaryimage"},"thumbnailUrl":"https:\/\/www.modamob.com.tr\/wp-content\/uploads\/2022\/10\/Mdmb0125922-copy-1.jpg","datePublished":"2022-10-29T11:33:20+00:00","dateModified":"2026-03-24T14:22:54+00:00","breadcrumb":{"@id":"https:\/\/www.modamob.com.tr\/urun\/lucca-tek-kisilik-ranza-gizli-duvar-yatagi-dolabi\/#breadcrumb"},"inLanguage":"fr-FR","potentialAction":[{"@type":"ReadAction","target":["https:\/\/www.modamob.com.tr\/urun\/lucca-tek-kisilik-ranza-gizli-duvar-yatagi-dolabi\/"]}]},{"@type":"ImageObject","inLanguage":"fr-FR","@id":"https:\/\/www.modamob.com.tr\/urun\/lucca-tek-kisilik-ranza-gizli-duvar-yatagi-dolabi\/#primaryimage","url":"https:\/\/www.modamob.com.tr\/wp-content\/uploads\/2022\/10\/Mdmb0125922-copy-1.jpg","contentUrl":"https:\/\/www.modamob.com.tr\/wp-content\/uploads\/2022\/10\/Mdmb0125922-copy-1.jpg","width":1000,"height":1000,"caption":"LUCCA Ranza Gizli Duvar Yata\u011f\u0131 Dolab\u0131"},{"@type":"BreadcrumbList","@id":"https:\/\/www.modamob.com.tr\/urun\/lucca-tek-kisilik-ranza-gizli-duvar-yatagi-dolabi\/#breadcrumb","itemListElement":[{"@type":"ListItem","position":1,"name":"Anasayfa","item":"https:\/\/www.modamob.com.tr\/"},{"@type":"ListItem","position":2,"name":"Ma\u011faza","item":"https:\/\/www.modamob.com.tr\/magaza\/"},{"@type":"ListItem","position":3,"name":"LUCCA Ranza Gizli Duvar Yata\u011f\u0131 Dolab\u0131"}]},{"@type":"WebSite","@id":"https:\/\/www.modamob.com.tr\/#website","url":"https:\/\/www.modamob.com.tr\/","name":"Meubles intelligents Modamob","description":"Mobilier mobile nouvelle g\u00e9n\u00e9ration","potentialAction":[{"@type":"SearchAction","target":{"@type":"EntryPoint","urlTemplate":"https:\/\/www.modamob.com.tr\/?s={search_term_string}"},"query-input":{"@type":"PropertyValueSpecification","valueRequired":true,"valueName":"search_term_string"}}],"inLanguage":"fr-FR"}]}},"_links":{"self":[{"href":"https:\/\/www.modamob.com.tr\/fr\/wp-json\/wp\/v2\/product\/10996","targetHints":{"allow":["GET"]}}],"collection":[{"href":"https:\/\/www.modamob.com.tr\/fr\/wp-json\/wp\/v2\/product"}],"about":[{"href":"https:\/\/www.modamob.com.tr\/fr\/wp-json\/wp\/v2\/types\/product"}],"version-history":[{"count":5,"href":"https:\/\/www.modamob.com.tr\/fr\/wp-json\/wp\/v2\/product\/10996\/revisions"}],"predecessor-version":[{"id":18789,"href":"https:\/\/www.modamob.com.tr\/fr\/wp-json\/wp\/v2\/product\/10996\/revisions\/18789"}],"wp:featuredmedia":[{"embeddable":true,"href":"https:\/\/www.modamob.com.tr\/fr\/wp-json\/wp\/v2\/media\/17906"}],"wp:attachment":[{"href":"https:\/\/www.modamob.com.tr\/fr\/wp-json\/wp\/v2\/media?parent=10996"}],"wp:term":[{"taxonomy":"product_brand","embeddable":true,"href":"https:\/\/www.modamob.com.tr\/fr\/wp-json\/wp\/v2\/product_brand?post=10996"},{"taxonomy":"product_cat","embeddable":true,"href":"https:\/\/www.modamob.com.tr\/fr\/wp-json\/wp\/v2\/product_cat?post=10996"},{"taxonomy":"product_tag","embeddable":true,"href":"https:\/\/www.modamob.com.tr\/fr\/wp-json\/wp\/v2\/product_tag?post=10996"}],"curies":[{"name":"wp","href":"https:\/\/api.w.org\/{rel}","templated":true}]}}