{"id":11287,"date":"2022-11-03T10:47:10","date_gmt":"2022-11-03T10:47:10","guid":{"rendered":"https:\/\/modamob2.myco.site\/?page_id=11287"},"modified":"2023-08-19T15:31:08","modified_gmt":"2023-08-19T12:31:08","slug":"paiement-et-livraison","status":"publish","type":"page","link":"https:\/\/www.modamob.com.tr\/fr\/paiement-et-livraison\/","title":{"rendered":"Paiement et livraison"},"content":{"rendered":"<p>Paiement et livraison<\/p>\n\n\n\n<p>1) Par virement bancaire ou EFT (transfert \u00e9lectronique de fonds)<\/p>\n\n\n\n<p>Vous pouvez effectuer des paiements sur l&#039;un de nos comptes bancaires Akbank, Finasbank, Garanti Bank, T.\u0130\u015f Bank et Yap\u0131 Kredi (TL).<\/p>\n\n\n\n<p>2) Avec vos cartes bancaires via notre site<\/p>\n\n\n\n<p>Vous pouvez b\u00e9n\u00e9ficier de nos opportunit\u00e9s de paiement unique en ligne ou de versement en ligne d&#039;Akbank pour n&#039;importe quelle carte de cr\u00e9dit. Pour les paiements en ligne, le montant sera d\u00e9bit\u00e9 de votre carte bancaire \u00e0 la fin de votre commande. En cas d&#039;annulation de commande due \u00e0 une \u00e9ventuelle annulation de commande ou \u00e0 des probl\u00e8mes de stock, le remboursement sera effectu\u00e9 sur votre carte bancaire dans un d\u00e9lai de 3 jours ouvr\u00e9s.<\/p>\n\n\n\n<p>3) Remboursement du prix de la commande&nbsp;<\/p>\n\n\n\n<p>Dans le cas o\u00f9 vos commandes sont annul\u00e9es pour des raisons possibles\u00a0; MODAMOB MACHINE ET ACCESSOIRES MOBILYA SANAY\u0130 T\u0130CARET L\u0130M\u0130TED \u015e\u0130RKET\u0130 remboursera le prix du produit sur votre compte et\/ou votre carte de cr\u00e9dit dans les trois jours ouvrables. Cependant, vous devez fournir de mani\u00e8re exacte et compl\u00e8te vos informations de compte bancaire et\/ou de carte de cr\u00e9dit aux autorit\u00e9s financi\u00e8res de notre soci\u00e9t\u00e9.&nbsp;<\/p>\n\n\n\n<p>4) Livraison&nbsp;<\/p>\n\n\n\n<p>Nous nous effor\u00e7ons de livrer les produits que vous avez command\u00e9s le jour m\u00eame. Pour les produits dont la fourniture ou la production prend du temps, le d\u00e9lai de livraison du fret est celui indiqu\u00e9 dans les d\u00e9tails du produit. Vous serez inform\u00e9 en cas d&#039;un \u00e9ventuel retard de livraison.&nbsp;<\/p>\n\n\n\n<p>Afin que la livraison du produit s&#039;effectue sans aucune interruption, veuillez indiquer l&#039;adresse de votre localisation dans la journ\u00e9e comme adresse de livraison.&nbsp;<\/p>\n\n\n\n<p>Vos demandes seront trait\u00e9es selon le type de livraison que vous aurez pr\u00e9cis\u00e9 en fin de commande. Les produits de notre soci\u00e9t\u00e9 bas\u00e9e \u00e0 Bursa seront envoy\u00e9s par une soci\u00e9t\u00e9 de fret sous contrat. Une fois vos commandes approuv\u00e9es, elles seront livr\u00e9es \u00e0 la soci\u00e9t\u00e9 Cargo au plus tard dans un d\u00e9lai de 2 (deux) jours ouvr\u00e9s pour le M\u00e9canisme.\u00a0<\/p>\n\n\n\n<p>Vous pouvez nous contacter concernant l&#039;\u00e9tat des stocks et le processus de production des meubles.<\/p>\n\n\n\n<p>Vous pouvez discuter de diff\u00e9rentes conditions de livraison en consultant notre repr\u00e9sentant client. De plus, les livraisons de fret ne sont valables que pour la Turquie.<\/p>\n\n\n\n<p>Nos produits sont exp\u00e9di\u00e9s par fret sous contrat. Dans certaines r\u00e9gions touristiques o\u00f9 le fret n&#039;est pas distribu\u00e9 ou dans les villes o\u00f9 il n&#039;y a pas de succursales, nos clients doivent r\u00e9cup\u00e9rer eux-m\u00eames leurs produits dans les succursales de fret.<\/p>\n\n\n\n<p><\/p>\n\n\n\n<p>5) Suivi des paiements&nbsp;<\/p>\n\n\n\n<p>Si le syst\u00e8me en question ne peut pas effectuer la transaction en raison d&#039;un probl\u00e8me, notre visiteur est inform\u00e9 de cette situation sur la page de paiement.&nbsp;<\/p>\n\n\n\n<p>En cas d&#039;erreur \u00e0 l&#039;adresse indiqu\u00e9e, le client est contact\u00e9 concernant la commande qui ne peut \u00eatre livr\u00e9e.<\/p>\n\n\n\n<p>La validit\u00e9 de l&#039;adresse e-mail indiqu\u00e9e par notre visiteur est confirm\u00e9e par l&#039;e-mail automatique envoy\u00e9 apr\u00e8s le transfert de la commande.&nbsp;<\/p>\n\n\n\n<p>Nous sommes responsables envers la banque dont nous utilisons le syst\u00e8me de carte de cr\u00e9dit, ainsi qu&#039;envers le client, concernant la livraison.&nbsp;<\/p>\n\n\n\n<p>&nbsp;S&#039;il vous pla\u00eet, faites attention\u00a0!<\/p>\n\n\n\n<p>Ouvrez et v\u00e9rifiez les colis qui, selon vous, ont \u00e9t\u00e9 endommag\u00e9s lors de l&#039;exp\u00e9dition devant le repr\u00e9sentant de l&#039;entreprise qui vous les a re\u00e7us. Si vous pensez que le produit a \u00e9t\u00e9 endommag\u00e9, ne prenez pas livraison du produit en tenant un rapport aupr\u00e8s de la soci\u00e9t\u00e9 de transport.&nbsp;<\/p>\n\n\n\n<p>Une fois le produit re\u00e7u, il est suppos\u00e9 que la soci\u00e9t\u00e9 de transport a pleinement rempli son obligation.&nbsp;<\/p>\n\n\n\n<p>Si le produit est endommag\u00e9 : envoyez d\u00e8s que possible le rapport que vous avez pr\u00e9par\u00e9 au num\u00e9ro de fax 0224 443 44 66 et signalez la situation \u00e0 l&#039;adresse e-mail bilgi@modamob.com.tr.&nbsp;<\/p>\n\n\n\n<p>Si vous terminez ces proc\u00e9dures, nous commencerons \u00e0 travailler sur votre colis et veillerons \u00e0 ce que la livraison soit r\u00e9p\u00e9t\u00e9e dans les plus brefs d\u00e9lais.<\/p>\n\n\n\n<p>Si vous expliquez bri\u00e8vement dans cet e-mail pourquoi vous souhaitez retourner le produit, vous nous aiderez dans notre travail sur le produit.<\/p>","protected":false},"excerpt":{"rendered":"<p>\u00d6deme ve Teslimat 1) Banka Havalesi veya EFT (Elektronik Fon Transferi) yaparak Akbank, Finasbank, Garanti Bankas\u0131, T.\u0130\u015f Bankas\u0131 ve Yap\u0131 Kredi bankas\u0131 hesaplar\u0131m\u0131zdan (TL) herhangi birine yapabilirsiniz 2) Sitemiz \u00fczerinden kredi kartlar\u0131n\u0131z ile Her t\u00fcrl\u00fc kredi kart\u0131n\u0131za online tek \u00f6deme ya da Akbankdan &nbsp;online taksit imk\u00e2nlar\u0131m\u0131zdan yararlanabilirsiniz. Online \u00f6demelerinizde sipari\u015finiz sonunda kredi kart\u0131n\u0131zdan tutar \u00e7ekim [&hellip;]<\/p>","protected":false},"author":1,"featured_media":0,"parent":0,"menu_order":0,"comment_status":"closed","ping_status":"closed","template":"","meta":{"footnotes":""},"class_list":["post-11287","page","type-page","status-publish","hentry"],"yoast_head":"<!-- This site is optimized with the Yoast SEO plugin v26.8 - https:\/\/yoast.com\/product\/yoast-seo-wordpress\/ -->\n<title>\u00d6deme ve Teslimat - Modamob Ak\u0131ll\u0131 Mobilya<\/title>\n<meta name=\"robots\" content=\"index, follow, max-snippet:-1, max-image-preview:large, max-video-preview:-1\" \/>\n<link rel=\"canonical\" href=\"https:\/\/www.modamob.com.tr\/fr\/paiement-et-livraison\/\" \/>\n<meta property=\"og:locale\" content=\"fr_FR\" \/>\n<meta property=\"og:type\" content=\"article\" \/>\n<meta property=\"og:title\" content=\"\u00d6deme ve Teslimat - Modamob Ak\u0131ll\u0131 Mobilya\" \/>\n<meta property=\"og:description\" content=\"\u00d6deme ve Teslimat 1) Banka Havalesi veya EFT (Elektronik Fon Transferi) yaparak Akbank, Finasbank, Garanti Bankas\u0131, T.\u0130\u015f Bankas\u0131 ve Yap\u0131 Kredi bankas\u0131 hesaplar\u0131m\u0131zdan (TL) herhangi birine yapabilirsiniz 2) Sitemiz \u00fczerinden kredi kartlar\u0131n\u0131z ile Her t\u00fcrl\u00fc kredi kart\u0131n\u0131za online tek \u00f6deme ya da Akbankdan &nbsp;online taksit imk\u00e2nlar\u0131m\u0131zdan yararlanabilirsiniz. Online \u00f6demelerinizde sipari\u015finiz sonunda kredi kart\u0131n\u0131zdan tutar \u00e7ekim [&hellip;]\" \/>\n<meta property=\"og:url\" content=\"https:\/\/www.modamob.com.tr\/fr\/paiement-et-livraison\/\" \/>\n<meta property=\"og:site_name\" content=\"Modamob Ak\u0131ll\u0131 Mobilya\" \/>\n<meta property=\"article:modified_time\" content=\"2023-08-19T12:31:08+00:00\" \/>\n<meta name=\"twitter:card\" content=\"summary_large_image\" \/>\n<meta name=\"twitter:label1\" content=\"Dur\u00e9e de lecture estim\u00e9e\" \/>\n\t<meta name=\"twitter:data1\" content=\"3 minutes\" \/>\n<script type=\"application\/ld+json\" class=\"yoast-schema-graph\">{\"@context\":\"https:\/\/schema.org\",\"@graph\":[{\"@type\":\"WebPage\",\"@id\":\"https:\/\/www.modamob.com.tr\/odeme-ve-teslimat\/\",\"url\":\"https:\/\/www.modamob.com.tr\/odeme-ve-teslimat\/\",\"name\":\"\u00d6deme ve Teslimat - Modamob Ak\u0131ll\u0131 Mobilya\",\"isPartOf\":{\"@id\":\"https:\/\/www.modamob.com.tr\/#website\"},\"datePublished\":\"2022-11-03T10:47:10+00:00\",\"dateModified\":\"2023-08-19T12:31:08+00:00\",\"breadcrumb\":{\"@id\":\"https:\/\/www.modamob.com.tr\/odeme-ve-teslimat\/#breadcrumb\"},\"inLanguage\":\"fr-FR\",\"potentialAction\":[{\"@type\":\"ReadAction\",\"target\":[\"https:\/\/www.modamob.com.tr\/odeme-ve-teslimat\/\"]}]},{\"@type\":\"BreadcrumbList\",\"@id\":\"https:\/\/www.modamob.com.tr\/odeme-ve-teslimat\/#breadcrumb\",\"itemListElement\":[{\"@type\":\"ListItem\",\"position\":1,\"name\":\"Anasayfa\",\"item\":\"https:\/\/www.modamob.com.tr\/\"},{\"@type\":\"ListItem\",\"position\":2,\"name\":\"\u00d6deme ve Teslimat\"}]},{\"@type\":\"WebSite\",\"@id\":\"https:\/\/www.modamob.com.tr\/#website\",\"url\":\"https:\/\/www.modamob.com.tr\/\",\"name\":\"Modamob Ak\u0131ll\u0131 Mobilya\",\"description\":\"Yeni Nesil Hareketli Mobilyalar\",\"potentialAction\":[{\"@type\":\"SearchAction\",\"target\":{\"@type\":\"EntryPoint\",\"urlTemplate\":\"https:\/\/www.modamob.com.tr\/?s={search_term_string}\"},\"query-input\":{\"@type\":\"PropertyValueSpecification\",\"valueRequired\":true,\"valueName\":\"search_term_string\"}}],\"inLanguage\":\"fr-FR\"}]}<\/script>\n<!-- \/ Yoast SEO plugin. -->","yoast_head_json":{"title":"Paiement et livraison - Modamob Smart Furniture","robots":{"index":"index","follow":"follow","max-snippet":"max-snippet:-1","max-image-preview":"max-image-preview:large","max-video-preview":"max-video-preview:-1"},"canonical":"https:\/\/www.modamob.com.tr\/fr\/paiement-et-livraison\/","og_locale":"fr_FR","og_type":"article","og_title":"\u00d6deme ve Teslimat - Modamob Ak\u0131ll\u0131 Mobilya","og_description":"\u00d6deme ve Teslimat 1) Banka Havalesi veya EFT (Elektronik Fon Transferi) yaparak Akbank, Finasbank, Garanti Bankas\u0131, T.\u0130\u015f Bankas\u0131 ve Yap\u0131 Kredi bankas\u0131 hesaplar\u0131m\u0131zdan (TL) herhangi birine yapabilirsiniz 2) Sitemiz \u00fczerinden kredi kartlar\u0131n\u0131z ile Her t\u00fcrl\u00fc kredi kart\u0131n\u0131za online tek \u00f6deme ya da Akbankdan &nbsp;online taksit imk\u00e2nlar\u0131m\u0131zdan yararlanabilirsiniz. Online \u00f6demelerinizde sipari\u015finiz sonunda kredi kart\u0131n\u0131zdan tutar \u00e7ekim [&hellip;]","og_url":"https:\/\/www.modamob.com.tr\/fr\/paiement-et-livraison\/","og_site_name":"Modamob Ak\u0131ll\u0131 Mobilya","article_modified_time":"2023-08-19T12:31:08+00:00","twitter_card":"summary_large_image","twitter_misc":{"Dur\u00e9e de lecture estim\u00e9e":"3 minutes"},"schema":{"@context":"https:\/\/schema.org","@graph":[{"@type":"WebPage","@id":"https:\/\/www.modamob.com.tr\/odeme-ve-teslimat\/","url":"https:\/\/www.modamob.com.tr\/odeme-ve-teslimat\/","name":"Paiement et livraison - Modamob Smart Furniture","isPartOf":{"@id":"https:\/\/www.modamob.com.tr\/#website"},"datePublished":"2022-11-03T10:47:10+00:00","dateModified":"2023-08-19T12:31:08+00:00","breadcrumb":{"@id":"https:\/\/www.modamob.com.tr\/odeme-ve-teslimat\/#breadcrumb"},"inLanguage":"fr-FR","potentialAction":[{"@type":"ReadAction","target":["https:\/\/www.modamob.com.tr\/odeme-ve-teslimat\/"]}]},{"@type":"BreadcrumbList","@id":"https:\/\/www.modamob.com.tr\/odeme-ve-teslimat\/#breadcrumb","itemListElement":[{"@type":"ListItem","position":1,"name":"Anasayfa","item":"https:\/\/www.modamob.com.tr\/"},{"@type":"ListItem","position":2,"name":"\u00d6deme ve Teslimat"}]},{"@type":"WebSite","@id":"https:\/\/www.modamob.com.tr\/#website","url":"https:\/\/www.modamob.com.tr\/","name":"Meubles intelligents Modamob","description":"Mobilier mobile nouvelle g\u00e9n\u00e9ration","potentialAction":[{"@type":"SearchAction","target":{"@type":"EntryPoint","urlTemplate":"https:\/\/www.modamob.com.tr\/?s={search_term_string}"},"query-input":{"@type":"PropertyValueSpecification","valueRequired":true,"valueName":"search_term_string"}}],"inLanguage":"fr-FR"}]}},"_links":{"self":[{"href":"https:\/\/www.modamob.com.tr\/fr\/wp-json\/wp\/v2\/pages\/11287","targetHints":{"allow":["GET"]}}],"collection":[{"href":"https:\/\/www.modamob.com.tr\/fr\/wp-json\/wp\/v2\/pages"}],"about":[{"href":"https:\/\/www.modamob.com.tr\/fr\/wp-json\/wp\/v2\/types\/page"}],"author":[{"embeddable":true,"href":"https:\/\/www.modamob.com.tr\/fr\/wp-json\/wp\/v2\/users\/1"}],"replies":[{"embeddable":true,"href":"https:\/\/www.modamob.com.tr\/fr\/wp-json\/wp\/v2\/comments?post=11287"}],"version-history":[{"count":0,"href":"https:\/\/www.modamob.com.tr\/fr\/wp-json\/wp\/v2\/pages\/11287\/revisions"}],"wp:attachment":[{"href":"https:\/\/www.modamob.com.tr\/fr\/wp-json\/wp\/v2\/media?parent=11287"}],"curies":[{"name":"wp","href":"https:\/\/api.w.org\/{rel}","templated":true}]}}