{"id":11280,"date":"2022-11-03T10:36:10","date_gmt":"2022-11-03T10:36:10","guid":{"rendered":"https:\/\/modamob2.myco.site\/?page_id=11280"},"modified":"2022-11-03T10:37:45","modified_gmt":"2022-11-03T10:37:45","slug":"conditions-dutilisation-du-site-accord-dadhesion","status":"publish","type":"page","link":"https:\/\/www.modamob.com.tr\/fr\/conditions-dutilisation-du-site-accord-dadhesion\/","title":{"rendered":"Conditions d&#039;utilisation du site \u2013 Contrat d&#039;adh\u00e9sion"},"content":{"rendered":"<p>CONDITIONS D&#039;UTILISATION DU SITE<\/p>\n\n\n\n<p>Veuillez lire attentivement ces \u00ab\u00a0conditions d&#039;utilisation du site\u00a0\u00bb avant d&#039;utiliser notre site.&nbsp;<\/p>\n\n\n\n<p>Nos clients qui utilisent et ach\u00e8tent sur ce site commercial sont suppos\u00e9s avoir accept\u00e9 les conditions suivantes\u00a0:<\/p>\n\n\n\n<p>Les pages Web de notre site et toutes les pages qui y sont li\u00e9es (\u00ab site \u00bb) sont la propri\u00e9t\u00e9 de MODAMOB MAK\u0130NE VE AKSESUARLARI MOBILYA SANAY\u0130 T\u0130CARET L\u0130M\u0130TED \u015e\u0130RKET\u0130 (Soci\u00e9t\u00e9) sur modamob.com.tr et sont exploit\u00e9es par celle-ci. Pendant que vous (\u00ab Utilisateur \u00bb) utilisez tous les services propos\u00e9s sur le site, vous \u00eates soumis aux conditions suivantes, en b\u00e9n\u00e9ficiant et en continuant \u00e0 utiliser le service sur le site ; Vous \u00eates r\u00e9put\u00e9 avoir le droit, l&#039;autorit\u00e9 et la capacit\u00e9 juridique de signer un contrat conform\u00e9ment aux lois auxquelles vous \u00eates li\u00e9, et que vous avez plus de 18 ans, que vous avez lu et compris ce contrat et que vous \u00eates li\u00e9 par les termes \u00e9crits dans le contrat.\u00a0<\/p>\n\n\n\n<p>Ce contrat impose des droits et obligations aux parties concernant le site objet du contrat, et lorsque les parties acceptent ce contrat, elles d\u00e9clarent qu&#039;elles rempliront les droits et obligations mentionn\u00e9s de mani\u00e8re compl\u00e8te, exacte, dans les d\u00e9lais et dans les conditions demand\u00e9es dans le pr\u00e9sent contracter.<\/p>\n\n\n\n<p>1. RESPONSABILIT\u00c9S<\/p>\n\n\n\n<p>a.La soci\u00e9t\u00e9 se r\u00e9serve toujours le droit d&#039;apporter des modifications aux prix et aux produits et services propos\u00e9s.&nbsp;<\/p>\n\n\n\n<p>b. La soci\u00e9t\u00e9 accepte et s&#039;engage \u00e0 ce que le membre b\u00e9n\u00e9ficie des prestations objet du contrat, hors dysfonctionnements techniques.<\/p>\n\n\n\n<p>c. L&#039;utilisateur accepte par avance de ne pas proc\u00e9der \u00e0 une ing\u00e9nierie inverse de l&#039;utilisation du site ni d&#039;entreprendre toute autre action pour trouver ou obtenir le code source du site, faute de quoi il sera responsable de tout dommage pouvant survenir \u00e0 des tiers et juridiques. et des poursuites p\u00e9nales seront engag\u00e9es contre lui.&nbsp;<\/p>\n\n\n\n<p>d. L&#039;Utilisateur, dans ses activit\u00e9s au sein du site, dans n&#039;importe quelle partie du site ou dans ses communications, peut violer la moralit\u00e9 g\u00e9n\u00e9rale et les bonnes mani\u00e8res, \u00eatre contraire \u00e0 la loi, porter atteinte aux droits de tiers, \u00eatre trompeur, offensant, obsc\u00e8ne, pornographique, porter atteinte aux droits de la personne, violer les droits d&#039;auteur, encourager des activit\u00e9s ill\u00e9gales. Il s&#039;engage \u00e0 ne pas produire ou partager de contenu. Dans le cas contraire, il est enti\u00e8rement responsable des dommages qui pourraient survenir et dans ce cas, les autorit\u00e9s du \u00ab Site \u00bb pourront suspendre ou r\u00e9silier ces comptes et se r\u00e9server le droit d&#039;engager des poursuites judiciaires. Pour cette raison, elle se r\u00e9serve le droit de partager des informations concernant les activit\u00e9s ou les comptes des utilisateurs si les autorit\u00e9s judiciaires le demandent.<\/p>\n\n\n\n<p>e. Les membres du site sont responsables de leurs relations entre eux ou avec des tiers.&nbsp;<\/p>\n\n\n\n<p>2. Droits de propri\u00e9t\u00e9 intellectuelle<\/p>\n\n\n\n<p>2.1. Tous les droits de propri\u00e9t\u00e9 intellectuelle enregistr\u00e9s ou non tels que le titre, la raison sociale, la marque, le brevet, le logo, le design, les informations et la m\u00e9thode contenus dans ce Site appartiennent \u00e0 l&#039;exploitant du site et \u00e0 la soci\u00e9t\u00e9 propri\u00e9taire ou \u00e0 la personne sp\u00e9cifi\u00e9e et sont sous la protection des droits nationaux et internationaux. loi. La visite de ce site ou l&#039;utilisation des services de ce site ne conf\u00e8re aucun droit sur ces droits de propri\u00e9t\u00e9 intellectuelle.<\/p>\n\n\n\n<p>2.2. Les informations pr\u00e9sentes sur le site ne peuvent \u00eatre reproduites, publi\u00e9es, copi\u00e9es, pr\u00e9sent\u00e9es et\/ou transf\u00e9r\u00e9es de quelque mani\u00e8re que ce soit. Tout ou partie du site ne peut \u00eatre utilis\u00e9 sur un autre site Internet sans autorisation.&nbsp;<\/p>\n\n\n\n<p>3. Informations confidentielles<\/p>\n\n\n\n<p>3.1. La soci\u00e9t\u00e9 ne divulguera pas \u00e0 des tiers les informations personnelles transmises par les utilisateurs via le site. Ces informations personnelles\u00a0; Ils contiennent toutes sortes d&#039;autres informations destin\u00e9es \u00e0 identifier l&#039;Utilisateur, telles que le nom, le pr\u00e9nom, l&#039;adresse, le num\u00e9ro de t\u00e9l\u00e9phone, le t\u00e9l\u00e9phone portable, l&#039;adresse e-mail de la personne, et seront bri\u00e8vement appel\u00e9es \u00ab\u00a0Informations confidentielles\u00a0\u00bb.<\/p>\n\n\n\n<p>3.2. L&#039;utilisateur ne peut utiliser que des promotions, des publicit\u00e9s, des campagnes, des promotions, des annonces, etc. Il accepte et d\u00e9clare consentir \u00e0 ce que la soci\u00e9t\u00e9 propri\u00e9taire du Site partage ses coordonn\u00e9es, l&#039;\u00e9tat de son portefeuille et ses informations d\u00e9mographiques avec ses filiales ou soci\u00e9t\u00e9s du groupe auquel elle est affili\u00e9e, limit\u00e9e \u00e0 leur utilisation dans le cadre d&#039;activit\u00e9s de marketing. Ces informations personnelles pourront \u00eatre utilis\u00e9es pour d\u00e9terminer le profil du client au sein de l&#039;entreprise, proposer des promotions et des campagnes adapt\u00e9es au profil du client et r\u00e9aliser des \u00e9tudes statistiques.<\/p>\n\n\n\n<p>3.3. Les Informations confidentielles ne peuvent \u00eatre divulgu\u00e9es aux autorit\u00e9s officielles que si ces informations sont demand\u00e9es par les autorit\u00e9s officielles et dans les cas o\u00f9 la divulgation aux autorit\u00e9s officielles est obligatoire conform\u00e9ment \u00e0 la l\u00e9gislation imp\u00e9rative en vigueur.<\/p>\n\n\n\n<p>4. Aucune garantie\u00a0: CET ACCORD SERA VALABLE DANS LA MESURE MAXIMALE AUTORIS\u00c9E PAR LA LOI APPLICABLE. LES SERVICES OFFERTS PAR LA SOCI\u00c9T\u00c9 SONT FOURNIS \u00ab EN L&#039;\u00c9TAT \u00bb ET \u00ab SELON LA DISPONIBILIT\u00c9 \u00bb ET EN CE QUI CONCERNE LES SERVICES OU L&#039;APPLICATION, Y COMPRIS TOUTES LES GARANTIES IMPLICITES DE QUALIT\u00c9 MARCHANDE, D&#039;ADAPTATION \u00c0 UN USAGE PARTICULIER OU DE NON-VIOLATION. IL N&#039;Y A AUCUNE GARANTIE D&#039;AUCUNE SORTE, EXPRESSE OU IMPLICITE, L\u00c9GALE OU AUTRE (Y COMPRIS TOUTES LES INFORMATIONS CONTENUES).&nbsp;<\/p>\n\n\n\n<p>5. Enregistrement et s\u00e9curit\u00e9&nbsp;<\/p>\n\n\n\n<p>L\u2019utilisateur doit fournir des informations d\u2019inscription exactes, compl\u00e8tes et \u00e0 jour. Dans le cas contraire, le pr\u00e9sent Contrat sera r\u00e9put\u00e9 avoir \u00e9t\u00e9 viol\u00e9 et le compte pourra \u00eatre ferm\u00e9 sans en informer l&#039;Utilisateur.<\/p>\n\n\n\n<p>L&#039;utilisateur est responsable de la s\u00e9curit\u00e9 du mot de passe et du compte sur le site et sur les sites tiers. A d\u00e9faut, la Soci\u00e9t\u00e9 ne pourra \u00eatre tenue responsable des pertes de donn\u00e9es, des failles de s\u00e9curit\u00e9 ou des dommages mat\u00e9riels et appareils qui pourraient survenir.<\/p>\n\n\n\n<p>6. Force majeure<\/p>\n\n\n\n<p>Pas sous le contr\u00f4le des parties\u00a0; d\u00e9coulant du contrat en raison de causes telles que catastrophes naturelles, incendies, explosions, guerres civiles, guerres, \u00e9meutes, mouvements publics, d\u00e9clarations de mobilisation, gr\u00e8ves, lock-out et \u00e9pid\u00e9mies, pannes d&#039;infrastructures et d&#039;Internet, pannes de courant (ensemble d\u00e9nomm\u00e9es \u00ab Force Majeure&quot; ci-dessous). Si les obligations ne sont plus remplies par les parties, celles-ci n&#039;en sont pas responsables. Pendant cette p\u00e9riode, les droits et obligations des Parties d\u00e9coulant du pr\u00e9sent Contrat sont suspendus.&nbsp;<\/p>\n\n\n\n<p>7. Int\u00e9grit\u00e9 de l\u2019accord et applicabilit\u00e9<\/p>\n\n\n\n<p>Si l&#039;un des termes de cet accord devient partiellement ou totalement invalide, le reste de l&#039;accord reste valable.<\/p>\n\n\n\n<p>8. Modifications \u00e0 apporter au Contrat<\/p>\n\n\n\n<p>La soci\u00e9t\u00e9 peut modifier \u00e0 tout moment partiellement ou totalement les services propos\u00e9s sur le site et les termes du pr\u00e9sent contrat. Les modifications seront valables \u00e0 compter de la date de publication sur le site. Il appartient \u00e0 l&#039;Utilisateur de suivre les modifications. L&#039;utilisateur est r\u00e9put\u00e9 avoir accept\u00e9 ces modifications en continuant \u00e0 b\u00e9n\u00e9ficier des services propos\u00e9s.<\/p>\n\n\n\n<p>9. Notification<\/p>\n\n\n\n<p>Toutes les notifications \u00e0 envoyer aux parties concernant le pr\u00e9sent Accord seront effectu\u00e9es via l&#039;adresse e-mail connue de la Soci\u00e9t\u00e9 et l&#039;adresse e-mail sp\u00e9cifi\u00e9e par l&#039;utilisateur dans le formulaire d&#039;adh\u00e9sion. L&#039;utilisateur accepte que l&#039;adresse indiqu\u00e9e lors de son inscription soit l&#039;adresse de notification valide, et que si elle change, il en informera l&#039;autre partie par \u00e9crit dans un d\u00e9lai de 5 jours, faute de quoi les notifications \u00e0 cette adresse seront consid\u00e9r\u00e9es comme valables.<\/p>\n\n\n\n<p>10. Accord de preuve<\/p>\n\n\n\n<p>Dans tout litige pouvant survenir entre les Parties concernant les transactions li\u00e9es au pr\u00e9sent accord, les livres, registres et documents, enregistrements informatiques et enregistrements de t\u00e9l\u00e9copie des Parties seront accept\u00e9s comme preuve conform\u00e9ment au Code de proc\u00e9dure civile n\u00b0 6100, et le l&#039;utilisateur accepte de ne pas s&#039;opposer \u00e0 ces enregistrements.<\/p>\n\n\n\n<p>11. R\u00e9solution des litiges<\/p>\n\n\n\n<p>Les tribunaux du palais de justice (central) d&#039;Istanbul et les bureaux d&#039;ex\u00e9cution sont autoris\u00e9s \u00e0 r\u00e9soudre tout litige d\u00e9coulant de la mise en \u0153uvre ou de l&#039;interpr\u00e9tation du pr\u00e9sent accord.<\/p>","protected":false},"excerpt":{"rendered":"<p>S\u0130TE KULLANIM \u015eARTLARI L\u00fctfen sitemizi kullanmadan evvel bu \u2018site kullan\u0131m \u015fartlar\u0131\u2019n\u0131 dikkatlice okuyunuz.&nbsp; Bu al\u0131\u015fveri\u015f sitesini kullanan ve al\u0131\u015fveri\u015f yapan m\u00fc\u015fterilerimiz a\u015fa\u011f\u0131daki \u015fartlar\u0131 kabul etmi\u015f varsay\u0131lmaktad\u0131r: Sitemizdeki web sayfalar\u0131 ve ona ba\u011fl\u0131 t\u00fcm sayfalar (\u2018site\u2019) modamob.com.tr adresindeki MODAMOB MAK\u0130NE VE AKSESUARLARI MOB\u0130LYA SANAY\u0130 T\u0130CARET L\u0130M\u0130TED \u015e\u0130RKET\u0130 firmas\u0131n\u0131n (Firma) mal\u0131d\u0131r ve onun taraf\u0131ndan i\u015fletilir. Sizler (\u2018Kullan\u0131c\u0131\u2019) [&hellip;]<\/p>","protected":false},"author":1,"featured_media":0,"parent":0,"menu_order":0,"comment_status":"closed","ping_status":"closed","template":"","meta":{"footnotes":""},"class_list":["post-11280","page","type-page","status-publish","hentry"],"yoast_head":"<!-- This site is optimized with the Yoast SEO plugin v26.8 - https:\/\/yoast.com\/product\/yoast-seo-wordpress\/ -->\n<title>Site Kullan\u0131m \u015eartlar\u0131 - \u00dcyelik S\u00f6zle\u015fmesi - Modamob Ak\u0131ll\u0131 Mobilya<\/title>\n<meta name=\"robots\" content=\"index, follow, max-snippet:-1, max-image-preview:large, max-video-preview:-1\" \/>\n<link rel=\"canonical\" href=\"https:\/\/www.modamob.com.tr\/fr\/conditions-dutilisation-du-site-accord-dadhesion\/\" \/>\n<meta property=\"og:locale\" content=\"fr_FR\" \/>\n<meta property=\"og:type\" content=\"article\" \/>\n<meta property=\"og:title\" content=\"Site Kullan\u0131m \u015eartlar\u0131 - \u00dcyelik S\u00f6zle\u015fmesi - Modamob Ak\u0131ll\u0131 Mobilya\" \/>\n<meta property=\"og:description\" content=\"S\u0130TE KULLANIM \u015eARTLARI L\u00fctfen sitemizi kullanmadan evvel bu \u2018site kullan\u0131m \u015fartlar\u0131\u2019n\u0131 dikkatlice okuyunuz.&nbsp; Bu al\u0131\u015fveri\u015f sitesini kullanan ve al\u0131\u015fveri\u015f yapan m\u00fc\u015fterilerimiz a\u015fa\u011f\u0131daki \u015fartlar\u0131 kabul etmi\u015f varsay\u0131lmaktad\u0131r: Sitemizdeki web sayfalar\u0131 ve ona ba\u011fl\u0131 t\u00fcm sayfalar (\u2018site\u2019) modamob.com.tr adresindeki MODAMOB MAK\u0130NE VE AKSESUARLARI MOB\u0130LYA SANAY\u0130 T\u0130CARET L\u0130M\u0130TED \u015e\u0130RKET\u0130 firmas\u0131n\u0131n (Firma) mal\u0131d\u0131r ve onun taraf\u0131ndan i\u015fletilir. Sizler (\u2018Kullan\u0131c\u0131\u2019) [&hellip;]\" \/>\n<meta property=\"og:url\" content=\"https:\/\/www.modamob.com.tr\/fr\/conditions-dutilisation-du-site-accord-dadhesion\/\" \/>\n<meta property=\"og:site_name\" content=\"Modamob Ak\u0131ll\u0131 Mobilya\" \/>\n<meta property=\"article:modified_time\" content=\"2022-11-03T10:37:45+00:00\" \/>\n<meta name=\"twitter:card\" content=\"summary_large_image\" \/>\n<script type=\"application\/ld+json\" class=\"yoast-schema-graph\">{\"@context\":\"https:\/\/schema.org\",\"@graph\":[{\"@type\":\"WebPage\",\"@id\":\"https:\/\/www.modamob.com.tr\/site-kullanim-sartlari-uyelik-sozlesmesi\/\",\"url\":\"https:\/\/www.modamob.com.tr\/site-kullanim-sartlari-uyelik-sozlesmesi\/\",\"name\":\"Site Kullan\u0131m \u015eartlar\u0131 - \u00dcyelik S\u00f6zle\u015fmesi - Modamob Ak\u0131ll\u0131 Mobilya\",\"isPartOf\":{\"@id\":\"https:\/\/www.modamob.com.tr\/#website\"},\"datePublished\":\"2022-11-03T10:36:10+00:00\",\"dateModified\":\"2022-11-03T10:37:45+00:00\",\"breadcrumb\":{\"@id\":\"https:\/\/www.modamob.com.tr\/site-kullanim-sartlari-uyelik-sozlesmesi\/#breadcrumb\"},\"inLanguage\":\"fr-FR\",\"potentialAction\":[{\"@type\":\"ReadAction\",\"target\":[\"https:\/\/www.modamob.com.tr\/site-kullanim-sartlari-uyelik-sozlesmesi\/\"]}]},{\"@type\":\"BreadcrumbList\",\"@id\":\"https:\/\/www.modamob.com.tr\/site-kullanim-sartlari-uyelik-sozlesmesi\/#breadcrumb\",\"itemListElement\":[{\"@type\":\"ListItem\",\"position\":1,\"name\":\"Anasayfa\",\"item\":\"https:\/\/www.modamob.com.tr\/\"},{\"@type\":\"ListItem\",\"position\":2,\"name\":\"Site Kullan\u0131m \u015eartlar\u0131 &#8211; \u00dcyelik S\u00f6zle\u015fmesi\"}]},{\"@type\":\"WebSite\",\"@id\":\"https:\/\/www.modamob.com.tr\/#website\",\"url\":\"https:\/\/www.modamob.com.tr\/\",\"name\":\"Modamob Ak\u0131ll\u0131 Mobilya\",\"description\":\"Yeni Nesil Hareketli Mobilyalar\",\"potentialAction\":[{\"@type\":\"SearchAction\",\"target\":{\"@type\":\"EntryPoint\",\"urlTemplate\":\"https:\/\/www.modamob.com.tr\/?s={search_term_string}\"},\"query-input\":{\"@type\":\"PropertyValueSpecification\",\"valueRequired\":true,\"valueName\":\"search_term_string\"}}],\"inLanguage\":\"fr-FR\"}]}<\/script>\n<!-- \/ Yoast SEO plugin. -->","yoast_head_json":{"title":"Conditions d&#039;utilisation du site - Contrat d&#039;adh\u00e9sion - Modamob Smart Furniture","robots":{"index":"index","follow":"follow","max-snippet":"max-snippet:-1","max-image-preview":"max-image-preview:large","max-video-preview":"max-video-preview:-1"},"canonical":"https:\/\/www.modamob.com.tr\/fr\/conditions-dutilisation-du-site-accord-dadhesion\/","og_locale":"fr_FR","og_type":"article","og_title":"Site Kullan\u0131m \u015eartlar\u0131 - \u00dcyelik S\u00f6zle\u015fmesi - Modamob Ak\u0131ll\u0131 Mobilya","og_description":"S\u0130TE KULLANIM \u015eARTLARI L\u00fctfen sitemizi kullanmadan evvel bu \u2018site kullan\u0131m \u015fartlar\u0131\u2019n\u0131 dikkatlice okuyunuz.&nbsp; Bu al\u0131\u015fveri\u015f sitesini kullanan ve al\u0131\u015fveri\u015f yapan m\u00fc\u015fterilerimiz a\u015fa\u011f\u0131daki \u015fartlar\u0131 kabul etmi\u015f varsay\u0131lmaktad\u0131r: Sitemizdeki web sayfalar\u0131 ve ona ba\u011fl\u0131 t\u00fcm sayfalar (\u2018site\u2019) modamob.com.tr adresindeki MODAMOB MAK\u0130NE VE AKSESUARLARI MOB\u0130LYA SANAY\u0130 T\u0130CARET L\u0130M\u0130TED \u015e\u0130RKET\u0130 firmas\u0131n\u0131n (Firma) mal\u0131d\u0131r ve onun taraf\u0131ndan i\u015fletilir. Sizler (\u2018Kullan\u0131c\u0131\u2019) [&hellip;]","og_url":"https:\/\/www.modamob.com.tr\/fr\/conditions-dutilisation-du-site-accord-dadhesion\/","og_site_name":"Modamob Ak\u0131ll\u0131 Mobilya","article_modified_time":"2022-11-03T10:37:45+00:00","twitter_card":"summary_large_image","schema":{"@context":"https:\/\/schema.org","@graph":[{"@type":"WebPage","@id":"https:\/\/www.modamob.com.tr\/site-kullanim-sartlari-uyelik-sozlesmesi\/","url":"https:\/\/www.modamob.com.tr\/site-kullanim-sartlari-uyelik-sozlesmesi\/","name":"Conditions d&#039;utilisation du site - Contrat d&#039;adh\u00e9sion - Modamob Smart Furniture","isPartOf":{"@id":"https:\/\/www.modamob.com.tr\/#website"},"datePublished":"2022-11-03T10:36:10+00:00","dateModified":"2022-11-03T10:37:45+00:00","breadcrumb":{"@id":"https:\/\/www.modamob.com.tr\/site-kullanim-sartlari-uyelik-sozlesmesi\/#breadcrumb"},"inLanguage":"fr-FR","potentialAction":[{"@type":"ReadAction","target":["https:\/\/www.modamob.com.tr\/site-kullanim-sartlari-uyelik-sozlesmesi\/"]}]},{"@type":"BreadcrumbList","@id":"https:\/\/www.modamob.com.tr\/site-kullanim-sartlari-uyelik-sozlesmesi\/#breadcrumb","itemListElement":[{"@type":"ListItem","position":1,"name":"Anasayfa","item":"https:\/\/www.modamob.com.tr\/"},{"@type":"ListItem","position":2,"name":"Site Kullan\u0131m \u015eartlar\u0131 &#8211; \u00dcyelik S\u00f6zle\u015fmesi"}]},{"@type":"WebSite","@id":"https:\/\/www.modamob.com.tr\/#website","url":"https:\/\/www.modamob.com.tr\/","name":"Meubles intelligents Modamob","description":"Mobilier mobile nouvelle g\u00e9n\u00e9ration","potentialAction":[{"@type":"SearchAction","target":{"@type":"EntryPoint","urlTemplate":"https:\/\/www.modamob.com.tr\/?s={search_term_string}"},"query-input":{"@type":"PropertyValueSpecification","valueRequired":true,"valueName":"search_term_string"}}],"inLanguage":"fr-FR"}]}},"_links":{"self":[{"href":"https:\/\/www.modamob.com.tr\/fr\/wp-json\/wp\/v2\/pages\/11280","targetHints":{"allow":["GET"]}}],"collection":[{"href":"https:\/\/www.modamob.com.tr\/fr\/wp-json\/wp\/v2\/pages"}],"about":[{"href":"https:\/\/www.modamob.com.tr\/fr\/wp-json\/wp\/v2\/types\/page"}],"author":[{"embeddable":true,"href":"https:\/\/www.modamob.com.tr\/fr\/wp-json\/wp\/v2\/users\/1"}],"replies":[{"embeddable":true,"href":"https:\/\/www.modamob.com.tr\/fr\/wp-json\/wp\/v2\/comments?post=11280"}],"version-history":[{"count":0,"href":"https:\/\/www.modamob.com.tr\/fr\/wp-json\/wp\/v2\/pages\/11280\/revisions"}],"wp:attachment":[{"href":"https:\/\/www.modamob.com.tr\/fr\/wp-json\/wp\/v2\/media?parent=11280"}],"curies":[{"name":"wp","href":"https:\/\/api.w.org\/{rel}","templated":true}]}}