{"id":18533,"date":"2025-03-19T13:28:17","date_gmt":"2025-03-19T10:28:17","guid":{"rendered":"https:\/\/www.modamob.com.tr\/?post_type=product&#038;p=18533"},"modified":"2026-04-06T17:48:31","modified_gmt":"2026-04-06T14:48:31","slug":"riva-dikey-acilir-duvara-katlanir-yatak","status":"publish","type":"product","link":"https:\/\/www.modamob.com.tr\/en\/product-2\/riva-dikey-acilir-duvara-katlanir-yatak\/","title":{"rendered":"\u00c7ift Ki\u015filik Dikey A\u00e7\u0131l\u0131r Duvara Katlan\u0131r Yatak"},"content":{"rendered":"<p>-\u00dcr\u00fcnlerimiz demonte olarak g\u00f6nderilmektedir.<br \/>\n-Paket i\u00e7erisinde montaj \u015femas\u0131 bulunmaktad\u0131r.<br \/>\n-Ah\u015fap k\u0131s\u0131mlar ve amartis\u00f6rler 3 y\u0131l garantilidir.<br \/>\n-Yatak fiyata dahil de\u011fildir.<\/p>","protected":false},"excerpt":{"rendered":"<p>FIRSAT \u00dcR\u00dcNLER\u0130 \u0130LE \u0130LG\u0130L\u0130 \u0130LET\u0130\u015e\u0130M SA\u011eLAYINIZ.<\/p>","protected":false},"featured_media":18535,"template":"","meta":{"footnotes":""},"product_brand":[],"product_cat":[284],"product_tag":[],"class_list":{"0":"post-18533","1":"product","2":"type-product","3":"status-publish","4":"has-post-thumbnail","6":"product_cat-firsat-urunleri","7":"tm-no-options","9":"first","10":"instock","11":"taxable","12":"shipping-taxable","13":"purchasable","14":"product-type-variable"},"yoast_head":"<!-- This site is optimized with the Yoast SEO plugin v26.8 - https:\/\/yoast.com\/product\/yoast-seo-wordpress\/ -->\n<title>\u00c7ift Ki\u015filik Dikey A\u00e7\u0131l\u0131r Duvara Katlan\u0131r Yatak - Modamob Ak\u0131ll\u0131 Mobilya<\/title>\n<meta name=\"robots\" content=\"index, follow, max-snippet:-1, max-image-preview:large, max-video-preview:-1\" \/>\n<link rel=\"canonical\" href=\"https:\/\/www.modamob.com.tr\/en\/product-2\/riva-dikey-acilir-duvara-katlanir-yatak\/\" \/>\n<meta property=\"og:locale\" content=\"en_US\" \/>\n<meta property=\"og:type\" content=\"article\" \/>\n<meta property=\"og:title\" content=\"\u00c7ift Ki\u015filik Dikey A\u00e7\u0131l\u0131r Duvara Katlan\u0131r Yatak - Modamob Ak\u0131ll\u0131 Mobilya\" \/>\n<meta property=\"og:description\" content=\"FIRSAT \u00dcR\u00dcNLER\u0130 \u0130LE \u0130LG\u0130L\u0130 \u0130LET\u0130\u015e\u0130M SA\u011eLAYINIZ.\" \/>\n<meta property=\"og:url\" content=\"https:\/\/www.modamob.com.tr\/en\/product-2\/riva-dikey-acilir-duvara-katlanir-yatak\/\" \/>\n<meta property=\"og:site_name\" content=\"Modamob Ak\u0131ll\u0131 Mobilya\" \/>\n<meta property=\"article:modified_time\" content=\"2026-04-06T14:48:31+00:00\" \/>\n<meta property=\"og:image\" content=\"https:\/\/www.modamob.com.tr\/wp-content\/uploads\/2025\/03\/3-1.png\" \/>\n\t<meta property=\"og:image:width\" content=\"1080\" \/>\n\t<meta property=\"og:image:height\" content=\"1080\" \/>\n\t<meta property=\"og:image:type\" content=\"image\/png\" \/>\n<meta name=\"twitter:card\" content=\"summary_large_image\" \/>\n<meta name=\"twitter:label1\" content=\"Est. reading time\" \/>\n\t<meta name=\"twitter:data1\" content=\"1 minute\" \/>\n<script type=\"application\/ld+json\" class=\"yoast-schema-graph\">{\"@context\":\"https:\/\/schema.org\",\"@graph\":[{\"@type\":\"WebPage\",\"@id\":\"https:\/\/www.modamob.com.tr\/urun\/riva-dikey-acilir-duvara-katlanir-yatak\/\",\"url\":\"https:\/\/www.modamob.com.tr\/urun\/riva-dikey-acilir-duvara-katlanir-yatak\/\",\"name\":\"\u00c7ift Ki\u015filik Dikey A\u00e7\u0131l\u0131r Duvara Katlan\u0131r Yatak - Modamob Ak\u0131ll\u0131 Mobilya\",\"isPartOf\":{\"@id\":\"https:\/\/www.modamob.com.tr\/#website\"},\"primaryImageOfPage\":{\"@id\":\"https:\/\/www.modamob.com.tr\/urun\/riva-dikey-acilir-duvara-katlanir-yatak\/#primaryimage\"},\"image\":{\"@id\":\"https:\/\/www.modamob.com.tr\/urun\/riva-dikey-acilir-duvara-katlanir-yatak\/#primaryimage\"},\"thumbnailUrl\":\"https:\/\/www.modamob.com.tr\/wp-content\/uploads\/2025\/03\/3-1.png\",\"datePublished\":\"2025-03-19T10:28:17+00:00\",\"dateModified\":\"2026-04-06T14:48:31+00:00\",\"breadcrumb\":{\"@id\":\"https:\/\/www.modamob.com.tr\/urun\/riva-dikey-acilir-duvara-katlanir-yatak\/#breadcrumb\"},\"inLanguage\":\"en-US\",\"potentialAction\":[{\"@type\":\"ReadAction\",\"target\":[\"https:\/\/www.modamob.com.tr\/urun\/riva-dikey-acilir-duvara-katlanir-yatak\/\"]}]},{\"@type\":\"ImageObject\",\"inLanguage\":\"en-US\",\"@id\":\"https:\/\/www.modamob.com.tr\/urun\/riva-dikey-acilir-duvara-katlanir-yatak\/#primaryimage\",\"url\":\"https:\/\/www.modamob.com.tr\/wp-content\/uploads\/2025\/03\/3-1.png\",\"contentUrl\":\"https:\/\/www.modamob.com.tr\/wp-content\/uploads\/2025\/03\/3-1.png\",\"width\":1080,\"height\":1080,\"caption\":\"\u00c7ift Ki\u015filik Dikey A\u00e7\u0131l\u0131r Duvara Katlan\u0131r Yatak\"},{\"@type\":\"BreadcrumbList\",\"@id\":\"https:\/\/www.modamob.com.tr\/urun\/riva-dikey-acilir-duvara-katlanir-yatak\/#breadcrumb\",\"itemListElement\":[{\"@type\":\"ListItem\",\"position\":1,\"name\":\"Anasayfa\",\"item\":\"https:\/\/www.modamob.com.tr\/\"},{\"@type\":\"ListItem\",\"position\":2,\"name\":\"Ma\u011faza\",\"item\":\"https:\/\/www.modamob.com.tr\/magaza\/\"},{\"@type\":\"ListItem\",\"position\":3,\"name\":\"\u00c7ift Ki\u015filik Dikey A\u00e7\u0131l\u0131r Duvara Katlan\u0131r Yatak\"}]},{\"@type\":\"WebSite\",\"@id\":\"https:\/\/www.modamob.com.tr\/#website\",\"url\":\"https:\/\/www.modamob.com.tr\/\",\"name\":\"Modamob Ak\u0131ll\u0131 Mobilya\",\"description\":\"Yeni Nesil Hareketli Mobilyalar\",\"potentialAction\":[{\"@type\":\"SearchAction\",\"target\":{\"@type\":\"EntryPoint\",\"urlTemplate\":\"https:\/\/www.modamob.com.tr\/?s={search_term_string}\"},\"query-input\":{\"@type\":\"PropertyValueSpecification\",\"valueRequired\":true,\"valueName\":\"search_term_string\"}}],\"inLanguage\":\"en-US\"}]}<\/script>\n<!-- \/ Yoast SEO plugin. -->","yoast_head_json":{"title":"\u00c7ift Ki\u015filik Dikey A\u00e7\u0131l\u0131r Duvara Katlan\u0131r Yatak - Modamob Ak\u0131ll\u0131 Mobilya","robots":{"index":"index","follow":"follow","max-snippet":"max-snippet:-1","max-image-preview":"max-image-preview:large","max-video-preview":"max-video-preview:-1"},"canonical":"https:\/\/www.modamob.com.tr\/en\/product-2\/riva-dikey-acilir-duvara-katlanir-yatak\/","og_locale":"en_US","og_type":"article","og_title":"\u00c7ift Ki\u015filik Dikey A\u00e7\u0131l\u0131r Duvara Katlan\u0131r Yatak - Modamob Ak\u0131ll\u0131 Mobilya","og_description":"FIRSAT \u00dcR\u00dcNLER\u0130 \u0130LE \u0130LG\u0130L\u0130 \u0130LET\u0130\u015e\u0130M SA\u011eLAYINIZ.","og_url":"https:\/\/www.modamob.com.tr\/en\/product-2\/riva-dikey-acilir-duvara-katlanir-yatak\/","og_site_name":"Modamob Ak\u0131ll\u0131 Mobilya","article_modified_time":"2026-04-06T14:48:31+00:00","og_image":[{"width":1080,"height":1080,"url":"https:\/\/www.modamob.com.tr\/wp-content\/uploads\/2025\/03\/3-1.png","type":"image\/png"}],"twitter_card":"summary_large_image","twitter_misc":{"Est. reading time":"1 minute"},"schema":{"@context":"https:\/\/schema.org","@graph":[{"@type":"WebPage","@id":"https:\/\/www.modamob.com.tr\/urun\/riva-dikey-acilir-duvara-katlanir-yatak\/","url":"https:\/\/www.modamob.com.tr\/urun\/riva-dikey-acilir-duvara-katlanir-yatak\/","name":"\u00c7ift Ki\u015filik Dikey A\u00e7\u0131l\u0131r Duvara Katlan\u0131r Yatak - Modamob Ak\u0131ll\u0131 Mobilya","isPartOf":{"@id":"https:\/\/www.modamob.com.tr\/#website"},"primaryImageOfPage":{"@id":"https:\/\/www.modamob.com.tr\/urun\/riva-dikey-acilir-duvara-katlanir-yatak\/#primaryimage"},"image":{"@id":"https:\/\/www.modamob.com.tr\/urun\/riva-dikey-acilir-duvara-katlanir-yatak\/#primaryimage"},"thumbnailUrl":"https:\/\/www.modamob.com.tr\/wp-content\/uploads\/2025\/03\/3-1.png","datePublished":"2025-03-19T10:28:17+00:00","dateModified":"2026-04-06T14:48:31+00:00","breadcrumb":{"@id":"https:\/\/www.modamob.com.tr\/urun\/riva-dikey-acilir-duvara-katlanir-yatak\/#breadcrumb"},"inLanguage":"en-US","potentialAction":[{"@type":"ReadAction","target":["https:\/\/www.modamob.com.tr\/urun\/riva-dikey-acilir-duvara-katlanir-yatak\/"]}]},{"@type":"ImageObject","inLanguage":"en-US","@id":"https:\/\/www.modamob.com.tr\/urun\/riva-dikey-acilir-duvara-katlanir-yatak\/#primaryimage","url":"https:\/\/www.modamob.com.tr\/wp-content\/uploads\/2025\/03\/3-1.png","contentUrl":"https:\/\/www.modamob.com.tr\/wp-content\/uploads\/2025\/03\/3-1.png","width":1080,"height":1080,"caption":"\u00c7ift Ki\u015filik Dikey A\u00e7\u0131l\u0131r Duvara Katlan\u0131r Yatak"},{"@type":"BreadcrumbList","@id":"https:\/\/www.modamob.com.tr\/urun\/riva-dikey-acilir-duvara-katlanir-yatak\/#breadcrumb","itemListElement":[{"@type":"ListItem","position":1,"name":"Anasayfa","item":"https:\/\/www.modamob.com.tr\/"},{"@type":"ListItem","position":2,"name":"Ma\u011faza","item":"https:\/\/www.modamob.com.tr\/magaza\/"},{"@type":"ListItem","position":3,"name":"\u00c7ift Ki\u015filik Dikey A\u00e7\u0131l\u0131r Duvara Katlan\u0131r Yatak"}]},{"@type":"WebSite","@id":"https:\/\/www.modamob.com.tr\/#website","url":"https:\/\/www.modamob.com.tr\/","name":"Modamob Smart Furniture","description":"New Generation Movable Furniture","potentialAction":[{"@type":"SearchAction","target":{"@type":"EntryPoint","urlTemplate":"https:\/\/www.modamob.com.tr\/?s={search_term_string}"},"query-input":{"@type":"PropertyValueSpecification","valueRequired":true,"valueName":"search_term_string"}}],"inLanguage":"en-US"}]}},"_links":{"self":[{"href":"https:\/\/www.modamob.com.tr\/en\/wp-json\/wp\/v2\/product\/18533","targetHints":{"allow":["GET"]}}],"collection":[{"href":"https:\/\/www.modamob.com.tr\/en\/wp-json\/wp\/v2\/product"}],"about":[{"href":"https:\/\/www.modamob.com.tr\/en\/wp-json\/wp\/v2\/types\/product"}],"version-history":[{"count":5,"href":"https:\/\/www.modamob.com.tr\/en\/wp-json\/wp\/v2\/product\/18533\/revisions"}],"predecessor-version":[{"id":18812,"href":"https:\/\/www.modamob.com.tr\/en\/wp-json\/wp\/v2\/product\/18533\/revisions\/18812"}],"wp:featuredmedia":[{"embeddable":true,"href":"https:\/\/www.modamob.com.tr\/en\/wp-json\/wp\/v2\/media\/18535"}],"wp:attachment":[{"href":"https:\/\/www.modamob.com.tr\/en\/wp-json\/wp\/v2\/media?parent=18533"}],"wp:term":[{"taxonomy":"product_brand","embeddable":true,"href":"https:\/\/www.modamob.com.tr\/en\/wp-json\/wp\/v2\/product_brand?post=18533"},{"taxonomy":"product_cat","embeddable":true,"href":"https:\/\/www.modamob.com.tr\/en\/wp-json\/wp\/v2\/product_cat?post=18533"},{"taxonomy":"product_tag","embeddable":true,"href":"https:\/\/www.modamob.com.tr\/en\/wp-json\/wp\/v2\/product_tag?post=18533"}],"curies":[{"name":"wp","href":"https:\/\/api.w.org\/{rel}","templated":true}]}}