{"id":17022,"date":"2024-10-26T17:12:14","date_gmt":"2024-10-26T14:12:14","guid":{"rendered":"https:\/\/www.modamob.com.tr\/?post_type=product&#038;p=17022"},"modified":"2026-02-13T22:43:14","modified_gmt":"2026-02-13T19:43:14","slug":"wall-folding-table-mechanism","status":"publish","type":"product","link":"https:\/\/www.modamob.com.tr\/en\/product-2\/wall-folding-table-mechanism\/","title":{"rendered":"Wall Folding Table Mechanism"},"content":{"rendered":"","protected":false},"excerpt":{"rendered":"<div>Folding Wall Mounted Table<\/div>\n<div><\/div>\n<div>Stylish and Practical Design<\/div>\n<div><\/div>\n<div>This foldable wall-mounted table is ideal for modern homes that prioritize space saving. Its stylish and minimal design fits in with any interior. Its sturdy metal legs provide long-lasting use.<\/div>\n<div><\/div>\n<div>Features:<\/div>\n<div><\/div>\n<div>\u2022High durability metal body<\/div>\n<div>\u2022Optimizes space usage with its wall mountable structure<\/div>\n<div>\u2022Ease of Use: Thanks to its foldable design, it can be easily removed when not in use and does not take up space.<\/div>\n<div><\/div>\n<div>A perfect choice for offices, balconies or narrow living spaces, this desk offers both practicality and aesthetics.<\/div>\n<p>Wooden Parts Excluded.<\/p>","protected":false},"featured_media":17027,"template":"","meta":{"footnotes":""},"product_brand":[],"product_cat":[206,235],"product_tag":[239,240,251],"class_list":{"0":"post-17022","1":"product","2":"type-product","3":"status-publish","4":"has-post-thumbnail","6":"product_cat-mekanizmalar","7":"product_cat-pratik-masa-mekanizmalari","8":"product_tag-akilli-mobilya","9":"product_tag-acilir-yatak","10":"product_tag-duvar-yatak-mekanizmalari","11":"tm-no-options","13":"first","14":"instock","15":"taxable","16":"shipping-taxable","17":"purchasable","18":"product-type-simple"},"yoast_head":"<!-- This site is optimized with the Yoast SEO plugin v26.8 - https:\/\/yoast.com\/product\/yoast-seo-wordpress\/ -->\n<title>Duvara Katlan\u0131r Masa Mekanizmas\u0131 - Modamob Ak\u0131ll\u0131 Mobilya<\/title>\n<meta name=\"robots\" content=\"index, follow, max-snippet:-1, max-image-preview:large, max-video-preview:-1\" \/>\n<link rel=\"canonical\" href=\"https:\/\/www.modamob.com.tr\/en\/product-2\/wall-folding-table-mechanism\/\" \/>\n<meta property=\"og:locale\" content=\"en_US\" \/>\n<meta property=\"og:type\" content=\"article\" \/>\n<meta property=\"og:title\" content=\"Duvara Katlan\u0131r Masa Mekanizmas\u0131 - Modamob Ak\u0131ll\u0131 Mobilya\" \/>\n<meta property=\"og:description\" content=\"Katlanabilir Duvara Monte Masa  \u015e\u0131k ve Pratik Tasar\u0131m  Bu katlanabilir duvara monte masa, alan tasarrufunu \u00f6n planda tutan modern evler i\u00e7in idealdir. \u015e\u0131k ve minimal tasar\u0131m\u0131 sayesinde her t\u00fcrl\u00fc i\u00e7 mekana uyum sa\u011flar. Sa\u011flam metal ayaklar\u0131 ile uzun \u00f6m\u00fcrl\u00fc bir kullan\u0131m sunar.  \u00d6zellikler:  \u2022Y\u00fcksek dayan\u0131kl\u0131l\u0131\u011fa sahip metal g\u00f6vde \u2022Duvara monte edilebilir yap\u0131s\u0131yla alan kullan\u0131m\u0131n\u0131 optimize eder \u2022Kullan\u0131m Kolayl\u0131\u011f\u0131: Katlanabilir tasar\u0131m\u0131 sayesinde kullan\u0131lmad\u0131\u011f\u0131nda kolayca kald\u0131r\u0131labilir ve yer kaplamaz  Ofisler, balkonlar veya dar ya\u015fam alanlar\u0131 i\u00e7in m\u00fckemmel bir se\u00e7im olan bu masa, hem pratiklik hem de estetik sunar. Ah\u015fap K\u0131s\u0131mlar Hari\u00e7tir.\" \/>\n<meta property=\"og:url\" content=\"https:\/\/www.modamob.com.tr\/en\/product-2\/wall-folding-table-mechanism\/\" \/>\n<meta property=\"og:site_name\" content=\"Modamob Ak\u0131ll\u0131 Mobilya\" \/>\n<meta property=\"article:modified_time\" content=\"2026-02-13T19:43:14+00:00\" \/>\n<meta property=\"og:image\" content=\"https:\/\/www.modamob.com.tr\/wp-content\/uploads\/2024\/10\/Mdmb12744--scaled.jpg\" \/>\n\t<meta property=\"og:image:width\" content=\"2560\" \/>\n\t<meta property=\"og:image:height\" content=\"1920\" \/>\n\t<meta property=\"og:image:type\" content=\"image\/jpeg\" \/>\n<meta name=\"twitter:card\" content=\"summary_large_image\" \/>\n<meta name=\"twitter:label1\" content=\"Est. reading time\" \/>\n\t<meta name=\"twitter:data1\" content=\"1 minute\" \/>\n<script type=\"application\/ld+json\" class=\"yoast-schema-graph\">{\"@context\":\"https:\/\/schema.org\",\"@graph\":[{\"@type\":\"WebPage\",\"@id\":\"https:\/\/www.modamob.com.tr\/urun\/duvara-katlanir-masa-mekanizmasi\/\",\"url\":\"https:\/\/www.modamob.com.tr\/urun\/duvara-katlanir-masa-mekanizmasi\/\",\"name\":\"Duvara Katlan\u0131r Masa Mekanizmas\u0131 - Modamob Ak\u0131ll\u0131 Mobilya\",\"isPartOf\":{\"@id\":\"https:\/\/www.modamob.com.tr\/#website\"},\"primaryImageOfPage\":{\"@id\":\"https:\/\/www.modamob.com.tr\/urun\/duvara-katlanir-masa-mekanizmasi\/#primaryimage\"},\"image\":{\"@id\":\"https:\/\/www.modamob.com.tr\/urun\/duvara-katlanir-masa-mekanizmasi\/#primaryimage\"},\"thumbnailUrl\":\"https:\/\/www.modamob.com.tr\/wp-content\/uploads\/2024\/10\/Mdmb12744--scaled.jpg\",\"datePublished\":\"2024-10-26T14:12:14+00:00\",\"dateModified\":\"2026-02-13T19:43:14+00:00\",\"breadcrumb\":{\"@id\":\"https:\/\/www.modamob.com.tr\/urun\/duvara-katlanir-masa-mekanizmasi\/#breadcrumb\"},\"inLanguage\":\"en-US\",\"potentialAction\":[{\"@type\":\"ReadAction\",\"target\":[\"https:\/\/www.modamob.com.tr\/urun\/duvara-katlanir-masa-mekanizmasi\/\"]}]},{\"@type\":\"ImageObject\",\"inLanguage\":\"en-US\",\"@id\":\"https:\/\/www.modamob.com.tr\/urun\/duvara-katlanir-masa-mekanizmasi\/#primaryimage\",\"url\":\"https:\/\/www.modamob.com.tr\/wp-content\/uploads\/2024\/10\/Mdmb12744--scaled.jpg\",\"contentUrl\":\"https:\/\/www.modamob.com.tr\/wp-content\/uploads\/2024\/10\/Mdmb12744--scaled.jpg\",\"width\":2560,\"height\":1920,\"caption\":\"Duvara Katlan\u0131r Masa Mekanizmas\u0131\"},{\"@type\":\"BreadcrumbList\",\"@id\":\"https:\/\/www.modamob.com.tr\/urun\/duvara-katlanir-masa-mekanizmasi\/#breadcrumb\",\"itemListElement\":[{\"@type\":\"ListItem\",\"position\":1,\"name\":\"Anasayfa\",\"item\":\"https:\/\/www.modamob.com.tr\/\"},{\"@type\":\"ListItem\",\"position\":2,\"name\":\"Ma\u011faza\",\"item\":\"https:\/\/www.modamob.com.tr\/magaza\/\"},{\"@type\":\"ListItem\",\"position\":3,\"name\":\"Duvara Katlan\u0131r Masa Mekanizmas\u0131\"}]},{\"@type\":\"WebSite\",\"@id\":\"https:\/\/www.modamob.com.tr\/#website\",\"url\":\"https:\/\/www.modamob.com.tr\/\",\"name\":\"Modamob Ak\u0131ll\u0131 Mobilya\",\"description\":\"Yeni Nesil Hareketli Mobilyalar\",\"potentialAction\":[{\"@type\":\"SearchAction\",\"target\":{\"@type\":\"EntryPoint\",\"urlTemplate\":\"https:\/\/www.modamob.com.tr\/?s={search_term_string}\"},\"query-input\":{\"@type\":\"PropertyValueSpecification\",\"valueRequired\":true,\"valueName\":\"search_term_string\"}}],\"inLanguage\":\"en-US\"}]}<\/script>\n<!-- \/ Yoast SEO plugin. -->","yoast_head_json":{"title":"Wall Folding Table Mechanism - Modamob Smart Furniture","robots":{"index":"index","follow":"follow","max-snippet":"max-snippet:-1","max-image-preview":"max-image-preview:large","max-video-preview":"max-video-preview:-1"},"canonical":"https:\/\/www.modamob.com.tr\/en\/product-2\/wall-folding-table-mechanism\/","og_locale":"en_US","og_type":"article","og_title":"Duvara Katlan\u0131r Masa Mekanizmas\u0131 - Modamob Ak\u0131ll\u0131 Mobilya","og_description":"Katlanabilir Duvara Monte Masa  \u015e\u0131k ve Pratik Tasar\u0131m  Bu katlanabilir duvara monte masa, alan tasarrufunu \u00f6n planda tutan modern evler i\u00e7in idealdir. \u015e\u0131k ve minimal tasar\u0131m\u0131 sayesinde her t\u00fcrl\u00fc i\u00e7 mekana uyum sa\u011flar. Sa\u011flam metal ayaklar\u0131 ile uzun \u00f6m\u00fcrl\u00fc bir kullan\u0131m sunar.  \u00d6zellikler:  \u2022Y\u00fcksek dayan\u0131kl\u0131l\u0131\u011fa sahip metal g\u00f6vde \u2022Duvara monte edilebilir yap\u0131s\u0131yla alan kullan\u0131m\u0131n\u0131 optimize eder \u2022Kullan\u0131m Kolayl\u0131\u011f\u0131: Katlanabilir tasar\u0131m\u0131 sayesinde kullan\u0131lmad\u0131\u011f\u0131nda kolayca kald\u0131r\u0131labilir ve yer kaplamaz  Ofisler, balkonlar veya dar ya\u015fam alanlar\u0131 i\u00e7in m\u00fckemmel bir se\u00e7im olan bu masa, hem pratiklik hem de estetik sunar. Ah\u015fap K\u0131s\u0131mlar Hari\u00e7tir.","og_url":"https:\/\/www.modamob.com.tr\/en\/product-2\/wall-folding-table-mechanism\/","og_site_name":"Modamob Ak\u0131ll\u0131 Mobilya","article_modified_time":"2026-02-13T19:43:14+00:00","og_image":[{"width":2560,"height":1920,"url":"https:\/\/www.modamob.com.tr\/wp-content\/uploads\/2024\/10\/Mdmb12744--scaled.jpg","type":"image\/jpeg"}],"twitter_card":"summary_large_image","twitter_misc":{"Est. reading time":"1 minute"},"schema":{"@context":"https:\/\/schema.org","@graph":[{"@type":"WebPage","@id":"https:\/\/www.modamob.com.tr\/urun\/duvara-katlanir-masa-mekanizmasi\/","url":"https:\/\/www.modamob.com.tr\/urun\/duvara-katlanir-masa-mekanizmasi\/","name":"Wall Folding Table Mechanism - Modamob Smart Furniture","isPartOf":{"@id":"https:\/\/www.modamob.com.tr\/#website"},"primaryImageOfPage":{"@id":"https:\/\/www.modamob.com.tr\/urun\/duvara-katlanir-masa-mekanizmasi\/#primaryimage"},"image":{"@id":"https:\/\/www.modamob.com.tr\/urun\/duvara-katlanir-masa-mekanizmasi\/#primaryimage"},"thumbnailUrl":"https:\/\/www.modamob.com.tr\/wp-content\/uploads\/2024\/10\/Mdmb12744--scaled.jpg","datePublished":"2024-10-26T14:12:14+00:00","dateModified":"2026-02-13T19:43:14+00:00","breadcrumb":{"@id":"https:\/\/www.modamob.com.tr\/urun\/duvara-katlanir-masa-mekanizmasi\/#breadcrumb"},"inLanguage":"en-US","potentialAction":[{"@type":"ReadAction","target":["https:\/\/www.modamob.com.tr\/urun\/duvara-katlanir-masa-mekanizmasi\/"]}]},{"@type":"ImageObject","inLanguage":"en-US","@id":"https:\/\/www.modamob.com.tr\/urun\/duvara-katlanir-masa-mekanizmasi\/#primaryimage","url":"https:\/\/www.modamob.com.tr\/wp-content\/uploads\/2024\/10\/Mdmb12744--scaled.jpg","contentUrl":"https:\/\/www.modamob.com.tr\/wp-content\/uploads\/2024\/10\/Mdmb12744--scaled.jpg","width":2560,"height":1920,"caption":"Duvara Katlan\u0131r Masa Mekanizmas\u0131"},{"@type":"BreadcrumbList","@id":"https:\/\/www.modamob.com.tr\/urun\/duvara-katlanir-masa-mekanizmasi\/#breadcrumb","itemListElement":[{"@type":"ListItem","position":1,"name":"Anasayfa","item":"https:\/\/www.modamob.com.tr\/"},{"@type":"ListItem","position":2,"name":"Ma\u011faza","item":"https:\/\/www.modamob.com.tr\/magaza\/"},{"@type":"ListItem","position":3,"name":"Duvara Katlan\u0131r Masa Mekanizmas\u0131"}]},{"@type":"WebSite","@id":"https:\/\/www.modamob.com.tr\/#website","url":"https:\/\/www.modamob.com.tr\/","name":"Modamob Smart Furniture","description":"New Generation Movable Furniture","potentialAction":[{"@type":"SearchAction","target":{"@type":"EntryPoint","urlTemplate":"https:\/\/www.modamob.com.tr\/?s={search_term_string}"},"query-input":{"@type":"PropertyValueSpecification","valueRequired":true,"valueName":"search_term_string"}}],"inLanguage":"en-US"}]}},"_links":{"self":[{"href":"https:\/\/www.modamob.com.tr\/en\/wp-json\/wp\/v2\/product\/17022","targetHints":{"allow":["GET"]}}],"collection":[{"href":"https:\/\/www.modamob.com.tr\/en\/wp-json\/wp\/v2\/product"}],"about":[{"href":"https:\/\/www.modamob.com.tr\/en\/wp-json\/wp\/v2\/types\/product"}],"version-history":[{"count":4,"href":"https:\/\/www.modamob.com.tr\/en\/wp-json\/wp\/v2\/product\/17022\/revisions"}],"predecessor-version":[{"id":18815,"href":"https:\/\/www.modamob.com.tr\/en\/wp-json\/wp\/v2\/product\/17022\/revisions\/18815"}],"wp:featuredmedia":[{"embeddable":true,"href":"https:\/\/www.modamob.com.tr\/en\/wp-json\/wp\/v2\/media\/17027"}],"wp:attachment":[{"href":"https:\/\/www.modamob.com.tr\/en\/wp-json\/wp\/v2\/media?parent=17022"}],"wp:term":[{"taxonomy":"product_brand","embeddable":true,"href":"https:\/\/www.modamob.com.tr\/en\/wp-json\/wp\/v2\/product_brand?post=17022"},{"taxonomy":"product_cat","embeddable":true,"href":"https:\/\/www.modamob.com.tr\/en\/wp-json\/wp\/v2\/product_cat?post=17022"},{"taxonomy":"product_tag","embeddable":true,"href":"https:\/\/www.modamob.com.tr\/en\/wp-json\/wp\/v2\/product_tag?post=17022"}],"curies":[{"name":"wp","href":"https:\/\/api.w.org\/{rel}","templated":true}]}}