{"id":12812,"date":"2022-12-02T14:30:18","date_gmt":"2022-12-02T14:30:18","guid":{"rendered":"https:\/\/modamob2.myco.site\/?post_type=product&#038;p=12812"},"modified":"2026-03-24T16:16:10","modified_gmt":"2026-03-24T13:16:10","slug":"double-vertical-wall-bed-mechanism","status":"publish","type":"product","link":"https:\/\/www.modamob.com.tr\/en\/product-2\/double-vertical-wall-bed-mechanism\/","title":{"rendered":"Double Vertical Extendable Wall Bed Mechanism"},"content":{"rendered":"<h1><a href=\"https:\/\/www.modamob.com.tr\/en\/product-2\/cift-kisilik-dikey-acilir-gizli-duvar-yatagi-mekanizma\/\">Double Vertical Extendable Wall Bed Mechanism<\/a><\/h1>\n<h2>Product Details:<\/h2>\n<ul>\n<li><strong>It is sent to all Turkey with free shipping.<\/strong><\/li>\n<li><b>The mechanisms are produced from 5mm laser cut sheet metal.<\/b><\/li>\n<li><strong>Profiles: Produced from 30x40x1.5 mm box profile.<\/strong><\/li>\n<li><strong>The products are oven painted matte black.<\/strong><\/li>\n<li><strong>Wooden parts are excluded in the prices.<\/strong><\/li>\n<li><b>Mechanisms are shipped pre-assembled.<\/b><\/li>\n<li><strong>The products are sent in box packaging.<\/strong><\/li>\n<li><strong>Installation diagrams are included in the box packaging.<\/strong><\/li>\n<\/ul>\n<p><strong>YOU CAN REQUEST THE FURNITURE CUTTING LISTS RELATED TO THE MECHANISM YOU PURCHASED FROM OUR COMPANY.<\/strong><\/p>","protected":false},"excerpt":{"rendered":"<p>Modamob Smart Wall Bed Systems stand out as a simple and functional wall bed mechanism. Developed for furniture manufacturers who need foldable beds on the wall, this system completely integrates with the wall when opened and closed and saves space. Offered as a single or double wall bed mechanism, this product offers a simple but effective option for architects, carpenters and those who want to design their own furniture to produce furniture for narrow spaces. The robust structure and easy assembly feature of the mechanism contribute to practical furniture designs.<\/p>\n<p>This wall bed mechanism is the ideal product for professionals who design modern and compact living spaces. It is designed to help users maximize their space, especially in projects that require smart furniture solutions.\u00a0<span style=\"color: #993300;\">You can contact us regarding your special size designs.<\/span><\/p>\n<p><strong>The mechanism and the hornbeam slats on the bed base are included in the price.<\/strong><\/p>\n<p><strong>Wooden Parts Excluded.<\/strong><\/p>","protected":false},"featured_media":16861,"template":"","meta":{"footnotes":""},"product_brand":[],"product_cat":[205,206],"product_tag":[244,251,252,239],"class_list":{"0":"post-12812","1":"product","2":"type-product","3":"status-publish","4":"has-post-thumbnail","6":"product_cat-cift-kisilik-somyali-mekanizmalar","7":"product_cat-mekanizmalar","8":"product_tag-duvar-yataklari","9":"product_tag-duvar-yatak-mekanizmalari","10":"product_tag-somyali-mekanizma","11":"product_tag-akilli-mobilya","12":"tm-no-options","14":"first","15":"instock","16":"sale","17":"taxable","18":"shipping-taxable","19":"purchasable","20":"product-type-variable"},"yoast_head":"<!-- This site is optimized with the Yoast SEO plugin v26.8 - https:\/\/yoast.com\/product\/yoast-seo-wordpress\/ -->\n<title>\u00c7ift Ki\u015filik Dikey A\u00e7\u0131l\u0131r Duvar Yata\u011f\u0131 Mekanizmas\u0131 - Modamob Ak\u0131ll\u0131 Mobilya<\/title>\n<meta name=\"robots\" content=\"index, follow, max-snippet:-1, max-image-preview:large, max-video-preview:-1\" \/>\n<link rel=\"canonical\" href=\"https:\/\/www.modamob.com.tr\/en\/product-2\/double-vertical-wall-bed-mechanism\/\" \/>\n<meta property=\"og:locale\" content=\"en_US\" \/>\n<meta property=\"og:type\" content=\"article\" \/>\n<meta property=\"og:title\" content=\"\u00c7ift Ki\u015filik Dikey A\u00e7\u0131l\u0131r Duvar Yata\u011f\u0131 Mekanizmas\u0131 - Modamob Ak\u0131ll\u0131 Mobilya\" \/>\n<meta property=\"og:description\" content=\"Modamob Ak\u0131ll\u0131 Duvar Yata\u011f\u0131 Sistemleri, yal\u0131n ve i\u015flevsel bir duvar yata\u011f\u0131 mekanizmas\u0131 olarak \u00f6ne \u00e7\u0131k\u0131yor. Duvara katlanabilir yatak ihtiyac\u0131 olan mobilya \u00fcreticileri i\u00e7in geli\u015ftirilen bu sistem, a\u00e7\u0131l\u0131p kapand\u0131\u011f\u0131nda tamamen duvarla b\u00fct\u00fcnle\u015fir ve alandan tasarruf sa\u011flar. Tek veya \u00e7ift ki\u015filik duvar yata\u011f\u0131 mekanizmas\u0131 olarak sunulan bu \u00fcr\u00fcn, dar alan mobilyalar\u0131 \u00fcretmek mimarlar, marangozlar ve kendi mobilyas\u0131n\u0131 tasarlamak isteyenler i\u00e7in sade ama etkili bir se\u00e7enek sunar. Mekanizman\u0131n sa\u011flam yap\u0131s\u0131 ve kolay montaj \u00f6zelli\u011fi, pratik mobilya tasar\u0131mlar\u0131na katk\u0131 sa\u011flar.  Bu duvar yata\u011f\u0131 mekanizmas\u0131, modern ve kompakt ya\u015fam alanlar\u0131 tasarlayan profesyoneller i\u00e7in ideal bir \u00fcr\u00fcnd\u00fcr. \u00d6zellikle ak\u0131ll\u0131 mobilya \u00e7\u00f6z\u00fcmlerine ihtiya\u00e7 duyan projelerde, kullan\u0131c\u0131lar\u0131n alan\u0131n\u0131 maksimum verimlilikle de\u011ferlendirmelerine yard\u0131mc\u0131 olacak \u015fekilde tasarlanm\u0131\u015ft\u0131r.\u00a0\u00d6zel \u00f6l\u00e7\u00fc tasar\u0131mlar\u0131n\u0131zla ilgili bizimle ileti\u015fime ge\u00e7ebilirsiniz.  Mekanizma ve somya \u00fczerindeki G\u00fcrgen Latalar fiyata dahildir.  Ah\u015fap K\u0131s\u0131mlar Hari\u00e7tir.\" \/>\n<meta property=\"og:url\" content=\"https:\/\/www.modamob.com.tr\/en\/product-2\/double-vertical-wall-bed-mechanism\/\" \/>\n<meta property=\"og:site_name\" content=\"Modamob Ak\u0131ll\u0131 Mobilya\" \/>\n<meta property=\"article:modified_time\" content=\"2026-03-24T13:16:10+00:00\" \/>\n<meta property=\"og:image\" content=\"https:\/\/www.modamob.com.tr\/wp-content\/uploads\/2022\/12\/Mdmb12635--scaled.jpg\" \/>\n\t<meta property=\"og:image:width\" content=\"2560\" \/>\n\t<meta property=\"og:image:height\" content=\"1920\" \/>\n\t<meta property=\"og:image:type\" content=\"image\/jpeg\" \/>\n<meta name=\"twitter:card\" content=\"summary_large_image\" \/>\n<meta name=\"twitter:label1\" content=\"Est. reading time\" \/>\n\t<meta name=\"twitter:data1\" content=\"1 minute\" \/>\n<script type=\"application\/ld+json\" class=\"yoast-schema-graph\">{\"@context\":\"https:\/\/schema.org\",\"@graph\":[{\"@type\":\"WebPage\",\"@id\":\"https:\/\/www.modamob.com.tr\/urun\/cift-kisilik-dikey-acilir-duvar-yatagi-mekanizma\/\",\"url\":\"https:\/\/www.modamob.com.tr\/urun\/cift-kisilik-dikey-acilir-duvar-yatagi-mekanizma\/\",\"name\":\"\u00c7ift Ki\u015filik Dikey A\u00e7\u0131l\u0131r Duvar Yata\u011f\u0131 Mekanizmas\u0131 - Modamob Ak\u0131ll\u0131 Mobilya\",\"isPartOf\":{\"@id\":\"https:\/\/www.modamob.com.tr\/#website\"},\"primaryImageOfPage\":{\"@id\":\"https:\/\/www.modamob.com.tr\/urun\/cift-kisilik-dikey-acilir-duvar-yatagi-mekanizma\/#primaryimage\"},\"image\":{\"@id\":\"https:\/\/www.modamob.com.tr\/urun\/cift-kisilik-dikey-acilir-duvar-yatagi-mekanizma\/#primaryimage\"},\"thumbnailUrl\":\"https:\/\/www.modamob.com.tr\/wp-content\/uploads\/2022\/12\/Mdmb12635--scaled.jpg\",\"datePublished\":\"2022-12-02T14:30:18+00:00\",\"dateModified\":\"2026-03-24T13:16:10+00:00\",\"breadcrumb\":{\"@id\":\"https:\/\/www.modamob.com.tr\/urun\/cift-kisilik-dikey-acilir-duvar-yatagi-mekanizma\/#breadcrumb\"},\"inLanguage\":\"en-US\",\"potentialAction\":[{\"@type\":\"ReadAction\",\"target\":[\"https:\/\/www.modamob.com.tr\/urun\/cift-kisilik-dikey-acilir-duvar-yatagi-mekanizma\/\"]}]},{\"@type\":\"ImageObject\",\"inLanguage\":\"en-US\",\"@id\":\"https:\/\/www.modamob.com.tr\/urun\/cift-kisilik-dikey-acilir-duvar-yatagi-mekanizma\/#primaryimage\",\"url\":\"https:\/\/www.modamob.com.tr\/wp-content\/uploads\/2022\/12\/Mdmb12635--scaled.jpg\",\"contentUrl\":\"https:\/\/www.modamob.com.tr\/wp-content\/uploads\/2022\/12\/Mdmb12635--scaled.jpg\",\"width\":2560,\"height\":1920,\"caption\":\"\u00c7ift Ki\u015filik Dikey A\u00e7\u0131l\u0131r Duvar Yata\u011f\u0131 Mekanizmas\u0131\"},{\"@type\":\"BreadcrumbList\",\"@id\":\"https:\/\/www.modamob.com.tr\/urun\/cift-kisilik-dikey-acilir-duvar-yatagi-mekanizma\/#breadcrumb\",\"itemListElement\":[{\"@type\":\"ListItem\",\"position\":1,\"name\":\"Anasayfa\",\"item\":\"https:\/\/www.modamob.com.tr\/\"},{\"@type\":\"ListItem\",\"position\":2,\"name\":\"Ma\u011faza\",\"item\":\"https:\/\/www.modamob.com.tr\/magaza\/\"},{\"@type\":\"ListItem\",\"position\":3,\"name\":\"\u00c7ift Ki\u015filik Dikey A\u00e7\u0131l\u0131r Duvar Yata\u011f\u0131 Mekanizmas\u0131\"}]},{\"@type\":\"WebSite\",\"@id\":\"https:\/\/www.modamob.com.tr\/#website\",\"url\":\"https:\/\/www.modamob.com.tr\/\",\"name\":\"Modamob Ak\u0131ll\u0131 Mobilya\",\"description\":\"Yeni Nesil Hareketli Mobilyalar\",\"potentialAction\":[{\"@type\":\"SearchAction\",\"target\":{\"@type\":\"EntryPoint\",\"urlTemplate\":\"https:\/\/www.modamob.com.tr\/?s={search_term_string}\"},\"query-input\":{\"@type\":\"PropertyValueSpecification\",\"valueRequired\":true,\"valueName\":\"search_term_string\"}}],\"inLanguage\":\"en-US\"}]}<\/script>\n<!-- \/ Yoast SEO plugin. -->","yoast_head_json":{"title":"Double Vertical Wall Bed Mechanism - Modamob Smart Furniture","robots":{"index":"index","follow":"follow","max-snippet":"max-snippet:-1","max-image-preview":"max-image-preview:large","max-video-preview":"max-video-preview:-1"},"canonical":"https:\/\/www.modamob.com.tr\/en\/product-2\/double-vertical-wall-bed-mechanism\/","og_locale":"en_US","og_type":"article","og_title":"\u00c7ift Ki\u015filik Dikey A\u00e7\u0131l\u0131r Duvar Yata\u011f\u0131 Mekanizmas\u0131 - Modamob Ak\u0131ll\u0131 Mobilya","og_description":"Modamob Ak\u0131ll\u0131 Duvar Yata\u011f\u0131 Sistemleri, yal\u0131n ve i\u015flevsel bir duvar yata\u011f\u0131 mekanizmas\u0131 olarak \u00f6ne \u00e7\u0131k\u0131yor. Duvara katlanabilir yatak ihtiyac\u0131 olan mobilya \u00fcreticileri i\u00e7in geli\u015ftirilen bu sistem, a\u00e7\u0131l\u0131p kapand\u0131\u011f\u0131nda tamamen duvarla b\u00fct\u00fcnle\u015fir ve alandan tasarruf sa\u011flar. Tek veya \u00e7ift ki\u015filik duvar yata\u011f\u0131 mekanizmas\u0131 olarak sunulan bu \u00fcr\u00fcn, dar alan mobilyalar\u0131 \u00fcretmek mimarlar, marangozlar ve kendi mobilyas\u0131n\u0131 tasarlamak isteyenler i\u00e7in sade ama etkili bir se\u00e7enek sunar. Mekanizman\u0131n sa\u011flam yap\u0131s\u0131 ve kolay montaj \u00f6zelli\u011fi, pratik mobilya tasar\u0131mlar\u0131na katk\u0131 sa\u011flar.  Bu duvar yata\u011f\u0131 mekanizmas\u0131, modern ve kompakt ya\u015fam alanlar\u0131 tasarlayan profesyoneller i\u00e7in ideal bir \u00fcr\u00fcnd\u00fcr. \u00d6zellikle ak\u0131ll\u0131 mobilya \u00e7\u00f6z\u00fcmlerine ihtiya\u00e7 duyan projelerde, kullan\u0131c\u0131lar\u0131n alan\u0131n\u0131 maksimum verimlilikle de\u011ferlendirmelerine yard\u0131mc\u0131 olacak \u015fekilde tasarlanm\u0131\u015ft\u0131r.\u00a0\u00d6zel \u00f6l\u00e7\u00fc tasar\u0131mlar\u0131n\u0131zla ilgili bizimle ileti\u015fime ge\u00e7ebilirsiniz.  Mekanizma ve somya \u00fczerindeki G\u00fcrgen Latalar fiyata dahildir.  Ah\u015fap K\u0131s\u0131mlar Hari\u00e7tir.","og_url":"https:\/\/www.modamob.com.tr\/en\/product-2\/double-vertical-wall-bed-mechanism\/","og_site_name":"Modamob Ak\u0131ll\u0131 Mobilya","article_modified_time":"2026-03-24T13:16:10+00:00","og_image":[{"width":2560,"height":1920,"url":"https:\/\/www.modamob.com.tr\/wp-content\/uploads\/2022\/12\/Mdmb12635--scaled.jpg","type":"image\/jpeg"}],"twitter_card":"summary_large_image","twitter_misc":{"Est. reading time":"1 minute"},"schema":{"@context":"https:\/\/schema.org","@graph":[{"@type":"WebPage","@id":"https:\/\/www.modamob.com.tr\/urun\/cift-kisilik-dikey-acilir-duvar-yatagi-mekanizma\/","url":"https:\/\/www.modamob.com.tr\/urun\/cift-kisilik-dikey-acilir-duvar-yatagi-mekanizma\/","name":"Double Vertical Wall Bed Mechanism - Modamob Smart Furniture","isPartOf":{"@id":"https:\/\/www.modamob.com.tr\/#website"},"primaryImageOfPage":{"@id":"https:\/\/www.modamob.com.tr\/urun\/cift-kisilik-dikey-acilir-duvar-yatagi-mekanizma\/#primaryimage"},"image":{"@id":"https:\/\/www.modamob.com.tr\/urun\/cift-kisilik-dikey-acilir-duvar-yatagi-mekanizma\/#primaryimage"},"thumbnailUrl":"https:\/\/www.modamob.com.tr\/wp-content\/uploads\/2022\/12\/Mdmb12635--scaled.jpg","datePublished":"2022-12-02T14:30:18+00:00","dateModified":"2026-03-24T13:16:10+00:00","breadcrumb":{"@id":"https:\/\/www.modamob.com.tr\/urun\/cift-kisilik-dikey-acilir-duvar-yatagi-mekanizma\/#breadcrumb"},"inLanguage":"en-US","potentialAction":[{"@type":"ReadAction","target":["https:\/\/www.modamob.com.tr\/urun\/cift-kisilik-dikey-acilir-duvar-yatagi-mekanizma\/"]}]},{"@type":"ImageObject","inLanguage":"en-US","@id":"https:\/\/www.modamob.com.tr\/urun\/cift-kisilik-dikey-acilir-duvar-yatagi-mekanizma\/#primaryimage","url":"https:\/\/www.modamob.com.tr\/wp-content\/uploads\/2022\/12\/Mdmb12635--scaled.jpg","contentUrl":"https:\/\/www.modamob.com.tr\/wp-content\/uploads\/2022\/12\/Mdmb12635--scaled.jpg","width":2560,"height":1920,"caption":"\u00c7ift Ki\u015filik Dikey A\u00e7\u0131l\u0131r Duvar Yata\u011f\u0131 Mekanizmas\u0131"},{"@type":"BreadcrumbList","@id":"https:\/\/www.modamob.com.tr\/urun\/cift-kisilik-dikey-acilir-duvar-yatagi-mekanizma\/#breadcrumb","itemListElement":[{"@type":"ListItem","position":1,"name":"Anasayfa","item":"https:\/\/www.modamob.com.tr\/"},{"@type":"ListItem","position":2,"name":"Ma\u011faza","item":"https:\/\/www.modamob.com.tr\/magaza\/"},{"@type":"ListItem","position":3,"name":"\u00c7ift Ki\u015filik Dikey A\u00e7\u0131l\u0131r Duvar Yata\u011f\u0131 Mekanizmas\u0131"}]},{"@type":"WebSite","@id":"https:\/\/www.modamob.com.tr\/#website","url":"https:\/\/www.modamob.com.tr\/","name":"Modamob Smart Furniture","description":"New Generation Movable Furniture","potentialAction":[{"@type":"SearchAction","target":{"@type":"EntryPoint","urlTemplate":"https:\/\/www.modamob.com.tr\/?s={search_term_string}"},"query-input":{"@type":"PropertyValueSpecification","valueRequired":true,"valueName":"search_term_string"}}],"inLanguage":"en-US"}]}},"_links":{"self":[{"href":"https:\/\/www.modamob.com.tr\/en\/wp-json\/wp\/v2\/product\/12812","targetHints":{"allow":["GET"]}}],"collection":[{"href":"https:\/\/www.modamob.com.tr\/en\/wp-json\/wp\/v2\/product"}],"about":[{"href":"https:\/\/www.modamob.com.tr\/en\/wp-json\/wp\/v2\/types\/product"}],"version-history":[{"count":5,"href":"https:\/\/www.modamob.com.tr\/en\/wp-json\/wp\/v2\/product\/12812\/revisions"}],"predecessor-version":[{"id":18761,"href":"https:\/\/www.modamob.com.tr\/en\/wp-json\/wp\/v2\/product\/12812\/revisions\/18761"}],"wp:featuredmedia":[{"embeddable":true,"href":"https:\/\/www.modamob.com.tr\/en\/wp-json\/wp\/v2\/media\/16861"}],"wp:attachment":[{"href":"https:\/\/www.modamob.com.tr\/en\/wp-json\/wp\/v2\/media?parent=12812"}],"wp:term":[{"taxonomy":"product_brand","embeddable":true,"href":"https:\/\/www.modamob.com.tr\/en\/wp-json\/wp\/v2\/product_brand?post=12812"},{"taxonomy":"product_cat","embeddable":true,"href":"https:\/\/www.modamob.com.tr\/en\/wp-json\/wp\/v2\/product_cat?post=12812"},{"taxonomy":"product_tag","embeddable":true,"href":"https:\/\/www.modamob.com.tr\/en\/wp-json\/wp\/v2\/product_tag?post=12812"}],"curies":[{"name":"wp","href":"https:\/\/api.w.org\/{rel}","templated":true}]}}