{"id":12789,"date":"2022-12-02T13:09:07","date_gmt":"2022-12-02T13:09:07","guid":{"rendered":"https:\/\/modamob2.myco.site\/?post_type=product&#038;p=12789"},"modified":"2026-03-24T16:20:43","modified_gmt":"2026-03-24T13:20:43","slug":"single-vertical-wall-bed-mechanism-with-foldable-table","status":"publish","type":"product","link":"https:\/\/www.modamob.com.tr\/en\/product-2\/single-vertical-wall-bed-mechanism-with-foldable-table\/","title":{"rendered":"Single Person Vertical Wall Bed Mechanism with Extendable Table"},"content":{"rendered":"<h1><a href=\"https:\/\/www.modamob.com.tr\/en\/product-2\/tek-kisilik-dikey-acilir-masali-gizli-duvar-yatagi-mekanizmasi\/\">Single Person Vertical Wall Bed Mechanism with Extendable Table<\/a><\/h1>\n<h2>Product Details:<\/h2>\n<ul>\n<li><strong>It is sent to all Turkey with free shipping.<\/strong><\/li>\n<li><b>The mechanisms are produced from 5mm laser cut sheet metal.<\/b><\/li>\n<li><strong>Profiles: Produced from 30x40x1.5 mm box profile.<\/strong><\/li>\n<li><strong>The products are oven painted matte black.<\/strong><\/li>\n<li><strong>Wooden parts are excluded in the prices.<\/strong><\/li>\n<li><b>Mechanisms are shipped pre-assembled.<\/b><\/li>\n<li><strong>The products are sent in box packaging.<\/strong><\/li>\n<li><strong>Installation diagrams are included in the box packaging.<\/strong><\/li>\n<\/ul>\n<p><strong>YOU CAN REQUEST THE FURNITURE CUTTING LISTS RELATED TO THE MECHANISM YOU PURCHASED FROM OUR COMPANY.<\/strong><\/p>","protected":false},"excerpt":{"rendered":"<div>\n<p>Modamob Smart Wall Bed Systems are not just furniture, they are a high-quality mechanism specially developed for smart furniture solutions. This wall-folding bed mechanism combines both bed and table functions in a single product. It offers a great advantage to furniture manufacturers with mechanisms thanks to its easily openable and closed structure. This durable system, designed for efficient use of space, is ideal especially for functional furniture manufacturers, architects and carpenters. If you want to make a difference in your modular furniture solutions, you can choose this reliable mechanism.<\/p>\n<p>This wall bed mechanism is the ideal product for professionals who design modern and compact living spaces. It is designed to help users maximize their space, especially in projects that require smart furniture solutions.\u00a0<span style=\"color: #993300;\">You can contact us regarding your special size designs.<\/span><\/p>\n<\/div>\n<p><strong>The mechanism and the hornbeam slats on the bed base are included in the price.<\/strong><\/p>\n<p><strong>Wooden Parts Excluded.<\/strong><\/p>","protected":false},"featured_media":16950,"template":"","meta":{"footnotes":""},"product_brand":[],"product_cat":[207,206],"product_tag":[252,239,251],"class_list":{"0":"post-12789","1":"product","2":"type-product","3":"status-publish","4":"has-post-thumbnail","6":"product_cat-tek-kisilik-somyali-mekanizmalar","7":"product_cat-mekanizmalar","8":"product_tag-somyali-mekanizma","9":"product_tag-akilli-mobilya","10":"product_tag-duvar-yatak-mekanizmalari","11":"tm-no-options","13":"first","14":"instock","15":"sale","16":"taxable","17":"shipping-taxable","18":"purchasable","19":"product-type-variable"},"yoast_head":"<!-- This site is optimized with the Yoast SEO plugin v26.8 - https:\/\/yoast.com\/product\/yoast-seo-wordpress\/ -->\n<title>Tek Ki\u015filik Dikey A\u00e7\u0131l\u0131r Masal\u0131 Duvar Yata\u011f\u0131 Mekanizmas\u0131 - Modamob Ak\u0131ll\u0131 Mobilya<\/title>\n<meta name=\"robots\" content=\"index, follow, max-snippet:-1, max-image-preview:large, max-video-preview:-1\" \/>\n<link rel=\"canonical\" href=\"https:\/\/www.modamob.com.tr\/en\/product-2\/single-vertical-wall-bed-mechanism-with-foldable-table\/\" \/>\n<meta property=\"og:locale\" content=\"en_US\" \/>\n<meta property=\"og:type\" content=\"article\" \/>\n<meta property=\"og:title\" content=\"Tek Ki\u015filik Dikey A\u00e7\u0131l\u0131r Masal\u0131 Duvar Yata\u011f\u0131 Mekanizmas\u0131 - Modamob Ak\u0131ll\u0131 Mobilya\" \/>\n<meta property=\"og:description\" content=\"Modamob Ak\u0131ll\u0131 Duvar Yata\u011f\u0131 Sistemleri, sadece mobilya de\u011fil, ak\u0131ll\u0131 mobilya \u00e7\u00f6z\u00fcmleri i\u00e7in \u00f6zel olarak geli\u015ftirilmi\u015f y\u00fcksek kaliteli bir mekanizmad\u0131r. Bu duvara katlanan yatak mekanizmas\u0131, hem yatak hem masa i\u015flevini tek bir \u00fcr\u00fcnde birle\u015ftirir. Kolayca a\u00e7\u0131l\u0131p kapanabilen yap\u0131s\u0131 sayesinde mekanizmal\u0131 mobilya \u00fcreticilerine b\u00fcy\u00fck bir avantaj sunar. Mekan\u0131n verimli kullan\u0131m\u0131 i\u00e7in tasarlanm\u0131\u015f bu dayan\u0131kl\u0131 sistem, \u00f6zellikle fonksiyonel mobilya \u00fcreticileri, mimarlar ve marangozlar i\u00e7in idealdir. Siz de mod\u00fcler mobilya \u00e7\u00f6z\u00fcmlerinizde fark yaratmak istiyorsan\u0131z, bu g\u00fcvenilir mekanizmay\u0131 tercih edebilirsiniz.  Bu duvar yata\u011f\u0131 mekanizmas\u0131, modern ve kompakt ya\u015fam alanlar\u0131 tasarlayan profesyoneller i\u00e7in ideal bir \u00fcr\u00fcnd\u00fcr. \u00d6zellikle ak\u0131ll\u0131 mobilya \u00e7\u00f6z\u00fcmlerine ihtiya\u00e7 duyan projelerde, kullan\u0131c\u0131lar\u0131n alan\u0131n\u0131 maksimum verimlilikle de\u011ferlendirmelerine yard\u0131mc\u0131 olacak \u015fekilde tasarlanm\u0131\u015ft\u0131r.\u00a0\u00d6zel \u00f6l\u00e7\u00fc tasar\u0131mlar\u0131n\u0131zla ilgili bizimle ileti\u015fime ge\u00e7ebilirsiniz.   Mekanizma ve somya \u00fczerindeki G\u00fcrgen Latalar fiyata dahildir.  Ah\u015fap K\u0131s\u0131mlar Hari\u00e7tir.\" \/>\n<meta property=\"og:url\" content=\"https:\/\/www.modamob.com.tr\/en\/product-2\/single-vertical-wall-bed-mechanism-with-foldable-table\/\" \/>\n<meta property=\"og:site_name\" content=\"Modamob Ak\u0131ll\u0131 Mobilya\" \/>\n<meta property=\"article:modified_time\" content=\"2026-03-24T13:20:43+00:00\" \/>\n<meta property=\"og:image\" content=\"https:\/\/www.modamob.com.tr\/wp-content\/uploads\/2022\/12\/Mdmb12656--scaled.jpg\" \/>\n\t<meta property=\"og:image:width\" content=\"2560\" \/>\n\t<meta property=\"og:image:height\" content=\"1920\" \/>\n\t<meta property=\"og:image:type\" content=\"image\/jpeg\" \/>\n<meta name=\"twitter:card\" content=\"summary_large_image\" \/>\n<meta name=\"twitter:label1\" content=\"Est. reading time\" \/>\n\t<meta name=\"twitter:data1\" content=\"1 minute\" \/>\n<script type=\"application\/ld+json\" class=\"yoast-schema-graph\">{\"@context\":\"https:\/\/schema.org\",\"@graph\":[{\"@type\":\"WebPage\",\"@id\":\"https:\/\/www.modamob.com.tr\/urun\/tek-kisilik-dikey-acilir-masali-duvar-yatagi-mekanizmasi\/\",\"url\":\"https:\/\/www.modamob.com.tr\/urun\/tek-kisilik-dikey-acilir-masali-duvar-yatagi-mekanizmasi\/\",\"name\":\"Tek Ki\u015filik Dikey A\u00e7\u0131l\u0131r Masal\u0131 Duvar Yata\u011f\u0131 Mekanizmas\u0131 - Modamob Ak\u0131ll\u0131 Mobilya\",\"isPartOf\":{\"@id\":\"https:\/\/www.modamob.com.tr\/#website\"},\"primaryImageOfPage\":{\"@id\":\"https:\/\/www.modamob.com.tr\/urun\/tek-kisilik-dikey-acilir-masali-duvar-yatagi-mekanizmasi\/#primaryimage\"},\"image\":{\"@id\":\"https:\/\/www.modamob.com.tr\/urun\/tek-kisilik-dikey-acilir-masali-duvar-yatagi-mekanizmasi\/#primaryimage\"},\"thumbnailUrl\":\"https:\/\/www.modamob.com.tr\/wp-content\/uploads\/2022\/12\/Mdmb12656--scaled.jpg\",\"datePublished\":\"2022-12-02T13:09:07+00:00\",\"dateModified\":\"2026-03-24T13:20:43+00:00\",\"breadcrumb\":{\"@id\":\"https:\/\/www.modamob.com.tr\/urun\/tek-kisilik-dikey-acilir-masali-duvar-yatagi-mekanizmasi\/#breadcrumb\"},\"inLanguage\":\"en-US\",\"potentialAction\":[{\"@type\":\"ReadAction\",\"target\":[\"https:\/\/www.modamob.com.tr\/urun\/tek-kisilik-dikey-acilir-masali-duvar-yatagi-mekanizmasi\/\"]}]},{\"@type\":\"ImageObject\",\"inLanguage\":\"en-US\",\"@id\":\"https:\/\/www.modamob.com.tr\/urun\/tek-kisilik-dikey-acilir-masali-duvar-yatagi-mekanizmasi\/#primaryimage\",\"url\":\"https:\/\/www.modamob.com.tr\/wp-content\/uploads\/2022\/12\/Mdmb12656--scaled.jpg\",\"contentUrl\":\"https:\/\/www.modamob.com.tr\/wp-content\/uploads\/2022\/12\/Mdmb12656--scaled.jpg\",\"width\":2560,\"height\":1920,\"caption\":\"Tek Ki\u015filik Dikey A\u00e7\u0131l\u0131r Masal\u0131 Duvar Yata\u011f\u0131 Mekanizmas\u0131\"},{\"@type\":\"BreadcrumbList\",\"@id\":\"https:\/\/www.modamob.com.tr\/urun\/tek-kisilik-dikey-acilir-masali-duvar-yatagi-mekanizmasi\/#breadcrumb\",\"itemListElement\":[{\"@type\":\"ListItem\",\"position\":1,\"name\":\"Anasayfa\",\"item\":\"https:\/\/www.modamob.com.tr\/\"},{\"@type\":\"ListItem\",\"position\":2,\"name\":\"Ma\u011faza\",\"item\":\"https:\/\/www.modamob.com.tr\/magaza\/\"},{\"@type\":\"ListItem\",\"position\":3,\"name\":\"Tek Ki\u015filik Dikey A\u00e7\u0131l\u0131r Masal\u0131 Duvar Yata\u011f\u0131 Mekanizmas\u0131\"}]},{\"@type\":\"WebSite\",\"@id\":\"https:\/\/www.modamob.com.tr\/#website\",\"url\":\"https:\/\/www.modamob.com.tr\/\",\"name\":\"Modamob Ak\u0131ll\u0131 Mobilya\",\"description\":\"Yeni Nesil Hareketli Mobilyalar\",\"potentialAction\":[{\"@type\":\"SearchAction\",\"target\":{\"@type\":\"EntryPoint\",\"urlTemplate\":\"https:\/\/www.modamob.com.tr\/?s={search_term_string}\"},\"query-input\":{\"@type\":\"PropertyValueSpecification\",\"valueRequired\":true,\"valueName\":\"search_term_string\"}}],\"inLanguage\":\"en-US\"}]}<\/script>\n<!-- \/ Yoast SEO plugin. -->","yoast_head_json":{"title":"Single Vertical Wall Bed with Extendable Table Mechanism - Modamob Smart Furniture","robots":{"index":"index","follow":"follow","max-snippet":"max-snippet:-1","max-image-preview":"max-image-preview:large","max-video-preview":"max-video-preview:-1"},"canonical":"https:\/\/www.modamob.com.tr\/en\/product-2\/single-vertical-wall-bed-mechanism-with-foldable-table\/","og_locale":"en_US","og_type":"article","og_title":"Tek Ki\u015filik Dikey A\u00e7\u0131l\u0131r Masal\u0131 Duvar Yata\u011f\u0131 Mekanizmas\u0131 - Modamob Ak\u0131ll\u0131 Mobilya","og_description":"Modamob Ak\u0131ll\u0131 Duvar Yata\u011f\u0131 Sistemleri, sadece mobilya de\u011fil, ak\u0131ll\u0131 mobilya \u00e7\u00f6z\u00fcmleri i\u00e7in \u00f6zel olarak geli\u015ftirilmi\u015f y\u00fcksek kaliteli bir mekanizmad\u0131r. Bu duvara katlanan yatak mekanizmas\u0131, hem yatak hem masa i\u015flevini tek bir \u00fcr\u00fcnde birle\u015ftirir. Kolayca a\u00e7\u0131l\u0131p kapanabilen yap\u0131s\u0131 sayesinde mekanizmal\u0131 mobilya \u00fcreticilerine b\u00fcy\u00fck bir avantaj sunar. Mekan\u0131n verimli kullan\u0131m\u0131 i\u00e7in tasarlanm\u0131\u015f bu dayan\u0131kl\u0131 sistem, \u00f6zellikle fonksiyonel mobilya \u00fcreticileri, mimarlar ve marangozlar i\u00e7in idealdir. Siz de mod\u00fcler mobilya \u00e7\u00f6z\u00fcmlerinizde fark yaratmak istiyorsan\u0131z, bu g\u00fcvenilir mekanizmay\u0131 tercih edebilirsiniz.  Bu duvar yata\u011f\u0131 mekanizmas\u0131, modern ve kompakt ya\u015fam alanlar\u0131 tasarlayan profesyoneller i\u00e7in ideal bir \u00fcr\u00fcnd\u00fcr. \u00d6zellikle ak\u0131ll\u0131 mobilya \u00e7\u00f6z\u00fcmlerine ihtiya\u00e7 duyan projelerde, kullan\u0131c\u0131lar\u0131n alan\u0131n\u0131 maksimum verimlilikle de\u011ferlendirmelerine yard\u0131mc\u0131 olacak \u015fekilde tasarlanm\u0131\u015ft\u0131r.\u00a0\u00d6zel \u00f6l\u00e7\u00fc tasar\u0131mlar\u0131n\u0131zla ilgili bizimle ileti\u015fime ge\u00e7ebilirsiniz.   Mekanizma ve somya \u00fczerindeki G\u00fcrgen Latalar fiyata dahildir.  Ah\u015fap K\u0131s\u0131mlar Hari\u00e7tir.","og_url":"https:\/\/www.modamob.com.tr\/en\/product-2\/single-vertical-wall-bed-mechanism-with-foldable-table\/","og_site_name":"Modamob Ak\u0131ll\u0131 Mobilya","article_modified_time":"2026-03-24T13:20:43+00:00","og_image":[{"width":2560,"height":1920,"url":"https:\/\/www.modamob.com.tr\/wp-content\/uploads\/2022\/12\/Mdmb12656--scaled.jpg","type":"image\/jpeg"}],"twitter_card":"summary_large_image","twitter_misc":{"Est. reading time":"1 minute"},"schema":{"@context":"https:\/\/schema.org","@graph":[{"@type":"WebPage","@id":"https:\/\/www.modamob.com.tr\/urun\/tek-kisilik-dikey-acilir-masali-duvar-yatagi-mekanizmasi\/","url":"https:\/\/www.modamob.com.tr\/urun\/tek-kisilik-dikey-acilir-masali-duvar-yatagi-mekanizmasi\/","name":"Single Vertical Wall Bed with Extendable Table Mechanism - Modamob Smart Furniture","isPartOf":{"@id":"https:\/\/www.modamob.com.tr\/#website"},"primaryImageOfPage":{"@id":"https:\/\/www.modamob.com.tr\/urun\/tek-kisilik-dikey-acilir-masali-duvar-yatagi-mekanizmasi\/#primaryimage"},"image":{"@id":"https:\/\/www.modamob.com.tr\/urun\/tek-kisilik-dikey-acilir-masali-duvar-yatagi-mekanizmasi\/#primaryimage"},"thumbnailUrl":"https:\/\/www.modamob.com.tr\/wp-content\/uploads\/2022\/12\/Mdmb12656--scaled.jpg","datePublished":"2022-12-02T13:09:07+00:00","dateModified":"2026-03-24T13:20:43+00:00","breadcrumb":{"@id":"https:\/\/www.modamob.com.tr\/urun\/tek-kisilik-dikey-acilir-masali-duvar-yatagi-mekanizmasi\/#breadcrumb"},"inLanguage":"en-US","potentialAction":[{"@type":"ReadAction","target":["https:\/\/www.modamob.com.tr\/urun\/tek-kisilik-dikey-acilir-masali-duvar-yatagi-mekanizmasi\/"]}]},{"@type":"ImageObject","inLanguage":"en-US","@id":"https:\/\/www.modamob.com.tr\/urun\/tek-kisilik-dikey-acilir-masali-duvar-yatagi-mekanizmasi\/#primaryimage","url":"https:\/\/www.modamob.com.tr\/wp-content\/uploads\/2022\/12\/Mdmb12656--scaled.jpg","contentUrl":"https:\/\/www.modamob.com.tr\/wp-content\/uploads\/2022\/12\/Mdmb12656--scaled.jpg","width":2560,"height":1920,"caption":"Tek Ki\u015filik Dikey A\u00e7\u0131l\u0131r Masal\u0131 Duvar Yata\u011f\u0131 Mekanizmas\u0131"},{"@type":"BreadcrumbList","@id":"https:\/\/www.modamob.com.tr\/urun\/tek-kisilik-dikey-acilir-masali-duvar-yatagi-mekanizmasi\/#breadcrumb","itemListElement":[{"@type":"ListItem","position":1,"name":"Anasayfa","item":"https:\/\/www.modamob.com.tr\/"},{"@type":"ListItem","position":2,"name":"Ma\u011faza","item":"https:\/\/www.modamob.com.tr\/magaza\/"},{"@type":"ListItem","position":3,"name":"Tek Ki\u015filik Dikey A\u00e7\u0131l\u0131r Masal\u0131 Duvar Yata\u011f\u0131 Mekanizmas\u0131"}]},{"@type":"WebSite","@id":"https:\/\/www.modamob.com.tr\/#website","url":"https:\/\/www.modamob.com.tr\/","name":"Modamob Smart Furniture","description":"New Generation Movable Furniture","potentialAction":[{"@type":"SearchAction","target":{"@type":"EntryPoint","urlTemplate":"https:\/\/www.modamob.com.tr\/?s={search_term_string}"},"query-input":{"@type":"PropertyValueSpecification","valueRequired":true,"valueName":"search_term_string"}}],"inLanguage":"en-US"}]}},"_links":{"self":[{"href":"https:\/\/www.modamob.com.tr\/en\/wp-json\/wp\/v2\/product\/12789","targetHints":{"allow":["GET"]}}],"collection":[{"href":"https:\/\/www.modamob.com.tr\/en\/wp-json\/wp\/v2\/product"}],"about":[{"href":"https:\/\/www.modamob.com.tr\/en\/wp-json\/wp\/v2\/types\/product"}],"version-history":[{"count":5,"href":"https:\/\/www.modamob.com.tr\/en\/wp-json\/wp\/v2\/product\/12789\/revisions"}],"predecessor-version":[{"id":18765,"href":"https:\/\/www.modamob.com.tr\/en\/wp-json\/wp\/v2\/product\/12789\/revisions\/18765"}],"wp:featuredmedia":[{"embeddable":true,"href":"https:\/\/www.modamob.com.tr\/en\/wp-json\/wp\/v2\/media\/16950"}],"wp:attachment":[{"href":"https:\/\/www.modamob.com.tr\/en\/wp-json\/wp\/v2\/media?parent=12789"}],"wp:term":[{"taxonomy":"product_brand","embeddable":true,"href":"https:\/\/www.modamob.com.tr\/en\/wp-json\/wp\/v2\/product_brand?post=12789"},{"taxonomy":"product_cat","embeddable":true,"href":"https:\/\/www.modamob.com.tr\/en\/wp-json\/wp\/v2\/product_cat?post=12789"},{"taxonomy":"product_tag","embeddable":true,"href":"https:\/\/www.modamob.com.tr\/en\/wp-json\/wp\/v2\/product_tag?post=12789"}],"curies":[{"name":"wp","href":"https:\/\/api.w.org\/{rel}","templated":true}]}}