{"id":11761,"date":"2022-11-18T13:43:30","date_gmt":"2022-11-18T10:43:30","guid":{"rendered":"https:\/\/modamob2.myco.site\/?post_type=product&#038;p=11761"},"modified":"2023-09-17T22:13:34","modified_gmt":"2023-09-17T19:13:34","slug":"horizontal-opening-single-seater-table-mechanism-2","status":"publish","type":"product","link":"https:\/\/www.modamob.com.tr\/en\/product-2\/horizontal-opening-single-seater-table-mechanism-2\/","title":{"rendered":"Horizontal Openable Single Table Mechanism"},"content":{"rendered":"<h1><a href=\"https:\/\/www.modamob.com.tr\/en\/?post_type=product&amp;p=11761&amp;preview=true\">Horizontal Openable Single Table Mechanism<\/a><\/h1>\n<p><strong>Product Details<\/strong><br \/>\nIT IS WHOLESALE PRICE. VAT EXCLUDED. METAL PARTS ONLY. FREE SHIPPING<\/p>\n<p><strong>Product Chart<\/strong><br \/>\nBED SIZE IS 90cm x 190cm.<\/p>\n<p>PRODUCTION IS MADE IN DIFFERENT SIZES.<\/p>\n<p>PLEASE CONTACT FOR MORE INFORMATION.<\/p>\n<p><img fetchpriority=\"high\" decoding=\"async\" class=\"alignnone size-medium wp-image-11762\" src=\"https:\/\/modamob.com.tr\/wp-content\/uploads\/2022\/11\/safir1-2x-213x300.jpg\" alt=\"\" width=\"213\" height=\"300\" srcset=\"https:\/\/www.modamob.com.tr\/wp-content\/uploads\/2022\/11\/safir1-2x-213x300.jpg 213w, https:\/\/www.modamob.com.tr\/wp-content\/uploads\/2022\/11\/safir1-2x.jpg 562w\" sizes=\"(max-width: 213px) 100vw, 213px\" \/><\/p>\n<p><strong>Product Assembly Diagram:<\/strong><br \/>\nPlease contact us for different sizes.<\/p>\n<p><img decoding=\"async\" class=\"alignnone size-medium wp-image-11763\" src=\"https:\/\/modamob.com.tr\/wp-content\/uploads\/2022\/11\/yatay-demontex-1-300x159.jpg\" alt=\"\" width=\"300\" height=\"159\" srcset=\"https:\/\/www.modamob.com.tr\/wp-content\/uploads\/2022\/11\/yatay-demontex-1-300x159.jpg 300w, https:\/\/www.modamob.com.tr\/wp-content\/uploads\/2022\/11\/yatay-demontex-1-600x317.jpg 600w, https:\/\/www.modamob.com.tr\/wp-content\/uploads\/2022\/11\/yatay-demontex-1-768x406.jpg 768w, https:\/\/www.modamob.com.tr\/wp-content\/uploads\/2022\/11\/yatay-demontex-1.jpg 851w\" sizes=\"(max-width: 300px) 100vw, 300px\" \/><\/p>\n<p><strong>Product Detail<\/strong><br \/>\nSingle person horizontal folding table wall bed mechanism material list<\/p>\n<p><img decoding=\"async\" class=\"alignnone size-medium wp-image-11764\" src=\"https:\/\/modamob.com.tr\/wp-content\/uploads\/2022\/11\/safir2-1-214x300.jpg\" alt=\"\" width=\"214\" height=\"300\" srcset=\"https:\/\/www.modamob.com.tr\/wp-content\/uploads\/2022\/11\/safir2-1-214x300.jpg 214w, https:\/\/www.modamob.com.tr\/wp-content\/uploads\/2022\/11\/safir2-1.jpg 553w\" sizes=\"(max-width: 214px) 100vw, 214px\" \/><\/p>","protected":false},"excerpt":{"rendered":"<p>Yatay A\u00e7\u0131l\u0131r Tek Ki\u015filik Masal\u0131 Mekanizma \u00dcr\u00fcn Detaylar\u0131 TOPTAN F\u0130YATTIR. KDV HAR\u0130\u00c7T\u0130R. SADECE METAL AKSAMLAR. \u00dcCRETS\u0130Z KARGO \u00dcr\u00fcn Grafi\u011fi YATAK \u00d6L\u00c7\u00dcS\u00dc 90cm x 190cm&#8217;D\u0130R. FARKLI \u00d6L\u00c7\u00dcLERDE \u00dcRET\u0130M YAPILMAKTADIR. DETAYLI B\u0130LG\u0130 \u0130\u00c7\u0130N \u0130LET\u0130\u015e\u0130ME GE\u00c7\u0130N\u0130Z. \u00dcr\u00fcn Montaj \u015eemas\u0131: Farkl\u0131 \u00f6l\u00e7\u00fcler i\u00e7in ileti\u015fime ge\u00e7iniz. \u00dcr\u00fcn Detay Tek ki\u015filik yatay a\u00e7\u0131l\u0131r masal\u0131 duvar yata\u011f\u0131 mekanizmas\u0131 malzeme listesi<\/p>","protected":false},"featured_media":11773,"template":"","meta":{"footnotes":""},"product_brand":[],"product_cat":[209,206],"product_tag":[239,244,260],"class_list":{"0":"post-11761","1":"product","2":"type-product","3":"status-publish","4":"has-post-thumbnail","6":"product_cat-ranza-mekanizmalari","7":"product_cat-mekanizmalar","8":"product_tag-akilli-mobilya","9":"product_tag-duvar-yataklari","10":"product_tag-duvar-yatak-mekanizmasi","11":"tm-no-options","13":"first","14":"instock","15":"taxable","16":"shipping-taxable","17":"purchasable","18":"product-type-simple"},"yoast_head":"<!-- This site is optimized with the Yoast SEO plugin v26.8 - https:\/\/yoast.com\/product\/yoast-seo-wordpress\/ -->\n<title>Yatay A\u00e7\u0131l\u0131r Tek Ki\u015filik Masal\u0131 Mekanizma - Modamob Ak\u0131ll\u0131 Mobilya<\/title>\n<meta name=\"robots\" content=\"index, follow, max-snippet:-1, max-image-preview:large, max-video-preview:-1\" \/>\n<link rel=\"canonical\" href=\"https:\/\/www.modamob.com.tr\/en\/?post_type=product&p=11761\" \/>\n<meta property=\"og:locale\" content=\"en_US\" \/>\n<meta property=\"og:type\" content=\"article\" \/>\n<meta property=\"og:title\" content=\"Yatay A\u00e7\u0131l\u0131r Tek Ki\u015filik Masal\u0131 Mekanizma - Modamob Ak\u0131ll\u0131 Mobilya\" \/>\n<meta property=\"og:description\" content=\"Yatay A\u00e7\u0131l\u0131r Tek Ki\u015filik Masal\u0131 Mekanizma \u00dcr\u00fcn Detaylar\u0131 TOPTAN F\u0130YATTIR. KDV HAR\u0130\u00c7T\u0130R. SADECE METAL AKSAMLAR. \u00dcCRETS\u0130Z KARGO \u00dcr\u00fcn Grafi\u011fi YATAK \u00d6L\u00c7\u00dcS\u00dc 90cm x 190cm&#8217;D\u0130R. FARKLI \u00d6L\u00c7\u00dcLERDE \u00dcRET\u0130M YAPILMAKTADIR. DETAYLI B\u0130LG\u0130 \u0130\u00c7\u0130N \u0130LET\u0130\u015e\u0130ME GE\u00c7\u0130N\u0130Z. \u00dcr\u00fcn Montaj \u015eemas\u0131: Farkl\u0131 \u00f6l\u00e7\u00fcler i\u00e7in ileti\u015fime ge\u00e7iniz. \u00dcr\u00fcn Detay Tek ki\u015filik yatay a\u00e7\u0131l\u0131r masal\u0131 duvar yata\u011f\u0131 mekanizmas\u0131 malzeme listesi\" \/>\n<meta property=\"og:url\" content=\"https:\/\/www.modamob.com.tr\/en\/?post_type=product&amp;p=11761\" \/>\n<meta property=\"og:site_name\" content=\"Modamob Ak\u0131ll\u0131 Mobilya\" \/>\n<meta property=\"article:modified_time\" content=\"2023-09-17T19:13:34+00:00\" \/>\n<meta property=\"og:image\" content=\"https:\/\/www.modamob.com.tr\/wp-content\/uploads\/2022\/11\/lucca-masali-mekanizma2.jpg\" \/>\n\t<meta property=\"og:image:width\" content=\"1000\" \/>\n\t<meta property=\"og:image:height\" content=\"563\" \/>\n\t<meta property=\"og:image:type\" content=\"image\/jpeg\" \/>\n<meta name=\"twitter:card\" content=\"summary_large_image\" \/>\n<meta name=\"twitter:label1\" content=\"Est. reading time\" \/>\n\t<meta name=\"twitter:data1\" content=\"1 minute\" \/>\n<script type=\"application\/ld+json\" class=\"yoast-schema-graph\">{\"@context\":\"https:\/\/schema.org\",\"@graph\":[{\"@type\":\"WebPage\",\"@id\":\"https:\/\/www.modamob.com.tr\/?post_type=product&p=11761\",\"url\":\"https:\/\/www.modamob.com.tr\/?post_type=product&p=11761\",\"name\":\"Yatay A\u00e7\u0131l\u0131r Tek Ki\u015filik Masal\u0131 Mekanizma - Modamob Ak\u0131ll\u0131 Mobilya\",\"isPartOf\":{\"@id\":\"https:\/\/www.modamob.com.tr\/#website\"},\"primaryImageOfPage\":{\"@id\":\"https:\/\/www.modamob.com.tr\/?post_type=product&p=11761#primaryimage\"},\"image\":{\"@id\":\"https:\/\/www.modamob.com.tr\/?post_type=product&p=11761#primaryimage\"},\"thumbnailUrl\":\"https:\/\/www.modamob.com.tr\/wp-content\/uploads\/2022\/11\/lucca-masali-mekanizma2.jpg\",\"datePublished\":\"2022-11-18T10:43:30+00:00\",\"dateModified\":\"2023-09-17T19:13:34+00:00\",\"breadcrumb\":{\"@id\":\"https:\/\/www.modamob.com.tr\/?post_type=product&p=11761#breadcrumb\"},\"inLanguage\":\"en-US\",\"potentialAction\":[{\"@type\":\"ReadAction\",\"target\":[\"https:\/\/www.modamob.com.tr\/?post_type=product&p=11761\"]}]},{\"@type\":\"ImageObject\",\"inLanguage\":\"en-US\",\"@id\":\"https:\/\/www.modamob.com.tr\/?post_type=product&p=11761#primaryimage\",\"url\":\"https:\/\/www.modamob.com.tr\/wp-content\/uploads\/2022\/11\/lucca-masali-mekanizma2.jpg\",\"contentUrl\":\"https:\/\/www.modamob.com.tr\/wp-content\/uploads\/2022\/11\/lucca-masali-mekanizma2.jpg\",\"width\":1000,\"height\":563,\"caption\":\"Yatay A\u00e7\u0131l\u0131r Tek Ki\u015filik Masal\u0131 Mekanizma\"},{\"@type\":\"BreadcrumbList\",\"@id\":\"https:\/\/www.modamob.com.tr\/?post_type=product&p=11761#breadcrumb\",\"itemListElement\":[{\"@type\":\"ListItem\",\"position\":1,\"name\":\"Anasayfa\",\"item\":\"https:\/\/www.modamob.com.tr\/\"},{\"@type\":\"ListItem\",\"position\":2,\"name\":\"Ma\u011faza\",\"item\":\"https:\/\/www.modamob.com.tr\/magaza\/\"},{\"@type\":\"ListItem\",\"position\":3,\"name\":\"Yatay A\u00e7\u0131l\u0131r Tek Ki\u015filik Masal\u0131 Mekanizma\"}]},{\"@type\":\"WebSite\",\"@id\":\"https:\/\/www.modamob.com.tr\/#website\",\"url\":\"https:\/\/www.modamob.com.tr\/\",\"name\":\"Modamob Ak\u0131ll\u0131 Mobilya\",\"description\":\"Yeni Nesil Hareketli Mobilyalar\",\"potentialAction\":[{\"@type\":\"SearchAction\",\"target\":{\"@type\":\"EntryPoint\",\"urlTemplate\":\"https:\/\/www.modamob.com.tr\/?s={search_term_string}\"},\"query-input\":{\"@type\":\"PropertyValueSpecification\",\"valueRequired\":true,\"valueName\":\"search_term_string\"}}],\"inLanguage\":\"en-US\"}]}<\/script>\n<!-- \/ Yoast SEO plugin. -->","yoast_head_json":{"title":"Horizontal Extendable Single Table Mechanism - Modamob Smart Furniture","robots":{"index":"index","follow":"follow","max-snippet":"max-snippet:-1","max-image-preview":"max-image-preview:large","max-video-preview":"max-video-preview:-1"},"canonical":"https:\/\/www.modamob.com.tr\/en\/?post_type=product&p=11761","og_locale":"en_US","og_type":"article","og_title":"Yatay A\u00e7\u0131l\u0131r Tek Ki\u015filik Masal\u0131 Mekanizma - Modamob Ak\u0131ll\u0131 Mobilya","og_description":"Yatay A\u00e7\u0131l\u0131r Tek Ki\u015filik Masal\u0131 Mekanizma \u00dcr\u00fcn Detaylar\u0131 TOPTAN F\u0130YATTIR. KDV HAR\u0130\u00c7T\u0130R. SADECE METAL AKSAMLAR. \u00dcCRETS\u0130Z KARGO \u00dcr\u00fcn Grafi\u011fi YATAK \u00d6L\u00c7\u00dcS\u00dc 90cm x 190cm&#8217;D\u0130R. FARKLI \u00d6L\u00c7\u00dcLERDE \u00dcRET\u0130M YAPILMAKTADIR. DETAYLI B\u0130LG\u0130 \u0130\u00c7\u0130N \u0130LET\u0130\u015e\u0130ME GE\u00c7\u0130N\u0130Z. \u00dcr\u00fcn Montaj \u015eemas\u0131: Farkl\u0131 \u00f6l\u00e7\u00fcler i\u00e7in ileti\u015fime ge\u00e7iniz. \u00dcr\u00fcn Detay Tek ki\u015filik yatay a\u00e7\u0131l\u0131r masal\u0131 duvar yata\u011f\u0131 mekanizmas\u0131 malzeme listesi","og_url":"https:\/\/www.modamob.com.tr\/en\/?post_type=product&p=11761","og_site_name":"Modamob Ak\u0131ll\u0131 Mobilya","article_modified_time":"2023-09-17T19:13:34+00:00","og_image":[{"width":1000,"height":563,"url":"https:\/\/www.modamob.com.tr\/wp-content\/uploads\/2022\/11\/lucca-masali-mekanizma2.jpg","type":"image\/jpeg"}],"twitter_card":"summary_large_image","twitter_misc":{"Est. reading time":"1 minute"},"schema":{"@context":"https:\/\/schema.org","@graph":[{"@type":"WebPage","@id":"https:\/\/www.modamob.com.tr\/?post_type=product&p=11761","url":"https:\/\/www.modamob.com.tr\/?post_type=product&p=11761","name":"Horizontal Extendable Single Table Mechanism - Modamob Smart Furniture","isPartOf":{"@id":"https:\/\/www.modamob.com.tr\/#website"},"primaryImageOfPage":{"@id":"https:\/\/www.modamob.com.tr\/?post_type=product&p=11761#primaryimage"},"image":{"@id":"https:\/\/www.modamob.com.tr\/?post_type=product&p=11761#primaryimage"},"thumbnailUrl":"https:\/\/www.modamob.com.tr\/wp-content\/uploads\/2022\/11\/lucca-masali-mekanizma2.jpg","datePublished":"2022-11-18T10:43:30+00:00","dateModified":"2023-09-17T19:13:34+00:00","breadcrumb":{"@id":"https:\/\/www.modamob.com.tr\/?post_type=product&p=11761#breadcrumb"},"inLanguage":"en-US","potentialAction":[{"@type":"ReadAction","target":["https:\/\/www.modamob.com.tr\/?post_type=product&p=11761"]}]},{"@type":"ImageObject","inLanguage":"en-US","@id":"https:\/\/www.modamob.com.tr\/?post_type=product&p=11761#primaryimage","url":"https:\/\/www.modamob.com.tr\/wp-content\/uploads\/2022\/11\/lucca-masali-mekanizma2.jpg","contentUrl":"https:\/\/www.modamob.com.tr\/wp-content\/uploads\/2022\/11\/lucca-masali-mekanizma2.jpg","width":1000,"height":563,"caption":"Yatay A\u00e7\u0131l\u0131r Tek Ki\u015filik Masal\u0131 Mekanizma"},{"@type":"BreadcrumbList","@id":"https:\/\/www.modamob.com.tr\/?post_type=product&p=11761#breadcrumb","itemListElement":[{"@type":"ListItem","position":1,"name":"Anasayfa","item":"https:\/\/www.modamob.com.tr\/"},{"@type":"ListItem","position":2,"name":"Ma\u011faza","item":"https:\/\/www.modamob.com.tr\/magaza\/"},{"@type":"ListItem","position":3,"name":"Yatay A\u00e7\u0131l\u0131r Tek Ki\u015filik Masal\u0131 Mekanizma"}]},{"@type":"WebSite","@id":"https:\/\/www.modamob.com.tr\/#website","url":"https:\/\/www.modamob.com.tr\/","name":"Modamob Smart Furniture","description":"New Generation Movable Furniture","potentialAction":[{"@type":"SearchAction","target":{"@type":"EntryPoint","urlTemplate":"https:\/\/www.modamob.com.tr\/?s={search_term_string}"},"query-input":{"@type":"PropertyValueSpecification","valueRequired":true,"valueName":"search_term_string"}}],"inLanguage":"en-US"}]}},"_links":{"self":[{"href":"https:\/\/www.modamob.com.tr\/en\/wp-json\/wp\/v2\/product\/11761","targetHints":{"allow":["GET"]}}],"collection":[{"href":"https:\/\/www.modamob.com.tr\/en\/wp-json\/wp\/v2\/product"}],"about":[{"href":"https:\/\/www.modamob.com.tr\/en\/wp-json\/wp\/v2\/types\/product"}],"version-history":[{"count":2,"href":"https:\/\/www.modamob.com.tr\/en\/wp-json\/wp\/v2\/product\/11761\/revisions"}],"predecessor-version":[{"id":15790,"href":"https:\/\/www.modamob.com.tr\/en\/wp-json\/wp\/v2\/product\/11761\/revisions\/15790"}],"wp:featuredmedia":[{"embeddable":true,"href":"https:\/\/www.modamob.com.tr\/en\/wp-json\/wp\/v2\/media\/11773"}],"wp:attachment":[{"href":"https:\/\/www.modamob.com.tr\/en\/wp-json\/wp\/v2\/media?parent=11761"}],"wp:term":[{"taxonomy":"product_brand","embeddable":true,"href":"https:\/\/www.modamob.com.tr\/en\/wp-json\/wp\/v2\/product_brand?post=11761"},{"taxonomy":"product_cat","embeddable":true,"href":"https:\/\/www.modamob.com.tr\/en\/wp-json\/wp\/v2\/product_cat?post=11761"},{"taxonomy":"product_tag","embeddable":true,"href":"https:\/\/www.modamob.com.tr\/en\/wp-json\/wp\/v2\/product_tag?post=11761"}],"curies":[{"name":"wp","href":"https:\/\/api.w.org\/{rel}","templated":true}]}}