{"id":11743,"date":"2022-11-18T13:36:51","date_gmt":"2022-11-18T13:36:51","guid":{"rendered":"https:\/\/modamob2.myco.site\/?post_type=product&#038;p=11743"},"modified":"2024-05-31T10:05:06","modified_gmt":"2024-05-31T07:05:06","slug":"single-person-horizontal-opening-mechanism-2","status":"publish","type":"product","link":"https:\/\/www.modamob.com.tr\/en\/product-2\/single-person-horizontal-opening-mechanism-2\/","title":{"rendered":"Single Person Horizontal Opening Mechanism"},"content":{"rendered":"<h1><a href=\"https:\/\/www.modamob.com.tr\/en\/?post_type=product&amp;p=11743&amp;preview=true\">Single Person Horizontal Opening Mechanism<\/a><\/h1>\n<p><strong>Product Details:<\/strong><br \/>\nIT IS WHOLESALE PRICE. VAT EXCLUDED. METAL PARTS ONLY. FREE SHIPPING<\/p>\n<p><strong>Product Chart:<\/strong><br \/>\nBED SIZE IS 90cm x 190cm.<\/p>\n<p>PRODUCTION IS MADE IN DIFFERENT SIZES.<\/p>\n<p>PLEASE CONTACT FOR MORE INFORMATION.<\/p>\n<p><img fetchpriority=\"high\" decoding=\"async\" class=\"alignnone size-medium wp-image-11744\" src=\"https:\/\/modamob.com.tr\/wp-content\/uploads\/2022\/11\/lucca1-1x-211x300.jpg\" alt=\"\" width=\"211\" height=\"300\" srcset=\"https:\/\/www.modamob.com.tr\/wp-content\/uploads\/2022\/11\/lucca1-1x-211x300.jpg 211w, https:\/\/www.modamob.com.tr\/wp-content\/uploads\/2022\/11\/lucca1-1x.jpg 554w\" sizes=\"(max-width: 211px) 100vw, 211px\" \/><\/p>\n<p><strong>Product Assembly Diagram:<\/strong><br \/>\nPlease contact us for different sizes.<\/p>\n<p><img decoding=\"async\" class=\"alignnone size-medium wp-image-11745\" src=\"https:\/\/modamob.com.tr\/wp-content\/uploads\/2022\/11\/yatay-demontex-300x159.jpg\" alt=\"\" width=\"300\" height=\"159\" srcset=\"https:\/\/www.modamob.com.tr\/wp-content\/uploads\/2022\/11\/yatay-demontex-300x159.jpg 300w, https:\/\/www.modamob.com.tr\/wp-content\/uploads\/2022\/11\/yatay-demontex-600x317.jpg 600w, https:\/\/www.modamob.com.tr\/wp-content\/uploads\/2022\/11\/yatay-demontex-768x406.jpg 768w, https:\/\/www.modamob.com.tr\/wp-content\/uploads\/2022\/11\/yatay-demontex.jpg 851w\" sizes=\"(max-width: 300px) 100vw, 300px\" \/><\/p>\n<p><strong>Product Detail:<\/strong><br \/>\nSingle person horizontal folding wall bed mechanism material list<\/p>\n<p><img decoding=\"async\" class=\"alignnone size-medium wp-image-11746\" src=\"https:\/\/modamob.com.tr\/wp-content\/uploads\/2022\/11\/lucca2-211x300.jpg\" alt=\"\" width=\"211\" height=\"300\" srcset=\"https:\/\/www.modamob.com.tr\/wp-content\/uploads\/2022\/11\/lucca2-211x300.jpg 211w, https:\/\/www.modamob.com.tr\/wp-content\/uploads\/2022\/11\/lucca2.jpg 555w\" sizes=\"(max-width: 211px) 100vw, 211px\" \/><\/p>","protected":false},"excerpt":{"rendered":"<p>Tek Ki\u015filik Yatay A\u00e7\u0131l\u0131r Mekanizma \u00dcr\u00fcn Detaylar\u0131: TOPTAN F\u0130YATTIR. KDV HAR\u0130\u00c7T\u0130R. SADECE METAL AKSAMLAR. \u00dcCRETS\u0130Z KARGO \u00dcr\u00fcn Grafi\u011fi: YATAK \u00d6L\u00c7\u00dcS\u00dc 90cm x 190cm&#8217;D\u0130R. FARKLI \u00d6L\u00c7\u00dcLERDE \u00dcRET\u0130M YAPILMAKTADIR. DETAYLI B\u0130LG\u0130 \u0130\u00c7\u0130N \u0130LET\u0130\u015e\u0130ME GE\u00c7\u0130N\u0130Z. \u00dcr\u00fcn Montaj \u015eemas\u0131: Farkl\u0131 \u00f6l\u00e7\u00fcler i\u00e7in ileti\u015fime ge\u00e7iniz. \u00dcr\u00fcn Detay: Tek ki\u015filik yatay a\u00e7\u0131l\u0131r duvar yata\u011f\u0131 mekanizmas\u0131 malzeme listesi<\/p>","protected":false},"featured_media":11754,"template":"","meta":{"footnotes":""},"product_brand":[],"product_cat":[207,209,206],"product_tag":[244,252,239],"class_list":{"0":"post-11743","1":"product","2":"type-product","3":"status-publish","4":"has-post-thumbnail","6":"product_cat-tek-kisilik-somyali-mekanizmalar","7":"product_cat-ranza-mekanizmalari","8":"product_cat-mekanizmalar","9":"product_tag-duvar-yataklari","10":"product_tag-somyali-mekanizma","11":"product_tag-akilli-mobilya","12":"tm-no-options","14":"first","15":"instock","16":"taxable","17":"shipping-taxable","18":"purchasable","19":"product-type-simple"},"yoast_head":"<!-- This site is optimized with the Yoast SEO plugin v26.8 - https:\/\/yoast.com\/product\/yoast-seo-wordpress\/ -->\n<title>Tek Ki\u015filik Yatay A\u00e7\u0131l\u0131r Mekanizma - Modamob Ak\u0131ll\u0131 Mobilya<\/title>\n<meta name=\"robots\" content=\"index, follow, max-snippet:-1, max-image-preview:large, max-video-preview:-1\" \/>\n<link rel=\"canonical\" href=\"https:\/\/www.modamob.com.tr\/en\/product-2\/single-person-horizontal-opening-mechanism-2\/\" \/>\n<meta property=\"og:locale\" content=\"en_US\" \/>\n<meta property=\"og:type\" content=\"article\" \/>\n<meta property=\"og:title\" content=\"Tek Ki\u015filik Yatay A\u00e7\u0131l\u0131r Mekanizma - Modamob Ak\u0131ll\u0131 Mobilya\" \/>\n<meta property=\"og:description\" content=\"Tek Ki\u015filik Yatay A\u00e7\u0131l\u0131r Mekanizma \u00dcr\u00fcn Detaylar\u0131: TOPTAN F\u0130YATTIR. KDV HAR\u0130\u00c7T\u0130R. SADECE METAL AKSAMLAR. \u00dcCRETS\u0130Z KARGO \u00dcr\u00fcn Grafi\u011fi: YATAK \u00d6L\u00c7\u00dcS\u00dc 90cm x 190cm&#8217;D\u0130R. FARKLI \u00d6L\u00c7\u00dcLERDE \u00dcRET\u0130M YAPILMAKTADIR. DETAYLI B\u0130LG\u0130 \u0130\u00c7\u0130N \u0130LET\u0130\u015e\u0130ME GE\u00c7\u0130N\u0130Z. \u00dcr\u00fcn Montaj \u015eemas\u0131: Farkl\u0131 \u00f6l\u00e7\u00fcler i\u00e7in ileti\u015fime ge\u00e7iniz. \u00dcr\u00fcn Detay: Tek ki\u015filik yatay a\u00e7\u0131l\u0131r duvar yata\u011f\u0131 mekanizmas\u0131 malzeme listesi\" \/>\n<meta property=\"og:url\" content=\"https:\/\/www.modamob.com.tr\/en\/product-2\/single-person-horizontal-opening-mechanism-2\/\" \/>\n<meta property=\"og:site_name\" content=\"Modamob Ak\u0131ll\u0131 Mobilya\" \/>\n<meta property=\"article:modified_time\" content=\"2024-05-31T07:05:06+00:00\" \/>\n<meta property=\"og:image\" content=\"https:\/\/www.modamob.com.tr\/wp-content\/uploads\/2022\/11\/lucca-mekanizma5.jpg\" \/>\n\t<meta property=\"og:image:width\" content=\"1300\" \/>\n\t<meta property=\"og:image:height\" content=\"731\" \/>\n\t<meta property=\"og:image:type\" content=\"image\/jpeg\" \/>\n<meta name=\"twitter:card\" content=\"summary_large_image\" \/>\n<meta name=\"twitter:label1\" content=\"Est. reading time\" \/>\n\t<meta name=\"twitter:data1\" content=\"2 minutes\" \/>\n<script type=\"application\/ld+json\" class=\"yoast-schema-graph\">{\"@context\":\"https:\/\/schema.org\",\"@graph\":[{\"@type\":\"WebPage\",\"@id\":\"https:\/\/www.modamob.com.tr\/urun\/tek-kisilik-yatay-acilir-mekanizma-2\/\",\"url\":\"https:\/\/www.modamob.com.tr\/urun\/tek-kisilik-yatay-acilir-mekanizma-2\/\",\"name\":\"Tek Ki\u015filik Yatay A\u00e7\u0131l\u0131r Mekanizma - Modamob Ak\u0131ll\u0131 Mobilya\",\"isPartOf\":{\"@id\":\"https:\/\/www.modamob.com.tr\/#website\"},\"primaryImageOfPage\":{\"@id\":\"https:\/\/www.modamob.com.tr\/urun\/tek-kisilik-yatay-acilir-mekanizma-2\/#primaryimage\"},\"image\":{\"@id\":\"https:\/\/www.modamob.com.tr\/urun\/tek-kisilik-yatay-acilir-mekanizma-2\/#primaryimage\"},\"thumbnailUrl\":\"https:\/\/www.modamob.com.tr\/wp-content\/uploads\/2022\/11\/lucca-mekanizma5.jpg\",\"datePublished\":\"2022-11-18T13:36:51+00:00\",\"dateModified\":\"2024-05-31T07:05:06+00:00\",\"breadcrumb\":{\"@id\":\"https:\/\/www.modamob.com.tr\/urun\/tek-kisilik-yatay-acilir-mekanizma-2\/#breadcrumb\"},\"inLanguage\":\"en-US\",\"potentialAction\":[{\"@type\":\"ReadAction\",\"target\":[\"https:\/\/www.modamob.com.tr\/urun\/tek-kisilik-yatay-acilir-mekanizma-2\/\"]}]},{\"@type\":\"ImageObject\",\"inLanguage\":\"en-US\",\"@id\":\"https:\/\/www.modamob.com.tr\/urun\/tek-kisilik-yatay-acilir-mekanizma-2\/#primaryimage\",\"url\":\"https:\/\/www.modamob.com.tr\/wp-content\/uploads\/2022\/11\/lucca-mekanizma5.jpg\",\"contentUrl\":\"https:\/\/www.modamob.com.tr\/wp-content\/uploads\/2022\/11\/lucca-mekanizma5.jpg\",\"width\":1300,\"height\":731,\"caption\":\"Tek Ki\u015filik Yatay A\u00e7\u0131l\u0131r Mekanizma\"},{\"@type\":\"BreadcrumbList\",\"@id\":\"https:\/\/www.modamob.com.tr\/urun\/tek-kisilik-yatay-acilir-mekanizma-2\/#breadcrumb\",\"itemListElement\":[{\"@type\":\"ListItem\",\"position\":1,\"name\":\"Anasayfa\",\"item\":\"https:\/\/www.modamob.com.tr\/\"},{\"@type\":\"ListItem\",\"position\":2,\"name\":\"Ma\u011faza\",\"item\":\"https:\/\/www.modamob.com.tr\/magaza\/\"},{\"@type\":\"ListItem\",\"position\":3,\"name\":\"Tek Ki\u015filik Yatay A\u00e7\u0131l\u0131r Mekanizma\"}]},{\"@type\":\"WebSite\",\"@id\":\"https:\/\/www.modamob.com.tr\/#website\",\"url\":\"https:\/\/www.modamob.com.tr\/\",\"name\":\"Modamob Ak\u0131ll\u0131 Mobilya\",\"description\":\"Yeni Nesil Hareketli Mobilyalar\",\"potentialAction\":[{\"@type\":\"SearchAction\",\"target\":{\"@type\":\"EntryPoint\",\"urlTemplate\":\"https:\/\/www.modamob.com.tr\/?s={search_term_string}\"},\"query-input\":{\"@type\":\"PropertyValueSpecification\",\"valueRequired\":true,\"valueName\":\"search_term_string\"}}],\"inLanguage\":\"en-US\"}]}<\/script>\n<!-- \/ Yoast SEO plugin. -->","yoast_head_json":{"title":"Single Horizontal Opening Mechanism - Modamob Smart Furniture","robots":{"index":"index","follow":"follow","max-snippet":"max-snippet:-1","max-image-preview":"max-image-preview:large","max-video-preview":"max-video-preview:-1"},"canonical":"https:\/\/www.modamob.com.tr\/en\/product-2\/single-person-horizontal-opening-mechanism-2\/","og_locale":"en_US","og_type":"article","og_title":"Tek Ki\u015filik Yatay A\u00e7\u0131l\u0131r Mekanizma - Modamob Ak\u0131ll\u0131 Mobilya","og_description":"Tek Ki\u015filik Yatay A\u00e7\u0131l\u0131r Mekanizma \u00dcr\u00fcn Detaylar\u0131: TOPTAN F\u0130YATTIR. KDV HAR\u0130\u00c7T\u0130R. SADECE METAL AKSAMLAR. \u00dcCRETS\u0130Z KARGO \u00dcr\u00fcn Grafi\u011fi: YATAK \u00d6L\u00c7\u00dcS\u00dc 90cm x 190cm&#8217;D\u0130R. FARKLI \u00d6L\u00c7\u00dcLERDE \u00dcRET\u0130M YAPILMAKTADIR. DETAYLI B\u0130LG\u0130 \u0130\u00c7\u0130N \u0130LET\u0130\u015e\u0130ME GE\u00c7\u0130N\u0130Z. \u00dcr\u00fcn Montaj \u015eemas\u0131: Farkl\u0131 \u00f6l\u00e7\u00fcler i\u00e7in ileti\u015fime ge\u00e7iniz. \u00dcr\u00fcn Detay: Tek ki\u015filik yatay a\u00e7\u0131l\u0131r duvar yata\u011f\u0131 mekanizmas\u0131 malzeme listesi","og_url":"https:\/\/www.modamob.com.tr\/en\/product-2\/single-person-horizontal-opening-mechanism-2\/","og_site_name":"Modamob Ak\u0131ll\u0131 Mobilya","article_modified_time":"2024-05-31T07:05:06+00:00","og_image":[{"width":1300,"height":731,"url":"https:\/\/www.modamob.com.tr\/wp-content\/uploads\/2022\/11\/lucca-mekanizma5.jpg","type":"image\/jpeg"}],"twitter_card":"summary_large_image","twitter_misc":{"Est. reading time":"2 minutes"},"schema":{"@context":"https:\/\/schema.org","@graph":[{"@type":"WebPage","@id":"https:\/\/www.modamob.com.tr\/urun\/tek-kisilik-yatay-acilir-mekanizma-2\/","url":"https:\/\/www.modamob.com.tr\/urun\/tek-kisilik-yatay-acilir-mekanizma-2\/","name":"Single Horizontal Opening Mechanism - Modamob Smart Furniture","isPartOf":{"@id":"https:\/\/www.modamob.com.tr\/#website"},"primaryImageOfPage":{"@id":"https:\/\/www.modamob.com.tr\/urun\/tek-kisilik-yatay-acilir-mekanizma-2\/#primaryimage"},"image":{"@id":"https:\/\/www.modamob.com.tr\/urun\/tek-kisilik-yatay-acilir-mekanizma-2\/#primaryimage"},"thumbnailUrl":"https:\/\/www.modamob.com.tr\/wp-content\/uploads\/2022\/11\/lucca-mekanizma5.jpg","datePublished":"2022-11-18T13:36:51+00:00","dateModified":"2024-05-31T07:05:06+00:00","breadcrumb":{"@id":"https:\/\/www.modamob.com.tr\/urun\/tek-kisilik-yatay-acilir-mekanizma-2\/#breadcrumb"},"inLanguage":"en-US","potentialAction":[{"@type":"ReadAction","target":["https:\/\/www.modamob.com.tr\/urun\/tek-kisilik-yatay-acilir-mekanizma-2\/"]}]},{"@type":"ImageObject","inLanguage":"en-US","@id":"https:\/\/www.modamob.com.tr\/urun\/tek-kisilik-yatay-acilir-mekanizma-2\/#primaryimage","url":"https:\/\/www.modamob.com.tr\/wp-content\/uploads\/2022\/11\/lucca-mekanizma5.jpg","contentUrl":"https:\/\/www.modamob.com.tr\/wp-content\/uploads\/2022\/11\/lucca-mekanizma5.jpg","width":1300,"height":731,"caption":"Tek Ki\u015filik Yatay A\u00e7\u0131l\u0131r Mekanizma"},{"@type":"BreadcrumbList","@id":"https:\/\/www.modamob.com.tr\/urun\/tek-kisilik-yatay-acilir-mekanizma-2\/#breadcrumb","itemListElement":[{"@type":"ListItem","position":1,"name":"Anasayfa","item":"https:\/\/www.modamob.com.tr\/"},{"@type":"ListItem","position":2,"name":"Ma\u011faza","item":"https:\/\/www.modamob.com.tr\/magaza\/"},{"@type":"ListItem","position":3,"name":"Tek Ki\u015filik Yatay A\u00e7\u0131l\u0131r Mekanizma"}]},{"@type":"WebSite","@id":"https:\/\/www.modamob.com.tr\/#website","url":"https:\/\/www.modamob.com.tr\/","name":"Modamob Smart Furniture","description":"New Generation Movable Furniture","potentialAction":[{"@type":"SearchAction","target":{"@type":"EntryPoint","urlTemplate":"https:\/\/www.modamob.com.tr\/?s={search_term_string}"},"query-input":{"@type":"PropertyValueSpecification","valueRequired":true,"valueName":"search_term_string"}}],"inLanguage":"en-US"}]}},"_links":{"self":[{"href":"https:\/\/www.modamob.com.tr\/en\/wp-json\/wp\/v2\/product\/11743","targetHints":{"allow":["GET"]}}],"collection":[{"href":"https:\/\/www.modamob.com.tr\/en\/wp-json\/wp\/v2\/product"}],"about":[{"href":"https:\/\/www.modamob.com.tr\/en\/wp-json\/wp\/v2\/types\/product"}],"version-history":[{"count":2,"href":"https:\/\/www.modamob.com.tr\/en\/wp-json\/wp\/v2\/product\/11743\/revisions"}],"predecessor-version":[{"id":15794,"href":"https:\/\/www.modamob.com.tr\/en\/wp-json\/wp\/v2\/product\/11743\/revisions\/15794"}],"wp:featuredmedia":[{"embeddable":true,"href":"https:\/\/www.modamob.com.tr\/en\/wp-json\/wp\/v2\/media\/11754"}],"wp:attachment":[{"href":"https:\/\/www.modamob.com.tr\/en\/wp-json\/wp\/v2\/media?parent=11743"}],"wp:term":[{"taxonomy":"product_brand","embeddable":true,"href":"https:\/\/www.modamob.com.tr\/en\/wp-json\/wp\/v2\/product_brand?post=11743"},{"taxonomy":"product_cat","embeddable":true,"href":"https:\/\/www.modamob.com.tr\/en\/wp-json\/wp\/v2\/product_cat?post=11743"},{"taxonomy":"product_tag","embeddable":true,"href":"https:\/\/www.modamob.com.tr\/en\/wp-json\/wp\/v2\/product_tag?post=11743"}],"curies":[{"name":"wp","href":"https:\/\/api.w.org\/{rel}","templated":true}]}}