{"id":11104,"date":"2022-10-29T12:04:09","date_gmt":"2022-10-29T12:04:09","guid":{"rendered":"https:\/\/modamob2.myco.site\/?post_type=product&#038;p=11104"},"modified":"2026-03-24T16:32:49","modified_gmt":"2026-03-24T13:32:49","slug":"cift-kisilik-yatay-katlanir-karyola","status":"publish","type":"product","link":"https:\/\/www.modamob.com.tr\/en\/product-2\/cift-kisilik-yatay-katlanir-karyola\/","title":{"rendered":"Metal \u00c7er\u00e7eveli Yatay \u00c7ift Ki\u015filik Duvar Yata\u011f\u0131"},"content":{"rendered":"","protected":false},"excerpt":{"rendered":"","protected":false},"featured_media":18291,"template":"","meta":{"footnotes":""},"product_brand":[],"product_cat":[283],"product_tag":[],"class_list":{"0":"post-11104","1":"product","2":"type-product","3":"status-publish","4":"has-post-thumbnail","6":"product_cat-metal-kasali-duvar-yataklari","7":"tm-no-options","9":"first","10":"instock","11":"sale","12":"taxable","13":"shipping-taxable","14":"purchasable","15":"product-type-variable"},"yoast_head":"<!-- This site is optimized with the Yoast SEO plugin v26.8 - https:\/\/yoast.com\/product\/yoast-seo-wordpress\/ -->\n<title>Metal \u00c7er\u00e7eveli Yatay \u00c7ift Ki\u015filik Duvar Yata\u011f\u0131 - Modamob Ak\u0131ll\u0131 Mobilya<\/title>\n<meta name=\"robots\" content=\"index, follow, max-snippet:-1, max-image-preview:large, max-video-preview:-1\" \/>\n<link rel=\"canonical\" href=\"https:\/\/www.modamob.com.tr\/en\/product-2\/cift-kisilik-yatay-katlanir-karyola\/\" \/>\n<meta property=\"og:locale\" content=\"en_US\" \/>\n<meta property=\"og:type\" content=\"article\" \/>\n<meta property=\"og:title\" content=\"Metal \u00c7er\u00e7eveli Yatay \u00c7ift Ki\u015filik Duvar Yata\u011f\u0131 - Modamob Ak\u0131ll\u0131 Mobilya\" \/>\n<meta property=\"og:url\" content=\"https:\/\/www.modamob.com.tr\/en\/product-2\/cift-kisilik-yatay-katlanir-karyola\/\" \/>\n<meta property=\"og:site_name\" content=\"Modamob Ak\u0131ll\u0131 Mobilya\" \/>\n<meta property=\"article:modified_time\" content=\"2026-03-24T13:32:49+00:00\" \/>\n<meta property=\"og:image\" content=\"https:\/\/www.modamob.com.tr\/wp-content\/uploads\/2025\/03\/2.png\" \/>\n\t<meta property=\"og:image:width\" content=\"1080\" \/>\n\t<meta property=\"og:image:height\" content=\"1080\" \/>\n\t<meta property=\"og:image:type\" content=\"image\/png\" \/>\n<meta name=\"twitter:card\" content=\"summary_large_image\" \/>\n<meta name=\"twitter:label1\" content=\"Est. reading time\" \/>\n\t<meta name=\"twitter:data1\" content=\"1 minute\" \/>\n<script type=\"application\/ld+json\" class=\"yoast-schema-graph\">{\"@context\":\"https:\/\/schema.org\",\"@graph\":[{\"@type\":\"WebPage\",\"@id\":\"https:\/\/www.modamob.com.tr\/urun\/cift-kisilik-yatay-katlanir-karyola\/\",\"url\":\"https:\/\/www.modamob.com.tr\/urun\/cift-kisilik-yatay-katlanir-karyola\/\",\"name\":\"Metal \u00c7er\u00e7eveli Yatay \u00c7ift Ki\u015filik Duvar Yata\u011f\u0131 - Modamob Ak\u0131ll\u0131 Mobilya\",\"isPartOf\":{\"@id\":\"https:\/\/www.modamob.com.tr\/#website\"},\"primaryImageOfPage\":{\"@id\":\"https:\/\/www.modamob.com.tr\/urun\/cift-kisilik-yatay-katlanir-karyola\/#primaryimage\"},\"image\":{\"@id\":\"https:\/\/www.modamob.com.tr\/urun\/cift-kisilik-yatay-katlanir-karyola\/#primaryimage\"},\"thumbnailUrl\":\"https:\/\/www.modamob.com.tr\/wp-content\/uploads\/2025\/03\/2.png\",\"datePublished\":\"2022-10-29T12:04:09+00:00\",\"dateModified\":\"2026-03-24T13:32:49+00:00\",\"breadcrumb\":{\"@id\":\"https:\/\/www.modamob.com.tr\/urun\/cift-kisilik-yatay-katlanir-karyola\/#breadcrumb\"},\"inLanguage\":\"en-US\",\"potentialAction\":[{\"@type\":\"ReadAction\",\"target\":[\"https:\/\/www.modamob.com.tr\/urun\/cift-kisilik-yatay-katlanir-karyola\/\"]}]},{\"@type\":\"ImageObject\",\"inLanguage\":\"en-US\",\"@id\":\"https:\/\/www.modamob.com.tr\/urun\/cift-kisilik-yatay-katlanir-karyola\/#primaryimage\",\"url\":\"https:\/\/www.modamob.com.tr\/wp-content\/uploads\/2025\/03\/2.png\",\"contentUrl\":\"https:\/\/www.modamob.com.tr\/wp-content\/uploads\/2025\/03\/2.png\",\"width\":1080,\"height\":1080,\"caption\":\"Metal \u00c7er\u00e7eveli Yatay \u00c7ift Ki\u015filik Duvar Yata\u011f\u0131\"},{\"@type\":\"BreadcrumbList\",\"@id\":\"https:\/\/www.modamob.com.tr\/urun\/cift-kisilik-yatay-katlanir-karyola\/#breadcrumb\",\"itemListElement\":[{\"@type\":\"ListItem\",\"position\":1,\"name\":\"Anasayfa\",\"item\":\"https:\/\/www.modamob.com.tr\/\"},{\"@type\":\"ListItem\",\"position\":2,\"name\":\"Ma\u011faza\",\"item\":\"https:\/\/www.modamob.com.tr\/magaza\/\"},{\"@type\":\"ListItem\",\"position\":3,\"name\":\"Metal \u00c7er\u00e7eveli Yatay \u00c7ift Ki\u015filik Duvar Yata\u011f\u0131\"}]},{\"@type\":\"WebSite\",\"@id\":\"https:\/\/www.modamob.com.tr\/#website\",\"url\":\"https:\/\/www.modamob.com.tr\/\",\"name\":\"Modamob Ak\u0131ll\u0131 Mobilya\",\"description\":\"Yeni Nesil Hareketli Mobilyalar\",\"potentialAction\":[{\"@type\":\"SearchAction\",\"target\":{\"@type\":\"EntryPoint\",\"urlTemplate\":\"https:\/\/www.modamob.com.tr\/?s={search_term_string}\"},\"query-input\":{\"@type\":\"PropertyValueSpecification\",\"valueRequired\":true,\"valueName\":\"search_term_string\"}}],\"inLanguage\":\"en-US\"}]}<\/script>\n<!-- \/ Yoast SEO plugin. -->","yoast_head_json":{"title":"Metal \u00c7er\u00e7eveli Yatay \u00c7ift Ki\u015filik Duvar Yata\u011f\u0131 - Modamob Ak\u0131ll\u0131 Mobilya","robots":{"index":"index","follow":"follow","max-snippet":"max-snippet:-1","max-image-preview":"max-image-preview:large","max-video-preview":"max-video-preview:-1"},"canonical":"https:\/\/www.modamob.com.tr\/en\/product-2\/cift-kisilik-yatay-katlanir-karyola\/","og_locale":"en_US","og_type":"article","og_title":"Metal \u00c7er\u00e7eveli Yatay \u00c7ift Ki\u015filik Duvar Yata\u011f\u0131 - Modamob Ak\u0131ll\u0131 Mobilya","og_url":"https:\/\/www.modamob.com.tr\/en\/product-2\/cift-kisilik-yatay-katlanir-karyola\/","og_site_name":"Modamob Ak\u0131ll\u0131 Mobilya","article_modified_time":"2026-03-24T13:32:49+00:00","og_image":[{"width":1080,"height":1080,"url":"https:\/\/www.modamob.com.tr\/wp-content\/uploads\/2025\/03\/2.png","type":"image\/png"}],"twitter_card":"summary_large_image","twitter_misc":{"Est. reading time":"1 minute"},"schema":{"@context":"https:\/\/schema.org","@graph":[{"@type":"WebPage","@id":"https:\/\/www.modamob.com.tr\/urun\/cift-kisilik-yatay-katlanir-karyola\/","url":"https:\/\/www.modamob.com.tr\/urun\/cift-kisilik-yatay-katlanir-karyola\/","name":"Metal \u00c7er\u00e7eveli Yatay \u00c7ift Ki\u015filik Duvar Yata\u011f\u0131 - Modamob Ak\u0131ll\u0131 Mobilya","isPartOf":{"@id":"https:\/\/www.modamob.com.tr\/#website"},"primaryImageOfPage":{"@id":"https:\/\/www.modamob.com.tr\/urun\/cift-kisilik-yatay-katlanir-karyola\/#primaryimage"},"image":{"@id":"https:\/\/www.modamob.com.tr\/urun\/cift-kisilik-yatay-katlanir-karyola\/#primaryimage"},"thumbnailUrl":"https:\/\/www.modamob.com.tr\/wp-content\/uploads\/2025\/03\/2.png","datePublished":"2022-10-29T12:04:09+00:00","dateModified":"2026-03-24T13:32:49+00:00","breadcrumb":{"@id":"https:\/\/www.modamob.com.tr\/urun\/cift-kisilik-yatay-katlanir-karyola\/#breadcrumb"},"inLanguage":"en-US","potentialAction":[{"@type":"ReadAction","target":["https:\/\/www.modamob.com.tr\/urun\/cift-kisilik-yatay-katlanir-karyola\/"]}]},{"@type":"ImageObject","inLanguage":"en-US","@id":"https:\/\/www.modamob.com.tr\/urun\/cift-kisilik-yatay-katlanir-karyola\/#primaryimage","url":"https:\/\/www.modamob.com.tr\/wp-content\/uploads\/2025\/03\/2.png","contentUrl":"https:\/\/www.modamob.com.tr\/wp-content\/uploads\/2025\/03\/2.png","width":1080,"height":1080,"caption":"Metal \u00c7er\u00e7eveli Yatay \u00c7ift Ki\u015filik Duvar Yata\u011f\u0131"},{"@type":"BreadcrumbList","@id":"https:\/\/www.modamob.com.tr\/urun\/cift-kisilik-yatay-katlanir-karyola\/#breadcrumb","itemListElement":[{"@type":"ListItem","position":1,"name":"Anasayfa","item":"https:\/\/www.modamob.com.tr\/"},{"@type":"ListItem","position":2,"name":"Ma\u011faza","item":"https:\/\/www.modamob.com.tr\/magaza\/"},{"@type":"ListItem","position":3,"name":"Metal \u00c7er\u00e7eveli Yatay \u00c7ift Ki\u015filik Duvar Yata\u011f\u0131"}]},{"@type":"WebSite","@id":"https:\/\/www.modamob.com.tr\/#website","url":"https:\/\/www.modamob.com.tr\/","name":"Modamob Smart Furniture","description":"New Generation Movable Furniture","potentialAction":[{"@type":"SearchAction","target":{"@type":"EntryPoint","urlTemplate":"https:\/\/www.modamob.com.tr\/?s={search_term_string}"},"query-input":{"@type":"PropertyValueSpecification","valueRequired":true,"valueName":"search_term_string"}}],"inLanguage":"en-US"}]}},"_links":{"self":[{"href":"https:\/\/www.modamob.com.tr\/en\/wp-json\/wp\/v2\/product\/11104","targetHints":{"allow":["GET"]}}],"collection":[{"href":"https:\/\/www.modamob.com.tr\/en\/wp-json\/wp\/v2\/product"}],"about":[{"href":"https:\/\/www.modamob.com.tr\/en\/wp-json\/wp\/v2\/types\/product"}],"version-history":[{"count":5,"href":"https:\/\/www.modamob.com.tr\/en\/wp-json\/wp\/v2\/product\/11104\/revisions"}],"predecessor-version":[{"id":18754,"href":"https:\/\/www.modamob.com.tr\/en\/wp-json\/wp\/v2\/product\/11104\/revisions\/18754"}],"wp:featuredmedia":[{"embeddable":true,"href":"https:\/\/www.modamob.com.tr\/en\/wp-json\/wp\/v2\/media\/18291"}],"wp:attachment":[{"href":"https:\/\/www.modamob.com.tr\/en\/wp-json\/wp\/v2\/media?parent=11104"}],"wp:term":[{"taxonomy":"product_brand","embeddable":true,"href":"https:\/\/www.modamob.com.tr\/en\/wp-json\/wp\/v2\/product_brand?post=11104"},{"taxonomy":"product_cat","embeddable":true,"href":"https:\/\/www.modamob.com.tr\/en\/wp-json\/wp\/v2\/product_cat?post=11104"},{"taxonomy":"product_tag","embeddable":true,"href":"https:\/\/www.modamob.com.tr\/en\/wp-json\/wp\/v2\/product_tag?post=11104"}],"curies":[{"name":"wp","href":"https:\/\/api.w.org\/{rel}","templated":true}]}}