{"id":10805,"date":"2022-10-28T09:21:36","date_gmt":"2022-10-28T09:21:36","guid":{"rendered":"https:\/\/modamob2.myco.site\/?post_type=product&#038;p=10805"},"modified":"2026-03-24T17:30:35","modified_gmt":"2026-03-24T14:30:35","slug":"istanbul-masali-ironing-table-attached-single-rotating-bed","status":"publish","type":"product","link":"https:\/\/www.modamob.com.tr\/en\/product-2\/istanbul-masali-ironing-table-attached-single-rotating-bed\/","title":{"rendered":"\u0130stanbul Tek Ki\u015filik Vitrinli Duvar Yata\u011f\u0131"},"content":{"rendered":"","protected":false},"excerpt":{"rendered":"<div class=\"elementor-element elementor-element-d562828 elementor-widget elementor-widget-jet-single-excerpt\" data-id=\"d562828\" data-element_type=\"widget\" data-widget_type=\"jet-single-excerpt.default\">\n<div class=\"elementor-widget-container\">\n<div class=\"elementor-jet-single-excerpt jet-woo-builder\">\n<div class=\"woocommerce-product-details__short-description\">\n<p>Modern G\u00f6r\u00fcn\u00fcm, Alan Tasarrufu ve Konforu Bir Arada!<\/p>\n<p>K\u00fc\u00e7\u00fck alanlarda b\u00fcy\u00fck \u00e7\u00f6z\u00fcmler sunan Modamob Ak\u0131ll\u0131 Duvar Yataklar\u0131, mekanizmal\u0131 mobilya sistemleriyle hem konforu hem de i\u015flevselli\u011fi bir araya getiriyor. Duvara katlanan yatak mekanizmas\u0131 sayesinde, kullan\u0131lmad\u0131\u011f\u0131nda yer kaplamaz; a\u00e7\u0131ld\u0131\u011f\u0131nda ise rahat bir uyku alan\u0131na d\u00f6n\u00fc\u015f\u00fcr. Mod\u00fcler mobilya anlay\u0131\u015f\u0131yla tasarlanan bu sistemler, farkl\u0131 ihtiya\u00e7lara y\u00f6nelik bir\u00e7ok modelle ya\u015fam alanlar\u0131n\u0131z\u0131 daha verimli kullanman\u0131z\u0131 sa\u011flar.<\/p>\n<p>Tek Ki\u015filik Vitrinli Ak\u0131ll\u0131 D\u00f6ner Duvar Yata\u011f\u0131<\/p>\n<p>Geni\u015f ve rahat uyku alan\u0131 sunan bu model, \u00e7ift ki\u015filik duvar yata\u011f\u0131 mekanizmas\u0131 ile zahmetsizce d\u00f6nd\u00fcr\u00fclerek a\u00e7\u0131l\u0131p kapan\u0131r. Kullan\u0131\u015fl\u0131 ve modern vitrini ile g\u00f6rsel \u015f\u00f6len sunar, ak\u015fam ise d\u00f6ner mekanizmas\u0131 sistemi sayesinde kolayca konforlu bir yata\u011fa \u00e7evirin. \u015e\u0131k ve modern tasar\u0131m\u0131, k\u00fc\u00e7\u00fck odalar i\u00e7in b\u00fcy\u00fck \u00e7\u00f6z\u00fcmler sunar.<\/p>\n<p><img decoding=\"async\" class=\"emoji entered lazyloaded\" role=\"img\" draggable=\"false\" src=\"https:\/\/s.w.org\/images\/core\/emoji\/15.0.3\/svg\/2705.svg\" alt=\"\u2705\" data-lazy-src=\"https:\/\/s.w.org\/images\/core\/emoji\/15.0.3\/svg\/2705.svg\" data-ll-status=\"loaded\" \/>\u00a0Sa\u011flam ve uzun \u00f6m\u00fcrl\u00fc mekanizma<br \/>\n<img decoding=\"async\" class=\"emoji entered lazyloaded\" role=\"img\" draggable=\"false\" src=\"https:\/\/s.w.org\/images\/core\/emoji\/15.0.3\/svg\/2705.svg\" alt=\"\u2705\" data-lazy-src=\"https:\/\/s.w.org\/images\/core\/emoji\/15.0.3\/svg\/2705.svg\" data-ll-status=\"loaded\" \/>\u00a0Duvara katlanan yatak ile maksimum alan tasarrufu<br \/>\n<img decoding=\"async\" class=\"emoji entered lazyloaded\" role=\"img\" draggable=\"false\" src=\"https:\/\/s.w.org\/images\/core\/emoji\/15.0.3\/svg\/2705.svg\" alt=\"\u2705\" data-lazy-src=\"https:\/\/s.w.org\/images\/core\/emoji\/15.0.3\/svg\/2705.svg\" data-ll-status=\"loaded\" \/> Renk se\u00e7enekleri<\/p>\n<\/div>\n<\/div>\n<\/div>\n<\/div>","protected":false},"featured_media":18036,"template":"","meta":{"footnotes":""},"product_brand":[],"product_cat":[282],"product_tag":[239,244],"class_list":{"0":"post-10805","1":"product","2":"type-product","3":"status-publish","4":"has-post-thumbnail","6":"product_cat-istanbul","7":"product_tag-akilli-mobilya","8":"product_tag-duvar-yataklari","9":"tm-no-options","11":"first","12":"instock","13":"sale","14":"taxable","15":"shipping-taxable","16":"purchasable","17":"product-type-variable"},"yoast_head":"<!-- This site is optimized with the Yoast SEO plugin v26.8 - https:\/\/yoast.com\/product\/yoast-seo-wordpress\/ -->\n<title>\u0130stanbul Tek Ki\u015filik Vitrinli Duvar Yata\u011f\u0131 - Modamob Ak\u0131ll\u0131 Mobilya<\/title>\n<meta name=\"robots\" content=\"index, follow, max-snippet:-1, max-image-preview:large, max-video-preview:-1\" \/>\n<link rel=\"canonical\" href=\"https:\/\/www.modamob.com.tr\/en\/product-2\/istanbul-masali-ironing-table-attached-single-rotating-bed\/\" \/>\n<meta property=\"og:locale\" content=\"en_US\" \/>\n<meta property=\"og:type\" content=\"article\" \/>\n<meta property=\"og:title\" content=\"\u0130stanbul Tek Ki\u015filik Vitrinli Duvar Yata\u011f\u0131 - Modamob Ak\u0131ll\u0131 Mobilya\" \/>\n<meta property=\"og:description\" content=\"Modern G\u00f6r\u00fcn\u00fcm, Alan Tasarrufu ve Konforu Bir Arada!  K\u00fc\u00e7\u00fck alanlarda b\u00fcy\u00fck \u00e7\u00f6z\u00fcmler sunan Modamob Ak\u0131ll\u0131 Duvar Yataklar\u0131, mekanizmal\u0131 mobilya sistemleriyle hem konforu hem de i\u015flevselli\u011fi bir araya getiriyor. Duvara katlanan yatak mekanizmas\u0131 sayesinde, kullan\u0131lmad\u0131\u011f\u0131nda yer kaplamaz; a\u00e7\u0131ld\u0131\u011f\u0131nda ise rahat bir uyku alan\u0131na d\u00f6n\u00fc\u015f\u00fcr. Mod\u00fcler mobilya anlay\u0131\u015f\u0131yla tasarlanan bu sistemler, farkl\u0131 ihtiya\u00e7lara y\u00f6nelik bir\u00e7ok modelle ya\u015fam alanlar\u0131n\u0131z\u0131 daha verimli kullanman\u0131z\u0131 sa\u011flar.  Tek Ki\u015filik Vitrinli Ak\u0131ll\u0131 D\u00f6ner Duvar Yata\u011f\u0131  Geni\u015f ve rahat uyku alan\u0131 sunan bu model, \u00e7ift ki\u015filik duvar yata\u011f\u0131 mekanizmas\u0131 ile zahmetsizce d\u00f6nd\u00fcr\u00fclerek a\u00e7\u0131l\u0131p kapan\u0131r. Kullan\u0131\u015fl\u0131 ve modern vitrini ile g\u00f6rsel \u015f\u00f6len sunar, ak\u015fam ise d\u00f6ner mekanizmas\u0131 sistemi sayesinde kolayca konforlu bir yata\u011fa \u00e7evirin. \u015e\u0131k ve modern tasar\u0131m\u0131, k\u00fc\u00e7\u00fck odalar i\u00e7in b\u00fcy\u00fck \u00e7\u00f6z\u00fcmler sunar.  \u00a0Sa\u011flam ve uzun \u00f6m\u00fcrl\u00fc mekanizma \u00a0Duvara katlanan yatak ile maksimum alan tasarrufu  Renk se\u00e7enekleri\" \/>\n<meta property=\"og:url\" content=\"https:\/\/www.modamob.com.tr\/en\/product-2\/istanbul-masali-ironing-table-attached-single-rotating-bed\/\" \/>\n<meta property=\"og:site_name\" content=\"Modamob Ak\u0131ll\u0131 Mobilya\" \/>\n<meta property=\"article:modified_time\" content=\"2026-03-24T14:30:35+00:00\" \/>\n<meta property=\"og:image\" content=\"https:\/\/www.modamob.com.tr\/wp-content\/uploads\/2022\/10\/Mdmb0125721-copy-1.jpg\" \/>\n\t<meta property=\"og:image:width\" content=\"1000\" \/>\n\t<meta property=\"og:image:height\" content=\"1000\" \/>\n\t<meta property=\"og:image:type\" content=\"image\/jpeg\" \/>\n<meta name=\"twitter:card\" content=\"summary_large_image\" \/>\n<meta name=\"twitter:label1\" content=\"Est. reading time\" \/>\n\t<meta name=\"twitter:data1\" content=\"1 minute\" \/>\n<script type=\"application\/ld+json\" class=\"yoast-schema-graph\">{\"@context\":\"https:\/\/schema.org\",\"@graph\":[{\"@type\":\"WebPage\",\"@id\":\"https:\/\/www.modamob.com.tr\/urun\/istanbul-masali-utu-masasi-eklentili-tek-kisilik-doner-yatak\/\",\"url\":\"https:\/\/www.modamob.com.tr\/urun\/istanbul-masali-utu-masasi-eklentili-tek-kisilik-doner-yatak\/\",\"name\":\"\u0130stanbul Tek Ki\u015filik Vitrinli Duvar Yata\u011f\u0131 - Modamob Ak\u0131ll\u0131 Mobilya\",\"isPartOf\":{\"@id\":\"https:\/\/www.modamob.com.tr\/#website\"},\"primaryImageOfPage\":{\"@id\":\"https:\/\/www.modamob.com.tr\/urun\/istanbul-masali-utu-masasi-eklentili-tek-kisilik-doner-yatak\/#primaryimage\"},\"image\":{\"@id\":\"https:\/\/www.modamob.com.tr\/urun\/istanbul-masali-utu-masasi-eklentili-tek-kisilik-doner-yatak\/#primaryimage\"},\"thumbnailUrl\":\"https:\/\/www.modamob.com.tr\/wp-content\/uploads\/2022\/10\/Mdmb0125721-copy-1.jpg\",\"datePublished\":\"2022-10-28T09:21:36+00:00\",\"dateModified\":\"2026-03-24T14:30:35+00:00\",\"breadcrumb\":{\"@id\":\"https:\/\/www.modamob.com.tr\/urun\/istanbul-masali-utu-masasi-eklentili-tek-kisilik-doner-yatak\/#breadcrumb\"},\"inLanguage\":\"en-US\",\"potentialAction\":[{\"@type\":\"ReadAction\",\"target\":[\"https:\/\/www.modamob.com.tr\/urun\/istanbul-masali-utu-masasi-eklentili-tek-kisilik-doner-yatak\/\"]}]},{\"@type\":\"ImageObject\",\"inLanguage\":\"en-US\",\"@id\":\"https:\/\/www.modamob.com.tr\/urun\/istanbul-masali-utu-masasi-eklentili-tek-kisilik-doner-yatak\/#primaryimage\",\"url\":\"https:\/\/www.modamob.com.tr\/wp-content\/uploads\/2022\/10\/Mdmb0125721-copy-1.jpg\",\"contentUrl\":\"https:\/\/www.modamob.com.tr\/wp-content\/uploads\/2022\/10\/Mdmb0125721-copy-1.jpg\",\"width\":1000,\"height\":1000,\"caption\":\"\u0130stanbul Tek Ki\u015filik Vitrinli Duvar Yata\u011f\u0131\"},{\"@type\":\"BreadcrumbList\",\"@id\":\"https:\/\/www.modamob.com.tr\/urun\/istanbul-masali-utu-masasi-eklentili-tek-kisilik-doner-yatak\/#breadcrumb\",\"itemListElement\":[{\"@type\":\"ListItem\",\"position\":1,\"name\":\"Anasayfa\",\"item\":\"https:\/\/www.modamob.com.tr\/\"},{\"@type\":\"ListItem\",\"position\":2,\"name\":\"Ma\u011faza\",\"item\":\"https:\/\/www.modamob.com.tr\/magaza\/\"},{\"@type\":\"ListItem\",\"position\":3,\"name\":\"\u0130stanbul Tek Ki\u015filik Vitrinli Duvar Yata\u011f\u0131\"}]},{\"@type\":\"WebSite\",\"@id\":\"https:\/\/www.modamob.com.tr\/#website\",\"url\":\"https:\/\/www.modamob.com.tr\/\",\"name\":\"Modamob Ak\u0131ll\u0131 Mobilya\",\"description\":\"Yeni Nesil Hareketli Mobilyalar\",\"potentialAction\":[{\"@type\":\"SearchAction\",\"target\":{\"@type\":\"EntryPoint\",\"urlTemplate\":\"https:\/\/www.modamob.com.tr\/?s={search_term_string}\"},\"query-input\":{\"@type\":\"PropertyValueSpecification\",\"valueRequired\":true,\"valueName\":\"search_term_string\"}}],\"inLanguage\":\"en-US\"}]}<\/script>\n<!-- \/ Yoast SEO plugin. -->","yoast_head_json":{"title":"\u0130stanbul Tek Ki\u015filik Vitrinli Duvar Yata\u011f\u0131 - Modamob Ak\u0131ll\u0131 Mobilya","robots":{"index":"index","follow":"follow","max-snippet":"max-snippet:-1","max-image-preview":"max-image-preview:large","max-video-preview":"max-video-preview:-1"},"canonical":"https:\/\/www.modamob.com.tr\/en\/product-2\/istanbul-masali-ironing-table-attached-single-rotating-bed\/","og_locale":"en_US","og_type":"article","og_title":"\u0130stanbul Tek Ki\u015filik Vitrinli Duvar Yata\u011f\u0131 - Modamob Ak\u0131ll\u0131 Mobilya","og_description":"Modern G\u00f6r\u00fcn\u00fcm, Alan Tasarrufu ve Konforu Bir Arada!  K\u00fc\u00e7\u00fck alanlarda b\u00fcy\u00fck \u00e7\u00f6z\u00fcmler sunan Modamob Ak\u0131ll\u0131 Duvar Yataklar\u0131, mekanizmal\u0131 mobilya sistemleriyle hem konforu hem de i\u015flevselli\u011fi bir araya getiriyor. Duvara katlanan yatak mekanizmas\u0131 sayesinde, kullan\u0131lmad\u0131\u011f\u0131nda yer kaplamaz; a\u00e7\u0131ld\u0131\u011f\u0131nda ise rahat bir uyku alan\u0131na d\u00f6n\u00fc\u015f\u00fcr. Mod\u00fcler mobilya anlay\u0131\u015f\u0131yla tasarlanan bu sistemler, farkl\u0131 ihtiya\u00e7lara y\u00f6nelik bir\u00e7ok modelle ya\u015fam alanlar\u0131n\u0131z\u0131 daha verimli kullanman\u0131z\u0131 sa\u011flar.  Tek Ki\u015filik Vitrinli Ak\u0131ll\u0131 D\u00f6ner Duvar Yata\u011f\u0131  Geni\u015f ve rahat uyku alan\u0131 sunan bu model, \u00e7ift ki\u015filik duvar yata\u011f\u0131 mekanizmas\u0131 ile zahmetsizce d\u00f6nd\u00fcr\u00fclerek a\u00e7\u0131l\u0131p kapan\u0131r. Kullan\u0131\u015fl\u0131 ve modern vitrini ile g\u00f6rsel \u015f\u00f6len sunar, ak\u015fam ise d\u00f6ner mekanizmas\u0131 sistemi sayesinde kolayca konforlu bir yata\u011fa \u00e7evirin. \u015e\u0131k ve modern tasar\u0131m\u0131, k\u00fc\u00e7\u00fck odalar i\u00e7in b\u00fcy\u00fck \u00e7\u00f6z\u00fcmler sunar.  \u00a0Sa\u011flam ve uzun \u00f6m\u00fcrl\u00fc mekanizma \u00a0Duvara katlanan yatak ile maksimum alan tasarrufu  Renk se\u00e7enekleri","og_url":"https:\/\/www.modamob.com.tr\/en\/product-2\/istanbul-masali-ironing-table-attached-single-rotating-bed\/","og_site_name":"Modamob Ak\u0131ll\u0131 Mobilya","article_modified_time":"2026-03-24T14:30:35+00:00","og_image":[{"width":1000,"height":1000,"url":"https:\/\/www.modamob.com.tr\/wp-content\/uploads\/2022\/10\/Mdmb0125721-copy-1.jpg","type":"image\/jpeg"}],"twitter_card":"summary_large_image","twitter_misc":{"Est. reading time":"1 minute"},"schema":{"@context":"https:\/\/schema.org","@graph":[{"@type":"WebPage","@id":"https:\/\/www.modamob.com.tr\/urun\/istanbul-masali-utu-masasi-eklentili-tek-kisilik-doner-yatak\/","url":"https:\/\/www.modamob.com.tr\/urun\/istanbul-masali-utu-masasi-eklentili-tek-kisilik-doner-yatak\/","name":"\u0130stanbul Tek Ki\u015filik Vitrinli Duvar Yata\u011f\u0131 - Modamob Ak\u0131ll\u0131 Mobilya","isPartOf":{"@id":"https:\/\/www.modamob.com.tr\/#website"},"primaryImageOfPage":{"@id":"https:\/\/www.modamob.com.tr\/urun\/istanbul-masali-utu-masasi-eklentili-tek-kisilik-doner-yatak\/#primaryimage"},"image":{"@id":"https:\/\/www.modamob.com.tr\/urun\/istanbul-masali-utu-masasi-eklentili-tek-kisilik-doner-yatak\/#primaryimage"},"thumbnailUrl":"https:\/\/www.modamob.com.tr\/wp-content\/uploads\/2022\/10\/Mdmb0125721-copy-1.jpg","datePublished":"2022-10-28T09:21:36+00:00","dateModified":"2026-03-24T14:30:35+00:00","breadcrumb":{"@id":"https:\/\/www.modamob.com.tr\/urun\/istanbul-masali-utu-masasi-eklentili-tek-kisilik-doner-yatak\/#breadcrumb"},"inLanguage":"en-US","potentialAction":[{"@type":"ReadAction","target":["https:\/\/www.modamob.com.tr\/urun\/istanbul-masali-utu-masasi-eklentili-tek-kisilik-doner-yatak\/"]}]},{"@type":"ImageObject","inLanguage":"en-US","@id":"https:\/\/www.modamob.com.tr\/urun\/istanbul-masali-utu-masasi-eklentili-tek-kisilik-doner-yatak\/#primaryimage","url":"https:\/\/www.modamob.com.tr\/wp-content\/uploads\/2022\/10\/Mdmb0125721-copy-1.jpg","contentUrl":"https:\/\/www.modamob.com.tr\/wp-content\/uploads\/2022\/10\/Mdmb0125721-copy-1.jpg","width":1000,"height":1000,"caption":"\u0130stanbul Tek Ki\u015filik Vitrinli Duvar Yata\u011f\u0131"},{"@type":"BreadcrumbList","@id":"https:\/\/www.modamob.com.tr\/urun\/istanbul-masali-utu-masasi-eklentili-tek-kisilik-doner-yatak\/#breadcrumb","itemListElement":[{"@type":"ListItem","position":1,"name":"Anasayfa","item":"https:\/\/www.modamob.com.tr\/"},{"@type":"ListItem","position":2,"name":"Ma\u011faza","item":"https:\/\/www.modamob.com.tr\/magaza\/"},{"@type":"ListItem","position":3,"name":"\u0130stanbul Tek Ki\u015filik Vitrinli Duvar Yata\u011f\u0131"}]},{"@type":"WebSite","@id":"https:\/\/www.modamob.com.tr\/#website","url":"https:\/\/www.modamob.com.tr\/","name":"Modamob Smart Furniture","description":"New Generation Movable Furniture","potentialAction":[{"@type":"SearchAction","target":{"@type":"EntryPoint","urlTemplate":"https:\/\/www.modamob.com.tr\/?s={search_term_string}"},"query-input":{"@type":"PropertyValueSpecification","valueRequired":true,"valueName":"search_term_string"}}],"inLanguage":"en-US"}]}},"_links":{"self":[{"href":"https:\/\/www.modamob.com.tr\/en\/wp-json\/wp\/v2\/product\/10805","targetHints":{"allow":["GET"]}}],"collection":[{"href":"https:\/\/www.modamob.com.tr\/en\/wp-json\/wp\/v2\/product"}],"about":[{"href":"https:\/\/www.modamob.com.tr\/en\/wp-json\/wp\/v2\/types\/product"}],"version-history":[{"count":5,"href":"https:\/\/www.modamob.com.tr\/en\/wp-json\/wp\/v2\/product\/10805\/revisions"}],"predecessor-version":[{"id":18800,"href":"https:\/\/www.modamob.com.tr\/en\/wp-json\/wp\/v2\/product\/10805\/revisions\/18800"}],"wp:featuredmedia":[{"embeddable":true,"href":"https:\/\/www.modamob.com.tr\/en\/wp-json\/wp\/v2\/media\/18036"}],"wp:attachment":[{"href":"https:\/\/www.modamob.com.tr\/en\/wp-json\/wp\/v2\/media?parent=10805"}],"wp:term":[{"taxonomy":"product_brand","embeddable":true,"href":"https:\/\/www.modamob.com.tr\/en\/wp-json\/wp\/v2\/product_brand?post=10805"},{"taxonomy":"product_cat","embeddable":true,"href":"https:\/\/www.modamob.com.tr\/en\/wp-json\/wp\/v2\/product_cat?post=10805"},{"taxonomy":"product_tag","embeddable":true,"href":"https:\/\/www.modamob.com.tr\/en\/wp-json\/wp\/v2\/product_tag?post=10805"}],"curies":[{"name":"wp","href":"https:\/\/api.w.org\/{rel}","templated":true}]}}