{"id":20054,"date":"2026-03-18T17:37:37","date_gmt":"2026-03-18T14:37:37","guid":{"rendered":"https:\/\/www.modamob.com.tr\/?post_type=product&#038;p=20054"},"modified":"2026-03-24T16:49:10","modified_gmt":"2026-03-24T13:49:10","slug":"nora-set-yatay","status":"publish","type":"product","link":"https:\/\/www.modamob.com.tr\/de\/produkt\/nora-set-yatay\/","title":{"rendered":"Nora Set Yatay"},"content":{"rendered":"<h2 data-start=\"1337\" data-end=\"1369\"><strong data-start=\"1340\" data-end=\"1369\">Neden Bu \u00dcr\u00fcn\u00fc Almal\u0131y\u0131m?<\/strong><\/h2>\n<p data-start=\"1371\" data-end=\"1544\">\u2714 <strong data-start=\"1373\" data-end=\"1412\">Alan Kazand\u0131ran Ak\u0131ll\u0131 Duvar Yata\u011f\u0131<\/strong><br data-start=\"1412\" data-end=\"1415\" \/>Kullan\u0131lmad\u0131\u011f\u0131nda kapanarak ya\u015fam alan\u0131n\u0131 serbest b\u0131rakan <strong data-start=\"1473\" data-end=\"1498\">duvardan a\u00e7\u0131lan yatak<\/strong>, dar alanlarda maksimum alan kazan\u0131m\u0131 sa\u011flar.<\/p>\n<p data-start=\"1546\" data-end=\"1738\">\u2714 <strong data-start=\"1548\" data-end=\"1588\">Sand\u0131kl\u0131 Koltuk ile D\u00fczenli Depolama<\/strong><br data-start=\"1588\" data-end=\"1591\" \/>Entegre <strong data-start=\"1599\" data-end=\"1618\">sand\u0131kl\u0131 koltuk<\/strong>, fazla e\u015fyalar i\u00e7in pratik ve gizli bir depolama alan\u0131 sunar. Da\u011f\u0131n\u0131kl\u0131\u011f\u0131 ortadan kald\u0131r\u0131r, ya\u015fam alan\u0131n\u0131 sadele\u015ftirir.<\/p>\n<p data-start=\"1740\" data-end=\"1913\">\u2714 <strong data-start=\"1742\" data-end=\"1780\">Fonksiyonel ve \u00c7ok Ama\u00e7l\u0131 Kullan\u0131m<\/strong><br data-start=\"1780\" data-end=\"1783\" \/>G\u00fcnd\u00fcz koltuk ve depolama, gece ise konforlu bir yatak olarak kullan\u0131lan bu sistem, tek bir \u00fcr\u00fcnde birden fazla ihtiyac\u0131 kar\u015f\u0131lar.<\/p>\n<p data-start=\"1915\" data-end=\"2084\">\u2714 <strong data-start=\"1917\" data-end=\"1966\">Dengeli, G\u00fcvenli ve Kullan\u0131m\u0131 Kolay Mekanizma<\/strong><br data-start=\"1966\" data-end=\"1969\" \/>Sa\u011flam yap\u0131ya sahip <strong data-start=\"1989\" data-end=\"2011\">wandmontiertes Bett<\/strong> sistemi, g\u00fcnl\u00fck kullan\u0131ma uygun, g\u00fcvenli ve uzun \u00f6m\u00fcrl\u00fc bir \u00e7\u00f6z\u00fcm sunar.<\/p>\n<p data-start=\"2086\" data-end=\"2239\">\u2714 <strong data-start=\"2088\" data-end=\"2117\">\u00dcst D\u00fczey Konfor Deneyimi<\/strong><br data-start=\"2117\" data-end=\"2120\" \/>Ergonomik yatak yap\u0131s\u0131 ve kaliteli s\u00fcnger sistemi sayesinde hem oturma hem de uyku s\u0131ras\u0131nda rahat bir kullan\u0131m sa\u011flar.<\/p>\n<p data-start=\"2241\" data-end=\"2392\">\u2714 <strong data-start=\"2243\" data-end=\"2273\">Modern ve Zamans\u0131z Tasar\u0131m<\/strong><br data-start=\"2273\" data-end=\"2276\" \/>Minimal \u00e7izgileri sayesinde farkl\u0131 dekorasyon stillerine kolayca uyum sa\u011flar. Ya\u015fam alan\u0131na estetik bir de\u011fer katar.<\/p>\n<p data-start=\"2394\" data-end=\"2539\">\u2714 <strong data-start=\"2396\" data-end=\"2429\">Dayan\u0131kl\u0131 ve Uzun \u00d6m\u00fcrl\u00fc Yap\u0131<\/strong><br data-start=\"2429\" data-end=\"2432\" \/>G\u00fc\u00e7lendirilmi\u015f metal konstr\u00fcksiyon ve kaliteli malzeme yap\u0131s\u0131 sayesinde uzun y\u0131llar g\u00fcvenle kullan\u0131labilir.<\/p>\n<p data-start=\"2541\" data-end=\"2676\">\u2714 <strong data-start=\"2543\" data-end=\"2578\">Ekstra Mobilyaya Gerek B\u0131rakmaz<\/strong><br data-start=\"2578\" data-end=\"2581\" \/>Yatak, koltuk ve depolama alan\u0131n\u0131 tek \u00fcr\u00fcnde birle\u015ftirerek hem alan hem b\u00fct\u00e7e tasarrufu sa\u011flar.<\/p>","protected":false},"excerpt":{"rendered":"<h2 data-start=\"256\" data-end=\"309\"><strong data-start=\"259\" data-end=\"309\">Ak\u0131ll\u0131 Duvar Yata\u011f\u0131 ve Sand\u0131kl\u0131 Koltuk Sistemi<\/strong><\/h2>\n<h3 data-start=\"311\" data-end=\"380\"><strong data-start=\"315\" data-end=\"380\">Fonksiyonel Tasar\u0131m, Ak\u0131ll\u0131 Depolama, Maksimum Alan Kullan\u0131m\u0131<\/strong><\/h3>\n<p data-start=\"382\" data-end=\"724\">Ya\u015fam alanlar\u0131nda d\u00fczen, konfor ve i\u015flevselli\u011fi bir arada sunmak i\u00e7in tasarlanan bu <strong data-start=\"466\" data-end=\"489\">ak\u0131ll\u0131 duvar yata\u011f\u0131<\/strong>, entegre <strong data-start=\"499\" data-end=\"518\">sand\u0131kl\u0131 koltuk<\/strong> yap\u0131s\u0131yla \u00e7ok y\u00f6nl\u00fc bir kullan\u0131m deneyimi sunar. G\u00fcn i\u00e7erisinde koltuk ve depolama alan\u0131 olarak kullan\u0131lan sistem, ihtiya\u00e7 an\u0131nda <strong data-start=\"649\" data-end=\"674\">duvardan a\u00e7\u0131lan yatak<\/strong> fonksiyonu ile konforlu bir uyku alan\u0131na d\u00f6n\u00fc\u015f\u00fcr.<\/p>\n<p data-start=\"726\" data-end=\"1062\"><strong data-start=\"726\" data-end=\"748\">Duvara monte yatak<\/strong> mekanizmas\u0131, dengeli ve g\u00fcvenli yap\u0131s\u0131yla kolay kullan\u0131m sa\u011flar. Yatak kullan\u0131lmad\u0131\u011f\u0131nda dikey konumda kapanarak mek\u00e2nda daha geni\u015f, d\u00fczenli ve ferah bir g\u00f6r\u00fcn\u00fcm olu\u015fturur. Alt b\u00f6l\u00fcmde yer alan <strong data-start=\"943\" data-end=\"962\">sand\u0131kl\u0131 koltuk<\/strong>, yorgan, yast\u0131k ve g\u00fcnl\u00fck e\u015fyalar i\u00e7in gizli bir depolama alan\u0131 sunarak alan verimlili\u011fini art\u0131r\u0131r.<\/p>\n<p data-start=\"1064\" data-end=\"1330\">Ergonomik yatak yap\u0131s\u0131 ve y\u00fcksek yo\u011funluklu minder sistemi sayesinde hem oturma hem de uyku s\u0131ras\u0131nda y\u00fcksek <strong data-start=\"1173\" data-end=\"1183\">Komfort<\/strong> sunar. Modern \u00e7izgileri ve zamans\u0131z tasar\u0131m\u0131yla ev, st\u00fcdyo daire, ofis ve misafir odalar\u0131 i\u00e7in ideal bir <strong data-start=\"1289\" data-end=\"1319\">fonksiyonel ak\u0131ll\u0131 mobilya<\/strong> \u00e7\u00f6z\u00fcm\u00fcd\u00fcr.<\/p>","protected":false},"featured_media":20068,"template":"","meta":{"footnotes":""},"product_brand":[],"product_cat":[157],"product_tag":[],"class_list":{"0":"post-20054","1":"product","2":"type-product","3":"status-publish","4":"has-post-thumbnail","6":"product_cat-cift-kisilik-duvar-yataklari","7":"tm-no-options","9":"first","10":"instock","11":"sale","12":"taxable","13":"shipping-taxable","14":"purchasable","15":"product-type-variable"},"yoast_head":"<!-- This site is optimized with the Yoast SEO plugin v26.8 - https:\/\/yoast.com\/product\/yoast-seo-wordpress\/ -->\n<title>Nora Set Yatay - Modamob Ak\u0131ll\u0131 Mobilya<\/title>\n<meta name=\"robots\" content=\"index, follow, max-snippet:-1, max-image-preview:large, max-video-preview:-1\" \/>\n<link rel=\"canonical\" href=\"https:\/\/www.modamob.com.tr\/de\/produkt\/nora-set-yatay\/\" \/>\n<meta property=\"og:locale\" content=\"de_DE\" \/>\n<meta property=\"og:type\" content=\"article\" \/>\n<meta property=\"og:title\" content=\"Nora Set Yatay - Modamob Ak\u0131ll\u0131 Mobilya\" \/>\n<meta property=\"og:description\" content=\"Ak\u0131ll\u0131 Duvar Yata\u011f\u0131 ve Sand\u0131kl\u0131 Koltuk Sistemi Fonksiyonel Tasar\u0131m, Ak\u0131ll\u0131 Depolama, Maksimum Alan Kullan\u0131m\u0131 Ya\u015fam alanlar\u0131nda d\u00fczen, konfor ve i\u015flevselli\u011fi bir arada sunmak i\u00e7in tasarlanan bu ak\u0131ll\u0131 duvar yata\u011f\u0131, entegre sand\u0131kl\u0131 koltuk yap\u0131s\u0131yla \u00e7ok y\u00f6nl\u00fc bir kullan\u0131m deneyimi sunar. G\u00fcn i\u00e7erisinde koltuk ve depolama alan\u0131 olarak kullan\u0131lan sistem, ihtiya\u00e7 an\u0131nda duvardan a\u00e7\u0131lan yatak fonksiyonu ile konforlu bir uyku alan\u0131na d\u00f6n\u00fc\u015f\u00fcr. Duvara monte yatak mekanizmas\u0131, dengeli ve g\u00fcvenli yap\u0131s\u0131yla kolay kullan\u0131m sa\u011flar. Yatak kullan\u0131lmad\u0131\u011f\u0131nda dikey konumda kapanarak mek\u00e2nda daha geni\u015f, d\u00fczenli ve ferah bir g\u00f6r\u00fcn\u00fcm olu\u015fturur. Alt b\u00f6l\u00fcmde yer alan sand\u0131kl\u0131 koltuk, yorgan, yast\u0131k ve g\u00fcnl\u00fck e\u015fyalar i\u00e7in gizli bir depolama alan\u0131 sunarak alan verimlili\u011fini art\u0131r\u0131r. Ergonomik yatak yap\u0131s\u0131 ve y\u00fcksek yo\u011funluklu minder sistemi sayesinde hem oturma hem de uyku s\u0131ras\u0131nda y\u00fcksek konfor sunar. Modern \u00e7izgileri ve zamans\u0131z tasar\u0131m\u0131yla ev, st\u00fcdyo daire, ofis ve misafir odalar\u0131 i\u00e7in ideal bir fonksiyonel ak\u0131ll\u0131 mobilya \u00e7\u00f6z\u00fcm\u00fcd\u00fcr.\" \/>\n<meta property=\"og:url\" content=\"https:\/\/www.modamob.com.tr\/de\/produkt\/nora-set-yatay\/\" \/>\n<meta property=\"og:site_name\" content=\"Modamob Ak\u0131ll\u0131 Mobilya\" \/>\n<meta property=\"article:modified_time\" content=\"2026-03-24T13:49:10+00:00\" \/>\n<meta property=\"og:image\" content=\"https:\/\/www.modamob.com.tr\/wp-content\/uploads\/2026\/03\/9-1.webp\" \/>\n\t<meta property=\"og:image:width\" content=\"1000\" \/>\n\t<meta property=\"og:image:height\" content=\"1000\" \/>\n\t<meta property=\"og:image:type\" content=\"image\/jpeg\" \/>\n<meta name=\"twitter:card\" content=\"summary_large_image\" \/>\n<meta name=\"twitter:label1\" content=\"Gesch\u00e4tzte Lesezeit\" \/>\n\t<meta name=\"twitter:data1\" content=\"2\u00a0Minuten\" \/>\n<script type=\"application\/ld+json\" class=\"yoast-schema-graph\">{\"@context\":\"https:\/\/schema.org\",\"@graph\":[{\"@type\":\"WebPage\",\"@id\":\"https:\/\/www.modamob.com.tr\/urun\/nora-set-yatay\/\",\"url\":\"https:\/\/www.modamob.com.tr\/urun\/nora-set-yatay\/\",\"name\":\"Nora Set Yatay - Modamob Ak\u0131ll\u0131 Mobilya\",\"isPartOf\":{\"@id\":\"https:\/\/www.modamob.com.tr\/#website\"},\"primaryImageOfPage\":{\"@id\":\"https:\/\/www.modamob.com.tr\/urun\/nora-set-yatay\/#primaryimage\"},\"image\":{\"@id\":\"https:\/\/www.modamob.com.tr\/urun\/nora-set-yatay\/#primaryimage\"},\"thumbnailUrl\":\"https:\/\/www.modamob.com.tr\/wp-content\/uploads\/2026\/03\/9-1.webp\",\"datePublished\":\"2026-03-18T14:37:37+00:00\",\"dateModified\":\"2026-03-24T13:49:10+00:00\",\"breadcrumb\":{\"@id\":\"https:\/\/www.modamob.com.tr\/urun\/nora-set-yatay\/#breadcrumb\"},\"inLanguage\":\"de\",\"potentialAction\":[{\"@type\":\"ReadAction\",\"target\":[\"https:\/\/www.modamob.com.tr\/urun\/nora-set-yatay\/\"]}]},{\"@type\":\"ImageObject\",\"inLanguage\":\"de\",\"@id\":\"https:\/\/www.modamob.com.tr\/urun\/nora-set-yatay\/#primaryimage\",\"url\":\"https:\/\/www.modamob.com.tr\/wp-content\/uploads\/2026\/03\/9-1.webp\",\"contentUrl\":\"https:\/\/www.modamob.com.tr\/wp-content\/uploads\/2026\/03\/9-1.webp\",\"width\":1000,\"height\":1000,\"caption\":\"Nora SYatay\"},{\"@type\":\"BreadcrumbList\",\"@id\":\"https:\/\/www.modamob.com.tr\/urun\/nora-set-yatay\/#breadcrumb\",\"itemListElement\":[{\"@type\":\"ListItem\",\"position\":1,\"name\":\"Anasayfa\",\"item\":\"https:\/\/www.modamob.com.tr\/\"},{\"@type\":\"ListItem\",\"position\":2,\"name\":\"Ma\u011faza\",\"item\":\"https:\/\/www.modamob.com.tr\/magaza\/\"},{\"@type\":\"ListItem\",\"position\":3,\"name\":\"Nora Set Yatay\"}]},{\"@type\":\"WebSite\",\"@id\":\"https:\/\/www.modamob.com.tr\/#website\",\"url\":\"https:\/\/www.modamob.com.tr\/\",\"name\":\"Modamob Ak\u0131ll\u0131 Mobilya\",\"description\":\"Yeni Nesil Hareketli Mobilyalar\",\"potentialAction\":[{\"@type\":\"SearchAction\",\"target\":{\"@type\":\"EntryPoint\",\"urlTemplate\":\"https:\/\/www.modamob.com.tr\/?s={search_term_string}\"},\"query-input\":{\"@type\":\"PropertyValueSpecification\",\"valueRequired\":true,\"valueName\":\"search_term_string\"}}],\"inLanguage\":\"de\"}]}<\/script>\n<!-- \/ Yoast SEO plugin. -->","yoast_head_json":{"title":"Nora Set Yatay - Modamob Ak\u0131ll\u0131 Mobilya","robots":{"index":"index","follow":"follow","max-snippet":"max-snippet:-1","max-image-preview":"max-image-preview:large","max-video-preview":"max-video-preview:-1"},"canonical":"https:\/\/www.modamob.com.tr\/de\/produkt\/nora-set-yatay\/","og_locale":"de_DE","og_type":"article","og_title":"Nora Set Yatay - Modamob Ak\u0131ll\u0131 Mobilya","og_description":"Ak\u0131ll\u0131 Duvar Yata\u011f\u0131 ve Sand\u0131kl\u0131 Koltuk Sistemi Fonksiyonel Tasar\u0131m, Ak\u0131ll\u0131 Depolama, Maksimum Alan Kullan\u0131m\u0131 Ya\u015fam alanlar\u0131nda d\u00fczen, konfor ve i\u015flevselli\u011fi bir arada sunmak i\u00e7in tasarlanan bu ak\u0131ll\u0131 duvar yata\u011f\u0131, entegre sand\u0131kl\u0131 koltuk yap\u0131s\u0131yla \u00e7ok y\u00f6nl\u00fc bir kullan\u0131m deneyimi sunar. G\u00fcn i\u00e7erisinde koltuk ve depolama alan\u0131 olarak kullan\u0131lan sistem, ihtiya\u00e7 an\u0131nda duvardan a\u00e7\u0131lan yatak fonksiyonu ile konforlu bir uyku alan\u0131na d\u00f6n\u00fc\u015f\u00fcr. Duvara monte yatak mekanizmas\u0131, dengeli ve g\u00fcvenli yap\u0131s\u0131yla kolay kullan\u0131m sa\u011flar. Yatak kullan\u0131lmad\u0131\u011f\u0131nda dikey konumda kapanarak mek\u00e2nda daha geni\u015f, d\u00fczenli ve ferah bir g\u00f6r\u00fcn\u00fcm olu\u015fturur. Alt b\u00f6l\u00fcmde yer alan sand\u0131kl\u0131 koltuk, yorgan, yast\u0131k ve g\u00fcnl\u00fck e\u015fyalar i\u00e7in gizli bir depolama alan\u0131 sunarak alan verimlili\u011fini art\u0131r\u0131r. Ergonomik yatak yap\u0131s\u0131 ve y\u00fcksek yo\u011funluklu minder sistemi sayesinde hem oturma hem de uyku s\u0131ras\u0131nda y\u00fcksek konfor sunar. Modern \u00e7izgileri ve zamans\u0131z tasar\u0131m\u0131yla ev, st\u00fcdyo daire, ofis ve misafir odalar\u0131 i\u00e7in ideal bir fonksiyonel ak\u0131ll\u0131 mobilya \u00e7\u00f6z\u00fcm\u00fcd\u00fcr.","og_url":"https:\/\/www.modamob.com.tr\/de\/produkt\/nora-set-yatay\/","og_site_name":"Modamob Ak\u0131ll\u0131 Mobilya","article_modified_time":"2026-03-24T13:49:10+00:00","og_image":[{"width":1000,"height":1000,"url":"https:\/\/www.modamob.com.tr\/wp-content\/uploads\/2026\/03\/9-1.webp","type":"image\/jpeg"}],"twitter_card":"summary_large_image","twitter_misc":{"Gesch\u00e4tzte Lesezeit":"2\u00a0Minuten"},"schema":{"@context":"https:\/\/schema.org","@graph":[{"@type":"WebPage","@id":"https:\/\/www.modamob.com.tr\/urun\/nora-set-yatay\/","url":"https:\/\/www.modamob.com.tr\/urun\/nora-set-yatay\/","name":"Nora Set Yatay - Modamob Ak\u0131ll\u0131 Mobilya","isPartOf":{"@id":"https:\/\/www.modamob.com.tr\/#website"},"primaryImageOfPage":{"@id":"https:\/\/www.modamob.com.tr\/urun\/nora-set-yatay\/#primaryimage"},"image":{"@id":"https:\/\/www.modamob.com.tr\/urun\/nora-set-yatay\/#primaryimage"},"thumbnailUrl":"https:\/\/www.modamob.com.tr\/wp-content\/uploads\/2026\/03\/9-1.webp","datePublished":"2026-03-18T14:37:37+00:00","dateModified":"2026-03-24T13:49:10+00:00","breadcrumb":{"@id":"https:\/\/www.modamob.com.tr\/urun\/nora-set-yatay\/#breadcrumb"},"inLanguage":"de","potentialAction":[{"@type":"ReadAction","target":["https:\/\/www.modamob.com.tr\/urun\/nora-set-yatay\/"]}]},{"@type":"ImageObject","inLanguage":"de","@id":"https:\/\/www.modamob.com.tr\/urun\/nora-set-yatay\/#primaryimage","url":"https:\/\/www.modamob.com.tr\/wp-content\/uploads\/2026\/03\/9-1.webp","contentUrl":"https:\/\/www.modamob.com.tr\/wp-content\/uploads\/2026\/03\/9-1.webp","width":1000,"height":1000,"caption":"Nora SYatay"},{"@type":"BreadcrumbList","@id":"https:\/\/www.modamob.com.tr\/urun\/nora-set-yatay\/#breadcrumb","itemListElement":[{"@type":"ListItem","position":1,"name":"Anasayfa","item":"https:\/\/www.modamob.com.tr\/"},{"@type":"ListItem","position":2,"name":"Ma\u011faza","item":"https:\/\/www.modamob.com.tr\/magaza\/"},{"@type":"ListItem","position":3,"name":"Nora Set Yatay"}]},{"@type":"WebSite","@id":"https:\/\/www.modamob.com.tr\/#website","url":"https:\/\/www.modamob.com.tr\/","name":"Modamob Intelligente M\u00f6bel","description":"Bewegliche M\u00f6bel der neuen Generation","potentialAction":[{"@type":"SearchAction","target":{"@type":"EntryPoint","urlTemplate":"https:\/\/www.modamob.com.tr\/?s={search_term_string}"},"query-input":{"@type":"PropertyValueSpecification","valueRequired":true,"valueName":"search_term_string"}}],"inLanguage":"de"}]}},"_links":{"self":[{"href":"https:\/\/www.modamob.com.tr\/de\/wp-json\/wp\/v2\/product\/20054","targetHints":{"allow":["GET"]}}],"collection":[{"href":"https:\/\/www.modamob.com.tr\/de\/wp-json\/wp\/v2\/product"}],"about":[{"href":"https:\/\/www.modamob.com.tr\/de\/wp-json\/wp\/v2\/types\/product"}],"version-history":[{"count":1,"href":"https:\/\/www.modamob.com.tr\/de\/wp-json\/wp\/v2\/product\/20054\/revisions"}],"predecessor-version":[{"id":20069,"href":"https:\/\/www.modamob.com.tr\/de\/wp-json\/wp\/v2\/product\/20054\/revisions\/20069"}],"wp:featuredmedia":[{"embeddable":true,"href":"https:\/\/www.modamob.com.tr\/de\/wp-json\/wp\/v2\/media\/20068"}],"wp:attachment":[{"href":"https:\/\/www.modamob.com.tr\/de\/wp-json\/wp\/v2\/media?parent=20054"}],"wp:term":[{"taxonomy":"product_brand","embeddable":true,"href":"https:\/\/www.modamob.com.tr\/de\/wp-json\/wp\/v2\/product_brand?post=20054"},{"taxonomy":"product_cat","embeddable":true,"href":"https:\/\/www.modamob.com.tr\/de\/wp-json\/wp\/v2\/product_cat?post=20054"},{"taxonomy":"product_tag","embeddable":true,"href":"https:\/\/www.modamob.com.tr\/de\/wp-json\/wp\/v2\/product_tag?post=20054"}],"curies":[{"name":"wp","href":"https:\/\/api.w.org\/{rel}","templated":true}]}}