{"id":19540,"date":"2026-01-26T13:23:40","date_gmt":"2026-01-26T10:23:40","guid":{"rendered":"https:\/\/www.modamob.com.tr\/?post_type=product&#038;p=19540"},"modified":"2026-03-24T16:51:13","modified_gmt":"2026-03-24T13:51:13","slug":"nora-set-uzaktan-kumandali","status":"publish","type":"product","link":"https:\/\/www.modamob.com.tr\/de\/produkt\/nora-set-uzaktan-kumandali\/","title":{"rendered":"Nora Koltuklu Set Uzaktan Kumandal\u0131"},"content":{"rendered":"<h2 data-start=\"1315\" data-end=\"1347\"><strong data-start=\"1318\" data-end=\"1347\">Neden Bu \u00dcr\u00fcn\u00fc Almal\u0131y\u0131m?<\/strong><\/h2>\n<p data-start=\"1349\" data-end=\"1541\">\u2714 <strong data-start=\"1351\" data-end=\"1393\">Tek Tu\u015fla A\u00e7\u0131lan Otomatik Duvar Yata\u011f\u0131<\/strong><br data-start=\"1393\" data-end=\"1396\" \/>Kumanda kontroll\u00fc mekanizma sayesinde yatak, fiziksel g\u00fc\u00e7 gerektirmeden tek tu\u015fla a\u00e7\u0131l\u0131p kapan\u0131r. G\u00fcnl\u00fck kullan\u0131mda maksimum <strong data-start=\"1521\" data-end=\"1534\">pratiklik<\/strong> sunar.<\/p>\n<p data-start=\"1543\" data-end=\"1744\">\u2714 <strong data-start=\"1545\" data-end=\"1590\">Sand\u0131kl\u0131 Koltuk ile Ekstra Depolama Alan\u0131<\/strong><br data-start=\"1590\" data-end=\"1593\" \/>Entegre <strong data-start=\"1601\" data-end=\"1620\">sand\u0131kl\u0131 koltuk<\/strong>, fazla e\u015fyalar i\u00e7in gizli ve d\u00fczenli bir depolama alan\u0131 sa\u011flar. Da\u011f\u0131n\u0131kl\u0131\u011f\u0131 ortadan kald\u0131r\u0131r, ya\u015fam alan\u0131n\u0131z\u0131 sadele\u015ftirir.<\/p>\n<p data-start=\"1746\" data-end=\"1946\">\u2714 <strong data-start=\"1748\" data-end=\"1794\">Alan Kazand\u0131ran Fonksiyonel Ak\u0131ll\u0131 Mobilya<\/strong><br data-start=\"1794\" data-end=\"1797\" \/>G\u00fcnd\u00fcz koltuk ve depolama, gece ise tam donan\u0131ml\u0131 bir <strong data-start=\"1851\" data-end=\"1876\">duvardan a\u00e7\u0131lan yatak<\/strong> olarak kullan\u0131lan bu sistem, dar alanlarda maksimum verimlilik sunar.<\/p>\n<p data-start=\"1948\" data-end=\"2107\">\u2714 <strong data-start=\"1950\" data-end=\"1995\">Sessiz, Dengeli ve G\u00fcvenli Motorlu Sistem<\/strong><br data-start=\"1995\" data-end=\"1998\" \/>Motorlu <strong data-start=\"2006\" data-end=\"2028\">wandmontiertes Bett<\/strong> mekanizmas\u0131 sessiz \u00e7al\u0131\u015f\u0131r, kontroll\u00fc hareket eder ve g\u00fcvenli kullan\u0131m sa\u011flar.<\/p>\n<p data-start=\"2109\" data-end=\"2264\">\u2714 <strong data-start=\"2111\" data-end=\"2131\">\u00dcst D\u00fczey Konfor<\/strong><br data-start=\"2131\" data-end=\"2134\" \/>Y\u00fcksek yo\u011funluklu s\u00fcnger yap\u0131s\u0131 ve ergonomik yatak tasar\u0131m\u0131 sayesinde hem oturma hem de uyku s\u0131ras\u0131nda \u00fcst d\u00fczey <strong data-start=\"2247\" data-end=\"2257\">Komfort<\/strong> sunar.<\/p>\n<p data-start=\"2266\" data-end=\"2442\">\u2714 <strong data-start=\"2268\" data-end=\"2306\">Modern Tasar\u0131m ve Ak\u0131ll\u0131 Teknoloji<\/strong><br data-start=\"2306\" data-end=\"2309\" \/>Minimal \u00e7izgiler, motorlu sistem ve depolama fonksiyonu bir araya gelerek \u00fcr\u00fcn\u00fc s\u0131radan bir yataktan \u00e7ok daha fazlas\u0131 haline getirir.<\/p>\n<p data-start=\"2444\" data-end=\"2603\">\u2714 <strong data-start=\"2446\" data-end=\"2479\">Uzun \u00d6m\u00fcrl\u00fc ve Dayan\u0131kl\u0131 Yap\u0131<\/strong><br data-start=\"2479\" data-end=\"2482\" \/>Sa\u011flam metal konstr\u00fcksiyon, kaliteli motor sistemi ve dayan\u0131kl\u0131 d\u00f6\u015feme malzemeleriyle uzun y\u0131llar g\u00fcvenle kullan\u0131labilir.<\/p>\n<p data-start=\"2605\" data-end=\"2765\">\u2714 <strong data-start=\"2607\" data-end=\"2653\">Ekstra Mobilya \u0130htiyac\u0131n\u0131 Ortadan Kald\u0131r\u0131r<\/strong><br data-start=\"2653\" data-end=\"2656\" \/>Yatak, koltuk ve depolama alan\u0131n\u0131 tek \u00fcr\u00fcnde birle\u015ftirerek hem alandan hem b\u00fct\u00e7eden tasarruf etmenizi sa\u011flar.<\/p>","protected":false},"excerpt":{"rendered":"<h2 data-start=\"196\" data-end=\"258\"><strong data-start=\"199\" data-end=\"258\">Otomatik Ak\u0131ll\u0131 Duvar Yata\u011f\u0131 ve Sand\u0131kl\u0131 Koltuk Sistemi<\/strong><\/h2>\n<h3 data-start=\"260\" data-end=\"316\"><strong data-start=\"264\" data-end=\"316\">Tek Tu\u015fla Konfor, Ak\u0131ll\u0131 Depolama, Maksimum Alan<\/strong><\/h3>\n<p data-start=\"318\" data-end=\"688\">Modern ya\u015fam alanlar\u0131 i\u00e7in geli\u015ftirilen bu <strong data-start=\"361\" data-end=\"393\">otomatik ak\u0131ll\u0131 duvar yata\u011f\u0131<\/strong>, entegre <strong data-start=\"403\" data-end=\"422\">sand\u0131kl\u0131 koltuk<\/strong> \u00e7\u00f6z\u00fcm\u00fcyle yaln\u0131zca bir uyku alan\u0131 de\u011fil, ayn\u0131 zamanda g\u00fc\u00e7l\u00fc bir depolama avantaj\u0131 sunar. G\u00fcnd\u00fczleri koltuk ve depolama alan\u0131 olarak kullan\u0131lan sistem, geceleri <strong data-start=\"583\" data-end=\"626\">kumanda kontroll\u00fc duvardan a\u00e7\u0131lan yatak<\/strong> mekanizmas\u0131yla zahmetsizce konforlu bir uyku alan\u0131na d\u00f6n\u00fc\u015f\u00fcr.<\/p>\n<p data-start=\"690\" data-end=\"1028\">Motorlu <strong data-start=\"698\" data-end=\"721\">ak\u0131ll\u0131 duvar yata\u011f\u0131<\/strong> mekanizmas\u0131, tek tu\u015fla sessiz ve dengeli bir \u015fekilde \u00e7al\u0131\u015f\u0131r. Yatak kullan\u0131lmad\u0131\u011f\u0131nda dikey konumda kapanarak mek\u00e2nda d\u00fczenli ve ferah bir g\u00f6r\u00fcn\u00fcm sa\u011flar. Alt b\u00f6l\u00fcmde yer alan <strong data-start=\"898\" data-end=\"917\">sand\u0131kl\u0131 koltuk<\/strong>, yorgan, yast\u0131k ve g\u00fcnl\u00fck e\u015fyalar i\u00e7in ekstra depolama alan\u0131 sunarak alan kullan\u0131m\u0131n\u0131 maksimum seviyeye ta\u015f\u0131r.<\/p>\n<p data-start=\"1030\" data-end=\"1308\">Ergonomik yatak yap\u0131s\u0131, sa\u011flam ta\u015f\u0131y\u0131c\u0131 sistem ve kaliteli d\u00f6\u015feme malzemeleri sayesinde hem oturma hem de uyku s\u0131ras\u0131nda y\u00fcksek <strong data-start=\"1158\" data-end=\"1168\">Komfort<\/strong> sa\u011flar. Ev, st\u00fcdyo daire, ofis ve misafir odalar\u0131 i\u00e7in ideal olan bu <strong data-start=\"1238\" data-end=\"1268\">fonksiyonel ak\u0131ll\u0131 mobilya<\/strong>, k\u00fc\u00e7\u00fck alanlarda b\u00fcy\u00fck \u00e7\u00f6z\u00fcmler \u00fcretir.<\/p>","protected":false},"featured_media":19468,"template":"","meta":{"footnotes":""},"product_brand":[],"product_cat":[157],"product_tag":[],"class_list":{"0":"post-19540","1":"product","2":"type-product","3":"status-publish","4":"has-post-thumbnail","6":"product_cat-cift-kisilik-duvar-yataklari","7":"tm-no-options","9":"first","10":"instock","11":"sale","12":"taxable","13":"shipping-taxable","14":"purchasable","15":"product-type-variable"},"yoast_head":"<!-- This site is optimized with the Yoast SEO plugin v26.8 - https:\/\/yoast.com\/product\/yoast-seo-wordpress\/ -->\n<title>Nora Koltuklu Set Uzaktan Kumandal\u0131 - Modamob Ak\u0131ll\u0131 Mobilya<\/title>\n<meta name=\"robots\" content=\"index, follow, max-snippet:-1, max-image-preview:large, max-video-preview:-1\" \/>\n<link rel=\"canonical\" href=\"https:\/\/www.modamob.com.tr\/de\/produkt\/nora-set-uzaktan-kumandali\/\" \/>\n<meta property=\"og:locale\" content=\"de_DE\" \/>\n<meta property=\"og:type\" content=\"article\" \/>\n<meta property=\"og:title\" content=\"Nora Koltuklu Set Uzaktan Kumandal\u0131 - Modamob Ak\u0131ll\u0131 Mobilya\" \/>\n<meta property=\"og:description\" content=\"Otomatik Ak\u0131ll\u0131 Duvar Yata\u011f\u0131 ve Sand\u0131kl\u0131 Koltuk Sistemi Tek Tu\u015fla Konfor, Ak\u0131ll\u0131 Depolama, Maksimum Alan Modern ya\u015fam alanlar\u0131 i\u00e7in geli\u015ftirilen bu otomatik ak\u0131ll\u0131 duvar yata\u011f\u0131, entegre sand\u0131kl\u0131 koltuk \u00e7\u00f6z\u00fcm\u00fcyle yaln\u0131zca bir uyku alan\u0131 de\u011fil, ayn\u0131 zamanda g\u00fc\u00e7l\u00fc bir depolama avantaj\u0131 sunar. G\u00fcnd\u00fczleri koltuk ve depolama alan\u0131 olarak kullan\u0131lan sistem, geceleri kumanda kontroll\u00fc duvardan a\u00e7\u0131lan yatak mekanizmas\u0131yla zahmetsizce konforlu bir uyku alan\u0131na d\u00f6n\u00fc\u015f\u00fcr. Motorlu ak\u0131ll\u0131 duvar yata\u011f\u0131 mekanizmas\u0131, tek tu\u015fla sessiz ve dengeli bir \u015fekilde \u00e7al\u0131\u015f\u0131r. Yatak kullan\u0131lmad\u0131\u011f\u0131nda dikey konumda kapanarak mek\u00e2nda d\u00fczenli ve ferah bir g\u00f6r\u00fcn\u00fcm sa\u011flar. Alt b\u00f6l\u00fcmde yer alan sand\u0131kl\u0131 koltuk, yorgan, yast\u0131k ve g\u00fcnl\u00fck e\u015fyalar i\u00e7in ekstra depolama alan\u0131 sunarak alan kullan\u0131m\u0131n\u0131 maksimum seviyeye ta\u015f\u0131r. Ergonomik yatak yap\u0131s\u0131, sa\u011flam ta\u015f\u0131y\u0131c\u0131 sistem ve kaliteli d\u00f6\u015feme malzemeleri sayesinde hem oturma hem de uyku s\u0131ras\u0131nda y\u00fcksek konfor sa\u011flar. Ev, st\u00fcdyo daire, ofis ve misafir odalar\u0131 i\u00e7in ideal olan bu fonksiyonel ak\u0131ll\u0131 mobilya, k\u00fc\u00e7\u00fck alanlarda b\u00fcy\u00fck \u00e7\u00f6z\u00fcmler \u00fcretir.\" \/>\n<meta property=\"og:url\" content=\"https:\/\/www.modamob.com.tr\/de\/produkt\/nora-set-uzaktan-kumandali\/\" \/>\n<meta property=\"og:site_name\" content=\"Modamob Ak\u0131ll\u0131 Mobilya\" \/>\n<meta property=\"article:modified_time\" content=\"2026-03-24T13:51:13+00:00\" \/>\n<meta property=\"og:image\" content=\"https:\/\/www.modamob.com.tr\/wp-content\/uploads\/2026\/01\/test-cift-kisilik-duvar-yataklari.jpg\" \/>\n\t<meta property=\"og:image:width\" content=\"2560\" \/>\n\t<meta property=\"og:image:height\" content=\"1920\" \/>\n\t<meta property=\"og:image:type\" content=\"image\/jpeg\" \/>\n<meta name=\"twitter:card\" content=\"summary_large_image\" \/>\n<meta name=\"twitter:label1\" content=\"Gesch\u00e4tzte Lesezeit\" \/>\n\t<meta name=\"twitter:data1\" content=\"2\u00a0Minuten\" \/>\n<script type=\"application\/ld+json\" class=\"yoast-schema-graph\">{\"@context\":\"https:\/\/schema.org\",\"@graph\":[{\"@type\":\"WebPage\",\"@id\":\"https:\/\/www.modamob.com.tr\/urun\/nora-set-uzaktan-kumandali\/\",\"url\":\"https:\/\/www.modamob.com.tr\/urun\/nora-set-uzaktan-kumandali\/\",\"name\":\"Nora Koltuklu Set Uzaktan Kumandal\u0131 - Modamob Ak\u0131ll\u0131 Mobilya\",\"isPartOf\":{\"@id\":\"https:\/\/www.modamob.com.tr\/#website\"},\"primaryImageOfPage\":{\"@id\":\"https:\/\/www.modamob.com.tr\/urun\/nora-set-uzaktan-kumandali\/#primaryimage\"},\"image\":{\"@id\":\"https:\/\/www.modamob.com.tr\/urun\/nora-set-uzaktan-kumandali\/#primaryimage\"},\"thumbnailUrl\":\"https:\/\/www.modamob.com.tr\/wp-content\/uploads\/2026\/01\/test-cift-kisilik-duvar-yataklari.jpg\",\"datePublished\":\"2026-01-26T10:23:40+00:00\",\"dateModified\":\"2026-03-24T13:51:13+00:00\",\"breadcrumb\":{\"@id\":\"https:\/\/www.modamob.com.tr\/urun\/nora-set-uzaktan-kumandali\/#breadcrumb\"},\"inLanguage\":\"de\",\"potentialAction\":[{\"@type\":\"ReadAction\",\"target\":[\"https:\/\/www.modamob.com.tr\/urun\/nora-set-uzaktan-kumandali\/\"]}]},{\"@type\":\"ImageObject\",\"inLanguage\":\"de\",\"@id\":\"https:\/\/www.modamob.com.tr\/urun\/nora-set-uzaktan-kumandali\/#primaryimage\",\"url\":\"https:\/\/www.modamob.com.tr\/wp-content\/uploads\/2026\/01\/test-cift-kisilik-duvar-yataklari.jpg\",\"contentUrl\":\"https:\/\/www.modamob.com.tr\/wp-content\/uploads\/2026\/01\/test-cift-kisilik-duvar-yataklari.jpg\",\"width\":2560,\"height\":1920,\"caption\":\"Nora Set Uzaktan Kumandal\u0131 (Kopya)\"},{\"@type\":\"BreadcrumbList\",\"@id\":\"https:\/\/www.modamob.com.tr\/urun\/nora-set-uzaktan-kumandali\/#breadcrumb\",\"itemListElement\":[{\"@type\":\"ListItem\",\"position\":1,\"name\":\"Anasayfa\",\"item\":\"https:\/\/www.modamob.com.tr\/\"},{\"@type\":\"ListItem\",\"position\":2,\"name\":\"Ma\u011faza\",\"item\":\"https:\/\/www.modamob.com.tr\/magaza\/\"},{\"@type\":\"ListItem\",\"position\":3,\"name\":\"Nora Koltuklu Set Uzaktan Kumandal\u0131\"}]},{\"@type\":\"WebSite\",\"@id\":\"https:\/\/www.modamob.com.tr\/#website\",\"url\":\"https:\/\/www.modamob.com.tr\/\",\"name\":\"Modamob Ak\u0131ll\u0131 Mobilya\",\"description\":\"Yeni Nesil Hareketli Mobilyalar\",\"potentialAction\":[{\"@type\":\"SearchAction\",\"target\":{\"@type\":\"EntryPoint\",\"urlTemplate\":\"https:\/\/www.modamob.com.tr\/?s={search_term_string}\"},\"query-input\":{\"@type\":\"PropertyValueSpecification\",\"valueRequired\":true,\"valueName\":\"search_term_string\"}}],\"inLanguage\":\"de\"}]}<\/script>\n<!-- \/ Yoast SEO plugin. -->","yoast_head_json":{"title":"Nora Koltuklu Set Uzaktan Kumandal\u0131 - Modamob Ak\u0131ll\u0131 Mobilya","robots":{"index":"index","follow":"follow","max-snippet":"max-snippet:-1","max-image-preview":"max-image-preview:large","max-video-preview":"max-video-preview:-1"},"canonical":"https:\/\/www.modamob.com.tr\/de\/produkt\/nora-set-uzaktan-kumandali\/","og_locale":"de_DE","og_type":"article","og_title":"Nora Koltuklu Set Uzaktan Kumandal\u0131 - Modamob Ak\u0131ll\u0131 Mobilya","og_description":"Otomatik Ak\u0131ll\u0131 Duvar Yata\u011f\u0131 ve Sand\u0131kl\u0131 Koltuk Sistemi Tek Tu\u015fla Konfor, Ak\u0131ll\u0131 Depolama, Maksimum Alan Modern ya\u015fam alanlar\u0131 i\u00e7in geli\u015ftirilen bu otomatik ak\u0131ll\u0131 duvar yata\u011f\u0131, entegre sand\u0131kl\u0131 koltuk \u00e7\u00f6z\u00fcm\u00fcyle yaln\u0131zca bir uyku alan\u0131 de\u011fil, ayn\u0131 zamanda g\u00fc\u00e7l\u00fc bir depolama avantaj\u0131 sunar. G\u00fcnd\u00fczleri koltuk ve depolama alan\u0131 olarak kullan\u0131lan sistem, geceleri kumanda kontroll\u00fc duvardan a\u00e7\u0131lan yatak mekanizmas\u0131yla zahmetsizce konforlu bir uyku alan\u0131na d\u00f6n\u00fc\u015f\u00fcr. Motorlu ak\u0131ll\u0131 duvar yata\u011f\u0131 mekanizmas\u0131, tek tu\u015fla sessiz ve dengeli bir \u015fekilde \u00e7al\u0131\u015f\u0131r. Yatak kullan\u0131lmad\u0131\u011f\u0131nda dikey konumda kapanarak mek\u00e2nda d\u00fczenli ve ferah bir g\u00f6r\u00fcn\u00fcm sa\u011flar. Alt b\u00f6l\u00fcmde yer alan sand\u0131kl\u0131 koltuk, yorgan, yast\u0131k ve g\u00fcnl\u00fck e\u015fyalar i\u00e7in ekstra depolama alan\u0131 sunarak alan kullan\u0131m\u0131n\u0131 maksimum seviyeye ta\u015f\u0131r. Ergonomik yatak yap\u0131s\u0131, sa\u011flam ta\u015f\u0131y\u0131c\u0131 sistem ve kaliteli d\u00f6\u015feme malzemeleri sayesinde hem oturma hem de uyku s\u0131ras\u0131nda y\u00fcksek konfor sa\u011flar. Ev, st\u00fcdyo daire, ofis ve misafir odalar\u0131 i\u00e7in ideal olan bu fonksiyonel ak\u0131ll\u0131 mobilya, k\u00fc\u00e7\u00fck alanlarda b\u00fcy\u00fck \u00e7\u00f6z\u00fcmler \u00fcretir.","og_url":"https:\/\/www.modamob.com.tr\/de\/produkt\/nora-set-uzaktan-kumandali\/","og_site_name":"Modamob Ak\u0131ll\u0131 Mobilya","article_modified_time":"2026-03-24T13:51:13+00:00","og_image":[{"width":2560,"height":1920,"url":"https:\/\/www.modamob.com.tr\/wp-content\/uploads\/2026\/01\/test-cift-kisilik-duvar-yataklari.jpg","type":"image\/jpeg"}],"twitter_card":"summary_large_image","twitter_misc":{"Gesch\u00e4tzte Lesezeit":"2\u00a0Minuten"},"schema":{"@context":"https:\/\/schema.org","@graph":[{"@type":"WebPage","@id":"https:\/\/www.modamob.com.tr\/urun\/nora-set-uzaktan-kumandali\/","url":"https:\/\/www.modamob.com.tr\/urun\/nora-set-uzaktan-kumandali\/","name":"Nora Koltuklu Set Uzaktan Kumandal\u0131 - Modamob Ak\u0131ll\u0131 Mobilya","isPartOf":{"@id":"https:\/\/www.modamob.com.tr\/#website"},"primaryImageOfPage":{"@id":"https:\/\/www.modamob.com.tr\/urun\/nora-set-uzaktan-kumandali\/#primaryimage"},"image":{"@id":"https:\/\/www.modamob.com.tr\/urun\/nora-set-uzaktan-kumandali\/#primaryimage"},"thumbnailUrl":"https:\/\/www.modamob.com.tr\/wp-content\/uploads\/2026\/01\/test-cift-kisilik-duvar-yataklari.jpg","datePublished":"2026-01-26T10:23:40+00:00","dateModified":"2026-03-24T13:51:13+00:00","breadcrumb":{"@id":"https:\/\/www.modamob.com.tr\/urun\/nora-set-uzaktan-kumandali\/#breadcrumb"},"inLanguage":"de","potentialAction":[{"@type":"ReadAction","target":["https:\/\/www.modamob.com.tr\/urun\/nora-set-uzaktan-kumandali\/"]}]},{"@type":"ImageObject","inLanguage":"de","@id":"https:\/\/www.modamob.com.tr\/urun\/nora-set-uzaktan-kumandali\/#primaryimage","url":"https:\/\/www.modamob.com.tr\/wp-content\/uploads\/2026\/01\/test-cift-kisilik-duvar-yataklari.jpg","contentUrl":"https:\/\/www.modamob.com.tr\/wp-content\/uploads\/2026\/01\/test-cift-kisilik-duvar-yataklari.jpg","width":2560,"height":1920,"caption":"Nora Set Uzaktan Kumandal\u0131 (Kopya)"},{"@type":"BreadcrumbList","@id":"https:\/\/www.modamob.com.tr\/urun\/nora-set-uzaktan-kumandali\/#breadcrumb","itemListElement":[{"@type":"ListItem","position":1,"name":"Anasayfa","item":"https:\/\/www.modamob.com.tr\/"},{"@type":"ListItem","position":2,"name":"Ma\u011faza","item":"https:\/\/www.modamob.com.tr\/magaza\/"},{"@type":"ListItem","position":3,"name":"Nora Koltuklu Set Uzaktan Kumandal\u0131"}]},{"@type":"WebSite","@id":"https:\/\/www.modamob.com.tr\/#website","url":"https:\/\/www.modamob.com.tr\/","name":"Modamob Intelligente M\u00f6bel","description":"Bewegliche M\u00f6bel der neuen Generation","potentialAction":[{"@type":"SearchAction","target":{"@type":"EntryPoint","urlTemplate":"https:\/\/www.modamob.com.tr\/?s={search_term_string}"},"query-input":{"@type":"PropertyValueSpecification","valueRequired":true,"valueName":"search_term_string"}}],"inLanguage":"de"}]}},"_links":{"self":[{"href":"https:\/\/www.modamob.com.tr\/de\/wp-json\/wp\/v2\/product\/19540","targetHints":{"allow":["GET"]}}],"collection":[{"href":"https:\/\/www.modamob.com.tr\/de\/wp-json\/wp\/v2\/product"}],"about":[{"href":"https:\/\/www.modamob.com.tr\/de\/wp-json\/wp\/v2\/types\/product"}],"version-history":[{"count":7,"href":"https:\/\/www.modamob.com.tr\/de\/wp-json\/wp\/v2\/product\/19540\/revisions"}],"predecessor-version":[{"id":20115,"href":"https:\/\/www.modamob.com.tr\/de\/wp-json\/wp\/v2\/product\/19540\/revisions\/20115"}],"wp:featuredmedia":[{"embeddable":true,"href":"https:\/\/www.modamob.com.tr\/de\/wp-json\/wp\/v2\/media\/19468"}],"wp:attachment":[{"href":"https:\/\/www.modamob.com.tr\/de\/wp-json\/wp\/v2\/media?parent=19540"}],"wp:term":[{"taxonomy":"product_brand","embeddable":true,"href":"https:\/\/www.modamob.com.tr\/de\/wp-json\/wp\/v2\/product_brand?post=19540"},{"taxonomy":"product_cat","embeddable":true,"href":"https:\/\/www.modamob.com.tr\/de\/wp-json\/wp\/v2\/product_cat?post=19540"},{"taxonomy":"product_tag","embeddable":true,"href":"https:\/\/www.modamob.com.tr\/de\/wp-json\/wp\/v2\/product_tag?post=19540"}],"curies":[{"name":"wp","href":"https:\/\/api.w.org\/{rel}","templated":true}]}}