{"id":16839,"date":"2024-10-26T13:25:16","date_gmt":"2024-10-26T10:25:16","guid":{"rendered":"https:\/\/www.modamob.com.tr\/?post_type=product&#038;p=16839"},"modified":"2026-03-24T16:11:35","modified_gmt":"2026-03-24T13:11:35","slug":"schrankbett-mechanik-mit-sitz-und-vertikalem-stellantrieb","status":"publish","type":"product","link":"https:\/\/www.modamob.com.tr\/de\/produkt\/schrankbett-mechanik-mit-sitz-und-vertikalem-stellantrieb\/","title":{"rendered":"Ferngesteuerter Schrankbettmechanismus mit vertikal ausfahrbarem Sitz"},"content":{"rendered":"","protected":false},"excerpt":{"rendered":"<p>Modamob Smart Wall Bed Systems sind mit hochwertigen Mechanismen und langlebigen Sto\u00dfd\u00e4mpfern f\u00fcr M\u00f6belhersteller, Architekten und Tischler ausgestattet, die insbesondere f\u00fcr enge R\u00e4ume funktionale und \u00e4sthetische L\u00f6sungen anbieten m\u00f6chten.<span style=\"color: #993300;\"> Dank seines elektrischen Kolbens l\u00e4sst er sich bequem mit einer einzigen Bewegung \u00fcber seine Fernbedienung \u00f6ffnen und schlie\u00dfen und ist im zusammengeklappten Zustand sicher an der Wand fixiert.<\/span><\/p>\n<p>Dieses System, bei dem die effiziente Raumnutzung im Vordergrund steht, eignet sich f\u00fcr funktionale M\u00f6beldesigns und bietet durch seinen modularen Aufbau sowohl Doppel- als auch Einzelbettl\u00f6sungen. Das Sitzteil bleibt fest, integriert in die Mechanik und sorgt so f\u00fcr einen praktischen \u00dcbergang zwischen Wohn- und Schlafbereich.<\/p>\n<p>Dieser Schrankbettmechanismus ist das ideale Produkt f\u00fcr Profis, die moderne und kompakte Wohnr\u00e4ume gestalten. Es soll Benutzern dabei helfen, ihren Raum mit maximaler Effizienz zu nutzen, insbesondere bei Projekten, die intelligente M\u00f6bell\u00f6sungen erfordern. <span style=\"color: #993300;\">Sie k\u00f6nnen uns bez\u00fcglich Ihrer Sondergr\u00f6\u00dfenausf\u00fchrungen kontaktieren.<\/span><\/p>\n<p><strong>Hainbuchenlatten an der Mechanik und am Bettrahmen sind im Preis inbegriffen.<\/strong><\/p>\n<p><strong>Ausgenommen sind Holzteile.<\/strong><\/p>","protected":false},"featured_media":16822,"template":"","meta":{"footnotes":""},"product_brand":[],"product_cat":[205,206],"product_tag":[239,240,251],"class_list":{"0":"post-16839","1":"product","2":"type-product","3":"status-publish","4":"has-post-thumbnail","6":"product_cat-cift-kisilik-somyali-mekanizmalar","7":"product_cat-mekanizmalar","8":"product_tag-akilli-mobilya","9":"product_tag-acilir-yatak","10":"product_tag-duvar-yatak-mekanizmalari","11":"tm-no-options","13":"first","14":"instock","15":"sale","16":"taxable","17":"shipping-taxable","18":"purchasable","19":"product-type-variable"},"yoast_head":"<!-- This site is optimized with the Yoast SEO plugin v26.8 - https:\/\/yoast.com\/product\/yoast-seo-wordpress\/ -->\n<title>Dikey A\u00e7\u0131l\u0131r Koltuklu Uzaktan Kumandal\u0131 Duvar Yata\u011f\u0131 Mekanizmas\u0131 - Modamob Ak\u0131ll\u0131 Mobilya<\/title>\n<meta name=\"robots\" content=\"index, follow, max-snippet:-1, max-image-preview:large, max-video-preview:-1\" \/>\n<link rel=\"canonical\" href=\"https:\/\/www.modamob.com.tr\/de\/produkt\/schrankbett-mechanik-mit-sitz-und-vertikalem-stellantrieb\/\" \/>\n<meta property=\"og:locale\" content=\"de_DE\" \/>\n<meta property=\"og:type\" content=\"article\" \/>\n<meta property=\"og:title\" content=\"Dikey A\u00e7\u0131l\u0131r Koltuklu Uzaktan Kumandal\u0131 Duvar Yata\u011f\u0131 Mekanizmas\u0131 - Modamob Ak\u0131ll\u0131 Mobilya\" \/>\n<meta property=\"og:description\" content=\"Modamob Ak\u0131ll\u0131 Duvar Yata\u011f\u0131 Sistemleri, \u00f6zellikle dar alanlara y\u00f6nelik i\u015flevsel ve estetik \u00e7\u00f6z\u00fcmler sunmak isteyen mobilya \u00fcreticileri, mimarlar ve marangozlar i\u00e7in y\u00fcksek kaliteli mekanizma ve dayan\u0131kl\u0131 amortis\u00f6rlerle donat\u0131lm\u0131\u015f olan bu mekanizma, elektrikli pistonu sayesinde uzaktan kumandas\u0131 ile tek bir hareketle kolayca a\u00e7\u0131l\u0131p kapan\u0131r ve duvara katland\u0131\u011f\u0131nda g\u00fcvenli bir \u015fekilde sabitlenir.  Mekan\u0131n verimli kullan\u0131m\u0131n\u0131 \u00f6n planda tutan bu sistem, fonksiyonel mobilya tasar\u0131mlar\u0131na uygun olup mod\u00fcler yap\u0131s\u0131yla hem \u00e7ift ki\u015filik hem de tek ki\u015filik yatak \u00e7\u00f6z\u00fcmleri sunar. Koltuk k\u0131sm\u0131, mekanizma ile entegre \u015fekilde sabit kal\u0131r, bu sayede oturma ve uyuma alanlar\u0131 aras\u0131nda pratik bir ge\u00e7i\u015f sa\u011flar.  Bu duvar yata\u011f\u0131 mekanizmas\u0131, modern ve kompakt ya\u015fam alanlar\u0131 tasarlayan profesyoneller i\u00e7in ideal bir \u00fcr\u00fcnd\u00fcr. \u00d6zellikle ak\u0131ll\u0131 mobilya \u00e7\u00f6z\u00fcmlerine ihtiya\u00e7 duyan projelerde, kullan\u0131c\u0131lar\u0131n alan\u0131n\u0131 maksimum verimlilikle de\u011ferlendirmelerine yard\u0131mc\u0131 olacak \u015fekilde tasarlanm\u0131\u015ft\u0131r. \u00d6zel \u00f6l\u00e7\u00fc tasar\u0131mlar\u0131n\u0131zla ilgili bizimle ileti\u015fime ge\u00e7ebilirsiniz.  Mekanizma ve somya \u00fczerindeki G\u00fcrgen Latalar fiyata dahildir.  Ah\u015fap K\u0131s\u0131mlar Hari\u00e7tir.\" \/>\n<meta property=\"og:url\" content=\"https:\/\/www.modamob.com.tr\/de\/produkt\/schrankbett-mechanik-mit-sitz-und-vertikalem-stellantrieb\/\" \/>\n<meta property=\"og:site_name\" content=\"Modamob Ak\u0131ll\u0131 Mobilya\" \/>\n<meta property=\"article:modified_time\" content=\"2026-03-24T13:11:35+00:00\" \/>\n<meta property=\"og:image\" content=\"https:\/\/www.modamob.com.tr\/wp-content\/uploads\/2024\/10\/cift-kisilik-mekanizma1-scaled.jpg\" \/>\n\t<meta property=\"og:image:width\" content=\"2560\" \/>\n\t<meta property=\"og:image:height\" content=\"1920\" \/>\n\t<meta property=\"og:image:type\" content=\"image\/jpeg\" \/>\n<meta name=\"twitter:card\" content=\"summary_large_image\" \/>\n<meta name=\"twitter:label1\" content=\"Gesch\u00e4tzte Lesezeit\" \/>\n\t<meta name=\"twitter:data1\" content=\"1\u00a0Minute\" \/>\n<script type=\"application\/ld+json\" class=\"yoast-schema-graph\">{\"@context\":\"https:\/\/schema.org\",\"@graph\":[{\"@type\":\"WebPage\",\"@id\":\"https:\/\/www.modamob.com.tr\/urun\/dikey-aktuatorlu-koltuklu-duvar-yatagi-mekanizmasi\/\",\"url\":\"https:\/\/www.modamob.com.tr\/urun\/dikey-aktuatorlu-koltuklu-duvar-yatagi-mekanizmasi\/\",\"name\":\"Dikey A\u00e7\u0131l\u0131r Koltuklu Uzaktan Kumandal\u0131 Duvar Yata\u011f\u0131 Mekanizmas\u0131 - Modamob Ak\u0131ll\u0131 Mobilya\",\"isPartOf\":{\"@id\":\"https:\/\/www.modamob.com.tr\/#website\"},\"primaryImageOfPage\":{\"@id\":\"https:\/\/www.modamob.com.tr\/urun\/dikey-aktuatorlu-koltuklu-duvar-yatagi-mekanizmasi\/#primaryimage\"},\"image\":{\"@id\":\"https:\/\/www.modamob.com.tr\/urun\/dikey-aktuatorlu-koltuklu-duvar-yatagi-mekanizmasi\/#primaryimage\"},\"thumbnailUrl\":\"https:\/\/www.modamob.com.tr\/wp-content\/uploads\/2024\/10\/cift-kisilik-mekanizma1-scaled.jpg\",\"datePublished\":\"2024-10-26T10:25:16+00:00\",\"dateModified\":\"2026-03-24T13:11:35+00:00\",\"breadcrumb\":{\"@id\":\"https:\/\/www.modamob.com.tr\/urun\/dikey-aktuatorlu-koltuklu-duvar-yatagi-mekanizmasi\/#breadcrumb\"},\"inLanguage\":\"de\",\"potentialAction\":[{\"@type\":\"ReadAction\",\"target\":[\"https:\/\/www.modamob.com.tr\/urun\/dikey-aktuatorlu-koltuklu-duvar-yatagi-mekanizmasi\/\"]}]},{\"@type\":\"ImageObject\",\"inLanguage\":\"de\",\"@id\":\"https:\/\/www.modamob.com.tr\/urun\/dikey-aktuatorlu-koltuklu-duvar-yatagi-mekanizmasi\/#primaryimage\",\"url\":\"https:\/\/www.modamob.com.tr\/wp-content\/uploads\/2024\/10\/cift-kisilik-mekanizma1-scaled.jpg\",\"contentUrl\":\"https:\/\/www.modamob.com.tr\/wp-content\/uploads\/2024\/10\/cift-kisilik-mekanizma1-scaled.jpg\",\"width\":2560,\"height\":1920,\"caption\":\"Dikey A\u00e7\u0131l\u0131r Koltuklu Uzaktan Kumandal\u0131 Duvar Yata\u011f\u0131 Mekanizmas\u0131\"},{\"@type\":\"BreadcrumbList\",\"@id\":\"https:\/\/www.modamob.com.tr\/urun\/dikey-aktuatorlu-koltuklu-duvar-yatagi-mekanizmasi\/#breadcrumb\",\"itemListElement\":[{\"@type\":\"ListItem\",\"position\":1,\"name\":\"Anasayfa\",\"item\":\"https:\/\/www.modamob.com.tr\/\"},{\"@type\":\"ListItem\",\"position\":2,\"name\":\"Ma\u011faza\",\"item\":\"https:\/\/www.modamob.com.tr\/magaza\/\"},{\"@type\":\"ListItem\",\"position\":3,\"name\":\"Dikey A\u00e7\u0131l\u0131r Koltuklu Uzaktan Kumandal\u0131 Duvar Yata\u011f\u0131 Mekanizmas\u0131\"}]},{\"@type\":\"WebSite\",\"@id\":\"https:\/\/www.modamob.com.tr\/#website\",\"url\":\"https:\/\/www.modamob.com.tr\/\",\"name\":\"Modamob Ak\u0131ll\u0131 Mobilya\",\"description\":\"Yeni Nesil Hareketli Mobilyalar\",\"potentialAction\":[{\"@type\":\"SearchAction\",\"target\":{\"@type\":\"EntryPoint\",\"urlTemplate\":\"https:\/\/www.modamob.com.tr\/?s={search_term_string}\"},\"query-input\":{\"@type\":\"PropertyValueSpecification\",\"valueRequired\":true,\"valueName\":\"search_term_string\"}}],\"inLanguage\":\"de\"}]}<\/script>\n<!-- \/ Yoast SEO plugin. -->","yoast_head_json":{"title":"Ferngesteuerter Schrankbettmechanismus mit vertikal klappbarem Sitz \u2013 Modamob Smart Furniture","robots":{"index":"index","follow":"follow","max-snippet":"max-snippet:-1","max-image-preview":"max-image-preview:large","max-video-preview":"max-video-preview:-1"},"canonical":"https:\/\/www.modamob.com.tr\/de\/produkt\/schrankbett-mechanik-mit-sitz-und-vertikalem-stellantrieb\/","og_locale":"de_DE","og_type":"article","og_title":"Dikey A\u00e7\u0131l\u0131r Koltuklu Uzaktan Kumandal\u0131 Duvar Yata\u011f\u0131 Mekanizmas\u0131 - Modamob Ak\u0131ll\u0131 Mobilya","og_description":"Modamob Ak\u0131ll\u0131 Duvar Yata\u011f\u0131 Sistemleri, \u00f6zellikle dar alanlara y\u00f6nelik i\u015flevsel ve estetik \u00e7\u00f6z\u00fcmler sunmak isteyen mobilya \u00fcreticileri, mimarlar ve marangozlar i\u00e7in y\u00fcksek kaliteli mekanizma ve dayan\u0131kl\u0131 amortis\u00f6rlerle donat\u0131lm\u0131\u015f olan bu mekanizma, elektrikli pistonu sayesinde uzaktan kumandas\u0131 ile tek bir hareketle kolayca a\u00e7\u0131l\u0131p kapan\u0131r ve duvara katland\u0131\u011f\u0131nda g\u00fcvenli bir \u015fekilde sabitlenir.  Mekan\u0131n verimli kullan\u0131m\u0131n\u0131 \u00f6n planda tutan bu sistem, fonksiyonel mobilya tasar\u0131mlar\u0131na uygun olup mod\u00fcler yap\u0131s\u0131yla hem \u00e7ift ki\u015filik hem de tek ki\u015filik yatak \u00e7\u00f6z\u00fcmleri sunar. Koltuk k\u0131sm\u0131, mekanizma ile entegre \u015fekilde sabit kal\u0131r, bu sayede oturma ve uyuma alanlar\u0131 aras\u0131nda pratik bir ge\u00e7i\u015f sa\u011flar.  Bu duvar yata\u011f\u0131 mekanizmas\u0131, modern ve kompakt ya\u015fam alanlar\u0131 tasarlayan profesyoneller i\u00e7in ideal bir \u00fcr\u00fcnd\u00fcr. \u00d6zellikle ak\u0131ll\u0131 mobilya \u00e7\u00f6z\u00fcmlerine ihtiya\u00e7 duyan projelerde, kullan\u0131c\u0131lar\u0131n alan\u0131n\u0131 maksimum verimlilikle de\u011ferlendirmelerine yard\u0131mc\u0131 olacak \u015fekilde tasarlanm\u0131\u015ft\u0131r. \u00d6zel \u00f6l\u00e7\u00fc tasar\u0131mlar\u0131n\u0131zla ilgili bizimle ileti\u015fime ge\u00e7ebilirsiniz.  Mekanizma ve somya \u00fczerindeki G\u00fcrgen Latalar fiyata dahildir.  Ah\u015fap K\u0131s\u0131mlar Hari\u00e7tir.","og_url":"https:\/\/www.modamob.com.tr\/de\/produkt\/schrankbett-mechanik-mit-sitz-und-vertikalem-stellantrieb\/","og_site_name":"Modamob Ak\u0131ll\u0131 Mobilya","article_modified_time":"2026-03-24T13:11:35+00:00","og_image":[{"width":2560,"height":1920,"url":"https:\/\/www.modamob.com.tr\/wp-content\/uploads\/2024\/10\/cift-kisilik-mekanizma1-scaled.jpg","type":"image\/jpeg"}],"twitter_card":"summary_large_image","twitter_misc":{"Gesch\u00e4tzte Lesezeit":"1\u00a0Minute"},"schema":{"@context":"https:\/\/schema.org","@graph":[{"@type":"WebPage","@id":"https:\/\/www.modamob.com.tr\/urun\/dikey-aktuatorlu-koltuklu-duvar-yatagi-mekanizmasi\/","url":"https:\/\/www.modamob.com.tr\/urun\/dikey-aktuatorlu-koltuklu-duvar-yatagi-mekanizmasi\/","name":"Ferngesteuerter Schrankbettmechanismus mit vertikal klappbarem Sitz \u2013 Modamob Smart Furniture","isPartOf":{"@id":"https:\/\/www.modamob.com.tr\/#website"},"primaryImageOfPage":{"@id":"https:\/\/www.modamob.com.tr\/urun\/dikey-aktuatorlu-koltuklu-duvar-yatagi-mekanizmasi\/#primaryimage"},"image":{"@id":"https:\/\/www.modamob.com.tr\/urun\/dikey-aktuatorlu-koltuklu-duvar-yatagi-mekanizmasi\/#primaryimage"},"thumbnailUrl":"https:\/\/www.modamob.com.tr\/wp-content\/uploads\/2024\/10\/cift-kisilik-mekanizma1-scaled.jpg","datePublished":"2024-10-26T10:25:16+00:00","dateModified":"2026-03-24T13:11:35+00:00","breadcrumb":{"@id":"https:\/\/www.modamob.com.tr\/urun\/dikey-aktuatorlu-koltuklu-duvar-yatagi-mekanizmasi\/#breadcrumb"},"inLanguage":"de","potentialAction":[{"@type":"ReadAction","target":["https:\/\/www.modamob.com.tr\/urun\/dikey-aktuatorlu-koltuklu-duvar-yatagi-mekanizmasi\/"]}]},{"@type":"ImageObject","inLanguage":"de","@id":"https:\/\/www.modamob.com.tr\/urun\/dikey-aktuatorlu-koltuklu-duvar-yatagi-mekanizmasi\/#primaryimage","url":"https:\/\/www.modamob.com.tr\/wp-content\/uploads\/2024\/10\/cift-kisilik-mekanizma1-scaled.jpg","contentUrl":"https:\/\/www.modamob.com.tr\/wp-content\/uploads\/2024\/10\/cift-kisilik-mekanizma1-scaled.jpg","width":2560,"height":1920,"caption":"Dikey A\u00e7\u0131l\u0131r Koltuklu Uzaktan Kumandal\u0131 Duvar Yata\u011f\u0131 Mekanizmas\u0131"},{"@type":"BreadcrumbList","@id":"https:\/\/www.modamob.com.tr\/urun\/dikey-aktuatorlu-koltuklu-duvar-yatagi-mekanizmasi\/#breadcrumb","itemListElement":[{"@type":"ListItem","position":1,"name":"Anasayfa","item":"https:\/\/www.modamob.com.tr\/"},{"@type":"ListItem","position":2,"name":"Ma\u011faza","item":"https:\/\/www.modamob.com.tr\/magaza\/"},{"@type":"ListItem","position":3,"name":"Dikey A\u00e7\u0131l\u0131r Koltuklu Uzaktan Kumandal\u0131 Duvar Yata\u011f\u0131 Mekanizmas\u0131"}]},{"@type":"WebSite","@id":"https:\/\/www.modamob.com.tr\/#website","url":"https:\/\/www.modamob.com.tr\/","name":"Modamob Intelligente M\u00f6bel","description":"Bewegliche M\u00f6bel der neuen Generation","potentialAction":[{"@type":"SearchAction","target":{"@type":"EntryPoint","urlTemplate":"https:\/\/www.modamob.com.tr\/?s={search_term_string}"},"query-input":{"@type":"PropertyValueSpecification","valueRequired":true,"valueName":"search_term_string"}}],"inLanguage":"de"}]}},"_links":{"self":[{"href":"https:\/\/www.modamob.com.tr\/de\/wp-json\/wp\/v2\/product\/16839","targetHints":{"allow":["GET"]}}],"collection":[{"href":"https:\/\/www.modamob.com.tr\/de\/wp-json\/wp\/v2\/product"}],"about":[{"href":"https:\/\/www.modamob.com.tr\/de\/wp-json\/wp\/v2\/types\/product"}],"version-history":[{"count":5,"href":"https:\/\/www.modamob.com.tr\/de\/wp-json\/wp\/v2\/product\/16839\/revisions"}],"predecessor-version":[{"id":18758,"href":"https:\/\/www.modamob.com.tr\/de\/wp-json\/wp\/v2\/product\/16839\/revisions\/18758"}],"wp:featuredmedia":[{"embeddable":true,"href":"https:\/\/www.modamob.com.tr\/de\/wp-json\/wp\/v2\/media\/16822"}],"wp:attachment":[{"href":"https:\/\/www.modamob.com.tr\/de\/wp-json\/wp\/v2\/media?parent=16839"}],"wp:term":[{"taxonomy":"product_brand","embeddable":true,"href":"https:\/\/www.modamob.com.tr\/de\/wp-json\/wp\/v2\/product_brand?post=16839"},{"taxonomy":"product_cat","embeddable":true,"href":"https:\/\/www.modamob.com.tr\/de\/wp-json\/wp\/v2\/product_cat?post=16839"},{"taxonomy":"product_tag","embeddable":true,"href":"https:\/\/www.modamob.com.tr\/de\/wp-json\/wp\/v2\/product_tag?post=16839"}],"curies":[{"name":"wp","href":"https:\/\/api.w.org\/{rel}","templated":true}]}}