{"id":12829,"date":"2022-12-03T06:56:52","date_gmt":"2022-12-03T06:56:52","guid":{"rendered":"https:\/\/modamob2.myco.site\/?post_type=product&#038;p=12829"},"modified":"2026-03-24T17:34:33","modified_gmt":"2026-03-24T14:34:33","slug":"etagenbett-schrankbettmechanismus","status":"publish","type":"product","link":"https:\/\/www.modamob.com.tr\/de\/produkt\/etagenbett-schrankbettmechanismus\/","title":{"rendered":"Etagenbett-Schrankbett-Mechanismus"},"content":{"rendered":"<h1><a href=\"https:\/\/www.modamob.com.tr\/de\/produkt\/ranza-gizli-duvar-yatagi-mekanizmasi\/\">Etagenbett-Schrankbett-Mechanismus<\/a><\/h1>\n<h2>Produktdetails:<\/h2>\n<ul>\n<li><strong>Der Versand erfolgt versandkostenfrei in die ganze T\u00fcrkei.<\/strong><\/li>\n<li><b>Die Mechanismen werden aus 5 mm dickem, lasergeschnittenem Blech hergestellt.<\/b><\/li>\n<li><strong>Profile: Hergestellt aus 30x40x1,5 mm Kastenprofil.<\/strong><\/li>\n<li><strong>Die Produkte sind mattschwarz im Ofen lackiert.<\/strong><\/li>\n<li><strong>Holzteile sind von den Preisen ausgeschlossen.<\/strong><\/li>\n<li><b>Mechanismen werden zerlegt versendet.<\/b><\/li>\n<li><strong>Die Produkte werden in einer Kartonverpackung verschickt.<\/strong><\/li>\n<li><strong>Installations- und Montagepl\u00e4ne sind in der Kartonverpackung enthalten.<\/strong><\/li>\n<\/ul>\n<p><strong>SIE K\u00d6NNEN DIE ZUSCHNITTLISTEN F\u00dcR M\u00d6BEL F\u00dcR DEN MECHANISMUS ANFRAGEN, DEN SIE BEI UNS GEKAUFT HABEN.<\/strong><\/p>","protected":false},"excerpt":{"rendered":"<p>Modamob Smart Wall Bed Systems, Bunk Bed Mechanism wurden speziell f\u00fcr modulare M\u00f6beldesigns entwickelt. Dieser Mechanismus bietet eine perfekte L\u00f6sung f\u00fcr schmale M\u00f6bel in Kinder- und G\u00e4stezimmern und l\u00e4sst sich bei Nichtgebrauch einfach zusammenklappen, um Platz im Raum zu schaffen. Dieses System, das mit seiner robusten und sicheren Struktur ideal f\u00fcr Hersteller ist, die auf der Suche nach Etagenbettmechanismen sind, f\u00e4llt auch durch seine Sicherheitsma\u00dfnahmen auf. Fachleute, die L\u00f6sungen anbieten m\u00f6chten, die f\u00fcr unterschiedliche Anforderungen in der Herstellung funktionaler M\u00f6bel geeignet sind, k\u00f6nnen mit diesem Mechanismus einen Mehrwert f\u00fcr ihre Projekte schaffen. <span style=\"color: #993300;\">Sie k\u00f6nnen uns bez\u00fcglich Ihrer Sondergr\u00f6\u00dfenausf\u00fchrungen kontaktieren.<\/span><\/p>\n<p>Dank seiner horizontalen \u00d6ffnung ist er f\u00fcr enge Stellen geeignet. Dank des Sicherheitsgurts gibt es f\u00fcr die Schlafenden im oberen Bett kein Sicherheitsproblem.<\/p>\n<p><strong>Hainbuchenlatten an der Mechanik und am Bettrahmen sind im Preis inbegriffen.<\/strong><\/p>\n<p><strong>Ausgenommen sind Holzteile.\u00a0<\/strong><\/p>","protected":false},"featured_media":17008,"template":"","meta":{"footnotes":""},"product_brand":[],"product_cat":[209,206],"product_tag":[239,240,244,250],"class_list":{"0":"post-12829","1":"product","2":"type-product","3":"status-publish","4":"has-post-thumbnail","6":"product_cat-ranza-mekanizmalari","7":"product_cat-mekanizmalar","8":"product_tag-akilli-mobilya","9":"product_tag-acilir-yatak","10":"product_tag-duvar-yataklari","11":"product_tag-ranza-mekanizmasi","12":"tm-no-options","14":"first","15":"instock","16":"sale","17":"taxable","18":"shipping-taxable","19":"purchasable","20":"product-type-variable"},"yoast_head":"<!-- This site is optimized with the Yoast SEO plugin v26.8 - https:\/\/yoast.com\/product\/yoast-seo-wordpress\/ -->\n<title>Ranza Duvar Yata\u011f\u0131 Mekanizmas\u0131 - Modamob Ak\u0131ll\u0131 Mobilya<\/title>\n<meta name=\"robots\" content=\"index, follow, max-snippet:-1, max-image-preview:large, max-video-preview:-1\" \/>\n<link rel=\"canonical\" href=\"https:\/\/www.modamob.com.tr\/de\/produkt\/etagenbett-schrankbettmechanismus\/\" \/>\n<meta property=\"og:locale\" content=\"de_DE\" \/>\n<meta property=\"og:type\" content=\"article\" \/>\n<meta property=\"og:title\" content=\"Ranza Duvar Yata\u011f\u0131 Mekanizmas\u0131 - Modamob Ak\u0131ll\u0131 Mobilya\" \/>\n<meta property=\"og:description\" content=\"Modamob Ak\u0131ll\u0131 Duvar Yata\u011f\u0131 Sistemleri, Ranza Mekanizmas\u0131 mod\u00fcler mobilya tasar\u0131mlar\u0131 i\u00e7in \u00f6zel olarak geli\u015ftirilmi\u015ftir. \u00c7ocuk odalar\u0131 ve misafir odalar\u0131nda dar alan mobilyalar\u0131 i\u00e7in m\u00fckemmel bir \u00e7\u00f6z\u00fcm sunan bu mekanizma, kullan\u0131lmad\u0131\u011f\u0131nda kolayca katlanarak alanda geni\u015flik sa\u011flar. Sa\u011flam ve g\u00fcvenli yap\u0131s\u0131yla ranza mekanizmalar\u0131 arayan \u00fcreticiler i\u00e7in ideal olan bu sistem, g\u00fcvenlik \u00f6nlemleriyle de dikkat \u00e7eker. Fonksiyonel mobilya \u00fcretiminde farkl\u0131 ihtiya\u00e7lara uygun \u00e7\u00f6z\u00fcmler sunmak isteyen profesyoneller, bu mekanizma ile projelerine de\u011fer katabilir. \u00d6zel \u00f6l\u00e7\u00fc tasar\u0131mlar\u0131n\u0131zla ilgili bizimle ileti\u015fime ge\u00e7ebilirsiniz.  Yatay a\u00e7\u0131lmas\u0131 sayesinde dar yerler i\u00e7in uygundur. Emniyet kemeri sayesinde \u00fcst ranzada yatan i\u00e7in g\u00fcvenlik sorunu yoktur.  Mekanizma ve somya \u00fczerindeki G\u00fcrgen Latalar fiyata dahildir.  Ah\u015fap K\u0131s\u0131mlar Hari\u00e7tir.\u00a0\" \/>\n<meta property=\"og:url\" content=\"https:\/\/www.modamob.com.tr\/de\/produkt\/etagenbett-schrankbettmechanismus\/\" \/>\n<meta property=\"og:site_name\" content=\"Modamob Ak\u0131ll\u0131 Mobilya\" \/>\n<meta property=\"article:modified_time\" content=\"2026-03-24T14:34:33+00:00\" \/>\n<meta property=\"og:image\" content=\"https:\/\/www.modamob.com.tr\/wp-content\/uploads\/2022\/12\/Mdmb12609--scaled.jpg\" \/>\n\t<meta property=\"og:image:width\" content=\"2560\" \/>\n\t<meta property=\"og:image:height\" content=\"1920\" \/>\n\t<meta property=\"og:image:type\" content=\"image\/jpeg\" \/>\n<meta name=\"twitter:card\" content=\"summary_large_image\" \/>\n<meta name=\"twitter:label1\" content=\"Gesch\u00e4tzte Lesezeit\" \/>\n\t<meta name=\"twitter:data1\" content=\"1\u00a0Minute\" \/>\n<script type=\"application\/ld+json\" class=\"yoast-schema-graph\">{\"@context\":\"https:\/\/schema.org\",\"@graph\":[{\"@type\":\"WebPage\",\"@id\":\"https:\/\/www.modamob.com.tr\/urun\/ranza-duvar-yatagi-mekanizmasi\/\",\"url\":\"https:\/\/www.modamob.com.tr\/urun\/ranza-duvar-yatagi-mekanizmasi\/\",\"name\":\"Ranza Duvar Yata\u011f\u0131 Mekanizmas\u0131 - Modamob Ak\u0131ll\u0131 Mobilya\",\"isPartOf\":{\"@id\":\"https:\/\/www.modamob.com.tr\/#website\"},\"primaryImageOfPage\":{\"@id\":\"https:\/\/www.modamob.com.tr\/urun\/ranza-duvar-yatagi-mekanizmasi\/#primaryimage\"},\"image\":{\"@id\":\"https:\/\/www.modamob.com.tr\/urun\/ranza-duvar-yatagi-mekanizmasi\/#primaryimage\"},\"thumbnailUrl\":\"https:\/\/www.modamob.com.tr\/wp-content\/uploads\/2022\/12\/Mdmb12609--scaled.jpg\",\"datePublished\":\"2022-12-03T06:56:52+00:00\",\"dateModified\":\"2026-03-24T14:34:33+00:00\",\"breadcrumb\":{\"@id\":\"https:\/\/www.modamob.com.tr\/urun\/ranza-duvar-yatagi-mekanizmasi\/#breadcrumb\"},\"inLanguage\":\"de\",\"potentialAction\":[{\"@type\":\"ReadAction\",\"target\":[\"https:\/\/www.modamob.com.tr\/urun\/ranza-duvar-yatagi-mekanizmasi\/\"]}]},{\"@type\":\"ImageObject\",\"inLanguage\":\"de\",\"@id\":\"https:\/\/www.modamob.com.tr\/urun\/ranza-duvar-yatagi-mekanizmasi\/#primaryimage\",\"url\":\"https:\/\/www.modamob.com.tr\/wp-content\/uploads\/2022\/12\/Mdmb12609--scaled.jpg\",\"contentUrl\":\"https:\/\/www.modamob.com.tr\/wp-content\/uploads\/2022\/12\/Mdmb12609--scaled.jpg\",\"width\":2560,\"height\":1920,\"caption\":\"RANZA MASALI DUVAR YATA\u011eI\"},{\"@type\":\"BreadcrumbList\",\"@id\":\"https:\/\/www.modamob.com.tr\/urun\/ranza-duvar-yatagi-mekanizmasi\/#breadcrumb\",\"itemListElement\":[{\"@type\":\"ListItem\",\"position\":1,\"name\":\"Anasayfa\",\"item\":\"https:\/\/www.modamob.com.tr\/\"},{\"@type\":\"ListItem\",\"position\":2,\"name\":\"Ma\u011faza\",\"item\":\"https:\/\/www.modamob.com.tr\/magaza\/\"},{\"@type\":\"ListItem\",\"position\":3,\"name\":\"Ranza Duvar Yata\u011f\u0131 Mekanizmas\u0131\"}]},{\"@type\":\"WebSite\",\"@id\":\"https:\/\/www.modamob.com.tr\/#website\",\"url\":\"https:\/\/www.modamob.com.tr\/\",\"name\":\"Modamob Ak\u0131ll\u0131 Mobilya\",\"description\":\"Yeni Nesil Hareketli Mobilyalar\",\"potentialAction\":[{\"@type\":\"SearchAction\",\"target\":{\"@type\":\"EntryPoint\",\"urlTemplate\":\"https:\/\/www.modamob.com.tr\/?s={search_term_string}\"},\"query-input\":{\"@type\":\"PropertyValueSpecification\",\"valueRequired\":true,\"valueName\":\"search_term_string\"}}],\"inLanguage\":\"de\"}]}<\/script>\n<!-- \/ Yoast SEO plugin. -->","yoast_head_json":{"title":"Etagenbett-Schrankbett-Mechanismus \u2013 Modamob Smart Furniture","robots":{"index":"index","follow":"follow","max-snippet":"max-snippet:-1","max-image-preview":"max-image-preview:large","max-video-preview":"max-video-preview:-1"},"canonical":"https:\/\/www.modamob.com.tr\/de\/produkt\/etagenbett-schrankbettmechanismus\/","og_locale":"de_DE","og_type":"article","og_title":"Ranza Duvar Yata\u011f\u0131 Mekanizmas\u0131 - Modamob Ak\u0131ll\u0131 Mobilya","og_description":"Modamob Ak\u0131ll\u0131 Duvar Yata\u011f\u0131 Sistemleri, Ranza Mekanizmas\u0131 mod\u00fcler mobilya tasar\u0131mlar\u0131 i\u00e7in \u00f6zel olarak geli\u015ftirilmi\u015ftir. \u00c7ocuk odalar\u0131 ve misafir odalar\u0131nda dar alan mobilyalar\u0131 i\u00e7in m\u00fckemmel bir \u00e7\u00f6z\u00fcm sunan bu mekanizma, kullan\u0131lmad\u0131\u011f\u0131nda kolayca katlanarak alanda geni\u015flik sa\u011flar. Sa\u011flam ve g\u00fcvenli yap\u0131s\u0131yla ranza mekanizmalar\u0131 arayan \u00fcreticiler i\u00e7in ideal olan bu sistem, g\u00fcvenlik \u00f6nlemleriyle de dikkat \u00e7eker. Fonksiyonel mobilya \u00fcretiminde farkl\u0131 ihtiya\u00e7lara uygun \u00e7\u00f6z\u00fcmler sunmak isteyen profesyoneller, bu mekanizma ile projelerine de\u011fer katabilir. \u00d6zel \u00f6l\u00e7\u00fc tasar\u0131mlar\u0131n\u0131zla ilgili bizimle ileti\u015fime ge\u00e7ebilirsiniz.  Yatay a\u00e7\u0131lmas\u0131 sayesinde dar yerler i\u00e7in uygundur. Emniyet kemeri sayesinde \u00fcst ranzada yatan i\u00e7in g\u00fcvenlik sorunu yoktur.  Mekanizma ve somya \u00fczerindeki G\u00fcrgen Latalar fiyata dahildir.  Ah\u015fap K\u0131s\u0131mlar Hari\u00e7tir.\u00a0","og_url":"https:\/\/www.modamob.com.tr\/de\/produkt\/etagenbett-schrankbettmechanismus\/","og_site_name":"Modamob Ak\u0131ll\u0131 Mobilya","article_modified_time":"2026-03-24T14:34:33+00:00","og_image":[{"width":2560,"height":1920,"url":"https:\/\/www.modamob.com.tr\/wp-content\/uploads\/2022\/12\/Mdmb12609--scaled.jpg","type":"image\/jpeg"}],"twitter_card":"summary_large_image","twitter_misc":{"Gesch\u00e4tzte Lesezeit":"1\u00a0Minute"},"schema":{"@context":"https:\/\/schema.org","@graph":[{"@type":"WebPage","@id":"https:\/\/www.modamob.com.tr\/urun\/ranza-duvar-yatagi-mekanizmasi\/","url":"https:\/\/www.modamob.com.tr\/urun\/ranza-duvar-yatagi-mekanizmasi\/","name":"Etagenbett-Schrankbett-Mechanismus \u2013 Modamob Smart Furniture","isPartOf":{"@id":"https:\/\/www.modamob.com.tr\/#website"},"primaryImageOfPage":{"@id":"https:\/\/www.modamob.com.tr\/urun\/ranza-duvar-yatagi-mekanizmasi\/#primaryimage"},"image":{"@id":"https:\/\/www.modamob.com.tr\/urun\/ranza-duvar-yatagi-mekanizmasi\/#primaryimage"},"thumbnailUrl":"https:\/\/www.modamob.com.tr\/wp-content\/uploads\/2022\/12\/Mdmb12609--scaled.jpg","datePublished":"2022-12-03T06:56:52+00:00","dateModified":"2026-03-24T14:34:33+00:00","breadcrumb":{"@id":"https:\/\/www.modamob.com.tr\/urun\/ranza-duvar-yatagi-mekanizmasi\/#breadcrumb"},"inLanguage":"de","potentialAction":[{"@type":"ReadAction","target":["https:\/\/www.modamob.com.tr\/urun\/ranza-duvar-yatagi-mekanizmasi\/"]}]},{"@type":"ImageObject","inLanguage":"de","@id":"https:\/\/www.modamob.com.tr\/urun\/ranza-duvar-yatagi-mekanizmasi\/#primaryimage","url":"https:\/\/www.modamob.com.tr\/wp-content\/uploads\/2022\/12\/Mdmb12609--scaled.jpg","contentUrl":"https:\/\/www.modamob.com.tr\/wp-content\/uploads\/2022\/12\/Mdmb12609--scaled.jpg","width":2560,"height":1920,"caption":"RANZA MASALI DUVAR YATA\u011eI"},{"@type":"BreadcrumbList","@id":"https:\/\/www.modamob.com.tr\/urun\/ranza-duvar-yatagi-mekanizmasi\/#breadcrumb","itemListElement":[{"@type":"ListItem","position":1,"name":"Anasayfa","item":"https:\/\/www.modamob.com.tr\/"},{"@type":"ListItem","position":2,"name":"Ma\u011faza","item":"https:\/\/www.modamob.com.tr\/magaza\/"},{"@type":"ListItem","position":3,"name":"Ranza Duvar Yata\u011f\u0131 Mekanizmas\u0131"}]},{"@type":"WebSite","@id":"https:\/\/www.modamob.com.tr\/#website","url":"https:\/\/www.modamob.com.tr\/","name":"Modamob Intelligente M\u00f6bel","description":"Bewegliche M\u00f6bel der neuen Generation","potentialAction":[{"@type":"SearchAction","target":{"@type":"EntryPoint","urlTemplate":"https:\/\/www.modamob.com.tr\/?s={search_term_string}"},"query-input":{"@type":"PropertyValueSpecification","valueRequired":true,"valueName":"search_term_string"}}],"inLanguage":"de"}]}},"_links":{"self":[{"href":"https:\/\/www.modamob.com.tr\/de\/wp-json\/wp\/v2\/product\/12829","targetHints":{"allow":["GET"]}}],"collection":[{"href":"https:\/\/www.modamob.com.tr\/de\/wp-json\/wp\/v2\/product"}],"about":[{"href":"https:\/\/www.modamob.com.tr\/de\/wp-json\/wp\/v2\/types\/product"}],"version-history":[{"count":5,"href":"https:\/\/www.modamob.com.tr\/de\/wp-json\/wp\/v2\/product\/12829\/revisions"}],"predecessor-version":[{"id":18768,"href":"https:\/\/www.modamob.com.tr\/de\/wp-json\/wp\/v2\/product\/12829\/revisions\/18768"}],"wp:featuredmedia":[{"embeddable":true,"href":"https:\/\/www.modamob.com.tr\/de\/wp-json\/wp\/v2\/media\/17008"}],"wp:attachment":[{"href":"https:\/\/www.modamob.com.tr\/de\/wp-json\/wp\/v2\/media?parent=12829"}],"wp:term":[{"taxonomy":"product_brand","embeddable":true,"href":"https:\/\/www.modamob.com.tr\/de\/wp-json\/wp\/v2\/product_brand?post=12829"},{"taxonomy":"product_cat","embeddable":true,"href":"https:\/\/www.modamob.com.tr\/de\/wp-json\/wp\/v2\/product_cat?post=12829"},{"taxonomy":"product_tag","embeddable":true,"href":"https:\/\/www.modamob.com.tr\/de\/wp-json\/wp\/v2\/product_tag?post=12829"}],"curies":[{"name":"wp","href":"https:\/\/api.w.org\/{rel}","templated":true}]}}