{"id":12821,"date":"2022-12-02T14:37:56","date_gmt":"2022-12-02T14:37:56","guid":{"rendered":"https:\/\/modamob2.myco.site\/?post_type=product&#038;p=12821"},"modified":"2026-03-24T16:12:25","modified_gmt":"2026-03-24T13:12:25","slug":"doppelter-horizontaler-klappbettmechanismus","status":"publish","type":"product","link":"https:\/\/www.modamob.com.tr\/de\/produkt\/doppelter-horizontaler-klappbettmechanismus\/","title":{"rendered":"Doppelter horizontal ausziehbarer Schrankbettmechanismus"},"content":{"rendered":"<h1>Doppelter horizontal ausziehbarer Schrankbettmechanismus<\/h1>\n<h2>Produktdetails:<\/h2>\n<ul>\n<li><strong>Der Versand erfolgt versandkostenfrei in die ganze T\u00fcrkei.<\/strong><\/li>\n<li><b>Die Mechanismen werden aus 5 mm dickem, lasergeschnittenem Blech hergestellt.<\/b><\/li>\n<li><strong>Profile: Hergestellt aus 30x40x1,5 mm Kastenprofil.<\/strong><\/li>\n<li><strong>Die Produkte sind mattschwarz im Ofen lackiert.<\/strong><\/li>\n<li><strong>Holzteile sind von den Preisen ausgeschlossen.<\/strong><\/li>\n<li><b>Mechanismen werden vormontiert geliefert.<\/b><\/li>\n<li><strong>Die Produkte werden in einer Kartonverpackung verschickt.<\/strong><\/li>\n<li><strong>Installations- und Montagepl\u00e4ne sind in der Kartonverpackung enthalten.<\/strong><\/li>\n<\/ul>\n<p><strong>SIE K\u00d6NNEN DIE ZUSCHNITTLISTEN F\u00dcR M\u00d6BEL F\u00dcR DEN MECHANISMUS ANFRAGEN, DEN SIE BEI UNS GEKAUFT HABEN.<\/strong><\/p>","protected":false},"excerpt":{"rendered":"<p>Modamob Smart Wall Bed Systems, horizontal \u00f6ffnender Doppelwandbettmechanismus zeichnet sich durch einen einfachen und funktionalen Wandbettmechanismus aus. Dieses System wurde f\u00fcr M\u00f6belhersteller entwickelt, die ein wandklappbares Bett ben\u00f6tigen. Es integriert sich beim \u00d6ffnen und Schlie\u00dfen vollst\u00e4ndig in die Wand und spart Platz. Dieses Produkt wird als Einzel- oder Doppelwandbettmechanismus angeboten und bietet eine einfache, aber effektive Option f\u00fcr diejenigen, die M\u00f6bel f\u00fcr enge R\u00e4ume herstellen m\u00f6chten. Die robuste Struktur und die einfache Montage des Mechanismus tragen zu praktischen M\u00f6beldesigns bei.<\/p>\n<p>Dieser Schrankbettmechanismus ist das ideale Produkt f\u00fcr Profis, die moderne und kompakte Wohnr\u00e4ume gestalten. Es soll Benutzern dabei helfen, ihren Raum mit maximaler Effizienz zu nutzen, insbesondere bei Projekten, die intelligente M\u00f6bell\u00f6sungen erfordern.\u00a0<span style=\"color: #993300;\">Sie k\u00f6nnen uns bez\u00fcglich Ihrer Sondergr\u00f6\u00dfenausf\u00fchrungen kontaktieren.<\/span><\/p>\n<p><strong>Hainbuchenlatten an der Mechanik und am Bettrahmen sind im Preis inbegriffen.<\/strong><\/p>\n<p><strong>Ausgenommen sind Holzteile.<\/strong><\/p>","protected":false},"featured_media":16903,"template":"","meta":{"footnotes":""},"product_brand":[],"product_cat":[205,206],"product_tag":[251,239,240],"class_list":{"0":"post-12821","1":"product","2":"type-product","3":"status-publish","4":"has-post-thumbnail","6":"product_cat-cift-kisilik-somyali-mekanizmalar","7":"product_cat-mekanizmalar","8":"product_tag-duvar-yatak-mekanizmalari","9":"product_tag-akilli-mobilya","10":"product_tag-acilir-yatak","11":"tm-no-options","13":"first","14":"instock","15":"sale","16":"taxable","17":"shipping-taxable","18":"purchasable","19":"product-type-variable"},"yoast_head":"<!-- This site is optimized with the Yoast SEO plugin v26.8 - https:\/\/yoast.com\/product\/yoast-seo-wordpress\/ -->\n<title>\u00c7ift Ki\u015filik Yatay A\u00e7\u0131l\u0131r Duvar Yata\u011f\u0131 Mekanizmas\u0131 - Modamob Ak\u0131ll\u0131 Mobilya<\/title>\n<meta name=\"robots\" content=\"index, follow, max-snippet:-1, max-image-preview:large, max-video-preview:-1\" \/>\n<link rel=\"canonical\" href=\"https:\/\/www.modamob.com.tr\/de\/produkt\/doppelter-horizontaler-klappbettmechanismus\/\" \/>\n<meta property=\"og:locale\" content=\"de_DE\" \/>\n<meta property=\"og:type\" content=\"article\" \/>\n<meta property=\"og:title\" content=\"\u00c7ift Ki\u015filik Yatay A\u00e7\u0131l\u0131r Duvar Yata\u011f\u0131 Mekanizmas\u0131 - Modamob Ak\u0131ll\u0131 Mobilya\" \/>\n<meta property=\"og:description\" content=\"Modamob Ak\u0131ll\u0131 Duvar Yata\u011f\u0131 Sistemleri, Yatay A\u00e7\u0131l\u0131r \u00c7ift Ki\u015filik Duvar Yata\u011f\u0131 Mekanizmas\u0131, yal\u0131n ve i\u015flevsel bir duvar yata\u011f\u0131 mekanizmas\u0131 olarak \u00f6ne \u00e7\u0131k\u0131yor. Duvara katlanabilir yatak ihtiyac\u0131 olan mobilya \u00fcreticileri i\u00e7in geli\u015ftirilen bu sistem, a\u00e7\u0131l\u0131p kapand\u0131\u011f\u0131nda tamamen duvarla b\u00fct\u00fcnle\u015fir ve alandan tasarruf sa\u011flar. Tek veya \u00e7ift ki\u015filik duvar yata\u011f\u0131 mekanizmas\u0131 olarak sunulan bu \u00fcr\u00fcn, dar alan mobilyalar\u0131 \u00fcretmek isteyenler i\u00e7in sade ama etkili bir se\u00e7enek sunar. Mekanizman\u0131n sa\u011flam yap\u0131s\u0131 ve kolay montaj \u00f6zelli\u011fi, pratik mobilya tasar\u0131mlar\u0131na katk\u0131 sa\u011flar.  Bu duvar yata\u011f\u0131 mekanizmas\u0131, modern ve kompakt ya\u015fam alanlar\u0131 tasarlayan profesyoneller i\u00e7in ideal bir \u00fcr\u00fcnd\u00fcr. \u00d6zellikle ak\u0131ll\u0131 mobilya \u00e7\u00f6z\u00fcmlerine ihtiya\u00e7 duyan projelerde, kullan\u0131c\u0131lar\u0131n alan\u0131n\u0131 maksimum verimlilikle de\u011ferlendirmelerine yard\u0131mc\u0131 olacak \u015fekilde tasarlanm\u0131\u015ft\u0131r.\u00a0\u00d6zel \u00f6l\u00e7\u00fc tasar\u0131mlar\u0131n\u0131zla ilgili bizimle ileti\u015fime ge\u00e7ebilirsiniz.  Mekanizma ve somya \u00fczerindeki G\u00fcrgen Latalar fiyata dahildir.  Ah\u015fap K\u0131s\u0131mlar Hari\u00e7tir.\" \/>\n<meta property=\"og:url\" content=\"https:\/\/www.modamob.com.tr\/de\/produkt\/doppelter-horizontaler-klappbettmechanismus\/\" \/>\n<meta property=\"og:site_name\" content=\"Modamob Ak\u0131ll\u0131 Mobilya\" \/>\n<meta property=\"article:modified_time\" content=\"2026-03-24T13:12:25+00:00\" \/>\n<meta property=\"og:image\" content=\"https:\/\/www.modamob.com.tr\/wp-content\/uploads\/2022\/12\/Mdmb12541--scaled.jpg\" \/>\n\t<meta property=\"og:image:width\" content=\"2560\" \/>\n\t<meta property=\"og:image:height\" content=\"1920\" \/>\n\t<meta property=\"og:image:type\" content=\"image\/jpeg\" \/>\n<meta name=\"twitter:card\" content=\"summary_large_image\" \/>\n<meta name=\"twitter:label1\" content=\"Gesch\u00e4tzte Lesezeit\" \/>\n\t<meta name=\"twitter:data1\" content=\"1\u00a0Minute\" \/>\n<script type=\"application\/ld+json\" class=\"yoast-schema-graph\">{\"@context\":\"https:\/\/schema.org\",\"@graph\":[{\"@type\":\"WebPage\",\"@id\":\"https:\/\/www.modamob.com.tr\/urun\/cift-kisilik-yatay-acilir-duvar-yatagi-mekanizmasi\/\",\"url\":\"https:\/\/www.modamob.com.tr\/urun\/cift-kisilik-yatay-acilir-duvar-yatagi-mekanizmasi\/\",\"name\":\"\u00c7ift Ki\u015filik Yatay A\u00e7\u0131l\u0131r Duvar Yata\u011f\u0131 Mekanizmas\u0131 - Modamob Ak\u0131ll\u0131 Mobilya\",\"isPartOf\":{\"@id\":\"https:\/\/www.modamob.com.tr\/#website\"},\"primaryImageOfPage\":{\"@id\":\"https:\/\/www.modamob.com.tr\/urun\/cift-kisilik-yatay-acilir-duvar-yatagi-mekanizmasi\/#primaryimage\"},\"image\":{\"@id\":\"https:\/\/www.modamob.com.tr\/urun\/cift-kisilik-yatay-acilir-duvar-yatagi-mekanizmasi\/#primaryimage\"},\"thumbnailUrl\":\"https:\/\/www.modamob.com.tr\/wp-content\/uploads\/2022\/12\/Mdmb12541--scaled.jpg\",\"datePublished\":\"2022-12-02T14:37:56+00:00\",\"dateModified\":\"2026-03-24T13:12:25+00:00\",\"breadcrumb\":{\"@id\":\"https:\/\/www.modamob.com.tr\/urun\/cift-kisilik-yatay-acilir-duvar-yatagi-mekanizmasi\/#breadcrumb\"},\"inLanguage\":\"de\",\"potentialAction\":[{\"@type\":\"ReadAction\",\"target\":[\"https:\/\/www.modamob.com.tr\/urun\/cift-kisilik-yatay-acilir-duvar-yatagi-mekanizmasi\/\"]}]},{\"@type\":\"ImageObject\",\"inLanguage\":\"de\",\"@id\":\"https:\/\/www.modamob.com.tr\/urun\/cift-kisilik-yatay-acilir-duvar-yatagi-mekanizmasi\/#primaryimage\",\"url\":\"https:\/\/www.modamob.com.tr\/wp-content\/uploads\/2022\/12\/Mdmb12541--scaled.jpg\",\"contentUrl\":\"https:\/\/www.modamob.com.tr\/wp-content\/uploads\/2022\/12\/Mdmb12541--scaled.jpg\",\"width\":2560,\"height\":1920,\"caption\":\"\u00c7ift Ki\u015filik Yatay A\u00e7\u0131l\u0131r Duvar Yata\u011f\u0131 Mekanizmas\u0131\"},{\"@type\":\"BreadcrumbList\",\"@id\":\"https:\/\/www.modamob.com.tr\/urun\/cift-kisilik-yatay-acilir-duvar-yatagi-mekanizmasi\/#breadcrumb\",\"itemListElement\":[{\"@type\":\"ListItem\",\"position\":1,\"name\":\"Anasayfa\",\"item\":\"https:\/\/www.modamob.com.tr\/\"},{\"@type\":\"ListItem\",\"position\":2,\"name\":\"Ma\u011faza\",\"item\":\"https:\/\/www.modamob.com.tr\/magaza\/\"},{\"@type\":\"ListItem\",\"position\":3,\"name\":\"\u00c7ift Ki\u015filik Yatay A\u00e7\u0131l\u0131r Duvar Yata\u011f\u0131 Mekanizmas\u0131\"}]},{\"@type\":\"WebSite\",\"@id\":\"https:\/\/www.modamob.com.tr\/#website\",\"url\":\"https:\/\/www.modamob.com.tr\/\",\"name\":\"Modamob Ak\u0131ll\u0131 Mobilya\",\"description\":\"Yeni Nesil Hareketli Mobilyalar\",\"potentialAction\":[{\"@type\":\"SearchAction\",\"target\":{\"@type\":\"EntryPoint\",\"urlTemplate\":\"https:\/\/www.modamob.com.tr\/?s={search_term_string}\"},\"query-input\":{\"@type\":\"PropertyValueSpecification\",\"valueRequired\":true,\"valueName\":\"search_term_string\"}}],\"inLanguage\":\"de\"}]}<\/script>\n<!-- \/ Yoast SEO plugin. -->","yoast_head_json":{"title":"Doppelter horizontal ausziehbarer Schrankbettmechanismus \u2013 Modamob Smart Furniture","robots":{"index":"index","follow":"follow","max-snippet":"max-snippet:-1","max-image-preview":"max-image-preview:large","max-video-preview":"max-video-preview:-1"},"canonical":"https:\/\/www.modamob.com.tr\/de\/produkt\/doppelter-horizontaler-klappbettmechanismus\/","og_locale":"de_DE","og_type":"article","og_title":"\u00c7ift Ki\u015filik Yatay A\u00e7\u0131l\u0131r Duvar Yata\u011f\u0131 Mekanizmas\u0131 - Modamob Ak\u0131ll\u0131 Mobilya","og_description":"Modamob Ak\u0131ll\u0131 Duvar Yata\u011f\u0131 Sistemleri, Yatay A\u00e7\u0131l\u0131r \u00c7ift Ki\u015filik Duvar Yata\u011f\u0131 Mekanizmas\u0131, yal\u0131n ve i\u015flevsel bir duvar yata\u011f\u0131 mekanizmas\u0131 olarak \u00f6ne \u00e7\u0131k\u0131yor. Duvara katlanabilir yatak ihtiyac\u0131 olan mobilya \u00fcreticileri i\u00e7in geli\u015ftirilen bu sistem, a\u00e7\u0131l\u0131p kapand\u0131\u011f\u0131nda tamamen duvarla b\u00fct\u00fcnle\u015fir ve alandan tasarruf sa\u011flar. Tek veya \u00e7ift ki\u015filik duvar yata\u011f\u0131 mekanizmas\u0131 olarak sunulan bu \u00fcr\u00fcn, dar alan mobilyalar\u0131 \u00fcretmek isteyenler i\u00e7in sade ama etkili bir se\u00e7enek sunar. Mekanizman\u0131n sa\u011flam yap\u0131s\u0131 ve kolay montaj \u00f6zelli\u011fi, pratik mobilya tasar\u0131mlar\u0131na katk\u0131 sa\u011flar.  Bu duvar yata\u011f\u0131 mekanizmas\u0131, modern ve kompakt ya\u015fam alanlar\u0131 tasarlayan profesyoneller i\u00e7in ideal bir \u00fcr\u00fcnd\u00fcr. \u00d6zellikle ak\u0131ll\u0131 mobilya \u00e7\u00f6z\u00fcmlerine ihtiya\u00e7 duyan projelerde, kullan\u0131c\u0131lar\u0131n alan\u0131n\u0131 maksimum verimlilikle de\u011ferlendirmelerine yard\u0131mc\u0131 olacak \u015fekilde tasarlanm\u0131\u015ft\u0131r.\u00a0\u00d6zel \u00f6l\u00e7\u00fc tasar\u0131mlar\u0131n\u0131zla ilgili bizimle ileti\u015fime ge\u00e7ebilirsiniz.  Mekanizma ve somya \u00fczerindeki G\u00fcrgen Latalar fiyata dahildir.  Ah\u015fap K\u0131s\u0131mlar Hari\u00e7tir.","og_url":"https:\/\/www.modamob.com.tr\/de\/produkt\/doppelter-horizontaler-klappbettmechanismus\/","og_site_name":"Modamob Ak\u0131ll\u0131 Mobilya","article_modified_time":"2026-03-24T13:12:25+00:00","og_image":[{"width":2560,"height":1920,"url":"https:\/\/www.modamob.com.tr\/wp-content\/uploads\/2022\/12\/Mdmb12541--scaled.jpg","type":"image\/jpeg"}],"twitter_card":"summary_large_image","twitter_misc":{"Gesch\u00e4tzte Lesezeit":"1\u00a0Minute"},"schema":{"@context":"https:\/\/schema.org","@graph":[{"@type":"WebPage","@id":"https:\/\/www.modamob.com.tr\/urun\/cift-kisilik-yatay-acilir-duvar-yatagi-mekanizmasi\/","url":"https:\/\/www.modamob.com.tr\/urun\/cift-kisilik-yatay-acilir-duvar-yatagi-mekanizmasi\/","name":"Doppelter horizontal ausziehbarer Schrankbettmechanismus \u2013 Modamob Smart Furniture","isPartOf":{"@id":"https:\/\/www.modamob.com.tr\/#website"},"primaryImageOfPage":{"@id":"https:\/\/www.modamob.com.tr\/urun\/cift-kisilik-yatay-acilir-duvar-yatagi-mekanizmasi\/#primaryimage"},"image":{"@id":"https:\/\/www.modamob.com.tr\/urun\/cift-kisilik-yatay-acilir-duvar-yatagi-mekanizmasi\/#primaryimage"},"thumbnailUrl":"https:\/\/www.modamob.com.tr\/wp-content\/uploads\/2022\/12\/Mdmb12541--scaled.jpg","datePublished":"2022-12-02T14:37:56+00:00","dateModified":"2026-03-24T13:12:25+00:00","breadcrumb":{"@id":"https:\/\/www.modamob.com.tr\/urun\/cift-kisilik-yatay-acilir-duvar-yatagi-mekanizmasi\/#breadcrumb"},"inLanguage":"de","potentialAction":[{"@type":"ReadAction","target":["https:\/\/www.modamob.com.tr\/urun\/cift-kisilik-yatay-acilir-duvar-yatagi-mekanizmasi\/"]}]},{"@type":"ImageObject","inLanguage":"de","@id":"https:\/\/www.modamob.com.tr\/urun\/cift-kisilik-yatay-acilir-duvar-yatagi-mekanizmasi\/#primaryimage","url":"https:\/\/www.modamob.com.tr\/wp-content\/uploads\/2022\/12\/Mdmb12541--scaled.jpg","contentUrl":"https:\/\/www.modamob.com.tr\/wp-content\/uploads\/2022\/12\/Mdmb12541--scaled.jpg","width":2560,"height":1920,"caption":"\u00c7ift Ki\u015filik Yatay A\u00e7\u0131l\u0131r Duvar Yata\u011f\u0131 Mekanizmas\u0131"},{"@type":"BreadcrumbList","@id":"https:\/\/www.modamob.com.tr\/urun\/cift-kisilik-yatay-acilir-duvar-yatagi-mekanizmasi\/#breadcrumb","itemListElement":[{"@type":"ListItem","position":1,"name":"Anasayfa","item":"https:\/\/www.modamob.com.tr\/"},{"@type":"ListItem","position":2,"name":"Ma\u011faza","item":"https:\/\/www.modamob.com.tr\/magaza\/"},{"@type":"ListItem","position":3,"name":"\u00c7ift Ki\u015filik Yatay A\u00e7\u0131l\u0131r Duvar Yata\u011f\u0131 Mekanizmas\u0131"}]},{"@type":"WebSite","@id":"https:\/\/www.modamob.com.tr\/#website","url":"https:\/\/www.modamob.com.tr\/","name":"Modamob Intelligente M\u00f6bel","description":"Bewegliche M\u00f6bel der neuen Generation","potentialAction":[{"@type":"SearchAction","target":{"@type":"EntryPoint","urlTemplate":"https:\/\/www.modamob.com.tr\/?s={search_term_string}"},"query-input":{"@type":"PropertyValueSpecification","valueRequired":true,"valueName":"search_term_string"}}],"inLanguage":"de"}]}},"_links":{"self":[{"href":"https:\/\/www.modamob.com.tr\/de\/wp-json\/wp\/v2\/product\/12821","targetHints":{"allow":["GET"]}}],"collection":[{"href":"https:\/\/www.modamob.com.tr\/de\/wp-json\/wp\/v2\/product"}],"about":[{"href":"https:\/\/www.modamob.com.tr\/de\/wp-json\/wp\/v2\/types\/product"}],"version-history":[{"count":5,"href":"https:\/\/www.modamob.com.tr\/de\/wp-json\/wp\/v2\/product\/12821\/revisions"}],"predecessor-version":[{"id":18759,"href":"https:\/\/www.modamob.com.tr\/de\/wp-json\/wp\/v2\/product\/12821\/revisions\/18759"}],"wp:featuredmedia":[{"embeddable":true,"href":"https:\/\/www.modamob.com.tr\/de\/wp-json\/wp\/v2\/media\/16903"}],"wp:attachment":[{"href":"https:\/\/www.modamob.com.tr\/de\/wp-json\/wp\/v2\/media?parent=12821"}],"wp:term":[{"taxonomy":"product_brand","embeddable":true,"href":"https:\/\/www.modamob.com.tr\/de\/wp-json\/wp\/v2\/product_brand?post=12821"},{"taxonomy":"product_cat","embeddable":true,"href":"https:\/\/www.modamob.com.tr\/de\/wp-json\/wp\/v2\/product_cat?post=12821"},{"taxonomy":"product_tag","embeddable":true,"href":"https:\/\/www.modamob.com.tr\/de\/wp-json\/wp\/v2\/product_tag?post=12821"}],"curies":[{"name":"wp","href":"https:\/\/api.w.org\/{rel}","templated":true}]}}