{"id":11756,"date":"2022-11-18T13:39:37","date_gmt":"2022-11-18T13:39:37","guid":{"rendered":"https:\/\/modamob2.myco.site\/?post_type=product&#038;p=11756"},"modified":"2023-09-17T22:18:19","modified_gmt":"2023-09-17T19:18:19","slug":"mechanismus-fur-sechs-doppelstockbetten","status":"publish","type":"product","link":"https:\/\/www.modamob.com.tr\/de\/produkt\/mechanismus-fur-sechs-doppelstockbetten\/","title":{"rendered":"Mechanismus f\u00fcr sechs Doppelstockbetten"},"content":{"rendered":"<h1><a href=\"https:\/\/www.modamob.com.tr\/de\/?post_type=product&amp;p=11756&amp;preview=true\">Mechanismus f\u00fcr sechs Doppelstockbetten<\/a><\/h1>\n<p><strong>Produktdetails:<\/strong><br \/>\nES IST DER GROSSHANDELSPREIS. OHNE MWST. NUR METALLTEILE. KOSTENLOSER VERSAND<\/p>\n<p><strong>Produkttabelle:<\/strong><br \/>\nDie Ma\u00dfe des oberen Bettes betragen 75 cm x 190 cm.<\/p>\n<p>Die Ma\u00dfe des unteren Bettes betragen 130 cm x 190 cm.<\/p>\n<p>Die Produktion erfolgt in verschiedenen Gr\u00f6\u00dfen.<\/p>\n<p>BITTE KONTAKTIEREN SIE UNS F\u00dcR DETAILLIERTE INFORMATIONEN.<\/p>\n<p>&nbsp;<\/p>","protected":false},"excerpt":{"rendered":"<p>Alt\u0131 \u00c7ift Ki\u015filik Ranza Mekanizmas\u0131 \u00dcr\u00fcn Detaylar\u0131: TOPTAN F\u0130YATTIR. KDV HAR\u0130\u00c7T\u0130R. SADECE METAL AKSAMLAR. \u00dcCRETS\u0130Z KARGO \u00dcr\u00fcn Grafi\u011fi: \u00dcST YATAK \u00d6L\u00c7\u00dcS\u00dc 75cm x 190cm&#8217;D\u0130R. ALT YATAK \u00d6L\u00c7\u00dcS\u00dc 130cm x 190cm&#8217;D\u0130R. FARKLI \u00d6L\u00c7\u00dcLERDE \u00dcRET\u0130M YAPILMAKTADIR. DETAYLI B\u0130LG\u0130 \u0130\u00c7\u0130N \u0130LET\u0130\u015e\u0130ME GE\u00c7\u0130N\u0130Z. &nbsp;<\/p>","protected":false},"featured_media":11757,"template":"","meta":{"footnotes":""},"product_brand":[],"product_cat":[209,206],"product_tag":[240,244,250],"class_list":{"0":"post-11756","1":"product","2":"type-product","3":"status-publish","4":"has-post-thumbnail","6":"product_cat-ranza-mekanizmalari","7":"product_cat-mekanizmalar","8":"product_tag-acilir-yatak","9":"product_tag-duvar-yataklari","10":"product_tag-ranza-mekanizmasi","11":"tm-no-options","13":"first","14":"instock","15":"taxable","16":"shipping-taxable","17":"purchasable","18":"product-type-simple"},"yoast_head":"<!-- This site is optimized with the Yoast SEO plugin v26.8 - https:\/\/yoast.com\/product\/yoast-seo-wordpress\/ -->\n<title>Alt\u0131 \u00c7ift Ki\u015filik Ranza Mekanizmas\u0131 - Modamob Ak\u0131ll\u0131 Mobilya<\/title>\n<meta name=\"robots\" content=\"index, follow, max-snippet:-1, max-image-preview:large, max-video-preview:-1\" \/>\n<link rel=\"canonical\" href=\"https:\/\/www.modamob.com.tr\/de\/?post_type=product&p=11756\" \/>\n<meta property=\"og:locale\" content=\"de_DE\" \/>\n<meta property=\"og:type\" content=\"article\" \/>\n<meta property=\"og:title\" content=\"Alt\u0131 \u00c7ift Ki\u015filik Ranza Mekanizmas\u0131 - Modamob Ak\u0131ll\u0131 Mobilya\" \/>\n<meta property=\"og:description\" content=\"Alt\u0131 \u00c7ift Ki\u015filik Ranza Mekanizmas\u0131 \u00dcr\u00fcn Detaylar\u0131: TOPTAN F\u0130YATTIR. KDV HAR\u0130\u00c7T\u0130R. SADECE METAL AKSAMLAR. \u00dcCRETS\u0130Z KARGO \u00dcr\u00fcn Grafi\u011fi: \u00dcST YATAK \u00d6L\u00c7\u00dcS\u00dc 75cm x 190cm&#8217;D\u0130R. ALT YATAK \u00d6L\u00c7\u00dcS\u00dc 130cm x 190cm&#8217;D\u0130R. FARKLI \u00d6L\u00c7\u00dcLERDE \u00dcRET\u0130M YAPILMAKTADIR. DETAYLI B\u0130LG\u0130 \u0130\u00c7\u0130N \u0130LET\u0130\u015e\u0130ME GE\u00c7\u0130N\u0130Z. &nbsp;\" \/>\n<meta property=\"og:url\" content=\"https:\/\/www.modamob.com.tr\/de\/?post_type=product&amp;p=11756\" \/>\n<meta property=\"og:site_name\" content=\"Modamob Ak\u0131ll\u0131 Mobilya\" \/>\n<meta property=\"article:modified_time\" content=\"2023-09-17T19:18:19+00:00\" \/>\n<meta property=\"og:image\" content=\"https:\/\/www.modamob.com.tr\/wp-content\/uploads\/2022\/11\/0032-1024x576-1.jpg\" \/>\n\t<meta property=\"og:image:width\" content=\"1024\" \/>\n\t<meta property=\"og:image:height\" content=\"576\" \/>\n\t<meta property=\"og:image:type\" content=\"image\/jpeg\" \/>\n<meta name=\"twitter:card\" content=\"summary_large_image\" \/>\n<script type=\"application\/ld+json\" class=\"yoast-schema-graph\">{\"@context\":\"https:\/\/schema.org\",\"@graph\":[{\"@type\":\"WebPage\",\"@id\":\"https:\/\/www.modamob.com.tr\/?post_type=product&p=11756\",\"url\":\"https:\/\/www.modamob.com.tr\/?post_type=product&p=11756\",\"name\":\"Alt\u0131 \u00c7ift Ki\u015filik Ranza Mekanizmas\u0131 - Modamob Ak\u0131ll\u0131 Mobilya\",\"isPartOf\":{\"@id\":\"https:\/\/www.modamob.com.tr\/#website\"},\"primaryImageOfPage\":{\"@id\":\"https:\/\/www.modamob.com.tr\/?post_type=product&p=11756#primaryimage\"},\"image\":{\"@id\":\"https:\/\/www.modamob.com.tr\/?post_type=product&p=11756#primaryimage\"},\"thumbnailUrl\":\"https:\/\/www.modamob.com.tr\/wp-content\/uploads\/2022\/11\/0032-1024x576-1.jpg\",\"datePublished\":\"2022-11-18T13:39:37+00:00\",\"dateModified\":\"2023-09-17T19:18:19+00:00\",\"breadcrumb\":{\"@id\":\"https:\/\/www.modamob.com.tr\/?post_type=product&p=11756#breadcrumb\"},\"inLanguage\":\"de\",\"potentialAction\":[{\"@type\":\"ReadAction\",\"target\":[\"https:\/\/www.modamob.com.tr\/?post_type=product&p=11756\"]}]},{\"@type\":\"ImageObject\",\"inLanguage\":\"de\",\"@id\":\"https:\/\/www.modamob.com.tr\/?post_type=product&p=11756#primaryimage\",\"url\":\"https:\/\/www.modamob.com.tr\/wp-content\/uploads\/2022\/11\/0032-1024x576-1.jpg\",\"contentUrl\":\"https:\/\/www.modamob.com.tr\/wp-content\/uploads\/2022\/11\/0032-1024x576-1.jpg\",\"width\":1024,\"height\":576,\"caption\":\"Alt\u0131 \u00c7ift Ki\u015filik Ranza Mekanizmas\u0131\"},{\"@type\":\"BreadcrumbList\",\"@id\":\"https:\/\/www.modamob.com.tr\/?post_type=product&p=11756#breadcrumb\",\"itemListElement\":[{\"@type\":\"ListItem\",\"position\":1,\"name\":\"Anasayfa\",\"item\":\"https:\/\/www.modamob.com.tr\/\"},{\"@type\":\"ListItem\",\"position\":2,\"name\":\"Ma\u011faza\",\"item\":\"https:\/\/www.modamob.com.tr\/magaza\/\"},{\"@type\":\"ListItem\",\"position\":3,\"name\":\"Alt\u0131 \u00e7ift ki\u015filik ranza mekanizmas\u0131\"}]},{\"@type\":\"WebSite\",\"@id\":\"https:\/\/www.modamob.com.tr\/#website\",\"url\":\"https:\/\/www.modamob.com.tr\/\",\"name\":\"Modamob Ak\u0131ll\u0131 Mobilya\",\"description\":\"Yeni Nesil Hareketli Mobilyalar\",\"potentialAction\":[{\"@type\":\"SearchAction\",\"target\":{\"@type\":\"EntryPoint\",\"urlTemplate\":\"https:\/\/www.modamob.com.tr\/?s={search_term_string}\"},\"query-input\":{\"@type\":\"PropertyValueSpecification\",\"valueRequired\":true,\"valueName\":\"search_term_string\"}}],\"inLanguage\":\"de\"}]}<\/script>\n<!-- \/ Yoast SEO plugin. -->","yoast_head_json":{"title":"Mechanismus f\u00fcr sechs Doppelstockbetten \u2013 Modamob Smart Furniture","robots":{"index":"index","follow":"follow","max-snippet":"max-snippet:-1","max-image-preview":"max-image-preview:large","max-video-preview":"max-video-preview:-1"},"canonical":"https:\/\/www.modamob.com.tr\/de\/?post_type=product&p=11756","og_locale":"de_DE","og_type":"article","og_title":"Alt\u0131 \u00c7ift Ki\u015filik Ranza Mekanizmas\u0131 - Modamob Ak\u0131ll\u0131 Mobilya","og_description":"Alt\u0131 \u00c7ift Ki\u015filik Ranza Mekanizmas\u0131 \u00dcr\u00fcn Detaylar\u0131: TOPTAN F\u0130YATTIR. KDV HAR\u0130\u00c7T\u0130R. SADECE METAL AKSAMLAR. \u00dcCRETS\u0130Z KARGO \u00dcr\u00fcn Grafi\u011fi: \u00dcST YATAK \u00d6L\u00c7\u00dcS\u00dc 75cm x 190cm&#8217;D\u0130R. ALT YATAK \u00d6L\u00c7\u00dcS\u00dc 130cm x 190cm&#8217;D\u0130R. FARKLI \u00d6L\u00c7\u00dcLERDE \u00dcRET\u0130M YAPILMAKTADIR. DETAYLI B\u0130LG\u0130 \u0130\u00c7\u0130N \u0130LET\u0130\u015e\u0130ME GE\u00c7\u0130N\u0130Z. &nbsp;","og_url":"https:\/\/www.modamob.com.tr\/de\/?post_type=product&p=11756","og_site_name":"Modamob Ak\u0131ll\u0131 Mobilya","article_modified_time":"2023-09-17T19:18:19+00:00","og_image":[{"width":1024,"height":576,"url":"https:\/\/www.modamob.com.tr\/wp-content\/uploads\/2022\/11\/0032-1024x576-1.jpg","type":"image\/jpeg"}],"twitter_card":"summary_large_image","schema":{"@context":"https:\/\/schema.org","@graph":[{"@type":"WebPage","@id":"https:\/\/www.modamob.com.tr\/?post_type=product&p=11756","url":"https:\/\/www.modamob.com.tr\/?post_type=product&p=11756","name":"Mechanismus f\u00fcr sechs Doppelstockbetten \u2013 Modamob Smart Furniture","isPartOf":{"@id":"https:\/\/www.modamob.com.tr\/#website"},"primaryImageOfPage":{"@id":"https:\/\/www.modamob.com.tr\/?post_type=product&p=11756#primaryimage"},"image":{"@id":"https:\/\/www.modamob.com.tr\/?post_type=product&p=11756#primaryimage"},"thumbnailUrl":"https:\/\/www.modamob.com.tr\/wp-content\/uploads\/2022\/11\/0032-1024x576-1.jpg","datePublished":"2022-11-18T13:39:37+00:00","dateModified":"2023-09-17T19:18:19+00:00","breadcrumb":{"@id":"https:\/\/www.modamob.com.tr\/?post_type=product&p=11756#breadcrumb"},"inLanguage":"de","potentialAction":[{"@type":"ReadAction","target":["https:\/\/www.modamob.com.tr\/?post_type=product&p=11756"]}]},{"@type":"ImageObject","inLanguage":"de","@id":"https:\/\/www.modamob.com.tr\/?post_type=product&p=11756#primaryimage","url":"https:\/\/www.modamob.com.tr\/wp-content\/uploads\/2022\/11\/0032-1024x576-1.jpg","contentUrl":"https:\/\/www.modamob.com.tr\/wp-content\/uploads\/2022\/11\/0032-1024x576-1.jpg","width":1024,"height":576,"caption":"Alt\u0131 \u00c7ift Ki\u015filik Ranza Mekanizmas\u0131"},{"@type":"BreadcrumbList","@id":"https:\/\/www.modamob.com.tr\/?post_type=product&p=11756#breadcrumb","itemListElement":[{"@type":"ListItem","position":1,"name":"Anasayfa","item":"https:\/\/www.modamob.com.tr\/"},{"@type":"ListItem","position":2,"name":"Ma\u011faza","item":"https:\/\/www.modamob.com.tr\/magaza\/"},{"@type":"ListItem","position":3,"name":"Alt\u0131 \u00e7ift ki\u015filik ranza mekanizmas\u0131"}]},{"@type":"WebSite","@id":"https:\/\/www.modamob.com.tr\/#website","url":"https:\/\/www.modamob.com.tr\/","name":"Modamob Intelligente M\u00f6bel","description":"Bewegliche M\u00f6bel der neuen Generation","potentialAction":[{"@type":"SearchAction","target":{"@type":"EntryPoint","urlTemplate":"https:\/\/www.modamob.com.tr\/?s={search_term_string}"},"query-input":{"@type":"PropertyValueSpecification","valueRequired":true,"valueName":"search_term_string"}}],"inLanguage":"de"}]}},"_links":{"self":[{"href":"https:\/\/www.modamob.com.tr\/de\/wp-json\/wp\/v2\/product\/11756","targetHints":{"allow":["GET"]}}],"collection":[{"href":"https:\/\/www.modamob.com.tr\/de\/wp-json\/wp\/v2\/product"}],"about":[{"href":"https:\/\/www.modamob.com.tr\/de\/wp-json\/wp\/v2\/types\/product"}],"version-history":[{"count":2,"href":"https:\/\/www.modamob.com.tr\/de\/wp-json\/wp\/v2\/product\/11756\/revisions"}],"predecessor-version":[{"id":15791,"href":"https:\/\/www.modamob.com.tr\/de\/wp-json\/wp\/v2\/product\/11756\/revisions\/15791"}],"wp:featuredmedia":[{"embeddable":true,"href":"https:\/\/www.modamob.com.tr\/de\/wp-json\/wp\/v2\/media\/11757"}],"wp:attachment":[{"href":"https:\/\/www.modamob.com.tr\/de\/wp-json\/wp\/v2\/media?parent=11756"}],"wp:term":[{"taxonomy":"product_brand","embeddable":true,"href":"https:\/\/www.modamob.com.tr\/de\/wp-json\/wp\/v2\/product_brand?post=11756"},{"taxonomy":"product_cat","embeddable":true,"href":"https:\/\/www.modamob.com.tr\/de\/wp-json\/wp\/v2\/product_cat?post=11756"},{"taxonomy":"product_tag","embeddable":true,"href":"https:\/\/www.modamob.com.tr\/de\/wp-json\/wp\/v2\/product_tag?post=11756"}],"curies":[{"name":"wp","href":"https:\/\/api.w.org\/{rel}","templated":true}]}}