{"id":951,"date":"2020-08-04T08:21:37","date_gmt":"2020-08-04T08:21:37","guid":{"rendered":"https:\/\/demo.crocoblock.com\/zolden\/?page_id=951"},"modified":"2022-12-12T13:37:57","modified_gmt":"2022-12-12T13:37:57","slug":"favoriten","status":"publish","type":"page","link":"https:\/\/www.modamob.com.tr\/de\/favoriten\/","title":{"rendered":"Favoriten"},"content":{"rendered":"<div data-elementor-type=\"wp-page\" data-elementor-id=\"951\" class=\"elementor elementor-951\">\n\t\t\t\t\t\t<section class=\"elementor-section elementor-top-section elementor-element elementor-element-dece00a elementor-section-boxed elementor-section-height-default elementor-section-height-default\" data-id=\"dece00a\" data-element_type=\"section\" data-settings=\"{&quot;jet_parallax_layout_list&quot;:[{&quot;jet_parallax_layout_image&quot;:{&quot;url&quot;:&quot;&quot;,&quot;id&quot;:&quot;&quot;,&quot;size&quot;:&quot;&quot;},&quot;_id&quot;:&quot;9bc2b48&quot;,&quot;jet_parallax_layout_image_tablet&quot;:{&quot;url&quot;:&quot;&quot;,&quot;id&quot;:&quot;&quot;,&quot;size&quot;:&quot;&quot;},&quot;jet_parallax_layout_image_mobile&quot;:{&quot;url&quot;:&quot;&quot;,&quot;id&quot;:&quot;&quot;,&quot;size&quot;:&quot;&quot;},&quot;jet_parallax_layout_speed&quot;:{&quot;unit&quot;:&quot;%&quot;,&quot;size&quot;:50,&quot;sizes&quot;:[]},&quot;jet_parallax_layout_type&quot;:&quot;scroll&quot;,&quot;jet_parallax_layout_direction&quot;:&quot;1&quot;,&quot;jet_parallax_layout_fx_direction&quot;:null,&quot;jet_parallax_layout_z_index&quot;:&quot;&quot;,&quot;jet_parallax_layout_bg_x&quot;:50,&quot;jet_parallax_layout_bg_x_tablet&quot;:&quot;&quot;,&quot;jet_parallax_layout_bg_x_mobile&quot;:&quot;&quot;,&quot;jet_parallax_layout_bg_y&quot;:50,&quot;jet_parallax_layout_bg_y_tablet&quot;:&quot;&quot;,&quot;jet_parallax_layout_bg_y_mobile&quot;:&quot;&quot;,&quot;jet_parallax_layout_bg_size&quot;:&quot;auto&quot;,&quot;jet_parallax_layout_bg_size_tablet&quot;:&quot;&quot;,&quot;jet_parallax_layout_bg_size_mobile&quot;:&quot;&quot;,&quot;jet_parallax_layout_animation_prop&quot;:&quot;transform&quot;,&quot;jet_parallax_layout_on&quot;:[&quot;desktop&quot;,&quot;tablet&quot;]}]}\">\n\t\t\t\t\t\t<div class=\"elementor-container elementor-column-gap-no\">\n\t\t\t\t\t<div class=\"elementor-column elementor-col-100 elementor-top-column elementor-element elementor-element-107d485\" data-id=\"107d485\" data-element_type=\"column\">\n\t\t\t<div class=\"elementor-widget-wrap elementor-element-populated\">\n\t\t\t\t\t\t<div class=\"elementor-element elementor-element-a680a6d elementor-widget elementor-widget-heading\" data-id=\"a680a6d\" data-element_type=\"widget\" data-widget_type=\"heading.default\">\n\t\t\t\t<div class=\"elementor-widget-container\">\n\t\t\t\t\t<h2 class=\"elementor-heading-title elementor-size-default\">meine Favoriten<\/h2>\t\t\t\t<\/div>\n\t\t\t\t<\/div>\n\t\t\t\t<div class=\"elementor-element elementor-element-9db18f5 elementor-widget-mobile__width-initial elementor-widget elementor-widget-jet-wishlist\" data-id=\"9db18f5\" data-element_type=\"widget\" data-widget_type=\"jet-wishlist.default\">\n\t\t\t\t<div class=\"elementor-widget-container\">\n\t\t\t\t\t<div class=\"jet-cw jet-wishlist\">\t\t\t<div class=\"jet-wishlist__content woocommerce jet-wishlist-products--preset-1\" data-widget-type=\"jet-wishlist\" data-widget-id=\"9db18f5\">\n\t\t\t\t<h5 class=\"jet-wishlist-empty\">Favori listesine hi\u00e7bir \u00fcr\u00fcn eklenmedi.<\/h5>\n\t\t\t<\/div>\n\t\t\t<\/div>\t\t\t\t<\/div>\n\t\t\t\t<\/div>\n\t\t\t\t\t<\/div>\n\t\t<\/div>\n\t\t\t\t\t<\/div>\n\t\t<\/section>\n\t\t\t\t<\/div>","protected":false},"excerpt":{"rendered":"<p>Favorilerim KR\u0130STAL \u00c7ift Ki\u015filik Dikey Gizli Duvar&#8230;35.200,00&#8378;+ NORA \u00c7ift Ki\u015filik Gizli Duvar Yata\u011f\u0131&#8230;27.250,00&#8378;+<\/p>","protected":false},"author":1,"featured_media":0,"parent":0,"menu_order":0,"comment_status":"closed","ping_status":"closed","template":"elementor_header_footer","meta":{"footnotes":""},"class_list":["post-951","page","type-page","status-publish","hentry"],"yoast_head":"<!-- This site is optimized with the Yoast SEO plugin v26.8 - https:\/\/yoast.com\/product\/yoast-seo-wordpress\/ -->\n<title>Favoriler - Modamob Ak\u0131ll\u0131 Mobilya<\/title>\n<meta name=\"robots\" content=\"index, follow, max-snippet:-1, max-image-preview:large, max-video-preview:-1\" \/>\n<link rel=\"canonical\" href=\"https:\/\/www.modamob.com.tr\/de\/favoriten\/\" \/>\n<meta property=\"og:locale\" content=\"de_DE\" \/>\n<meta property=\"og:type\" content=\"article\" \/>\n<meta property=\"og:title\" content=\"Favoriler - Modamob Ak\u0131ll\u0131 Mobilya\" \/>\n<meta property=\"og:description\" content=\"Favorilerim KR\u0130STAL \u00c7ift Ki\u015filik Dikey Gizli Duvar&#8230;35.200,00&#8378;+ NORA \u00c7ift Ki\u015filik Gizli Duvar Yata\u011f\u0131&#8230;27.250,00&#8378;+\" \/>\n<meta property=\"og:url\" content=\"https:\/\/www.modamob.com.tr\/de\/favoriten\/\" \/>\n<meta property=\"og:site_name\" content=\"Modamob Ak\u0131ll\u0131 Mobilya\" \/>\n<meta property=\"article:modified_time\" content=\"2022-12-12T13:37:57+00:00\" \/>\n<meta property=\"og:image\" content=\"https:\/\/modamob.com.tr\/wp-content\/uploads\/2022\/10\/kristal-1-230x230.png\" \/>\n<meta name=\"twitter:card\" content=\"summary_large_image\" \/>\n<script type=\"application\/ld+json\" class=\"yoast-schema-graph\">{\"@context\":\"https:\/\/schema.org\",\"@graph\":[{\"@type\":\"WebPage\",\"@id\":\"https:\/\/www.modamob.com.tr\/favoriler\/\",\"url\":\"https:\/\/www.modamob.com.tr\/favoriler\/\",\"name\":\"Favoriler - Modamob Ak\u0131ll\u0131 Mobilya\",\"isPartOf\":{\"@id\":\"https:\/\/www.modamob.com.tr\/#website\"},\"primaryImageOfPage\":{\"@id\":\"https:\/\/www.modamob.com.tr\/favoriler\/#primaryimage\"},\"image\":{\"@id\":\"https:\/\/www.modamob.com.tr\/favoriler\/#primaryimage\"},\"thumbnailUrl\":\"https:\/\/modamob.com.tr\/wp-content\/uploads\/2022\/10\/kristal-1-230x230.png\",\"datePublished\":\"2020-08-04T08:21:37+00:00\",\"dateModified\":\"2022-12-12T13:37:57+00:00\",\"breadcrumb\":{\"@id\":\"https:\/\/www.modamob.com.tr\/favoriler\/#breadcrumb\"},\"inLanguage\":\"de\",\"potentialAction\":[{\"@type\":\"ReadAction\",\"target\":[\"https:\/\/www.modamob.com.tr\/favoriler\/\"]}]},{\"@type\":\"ImageObject\",\"inLanguage\":\"de\",\"@id\":\"https:\/\/www.modamob.com.tr\/favoriler\/#primaryimage\",\"url\":\"https:\/\/modamob.com.tr\/wp-content\/uploads\/2022\/10\/kristal-1-230x230.png\",\"contentUrl\":\"https:\/\/modamob.com.tr\/wp-content\/uploads\/2022\/10\/kristal-1-230x230.png\"},{\"@type\":\"BreadcrumbList\",\"@id\":\"https:\/\/www.modamob.com.tr\/favoriler\/#breadcrumb\",\"itemListElement\":[{\"@type\":\"ListItem\",\"position\":1,\"name\":\"Anasayfa\",\"item\":\"https:\/\/www.modamob.com.tr\/\"},{\"@type\":\"ListItem\",\"position\":2,\"name\":\"Favoriler\"}]},{\"@type\":\"WebSite\",\"@id\":\"https:\/\/www.modamob.com.tr\/#website\",\"url\":\"https:\/\/www.modamob.com.tr\/\",\"name\":\"Modamob Ak\u0131ll\u0131 Mobilya\",\"description\":\"Yeni Nesil Hareketli Mobilyalar\",\"potentialAction\":[{\"@type\":\"SearchAction\",\"target\":{\"@type\":\"EntryPoint\",\"urlTemplate\":\"https:\/\/www.modamob.com.tr\/?s={search_term_string}\"},\"query-input\":{\"@type\":\"PropertyValueSpecification\",\"valueRequired\":true,\"valueName\":\"search_term_string\"}}],\"inLanguage\":\"de\"}]}<\/script>\n<!-- \/ Yoast SEO plugin. -->","yoast_head_json":{"title":"Favoriten \u2013 Modamob Smart Furniture","robots":{"index":"index","follow":"follow","max-snippet":"max-snippet:-1","max-image-preview":"max-image-preview:large","max-video-preview":"max-video-preview:-1"},"canonical":"https:\/\/www.modamob.com.tr\/de\/favoriten\/","og_locale":"de_DE","og_type":"article","og_title":"Favoriler - Modamob Ak\u0131ll\u0131 Mobilya","og_description":"Favorilerim KR\u0130STAL \u00c7ift Ki\u015filik Dikey Gizli Duvar&#8230;35.200,00&#8378;+ NORA \u00c7ift Ki\u015filik Gizli Duvar Yata\u011f\u0131&#8230;27.250,00&#8378;+","og_url":"https:\/\/www.modamob.com.tr\/de\/favoriten\/","og_site_name":"Modamob Ak\u0131ll\u0131 Mobilya","article_modified_time":"2022-12-12T13:37:57+00:00","og_image":[{"url":"https:\/\/modamob.com.tr\/wp-content\/uploads\/2022\/10\/kristal-1-230x230.png","type":"","width":"","height":""}],"twitter_card":"summary_large_image","schema":{"@context":"https:\/\/schema.org","@graph":[{"@type":"WebPage","@id":"https:\/\/www.modamob.com.tr\/favoriler\/","url":"https:\/\/www.modamob.com.tr\/favoriler\/","name":"Favoriten \u2013 Modamob Smart Furniture","isPartOf":{"@id":"https:\/\/www.modamob.com.tr\/#website"},"primaryImageOfPage":{"@id":"https:\/\/www.modamob.com.tr\/favoriler\/#primaryimage"},"image":{"@id":"https:\/\/www.modamob.com.tr\/favoriler\/#primaryimage"},"thumbnailUrl":"https:\/\/modamob.com.tr\/wp-content\/uploads\/2022\/10\/kristal-1-230x230.png","datePublished":"2020-08-04T08:21:37+00:00","dateModified":"2022-12-12T13:37:57+00:00","breadcrumb":{"@id":"https:\/\/www.modamob.com.tr\/favoriler\/#breadcrumb"},"inLanguage":"de","potentialAction":[{"@type":"ReadAction","target":["https:\/\/www.modamob.com.tr\/favoriler\/"]}]},{"@type":"ImageObject","inLanguage":"de","@id":"https:\/\/www.modamob.com.tr\/favoriler\/#primaryimage","url":"https:\/\/modamob.com.tr\/wp-content\/uploads\/2022\/10\/kristal-1-230x230.png","contentUrl":"https:\/\/modamob.com.tr\/wp-content\/uploads\/2022\/10\/kristal-1-230x230.png"},{"@type":"BreadcrumbList","@id":"https:\/\/www.modamob.com.tr\/favoriler\/#breadcrumb","itemListElement":[{"@type":"ListItem","position":1,"name":"Anasayfa","item":"https:\/\/www.modamob.com.tr\/"},{"@type":"ListItem","position":2,"name":"Favoriler"}]},{"@type":"WebSite","@id":"https:\/\/www.modamob.com.tr\/#website","url":"https:\/\/www.modamob.com.tr\/","name":"Modamob Intelligente M\u00f6bel","description":"Bewegliche M\u00f6bel der neuen Generation","potentialAction":[{"@type":"SearchAction","target":{"@type":"EntryPoint","urlTemplate":"https:\/\/www.modamob.com.tr\/?s={search_term_string}"},"query-input":{"@type":"PropertyValueSpecification","valueRequired":true,"valueName":"search_term_string"}}],"inLanguage":"de"}]}},"_links":{"self":[{"href":"https:\/\/www.modamob.com.tr\/de\/wp-json\/wp\/v2\/pages\/951","targetHints":{"allow":["GET"]}}],"collection":[{"href":"https:\/\/www.modamob.com.tr\/de\/wp-json\/wp\/v2\/pages"}],"about":[{"href":"https:\/\/www.modamob.com.tr\/de\/wp-json\/wp\/v2\/types\/page"}],"author":[{"embeddable":true,"href":"https:\/\/www.modamob.com.tr\/de\/wp-json\/wp\/v2\/users\/1"}],"replies":[{"embeddable":true,"href":"https:\/\/www.modamob.com.tr\/de\/wp-json\/wp\/v2\/comments?post=951"}],"version-history":[{"count":0,"href":"https:\/\/www.modamob.com.tr\/de\/wp-json\/wp\/v2\/pages\/951\/revisions"}],"wp:attachment":[{"href":"https:\/\/www.modamob.com.tr\/de\/wp-json\/wp\/v2\/media?parent=951"}],"curies":[{"name":"wp","href":"https:\/\/api.w.org\/{rel}","templated":true}]}}