{"id":11280,"date":"2022-11-03T10:36:10","date_gmt":"2022-11-03T10:36:10","guid":{"rendered":"https:\/\/modamob2.myco.site\/?page_id=11280"},"modified":"2022-11-03T10:37:45","modified_gmt":"2022-11-03T10:37:45","slug":"nutzungsbedingungen-der-website-mitgliedschaftsvereinbarung","status":"publish","type":"page","link":"https:\/\/www.modamob.com.tr\/de\/nutzungsbedingungen-der-website-mitgliedschaftsvereinbarung\/","title":{"rendered":"Nutzungsbedingungen der Website \u2013 Mitgliedschaftsvereinbarung"},"content":{"rendered":"<p>NUTZUNGSBEDINGUNGEN DER WEBSITE<\/p>\n\n\n\n<p>Bitte lesen Sie diese \u201eNutzungsbedingungen\u201c sorgf\u00e4ltig durch, bevor Sie unsere Website nutzen.&nbsp;<\/p>\n\n\n\n<p>Es wird davon ausgegangen, dass unsere Kunden, die diese Einkaufsseite nutzen und dort einkaufen, die folgenden Bedingungen akzeptiert haben:<\/p>\n\n\n\n<p>Die Webseiten auf unserer Website und alle damit verlinkten Seiten (\u201eWebsite\u201c) sind Eigentum von MODAMOB MAK\u0130NE VE AKSESUARLARI MOB\u0130LYA SANAY\u0130 T\u0130CARET L\u0130M\u0130TED \u015e\u0130RKET\u0130 (Unternehmen) unter modamob.com.tr und werden von diesem betrieben. W\u00e4hrend Sie (\u201eBenutzer\u201c) alle auf der Website angebotenen Dienste nutzen, unterliegen Sie den folgenden Bedingungen, indem Sie von den Diensten auf der Website profitieren und diese weiterhin nutzen; Es wird davon ausgegangen, dass Sie das Recht, die Befugnis und die Rechtsf\u00e4higkeit haben, einen Vertrag gem\u00e4\u00df den f\u00fcr Sie geltenden Gesetzen zu unterzeichnen, und dass Sie \u00fcber 18 Jahre alt sind, dass Sie diesen Vertrag gelesen und verstanden haben und an ihn gebunden sind die im Vertrag niedergelegten Bedingungen.\u00a0<\/p>\n\n\n\n<p>Dieser Vertrag erlegt den Parteien Rechte und Pflichten in Bezug auf die vertragsgegenst\u00e4ndliche Website auf, und wenn die Parteien diesen Vertrag annehmen, erkl\u00e4ren sie, dass sie die genannten Rechte und Pflichten vollst\u00e4ndig, genau, p\u00fcnktlich und innerhalb der darin geforderten Bedingungen erf\u00fcllen werden Vertrag.<\/p>\n\n\n\n<p>1. VERANTWORTLICHKEITEN<\/p>\n\n\n\n<p>a. Das Unternehmen beh\u00e4lt sich jederzeit das Recht vor, \u00c4nderungen an den Preisen sowie den angebotenen Produkten und Dienstleistungen vorzunehmen.&nbsp;<\/p>\n\n\n\n<p>b. Das Unternehmen akzeptiert und verpflichtet sich, dass das Mitglied von den vertragsgegenst\u00e4ndlichen Leistungen profitieren wird, mit Ausnahme technischer St\u00f6rungen.<\/p>\n\n\n\n<p>c. Der Benutzer akzeptiert im Voraus, dass er die Nutzung der Website nicht r\u00fcckentwickeln oder andere Ma\u00dfnahmen ergreifen wird, um den Quellcode der Website zu finden oder zu erhalten. Andernfalls haftet er f\u00fcr etwaige Sch\u00e4den, die Dritten und Rechtspersonen entstehen und gegen ihn wird ein Strafverfahren eingeleitet.&nbsp;<\/p>\n\n\n\n<p>d. Der Benutzer kann bei seinen Aktivit\u00e4ten innerhalb der Website, in irgendeinem Teil der Website oder in seinen Kommunikationen gegen die allgemeinen Sitten und guten Sitten versto\u00dfen, gegen das Gesetz versto\u00dfen, die Rechte Dritter verletzen, irref\u00fchrend, beleidigend, obsz\u00f6n sein, pornographisch sind, Pers\u00f6nlichkeitsrechte verletzen, Urheberrechte verletzen, illegale Aktivit\u00e4ten f\u00f6rdern. Er erkl\u00e4rt sich damit einverstanden, dass er keine Inhalte produziert oder teilt. Andernfalls tr\u00e4gt er\/sie die volle Verantwortung f\u00fcr den Schaden, der entstehen kann. In diesem Fall k\u00f6nnen die Beh\u00f6rden der \u201eSite\u201c solche Konten sperren oder k\u00fcndigen und behalten sich das Recht vor, rechtliche Schritte einzuleiten. Aus diesem Grund beh\u00e4lt es sich das Recht vor, auf Anfrage der Justizbeh\u00f6rden Informationen \u00fcber Aktivit\u00e4ten oder Benutzerkonten weiterzugeben.<\/p>\n\n\n\n<p>e. Mitglieder der Website sind f\u00fcr ihre Beziehungen untereinander oder mit Dritten verantwortlich.&nbsp;<\/p>\n\n\n\n<p>2. Geistige Eigentumsrechte<\/p>\n\n\n\n<p>2.1. Alle registrierten oder nicht registrierten geistigen Eigentumsrechte wie Titel, Firmenname, Marke, Patent, Logo, Design, Informationen und Methoden, die auf dieser Website enthalten sind, geh\u00f6ren dem Websitebetreiber und Eigent\u00fcmerunternehmen oder der angegebenen Person und stehen unter dem Schutz nationaler und internationaler Gesetz. Durch den Besuch dieser Website oder die Nutzung der Dienste auf dieser Website werden keinerlei Rechte an solchen geistigen Eigentumsrechten gew\u00e4hrt.<\/p>\n\n\n\n<p>2.2. Die Informationen auf der Website d\u00fcrfen in keiner Weise reproduziert, ver\u00f6ffentlicht, kopiert, pr\u00e4sentiert und\/oder \u00fcbertragen werden. Ohne Genehmigung darf die Website weder ganz noch teilweise auf einer anderen Website verwendet werden.&nbsp;<\/p>\n\n\n\n<p>3. Vertrauliche Informationen<\/p>\n\n\n\n<p>3.1. Das Unternehmen gibt die von Benutzern \u00fcber die Website \u00fcbermittelten personenbezogenen Daten nicht an Dritte weiter. Diese pers\u00f6nlichen Informationen; Sie enthalten alle Arten anderer Informationen, die dazu dienen, den Benutzer zu identifizieren, wie z. B. Vor- und Nachname, Adresse, Telefonnummer, Mobiltelefonnummer, E-Mail-Adresse, und werden kurz als \u201evertrauliche Informationen\u201c bezeichnet.<\/p>\n\n\n\n<p>3.2. Der Benutzer kann nur Werbeaktionen, Anzeigen, Kampagnen, Werbeaktionen, Ank\u00fcndigungen usw. verwenden. Er akzeptiert und erkl\u00e4rt, dass er damit einverstanden ist, dass das Unternehmen, dem die Website geh\u00f6rt, seine Kontaktdaten, seinen Portfoliostatus und seine demografischen Informationen an seine Tochtergesellschaften oder Konzernunternehmen, mit denen es verbunden ist, weitergibt, beschr\u00e4nkt auf die Verwendung im Rahmen von Marketingaktivit\u00e4ten. Diese personenbezogenen Daten k\u00f6nnen verwendet werden, um das Kundenprofil innerhalb des Unternehmens zu ermitteln, um dem Kundenprofil entsprechende Werbeaktionen und Kampagnen anzubieten und um statistische Studien durchzuf\u00fchren.<\/p>\n\n\n\n<p>3.3. Vertrauliche Informationen d\u00fcrfen nur dann an offizielle Beh\u00f6rden weitergegeben werden, wenn diese Informationen von offiziellen Beh\u00f6rden angefordert werden und in F\u00e4llen, in denen die Offenlegung gegen\u00fcber offiziellen Beh\u00f6rden gem\u00e4\u00df den geltenden zwingenden Rechtsvorschriften obligatorisch ist.<\/p>\n\n\n\n<p>4. Keine Gew\u00e4hrleistung: DIESE VEREINBARUNG IST SOWEIT NACH GELTENDEM RECHT ZUL\u00c4SSIG G\u00dcLTIG. DIE VOM UNTERNEHMEN ANGEBOTENEN DIENSTLEISTUNGEN WERDEN \u201eWIE BESEHEN\u201c UND \u201eWIE VERF\u00dcGBAR\u201c UND IN BEZUG AUF DIE DIENSTLEISTUNGEN ODER DIE ANWENDUNG BEREITGESTELLT, EINSCHLIESSLICH ALLER STILLSCHWEIGENDEN GEW\u00c4HRLEISTUNGEN DER MARKTG\u00c4NGIGKEIT, DER EIGNUNG F\u00dcR EINEN BESTIMMTEN ZWECK ODER DER NICHTVERLETZUNG STILLSCHWEIGEND, EINSCHLIESSLICH \u00dcBERNIMMT KEINE GEW\u00c4HRLEISTUNG JEGLICHER ART, WEDER GESETZLICH ODER ANDERWEITIG.&nbsp;<\/p>\n\n\n\n<p>5. Registrierung und Sicherheit&nbsp;<\/p>\n\n\n\n<p>Der Nutzer muss bei der Registrierung genaue, vollst\u00e4ndige und aktuelle Angaben machen. Andernfalls wird davon ausgegangen, dass gegen diese Vereinbarung versto\u00dfen wurde, und das Konto kann ohne Benachrichtigung des Benutzers geschlossen werden.<\/p>\n\n\n\n<p>Der Benutzer ist f\u00fcr die Passwort- und Kontosicherheit auf der Website und auf Websites Dritter verantwortlich. Andernfalls kann das Unternehmen nicht f\u00fcr Datenverluste, Sicherheitsverletzungen oder Sch\u00e4den an Hardware und Ger\u00e4ten verantwortlich gemacht werden, die auftreten k\u00f6nnen.<\/p>\n\n\n\n<p>6. H\u00f6here Gewalt<\/p>\n\n\n\n<p>Nicht unter der Kontrolle der Parteien; aus dem Vertrag aufgrund von Gr\u00fcnden wie Naturkatastrophen, Feuer, Explosionen, B\u00fcrgerkriegen, Kriegen, Unruhen, \u00f6ffentlichen Bewegungen, Mobilmachungserkl\u00e4rungen, Streiks, Aussperrungen und Epidemien, Infrastruktur- und Internetausf\u00e4llen, Stromausf\u00e4llen (gemeinsam als \u201eGewalt\u201c bezeichnet). \u201eH\u00f6here\u201c unten). Sollten die Parteien ihren Verpflichtungen nicht nachkommen, sind die Parteien hierf\u00fcr nicht verantwortlich. W\u00e4hrend dieser Zeit ruhen die Rechte und Pflichten der Vertragsparteien aus dieser Vereinbarung.&nbsp;<\/p>\n\n\n\n<p>7. Integrit\u00e4t der Vereinbarung und Anwendbarkeit<\/p>\n\n\n\n<p>Sollte eine Bestimmung dieses Vertrages ganz oder teilweise unwirksam sein, bleibt der Vertrag im \u00dcbrigen weiterhin g\u00fcltig.<\/p>\n\n\n\n<p>8. An der Vereinbarung vorzunehmende \u00c4nderungen<\/p>\n\n\n\n<p>Das Unternehmen kann die auf der Website angebotenen Leistungen und die Bedingungen dieses Vertrages jederzeit teilweise oder vollst\u00e4ndig \u00e4ndern. \u00c4nderungen gelten ab dem Datum der Ver\u00f6ffentlichung auf der Website. Es liegt in der Verantwortung des Benutzers, die \u00c4nderungen zu befolgen. Es wird davon ausgegangen, dass der Nutzer diese \u00c4nderungen akzeptiert, indem er weiterhin von den angebotenen Diensten profitiert.<\/p>\n\n\n\n<p>9. Benachrichtigung<\/p>\n\n\n\n<p>Alle an die Parteien bez\u00fcglich dieser Vereinbarung zu sendenden Benachrichtigungen erfolgen \u00fcber die dem Unternehmen bekannte E-Mail-Adresse und die vom Benutzer im Mitgliedschaftsformular angegebene E-Mail-Adresse. Der Nutzer akzeptiert, dass die bei der Anmeldung angegebene Adresse die g\u00fcltige Benachrichtigungsadresse ist und dass er im Falle einer \u00c4nderung die andere Partei innerhalb von 5 Tagen schriftlich benachrichtigen wird, andernfalls gelten Benachrichtigungen an diese Adresse als g\u00fcltig.<\/p>\n\n\n\n<p>10. Beweisvereinbarung<\/p>\n\n\n\n<p>Bei etwaigen Streitigkeiten, die zwischen den Parteien bez\u00fcglich der Transaktionen im Zusammenhang mit dieser Vereinbarung entstehen k\u00f6nnen, werden die B\u00fccher, Aufzeichnungen und Dokumente, Computeraufzeichnungen und Faxaufzeichnungen der Parteien als Beweismittel gem\u00e4\u00df der Zivilprozessordnung Nr. 6100 akzeptiert Der Benutzer erkl\u00e4rt sich damit einverstanden, dass er gegen diese Aufzeichnungen keinen Einspruch erheben wird.<\/p>\n\n\n\n<p>11. Streitbeilegung<\/p>\n\n\n\n<p>Die Gerichte und Vollstreckungs\u00e4mter des Istanbuler (Zentral-)Gerichtsgeb\u00e4udes sind befugt, etwaige Streitigkeiten beizulegen, die sich aus der Umsetzung oder Auslegung dieser Vereinbarung ergeben.<\/p>","protected":false},"excerpt":{"rendered":"<p>S\u0130TE KULLANIM \u015eARTLARI L\u00fctfen sitemizi kullanmadan evvel bu \u2018site kullan\u0131m \u015fartlar\u0131\u2019n\u0131 dikkatlice okuyunuz.&nbsp; Bu al\u0131\u015fveri\u015f sitesini kullanan ve al\u0131\u015fveri\u015f yapan m\u00fc\u015fterilerimiz a\u015fa\u011f\u0131daki \u015fartlar\u0131 kabul etmi\u015f varsay\u0131lmaktad\u0131r: Sitemizdeki web sayfalar\u0131 ve ona ba\u011fl\u0131 t\u00fcm sayfalar (\u2018site\u2019) modamob.com.tr adresindeki MODAMOB MAK\u0130NE VE AKSESUARLARI MOB\u0130LYA SANAY\u0130 T\u0130CARET L\u0130M\u0130TED \u015e\u0130RKET\u0130 firmas\u0131n\u0131n (Firma) mal\u0131d\u0131r ve onun taraf\u0131ndan i\u015fletilir. Sizler (\u2018Kullan\u0131c\u0131\u2019) [&hellip;]<\/p>","protected":false},"author":1,"featured_media":0,"parent":0,"menu_order":0,"comment_status":"closed","ping_status":"closed","template":"","meta":{"footnotes":""},"class_list":["post-11280","page","type-page","status-publish","hentry"],"yoast_head":"<!-- This site is optimized with the Yoast SEO plugin v26.8 - https:\/\/yoast.com\/product\/yoast-seo-wordpress\/ -->\n<title>Site Kullan\u0131m \u015eartlar\u0131 - \u00dcyelik S\u00f6zle\u015fmesi - Modamob Ak\u0131ll\u0131 Mobilya<\/title>\n<meta name=\"robots\" content=\"index, follow, max-snippet:-1, max-image-preview:large, max-video-preview:-1\" \/>\n<link rel=\"canonical\" href=\"https:\/\/www.modamob.com.tr\/de\/nutzungsbedingungen-der-website-mitgliedschaftsvereinbarung\/\" \/>\n<meta property=\"og:locale\" content=\"de_DE\" \/>\n<meta property=\"og:type\" content=\"article\" \/>\n<meta property=\"og:title\" content=\"Site Kullan\u0131m \u015eartlar\u0131 - \u00dcyelik S\u00f6zle\u015fmesi - Modamob Ak\u0131ll\u0131 Mobilya\" \/>\n<meta property=\"og:description\" content=\"S\u0130TE KULLANIM \u015eARTLARI L\u00fctfen sitemizi kullanmadan evvel bu \u2018site kullan\u0131m \u015fartlar\u0131\u2019n\u0131 dikkatlice okuyunuz.&nbsp; Bu al\u0131\u015fveri\u015f sitesini kullanan ve al\u0131\u015fveri\u015f yapan m\u00fc\u015fterilerimiz a\u015fa\u011f\u0131daki \u015fartlar\u0131 kabul etmi\u015f varsay\u0131lmaktad\u0131r: Sitemizdeki web sayfalar\u0131 ve ona ba\u011fl\u0131 t\u00fcm sayfalar (\u2018site\u2019) modamob.com.tr adresindeki MODAMOB MAK\u0130NE VE AKSESUARLARI MOB\u0130LYA SANAY\u0130 T\u0130CARET L\u0130M\u0130TED \u015e\u0130RKET\u0130 firmas\u0131n\u0131n (Firma) mal\u0131d\u0131r ve onun taraf\u0131ndan i\u015fletilir. Sizler (\u2018Kullan\u0131c\u0131\u2019) [&hellip;]\" \/>\n<meta property=\"og:url\" content=\"https:\/\/www.modamob.com.tr\/de\/nutzungsbedingungen-der-website-mitgliedschaftsvereinbarung\/\" \/>\n<meta property=\"og:site_name\" content=\"Modamob Ak\u0131ll\u0131 Mobilya\" \/>\n<meta property=\"article:modified_time\" content=\"2022-11-03T10:37:45+00:00\" \/>\n<meta name=\"twitter:card\" content=\"summary_large_image\" \/>\n<script type=\"application\/ld+json\" class=\"yoast-schema-graph\">{\"@context\":\"https:\/\/schema.org\",\"@graph\":[{\"@type\":\"WebPage\",\"@id\":\"https:\/\/www.modamob.com.tr\/site-kullanim-sartlari-uyelik-sozlesmesi\/\",\"url\":\"https:\/\/www.modamob.com.tr\/site-kullanim-sartlari-uyelik-sozlesmesi\/\",\"name\":\"Site Kullan\u0131m \u015eartlar\u0131 - \u00dcyelik S\u00f6zle\u015fmesi - Modamob Ak\u0131ll\u0131 Mobilya\",\"isPartOf\":{\"@id\":\"https:\/\/www.modamob.com.tr\/#website\"},\"datePublished\":\"2022-11-03T10:36:10+00:00\",\"dateModified\":\"2022-11-03T10:37:45+00:00\",\"breadcrumb\":{\"@id\":\"https:\/\/www.modamob.com.tr\/site-kullanim-sartlari-uyelik-sozlesmesi\/#breadcrumb\"},\"inLanguage\":\"de\",\"potentialAction\":[{\"@type\":\"ReadAction\",\"target\":[\"https:\/\/www.modamob.com.tr\/site-kullanim-sartlari-uyelik-sozlesmesi\/\"]}]},{\"@type\":\"BreadcrumbList\",\"@id\":\"https:\/\/www.modamob.com.tr\/site-kullanim-sartlari-uyelik-sozlesmesi\/#breadcrumb\",\"itemListElement\":[{\"@type\":\"ListItem\",\"position\":1,\"name\":\"Anasayfa\",\"item\":\"https:\/\/www.modamob.com.tr\/\"},{\"@type\":\"ListItem\",\"position\":2,\"name\":\"Site Kullan\u0131m \u015eartlar\u0131 &#8211; \u00dcyelik S\u00f6zle\u015fmesi\"}]},{\"@type\":\"WebSite\",\"@id\":\"https:\/\/www.modamob.com.tr\/#website\",\"url\":\"https:\/\/www.modamob.com.tr\/\",\"name\":\"Modamob Ak\u0131ll\u0131 Mobilya\",\"description\":\"Yeni Nesil Hareketli Mobilyalar\",\"potentialAction\":[{\"@type\":\"SearchAction\",\"target\":{\"@type\":\"EntryPoint\",\"urlTemplate\":\"https:\/\/www.modamob.com.tr\/?s={search_term_string}\"},\"query-input\":{\"@type\":\"PropertyValueSpecification\",\"valueRequired\":true,\"valueName\":\"search_term_string\"}}],\"inLanguage\":\"de\"}]}<\/script>\n<!-- \/ Yoast SEO plugin. -->","yoast_head_json":{"title":"Nutzungsbedingungen der Website \u2013 Mitgliedschaftsvereinbarung \u2013 Modamob Smart Furniture","robots":{"index":"index","follow":"follow","max-snippet":"max-snippet:-1","max-image-preview":"max-image-preview:large","max-video-preview":"max-video-preview:-1"},"canonical":"https:\/\/www.modamob.com.tr\/de\/nutzungsbedingungen-der-website-mitgliedschaftsvereinbarung\/","og_locale":"de_DE","og_type":"article","og_title":"Site Kullan\u0131m \u015eartlar\u0131 - \u00dcyelik S\u00f6zle\u015fmesi - Modamob Ak\u0131ll\u0131 Mobilya","og_description":"S\u0130TE KULLANIM \u015eARTLARI L\u00fctfen sitemizi kullanmadan evvel bu \u2018site kullan\u0131m \u015fartlar\u0131\u2019n\u0131 dikkatlice okuyunuz.&nbsp; Bu al\u0131\u015fveri\u015f sitesini kullanan ve al\u0131\u015fveri\u015f yapan m\u00fc\u015fterilerimiz a\u015fa\u011f\u0131daki \u015fartlar\u0131 kabul etmi\u015f varsay\u0131lmaktad\u0131r: Sitemizdeki web sayfalar\u0131 ve ona ba\u011fl\u0131 t\u00fcm sayfalar (\u2018site\u2019) modamob.com.tr adresindeki MODAMOB MAK\u0130NE VE AKSESUARLARI MOB\u0130LYA SANAY\u0130 T\u0130CARET L\u0130M\u0130TED \u015e\u0130RKET\u0130 firmas\u0131n\u0131n (Firma) mal\u0131d\u0131r ve onun taraf\u0131ndan i\u015fletilir. Sizler (\u2018Kullan\u0131c\u0131\u2019) [&hellip;]","og_url":"https:\/\/www.modamob.com.tr\/de\/nutzungsbedingungen-der-website-mitgliedschaftsvereinbarung\/","og_site_name":"Modamob Ak\u0131ll\u0131 Mobilya","article_modified_time":"2022-11-03T10:37:45+00:00","twitter_card":"summary_large_image","schema":{"@context":"https:\/\/schema.org","@graph":[{"@type":"WebPage","@id":"https:\/\/www.modamob.com.tr\/site-kullanim-sartlari-uyelik-sozlesmesi\/","url":"https:\/\/www.modamob.com.tr\/site-kullanim-sartlari-uyelik-sozlesmesi\/","name":"Nutzungsbedingungen der Website \u2013 Mitgliedschaftsvereinbarung \u2013 Modamob Smart Furniture","isPartOf":{"@id":"https:\/\/www.modamob.com.tr\/#website"},"datePublished":"2022-11-03T10:36:10+00:00","dateModified":"2022-11-03T10:37:45+00:00","breadcrumb":{"@id":"https:\/\/www.modamob.com.tr\/site-kullanim-sartlari-uyelik-sozlesmesi\/#breadcrumb"},"inLanguage":"de","potentialAction":[{"@type":"ReadAction","target":["https:\/\/www.modamob.com.tr\/site-kullanim-sartlari-uyelik-sozlesmesi\/"]}]},{"@type":"BreadcrumbList","@id":"https:\/\/www.modamob.com.tr\/site-kullanim-sartlari-uyelik-sozlesmesi\/#breadcrumb","itemListElement":[{"@type":"ListItem","position":1,"name":"Anasayfa","item":"https:\/\/www.modamob.com.tr\/"},{"@type":"ListItem","position":2,"name":"Site Kullan\u0131m \u015eartlar\u0131 &#8211; \u00dcyelik S\u00f6zle\u015fmesi"}]},{"@type":"WebSite","@id":"https:\/\/www.modamob.com.tr\/#website","url":"https:\/\/www.modamob.com.tr\/","name":"Modamob Intelligente M\u00f6bel","description":"Bewegliche M\u00f6bel der neuen Generation","potentialAction":[{"@type":"SearchAction","target":{"@type":"EntryPoint","urlTemplate":"https:\/\/www.modamob.com.tr\/?s={search_term_string}"},"query-input":{"@type":"PropertyValueSpecification","valueRequired":true,"valueName":"search_term_string"}}],"inLanguage":"de"}]}},"_links":{"self":[{"href":"https:\/\/www.modamob.com.tr\/de\/wp-json\/wp\/v2\/pages\/11280","targetHints":{"allow":["GET"]}}],"collection":[{"href":"https:\/\/www.modamob.com.tr\/de\/wp-json\/wp\/v2\/pages"}],"about":[{"href":"https:\/\/www.modamob.com.tr\/de\/wp-json\/wp\/v2\/types\/page"}],"author":[{"embeddable":true,"href":"https:\/\/www.modamob.com.tr\/de\/wp-json\/wp\/v2\/users\/1"}],"replies":[{"embeddable":true,"href":"https:\/\/www.modamob.com.tr\/de\/wp-json\/wp\/v2\/comments?post=11280"}],"version-history":[{"count":0,"href":"https:\/\/www.modamob.com.tr\/de\/wp-json\/wp\/v2\/pages\/11280\/revisions"}],"wp:attachment":[{"href":"https:\/\/www.modamob.com.tr\/de\/wp-json\/wp\/v2\/media?parent=11280"}],"curies":[{"name":"wp","href":"https:\/\/api.w.org\/{rel}","templated":true}]}}