{"id":17022,"date":"2024-10-26T17:12:14","date_gmt":"2024-10-26T14:12:14","guid":{"rendered":"https:\/\/www.modamob.com.tr\/?post_type=product&#038;p=17022"},"modified":"2026-02-13T22:43:14","modified_gmt":"2026-02-13T19:43:14","slug":"%d8%a2%d9%84%d9%8a%d8%a9-%d8%b7%d8%a7%d9%88%d9%84%d8%a9-%d9%82%d8%a7%d8%a8%d9%84%d8%a9-%d9%84%d9%84%d8%b7%d9%8a-%d8%b9%d9%84%d9%89-%d8%a7%d9%84%d8%ad%d8%a7%d8%a6%d8%b7","status":"publish","type":"product","link":"https:\/\/www.modamob.com.tr\/ar\/%d9%85%d9%86%d8%aa%d8%ac\/%d8%a2%d9%84%d9%8a%d8%a9-%d8%b7%d8%a7%d9%88%d9%84%d8%a9-%d9%82%d8%a7%d8%a8%d9%84%d8%a9-%d9%84%d9%84%d8%b7%d9%8a-%d8%b9%d9%84%d9%89-%d8%a7%d9%84%d8%ad%d8%a7%d8%a6%d8%b7\/","title":{"rendered":"\u0622\u0644\u064a\u0629 \u0637\u0627\u0648\u0644\u0629 \u0642\u0627\u0628\u0644\u0629 \u0644\u0644\u0637\u064a \u0639\u0644\u0649 \u0627\u0644\u062d\u0627\u0626\u0637"},"content":{"rendered":"","protected":false},"excerpt":{"rendered":"<div>\u0637\u0627\u0648\u0644\u0629 \u0642\u0627\u0628\u0644\u0629 \u0644\u0644\u0637\u064a \u0645\u062b\u0628\u062a\u0629 \u0639\u0644\u0649 \u0627\u0644\u062d\u0627\u0626\u0637<\/div>\n<div><\/div>\n<div>\u062a\u0635\u0645\u064a\u0645 \u0623\u0646\u064a\u0642 \u0648\u0639\u0645\u0644\u064a<\/div>\n<div><\/div>\n<div>\u064a\u0639\u062f \u0647\u0630\u0627 \u0627\u0644\u0645\u0643\u062a\u0628 \u0627\u0644\u0642\u0627\u0628\u0644 \u0644\u0644\u0637\u064a \u0627\u0644\u0645\u062b\u0628\u062a \u0639\u0644\u0649 \u0627\u0644\u062d\u0627\u0626\u0637 \u0645\u062b\u0627\u0644\u064a\u064b\u0627 \u0644\u0644\u0645\u0646\u0627\u0632\u0644 \u0627\u0644\u062d\u062f\u064a\u062b\u0629 \u0627\u0644\u062a\u064a \u062a\u0639\u0637\u064a \u0627\u0644\u0623\u0648\u0644\u0648\u064a\u0629 \u0644\u062a\u0648\u0641\u064a\u0631 \u0627\u0644\u0645\u0633\u0627\u062d\u0629. \u0628\u0641\u0636\u0644 \u062a\u0635\u0645\u064a\u0645\u0647 \u0627\u0644\u0623\u0646\u064a\u0642 \u0648\u0627\u0644\u0628\u0633\u064a\u0637\u060c \u0641\u0625\u0646\u0647 \u064a\u0646\u0627\u0633\u0628 \u0623\u064a \u062a\u0635\u0645\u064a\u0645 \u062f\u0627\u062e\u0644\u064a. \u064a\u0648\u0641\u0631 \u0627\u0633\u062a\u062e\u062f\u0627\u0645\u064b\u0627 \u0637\u0648\u064a\u0644 \u0627\u0644\u0623\u0645\u062f \u0628\u0641\u0636\u0644 \u0623\u0631\u062c\u0644\u0647 \u0627\u0644\u0645\u0639\u062f\u0646\u064a\u0629 \u0627\u0644\u0642\u0648\u064a\u0629.<\/div>\n<div><\/div>\n<div>\u0633\u0645\u0627\u062a:<\/div>\n<div><\/div>\n<div>\u2022 \u062c\u0633\u0645 \u0645\u0639\u062f\u0646\u064a \u0645\u062a\u064a\u0646 \u0644\u0644\u063a\u0627\u064a\u0629<\/div>\n<div>\u2022\u064a\u0639\u0645\u0644 \u0639\u0644\u0649 \u062a\u062d\u0633\u064a\u0646 \u0627\u0633\u062a\u062e\u062f\u0627\u0645 \u0627\u0644\u0645\u0633\u0627\u062d\u0629 \u0645\u0646 \u062e\u0644\u0627\u0644 \u0647\u064a\u0643\u0644\u0647 \u0627\u0644\u0642\u0627\u0628\u0644 \u0644\u0644\u062a\u0631\u0643\u064a\u0628 \u0639\u0644\u0649 \u0627\u0644\u062d\u0627\u0626\u0637<\/div>\n<div>\u2022\u0633\u0647\u0648\u0644\u0629 \u0627\u0644\u0627\u0633\u062a\u062e\u062f\u0627\u0645: \u0628\u0641\u0636\u0644 \u062a\u0635\u0645\u064a\u0645\u0647 \u0627\u0644\u0642\u0627\u0628\u0644 \u0644\u0644\u0637\u064a\u060c \u064a\u0645\u0643\u0646 \u0625\u0632\u0627\u0644\u062a\u0647 \u0628\u0633\u0647\u0648\u0644\u0629 \u0639\u0646\u062f \u0639\u062f\u0645 \u0627\u0633\u062a\u062e\u062f\u0627\u0645\u0647 \u0648\u0644\u0627 \u064a\u0623\u062e\u0630 \u0645\u0633\u0627\u062d\u0629.<\/div>\n<div><\/div>\n<div>\u064a\u0639\u062f \u0647\u0630\u0627 \u0627\u0644\u0645\u0643\u062a\u0628 \u0627\u062e\u062a\u064a\u0627\u0631\u064b\u0627 \u0645\u0645\u062a\u0627\u0632\u064b\u0627 \u0644\u0644\u0645\u0643\u0627\u062a\u0628 \u0623\u0648 \u0627\u0644\u0634\u0631\u0641\u0627\u062a \u0623\u0648 \u0645\u0633\u0627\u062d\u0627\u062a \u0627\u0644\u0645\u0639\u064a\u0634\u0629 \u0627\u0644\u0636\u064a\u0642\u0629\u060c \u0641\u0647\u0648 \u064a\u0648\u0641\u0631 \u0643\u0644\u0627\u064b \u0645\u0646 \u0627\u0644\u062a\u0637\u0628\u064a\u0642 \u0627\u0644\u0639\u0645\u0644\u064a \u0648\u0627\u0644\u062c\u0645\u0627\u0644\u064a.<\/div>\n<p>\u0627\u0644\u0623\u062c\u0632\u0627\u0621 \u0627\u0644\u062e\u0634\u0628\u064a\u0629 \u0645\u0633\u062a\u0628\u0639\u062f\u0629.<\/p>","protected":false},"featured_media":17027,"template":"","meta":{"footnotes":""},"product_brand":[],"product_cat":[206,235],"product_tag":[239,240,251],"class_list":{"0":"post-17022","1":"product","2":"type-product","3":"status-publish","4":"has-post-thumbnail","6":"product_cat-mekanizmalar","7":"product_cat-pratik-masa-mekanizmalari","8":"product_tag-akilli-mobilya","9":"product_tag-acilir-yatak","10":"product_tag-duvar-yatak-mekanizmalari","11":"tm-no-options","13":"first","14":"instock","15":"taxable","16":"shipping-taxable","17":"purchasable","18":"product-type-simple"},"yoast_head":"<!-- This site is optimized with the Yoast SEO plugin v26.8 - https:\/\/yoast.com\/product\/yoast-seo-wordpress\/ -->\n<title>Duvara Katlan\u0131r Masa Mekanizmas\u0131 - Modamob Ak\u0131ll\u0131 Mobilya<\/title>\n<meta name=\"robots\" content=\"index, follow, max-snippet:-1, max-image-preview:large, max-video-preview:-1\" \/>\n<link rel=\"canonical\" href=\"https:\/\/www.modamob.com.tr\/ar\/\u0645\u0646\u062a\u062c\/\u0622\u0644\u064a\u0629-\u0637\u0627\u0648\u0644\u0629-\u0642\u0627\u0628\u0644\u0629-\u0644\u0644\u0637\u064a-\u0639\u0644\u0649-\u0627\u0644\u062d\u0627\u0626\u0637\/\" \/>\n<meta property=\"og:locale\" content=\"ar_AR\" \/>\n<meta property=\"og:type\" content=\"article\" \/>\n<meta property=\"og:title\" content=\"Duvara Katlan\u0131r Masa Mekanizmas\u0131 - Modamob Ak\u0131ll\u0131 Mobilya\" \/>\n<meta property=\"og:description\" content=\"Katlanabilir Duvara Monte Masa  \u015e\u0131k ve Pratik Tasar\u0131m  Bu katlanabilir duvara monte masa, alan tasarrufunu \u00f6n planda tutan modern evler i\u00e7in idealdir. \u015e\u0131k ve minimal tasar\u0131m\u0131 sayesinde her t\u00fcrl\u00fc i\u00e7 mekana uyum sa\u011flar. Sa\u011flam metal ayaklar\u0131 ile uzun \u00f6m\u00fcrl\u00fc bir kullan\u0131m sunar.  \u00d6zellikler:  \u2022Y\u00fcksek dayan\u0131kl\u0131l\u0131\u011fa sahip metal g\u00f6vde \u2022Duvara monte edilebilir yap\u0131s\u0131yla alan kullan\u0131m\u0131n\u0131 optimize eder \u2022Kullan\u0131m Kolayl\u0131\u011f\u0131: Katlanabilir tasar\u0131m\u0131 sayesinde kullan\u0131lmad\u0131\u011f\u0131nda kolayca kald\u0131r\u0131labilir ve yer kaplamaz  Ofisler, balkonlar veya dar ya\u015fam alanlar\u0131 i\u00e7in m\u00fckemmel bir se\u00e7im olan bu masa, hem pratiklik hem de estetik sunar. Ah\u015fap K\u0131s\u0131mlar Hari\u00e7tir.\" \/>\n<meta property=\"og:url\" content=\"https:\/\/www.modamob.com.tr\/ar\/\u0645\u0646\u062a\u062c\/\u0622\u0644\u064a\u0629-\u0637\u0627\u0648\u0644\u0629-\u0642\u0627\u0628\u0644\u0629-\u0644\u0644\u0637\u064a-\u0639\u0644\u0649-\u0627\u0644\u062d\u0627\u0626\u0637\/\" \/>\n<meta property=\"og:site_name\" content=\"Modamob Ak\u0131ll\u0131 Mobilya\" \/>\n<meta property=\"article:modified_time\" content=\"2026-02-13T19:43:14+00:00\" \/>\n<meta property=\"og:image\" content=\"https:\/\/www.modamob.com.tr\/wp-content\/uploads\/2024\/10\/Mdmb12744--scaled.jpg\" \/>\n\t<meta property=\"og:image:width\" content=\"2560\" \/>\n\t<meta property=\"og:image:height\" content=\"1920\" \/>\n\t<meta property=\"og:image:type\" content=\"image\/jpeg\" \/>\n<meta name=\"twitter:card\" content=\"summary_large_image\" \/>\n<meta name=\"twitter:label1\" content=\"\u0648\u0642\u062a \u0627\u0644\u0642\u0631\u0627\u0621\u0629 \u0627\u0644\u0645\u064f\u0642\u062f\u0651\u0631\" \/>\n\t<meta name=\"twitter:data1\" content=\"\u062f\u0642\u064a\u0642\u0629 \u0648\u0627\u062d\u062f\u0629\" \/>\n<script type=\"application\/ld+json\" class=\"yoast-schema-graph\">{\"@context\":\"https:\/\/schema.org\",\"@graph\":[{\"@type\":\"WebPage\",\"@id\":\"https:\/\/www.modamob.com.tr\/urun\/duvara-katlanir-masa-mekanizmasi\/\",\"url\":\"https:\/\/www.modamob.com.tr\/urun\/duvara-katlanir-masa-mekanizmasi\/\",\"name\":\"Duvara Katlan\u0131r Masa Mekanizmas\u0131 - Modamob Ak\u0131ll\u0131 Mobilya\",\"isPartOf\":{\"@id\":\"https:\/\/www.modamob.com.tr\/#website\"},\"primaryImageOfPage\":{\"@id\":\"https:\/\/www.modamob.com.tr\/urun\/duvara-katlanir-masa-mekanizmasi\/#primaryimage\"},\"image\":{\"@id\":\"https:\/\/www.modamob.com.tr\/urun\/duvara-katlanir-masa-mekanizmasi\/#primaryimage\"},\"thumbnailUrl\":\"https:\/\/www.modamob.com.tr\/wp-content\/uploads\/2024\/10\/Mdmb12744--scaled.jpg\",\"datePublished\":\"2024-10-26T14:12:14+00:00\",\"dateModified\":\"2026-02-13T19:43:14+00:00\",\"breadcrumb\":{\"@id\":\"https:\/\/www.modamob.com.tr\/urun\/duvara-katlanir-masa-mekanizmasi\/#breadcrumb\"},\"inLanguage\":\"ar\",\"potentialAction\":[{\"@type\":\"ReadAction\",\"target\":[\"https:\/\/www.modamob.com.tr\/urun\/duvara-katlanir-masa-mekanizmasi\/\"]}]},{\"@type\":\"ImageObject\",\"inLanguage\":\"ar\",\"@id\":\"https:\/\/www.modamob.com.tr\/urun\/duvara-katlanir-masa-mekanizmasi\/#primaryimage\",\"url\":\"https:\/\/www.modamob.com.tr\/wp-content\/uploads\/2024\/10\/Mdmb12744--scaled.jpg\",\"contentUrl\":\"https:\/\/www.modamob.com.tr\/wp-content\/uploads\/2024\/10\/Mdmb12744--scaled.jpg\",\"width\":2560,\"height\":1920,\"caption\":\"Duvara Katlan\u0131r Masa Mekanizmas\u0131\"},{\"@type\":\"BreadcrumbList\",\"@id\":\"https:\/\/www.modamob.com.tr\/urun\/duvara-katlanir-masa-mekanizmasi\/#breadcrumb\",\"itemListElement\":[{\"@type\":\"ListItem\",\"position\":1,\"name\":\"Anasayfa\",\"item\":\"https:\/\/www.modamob.com.tr\/\"},{\"@type\":\"ListItem\",\"position\":2,\"name\":\"Ma\u011faza\",\"item\":\"https:\/\/www.modamob.com.tr\/magaza\/\"},{\"@type\":\"ListItem\",\"position\":3,\"name\":\"Duvara Katlan\u0131r Masa Mekanizmas\u0131\"}]},{\"@type\":\"WebSite\",\"@id\":\"https:\/\/www.modamob.com.tr\/#website\",\"url\":\"https:\/\/www.modamob.com.tr\/\",\"name\":\"Modamob Ak\u0131ll\u0131 Mobilya\",\"description\":\"Yeni Nesil Hareketli Mobilyalar\",\"potentialAction\":[{\"@type\":\"SearchAction\",\"target\":{\"@type\":\"EntryPoint\",\"urlTemplate\":\"https:\/\/www.modamob.com.tr\/?s={search_term_string}\"},\"query-input\":{\"@type\":\"PropertyValueSpecification\",\"valueRequired\":true,\"valueName\":\"search_term_string\"}}],\"inLanguage\":\"ar\"}]}<\/script>\n<!-- \/ Yoast SEO plugin. -->","yoast_head_json":{"title":"\u0622\u0644\u064a\u0629 \u0637\u0627\u0648\u0644\u0629 \u0642\u0627\u0628\u0644\u0629 \u0644\u0644\u0637\u064a \u0639\u0644\u0649 \u0627\u0644\u062d\u0627\u0626\u0637 - Modamob Smart Furniture","robots":{"index":"index","follow":"follow","max-snippet":"max-snippet:-1","max-image-preview":"max-image-preview:large","max-video-preview":"max-video-preview:-1"},"canonical":"https:\/\/www.modamob.com.tr\/ar\/\u0645\u0646\u062a\u062c\/\u0622\u0644\u064a\u0629-\u0637\u0627\u0648\u0644\u0629-\u0642\u0627\u0628\u0644\u0629-\u0644\u0644\u0637\u064a-\u0639\u0644\u0649-\u0627\u0644\u062d\u0627\u0626\u0637\/","og_locale":"ar_AR","og_type":"article","og_title":"Duvara Katlan\u0131r Masa Mekanizmas\u0131 - Modamob Ak\u0131ll\u0131 Mobilya","og_description":"Katlanabilir Duvara Monte Masa  \u015e\u0131k ve Pratik Tasar\u0131m  Bu katlanabilir duvara monte masa, alan tasarrufunu \u00f6n planda tutan modern evler i\u00e7in idealdir. \u015e\u0131k ve minimal tasar\u0131m\u0131 sayesinde her t\u00fcrl\u00fc i\u00e7 mekana uyum sa\u011flar. Sa\u011flam metal ayaklar\u0131 ile uzun \u00f6m\u00fcrl\u00fc bir kullan\u0131m sunar.  \u00d6zellikler:  \u2022Y\u00fcksek dayan\u0131kl\u0131l\u0131\u011fa sahip metal g\u00f6vde \u2022Duvara monte edilebilir yap\u0131s\u0131yla alan kullan\u0131m\u0131n\u0131 optimize eder \u2022Kullan\u0131m Kolayl\u0131\u011f\u0131: Katlanabilir tasar\u0131m\u0131 sayesinde kullan\u0131lmad\u0131\u011f\u0131nda kolayca kald\u0131r\u0131labilir ve yer kaplamaz  Ofisler, balkonlar veya dar ya\u015fam alanlar\u0131 i\u00e7in m\u00fckemmel bir se\u00e7im olan bu masa, hem pratiklik hem de estetik sunar. Ah\u015fap K\u0131s\u0131mlar Hari\u00e7tir.","og_url":"https:\/\/www.modamob.com.tr\/ar\/\u0645\u0646\u062a\u062c\/\u0622\u0644\u064a\u0629-\u0637\u0627\u0648\u0644\u0629-\u0642\u0627\u0628\u0644\u0629-\u0644\u0644\u0637\u064a-\u0639\u0644\u0649-\u0627\u0644\u062d\u0627\u0626\u0637\/","og_site_name":"Modamob Ak\u0131ll\u0131 Mobilya","article_modified_time":"2026-02-13T19:43:14+00:00","og_image":[{"width":2560,"height":1920,"url":"https:\/\/www.modamob.com.tr\/wp-content\/uploads\/2024\/10\/Mdmb12744--scaled.jpg","type":"image\/jpeg"}],"twitter_card":"summary_large_image","twitter_misc":{"\u0648\u0642\u062a \u0627\u0644\u0642\u0631\u0627\u0621\u0629 \u0627\u0644\u0645\u064f\u0642\u062f\u0651\u0631":"\u062f\u0642\u064a\u0642\u0629 \u0648\u0627\u062d\u062f\u0629"},"schema":{"@context":"https:\/\/schema.org","@graph":[{"@type":"WebPage","@id":"https:\/\/www.modamob.com.tr\/urun\/duvara-katlanir-masa-mekanizmasi\/","url":"https:\/\/www.modamob.com.tr\/urun\/duvara-katlanir-masa-mekanizmasi\/","name":"\u0622\u0644\u064a\u0629 \u0637\u0627\u0648\u0644\u0629 \u0642\u0627\u0628\u0644\u0629 \u0644\u0644\u0637\u064a \u0639\u0644\u0649 \u0627\u0644\u062d\u0627\u0626\u0637 - Modamob Smart Furniture","isPartOf":{"@id":"https:\/\/www.modamob.com.tr\/#website"},"primaryImageOfPage":{"@id":"https:\/\/www.modamob.com.tr\/urun\/duvara-katlanir-masa-mekanizmasi\/#primaryimage"},"image":{"@id":"https:\/\/www.modamob.com.tr\/urun\/duvara-katlanir-masa-mekanizmasi\/#primaryimage"},"thumbnailUrl":"https:\/\/www.modamob.com.tr\/wp-content\/uploads\/2024\/10\/Mdmb12744--scaled.jpg","datePublished":"2024-10-26T14:12:14+00:00","dateModified":"2026-02-13T19:43:14+00:00","breadcrumb":{"@id":"https:\/\/www.modamob.com.tr\/urun\/duvara-katlanir-masa-mekanizmasi\/#breadcrumb"},"inLanguage":"ar","potentialAction":[{"@type":"ReadAction","target":["https:\/\/www.modamob.com.tr\/urun\/duvara-katlanir-masa-mekanizmasi\/"]}]},{"@type":"ImageObject","inLanguage":"ar","@id":"https:\/\/www.modamob.com.tr\/urun\/duvara-katlanir-masa-mekanizmasi\/#primaryimage","url":"https:\/\/www.modamob.com.tr\/wp-content\/uploads\/2024\/10\/Mdmb12744--scaled.jpg","contentUrl":"https:\/\/www.modamob.com.tr\/wp-content\/uploads\/2024\/10\/Mdmb12744--scaled.jpg","width":2560,"height":1920,"caption":"Duvara Katlan\u0131r Masa Mekanizmas\u0131"},{"@type":"BreadcrumbList","@id":"https:\/\/www.modamob.com.tr\/urun\/duvara-katlanir-masa-mekanizmasi\/#breadcrumb","itemListElement":[{"@type":"ListItem","position":1,"name":"Anasayfa","item":"https:\/\/www.modamob.com.tr\/"},{"@type":"ListItem","position":2,"name":"Ma\u011faza","item":"https:\/\/www.modamob.com.tr\/magaza\/"},{"@type":"ListItem","position":3,"name":"Duvara Katlan\u0131r Masa Mekanizmas\u0131"}]},{"@type":"WebSite","@id":"https:\/\/www.modamob.com.tr\/#website","url":"https:\/\/www.modamob.com.tr\/","name":"\u0645\u0648\u062f\u0627\u0645\u0648\u0628 \u0633\u0645\u0627\u0631\u062a \u0644\u0644\u0623\u062b\u0627\u062b","description":"\u0627\u0644\u062c\u064a\u0644 \u0627\u0644\u062c\u062f\u064a\u062f \u0645\u0646 \u0627\u0644\u0623\u062b\u0627\u062b \u0627\u0644\u0645\u062a\u062d\u0631\u0643","potentialAction":[{"@type":"SearchAction","target":{"@type":"EntryPoint","urlTemplate":"https:\/\/www.modamob.com.tr\/?s={search_term_string}"},"query-input":{"@type":"PropertyValueSpecification","valueRequired":true,"valueName":"search_term_string"}}],"inLanguage":"ar"}]}},"_links":{"self":[{"href":"https:\/\/www.modamob.com.tr\/ar\/wp-json\/wp\/v2\/product\/17022","targetHints":{"allow":["GET"]}}],"collection":[{"href":"https:\/\/www.modamob.com.tr\/ar\/wp-json\/wp\/v2\/product"}],"about":[{"href":"https:\/\/www.modamob.com.tr\/ar\/wp-json\/wp\/v2\/types\/product"}],"version-history":[{"count":4,"href":"https:\/\/www.modamob.com.tr\/ar\/wp-json\/wp\/v2\/product\/17022\/revisions"}],"predecessor-version":[{"id":18815,"href":"https:\/\/www.modamob.com.tr\/ar\/wp-json\/wp\/v2\/product\/17022\/revisions\/18815"}],"wp:featuredmedia":[{"embeddable":true,"href":"https:\/\/www.modamob.com.tr\/ar\/wp-json\/wp\/v2\/media\/17027"}],"wp:attachment":[{"href":"https:\/\/www.modamob.com.tr\/ar\/wp-json\/wp\/v2\/media?parent=17022"}],"wp:term":[{"taxonomy":"product_brand","embeddable":true,"href":"https:\/\/www.modamob.com.tr\/ar\/wp-json\/wp\/v2\/product_brand?post=17022"},{"taxonomy":"product_cat","embeddable":true,"href":"https:\/\/www.modamob.com.tr\/ar\/wp-json\/wp\/v2\/product_cat?post=17022"},{"taxonomy":"product_tag","embeddable":true,"href":"https:\/\/www.modamob.com.tr\/ar\/wp-json\/wp\/v2\/product_tag?post=17022"}],"curies":[{"name":"wp","href":"https:\/\/api.w.org\/{rel}","templated":true}]}}