{"id":16875,"date":"2024-10-26T14:02:53","date_gmt":"2024-10-26T11:02:53","guid":{"rendered":"https:\/\/www.modamob.com.tr\/?post_type=product&#038;p=16875"},"modified":"2026-03-24T16:07:48","modified_gmt":"2026-03-24T13:07:48","slug":"%d8%a2%d9%84%d9%8a%d8%a9-%d8%a7%d9%84%d9%85%d9%82%d8%b9%d8%af-%d8%a7%d9%84%d8%b9%d9%85%d9%88%d8%af%d9%8a-%d8%a7%d9%84%d9%82%d8%a7%d8%a8%d9%84-%d9%84%d9%84%d8%b7%d9%8a-%d8%a8%d9%85%d9%82%d8%b9%d8%af","status":"publish","type":"product","link":"https:\/\/www.modamob.com.tr\/ar\/%d9%85%d9%86%d8%aa%d8%ac\/%d8%a2%d9%84%d9%8a%d8%a9-%d8%a7%d9%84%d9%85%d9%82%d8%b9%d8%af-%d8%a7%d9%84%d8%b9%d9%85%d9%88%d8%af%d9%8a-%d8%a7%d9%84%d9%82%d8%a7%d8%a8%d9%84-%d9%84%d9%84%d8%b7%d9%8a-%d8%a8%d9%85%d9%82%d8%b9%d8%af\/","title":{"rendered":"\u0622\u0644\u064a\u0629 \u0627\u0644\u0645\u0642\u0639\u062f \u0627\u0644\u0639\u0645\u0648\u062f\u064a \u0627\u0644\u0645\u0632\u062f\u0648\u062c \u0627\u0644\u0642\u0627\u0628\u0644 \u0644\u0644\u0637\u064a"},"content":{"rendered":"","protected":false},"excerpt":{"rendered":"<p>\u062a\u0645 \u062a\u062c\u0647\u064a\u0632 \u0623\u0646\u0638\u0645\u0629 Modamob Smart Wall Bed \u0628\u0622\u0644\u064a\u0627\u062a \u0639\u0627\u0644\u064a\u0629 \u0627\u0644\u062c\u0648\u062f\u0629 \u0648\u0645\u0645\u062a\u0635\u0627\u062a \u0635\u062f\u0645\u0627\u062a \u0645\u062a\u064a\u0646\u0629 \u0644\u0645\u0635\u0646\u0639\u064a \u0627\u0644\u0623\u062b\u0627\u062b \u0648\u0627\u0644\u0645\u0647\u0646\u062f\u0633\u064a\u0646 \u0627\u0644\u0645\u0639\u0645\u0627\u0631\u064a\u064a\u0646 \u0648\u0627\u0644\u0646\u062c\u0627\u0631\u064a\u0646 \u0627\u0644\u0630\u064a\u0646 \u064a\u0631\u063a\u0628\u0648\u0646 \u0641\u064a \u062a\u0642\u062f\u064a\u0645 \u062d\u0644\u0648\u0644 \u0648\u0638\u064a\u0641\u064a\u0629 \u0648\u062c\u0645\u0627\u0644\u064a\u0629 \u062e\u0627\u0635\u0629 \u0644\u0644\u0645\u0633\u0627\u062d\u0627\u062a \u0627\u0644\u0636\u064a\u0642\u0629. \u0647\u0630\u0647 \u0627\u0644\u0622\u0644\u064a\u0629 \u062a\u0641\u062a\u062d \u0648\u062a\u063a\u0644\u0642 \u0628\u0633\u0647\u0648\u0644\u0629 \u0628\u062d\u0631\u0643\u0629 \u0648\u0627\u062d\u062f\u0629 \u0648\u064a\u062a\u0645 \u062a\u062b\u0628\u064a\u062a\u0647\u0627 \u0628\u0634\u0643\u0644 \u0622\u0645\u0646 \u0639\u0646\u062f\u0645\u0627 \u0645\u0637\u0648\u064a\u0629 \u0639\u0644\u0649 \u0627\u0644\u062d\u0627\u0626\u0637.<\/p>\n<p>\u064a\u0639\u062f \u0647\u0630\u0627 \u0627\u0644\u0646\u0638\u0627\u0645\u060c \u0627\u0644\u0630\u064a \u064a\u0639\u0637\u064a \u0627\u0644\u0623\u0648\u0644\u0648\u064a\u0629 \u0644\u0644\u0627\u0633\u062a\u062e\u062f\u0627\u0645 \u0627\u0644\u0641\u0639\u0627\u0644 \u0644\u0644\u0645\u0633\u0627\u062d\u0629\u060c \u0645\u0646\u0627\u0633\u0628\u064b\u0627 \u0644\u062a\u0635\u0645\u064a\u0645\u0627\u062a \u0627\u0644\u0623\u062b\u0627\u062b \u0627\u0644\u0648\u0638\u064a\u0641\u064a\u0629 \u0648\u064a\u0642\u062f\u0645 \u062d\u0644\u0648\u0644 \u0627\u0644\u0623\u0633\u0631\u0651\u0629 \u0627\u0644\u0645\u0632\u062f\u0648\u062c\u0629 \u0648\u0627\u0644\u0645\u0641\u0631\u062f\u0629 \u0628\u0647\u064a\u0643\u0644\u0647 \u0627\u0644\u0645\u0639\u064a\u0627\u0631\u064a. \u0648\u064a\u0638\u0644 \u062c\u0632\u0621 \u0627\u0644\u0645\u0642\u0639\u062f \u062b\u0627\u0628\u062a\u064b\u0627 \u0648\u0645\u062a\u0643\u0627\u0645\u0644\u064b\u0627 \u0645\u0639 \u0627\u0644\u0622\u0644\u064a\u0629\u060c \u0645\u0645\u0627 \u064a\u0648\u0641\u0631 \u0627\u0646\u062a\u0642\u0627\u0644\u064b\u0627 \u0639\u0645\u0644\u064a\u064b\u0627 \u0628\u064a\u0646 \u0645\u0646\u0627\u0637\u0642 \u0627\u0644\u0645\u0639\u064a\u0634\u0629 \u0648\u0627\u0644\u0646\u0648\u0645.<\/p>\n<p>\u062a\u0639\u062f \u0622\u0644\u064a\u0629 \u0627\u0644\u0633\u0631\u064a\u0631 \u0627\u0644\u062c\u062f\u0627\u0631\u064a \u0647\u0630\u0647 \u0627\u0644\u0645\u0646\u062a\u062c \u0627\u0644\u0645\u062b\u0627\u0644\u064a \u0644\u0644\u0645\u062d\u062a\u0631\u0641\u064a\u0646 \u0627\u0644\u0630\u064a\u0646 \u064a\u0635\u0645\u0645\u0648\u0646 \u0645\u0633\u0627\u062d\u0627\u062a \u0645\u0639\u064a\u0634\u0629 \u062d\u062f\u064a\u062b\u0629 \u0648\u0645\u062f\u0645\u062c\u0629. \u0648\u0647\u0648 \u0645\u0635\u0645\u0645 \u0644\u0645\u0633\u0627\u0639\u062f\u0629 \u0627\u0644\u0645\u0633\u062a\u062e\u062f\u0645\u064a\u0646 \u0639\u0644\u0649 \u0627\u0633\u062a\u063a\u0644\u0627\u0644 \u0627\u0644\u0645\u0633\u0627\u062d\u0629 \u0627\u0644\u062e\u0627\u0635\u0629 \u0628\u0647\u0645 \u0628\u0623\u0642\u0635\u0649 \u0642\u062f\u0631 \u0645\u0646 \u0627\u0644\u0643\u0641\u0627\u0621\u0629\u060c \u0648\u062e\u0627\u0635\u0629 \u0641\u064a \u0627\u0644\u0645\u0634\u0627\u0631\u064a\u0639 \u0627\u0644\u062a\u064a \u062a\u062d\u062a\u0627\u062c \u0625\u0644\u0649 \u062d\u0644\u0648\u0644 \u0623\u062b\u0627\u062b \u0630\u0643\u064a\u0629. <span style=\"color: #993300;\">\u064a\u0645\u0643\u0646\u0643 \u0627\u0644\u0627\u062a\u0635\u0627\u0644 \u0628\u0646\u0627 \u0628\u062e\u0635\u0648\u0635 \u062a\u0635\u0645\u064a\u0645\u0627\u062a\u0643 \u0630\u0627\u062a \u0627\u0644\u062d\u062c\u0645 \u0627\u0644\u062e\u0627\u0635.<\/span><\/p>\n<p><strong>\u064a\u062a\u0645 \u062a\u0636\u0645\u064a\u0646 \u0634\u0631\u0627\u0626\u062d Hornbeam \u0627\u0644\u0645\u0648\u062c\u0648\u062f\u0629 \u0639\u0644\u0649 \u0627\u0644\u0622\u0644\u064a\u0629 \u0648\u0625\u0637\u0627\u0631 \u0627\u0644\u0633\u0631\u064a\u0631 \u0641\u064a \u0627\u0644\u0633\u0639\u0631.<\/strong><\/p>\n<p><strong>\u0627\u0644\u0623\u062c\u0632\u0627\u0621 \u0627\u0644\u062e\u0634\u0628\u064a\u0629 \u0645\u0633\u062a\u0628\u0639\u062f\u0629.<\/strong><\/p>","protected":false},"featured_media":16880,"template":"","meta":{"footnotes":""},"product_brand":[],"product_cat":[205,206],"product_tag":[239,240,251],"class_list":{"0":"post-16875","1":"product","2":"type-product","3":"status-publish","4":"has-post-thumbnail","6":"product_cat-cift-kisilik-somyali-mekanizmalar","7":"product_cat-mekanizmalar","8":"product_tag-akilli-mobilya","9":"product_tag-acilir-yatak","10":"product_tag-duvar-yatak-mekanizmalari","11":"tm-no-options","13":"first","14":"instock","15":"sale","16":"taxable","17":"shipping-taxable","18":"purchasable","19":"product-type-variable"},"yoast_head":"<!-- This site is optimized with the Yoast SEO plugin v26.8 - https:\/\/yoast.com\/product\/yoast-seo-wordpress\/ -->\n<title>\u00c7ift Ki\u015filik Dikey A\u00e7\u0131l\u0131r Koltuklu Mekanizma - Modamob Ak\u0131ll\u0131 Mobilya<\/title>\n<meta name=\"robots\" content=\"index, follow, max-snippet:-1, max-image-preview:large, max-video-preview:-1\" \/>\n<link rel=\"canonical\" href=\"https:\/\/www.modamob.com.tr\/ar\/\u0645\u0646\u062a\u062c\/\u0622\u0644\u064a\u0629-\u0627\u0644\u0645\u0642\u0639\u062f-\u0627\u0644\u0639\u0645\u0648\u062f\u064a-\u0627\u0644\u0642\u0627\u0628\u0644-\u0644\u0644\u0637\u064a-\u0628\u0645\u0642\u0639\u062f\/\" \/>\n<meta property=\"og:locale\" content=\"ar_AR\" \/>\n<meta property=\"og:type\" content=\"article\" \/>\n<meta property=\"og:title\" content=\"\u00c7ift Ki\u015filik Dikey A\u00e7\u0131l\u0131r Koltuklu Mekanizma - Modamob Ak\u0131ll\u0131 Mobilya\" \/>\n<meta property=\"og:description\" content=\"Modamob Ak\u0131ll\u0131 Duvar Yata\u011f\u0131 Sistemleri, \u00f6zellikle dar alanlara y\u00f6nelik i\u015flevsel ve estetik \u00e7\u00f6z\u00fcmler sunmak isteyen mobilya \u00fcreticileri, mimarlar ve marangozlar i\u00e7in y\u00fcksek kaliteli mekanizma ve dayan\u0131kl\u0131 amortis\u00f6rlerle donat\u0131lm\u0131\u015f olan bu mekanizma, tek bir hareketle kolayca a\u00e7\u0131l\u0131p kapan\u0131r ve duvara katland\u0131\u011f\u0131nda g\u00fcvenli bir \u015fekilde sabitlenir.  Mekan\u0131n verimli kullan\u0131m\u0131n\u0131 \u00f6n planda tutan bu sistem, fonksiyonel mobilya tasar\u0131mlar\u0131na uygun olup mod\u00fcler yap\u0131s\u0131yla hem \u00e7ift ki\u015filik hem de tek ki\u015filik yatak \u00e7\u00f6z\u00fcmleri sunar. Koltuk k\u0131sm\u0131, mekanizma ile entegre \u015fekilde sabit kal\u0131r, bu sayede oturma ve uyuma alanlar\u0131 aras\u0131nda pratik bir ge\u00e7i\u015f sa\u011flar.  Bu duvar yata\u011f\u0131 mekanizmas\u0131, modern ve kompakt ya\u015fam alanlar\u0131 tasarlayan profesyoneller i\u00e7in ideal bir \u00fcr\u00fcnd\u00fcr. \u00d6zellikle ak\u0131ll\u0131 mobilya \u00e7\u00f6z\u00fcmlerine ihtiya\u00e7 duyan projelerde, kullan\u0131c\u0131lar\u0131n alan\u0131n\u0131 maksimum verimlilikle de\u011ferlendirmelerine yard\u0131mc\u0131 olacak \u015fekilde tasarlanm\u0131\u015ft\u0131r. \u00d6zel \u00f6l\u00e7\u00fc tasar\u0131mlar\u0131n\u0131zla ilgili bizimle ileti\u015fime ge\u00e7ebilirsiniz.  Mekanizma ve somya \u00fczerindeki G\u00fcrgen Latalar fiyata dahildir.  Ah\u015fap K\u0131s\u0131mlar Hari\u00e7tir.\" \/>\n<meta property=\"og:url\" content=\"https:\/\/www.modamob.com.tr\/ar\/\u0645\u0646\u062a\u062c\/\u0622\u0644\u064a\u0629-\u0627\u0644\u0645\u0642\u0639\u062f-\u0627\u0644\u0639\u0645\u0648\u062f\u064a-\u0627\u0644\u0642\u0627\u0628\u0644-\u0644\u0644\u0637\u064a-\u0628\u0645\u0642\u0639\u062f\/\" \/>\n<meta property=\"og:site_name\" content=\"Modamob Ak\u0131ll\u0131 Mobilya\" \/>\n<meta property=\"article:modified_time\" content=\"2026-03-24T13:07:48+00:00\" \/>\n<meta property=\"og:image\" content=\"https:\/\/www.modamob.com.tr\/wp-content\/uploads\/2024\/10\/Mdmb12642-1-scaled.jpg\" \/>\n\t<meta property=\"og:image:width\" content=\"2560\" \/>\n\t<meta property=\"og:image:height\" content=\"1920\" \/>\n\t<meta property=\"og:image:type\" content=\"image\/jpeg\" \/>\n<meta name=\"twitter:card\" content=\"summary_large_image\" \/>\n<meta name=\"twitter:label1\" content=\"\u0648\u0642\u062a \u0627\u0644\u0642\u0631\u0627\u0621\u0629 \u0627\u0644\u0645\u064f\u0642\u062f\u0651\u0631\" \/>\n\t<meta name=\"twitter:data1\" content=\"\u062f\u0642\u064a\u0642\u0629 \u0648\u0627\u062d\u062f\u0629\" \/>\n<script type=\"application\/ld+json\" class=\"yoast-schema-graph\">{\"@context\":\"https:\/\/schema.org\",\"@graph\":[{\"@type\":\"WebPage\",\"@id\":\"https:\/\/www.modamob.com.tr\/urun\/cift-kisilik-dikey-acilir-koltuklu-mekanizma\/\",\"url\":\"https:\/\/www.modamob.com.tr\/urun\/cift-kisilik-dikey-acilir-koltuklu-mekanizma\/\",\"name\":\"\u00c7ift Ki\u015filik Dikey A\u00e7\u0131l\u0131r Koltuklu Mekanizma - Modamob Ak\u0131ll\u0131 Mobilya\",\"isPartOf\":{\"@id\":\"https:\/\/www.modamob.com.tr\/#website\"},\"primaryImageOfPage\":{\"@id\":\"https:\/\/www.modamob.com.tr\/urun\/cift-kisilik-dikey-acilir-koltuklu-mekanizma\/#primaryimage\"},\"image\":{\"@id\":\"https:\/\/www.modamob.com.tr\/urun\/cift-kisilik-dikey-acilir-koltuklu-mekanizma\/#primaryimage\"},\"thumbnailUrl\":\"https:\/\/www.modamob.com.tr\/wp-content\/uploads\/2024\/10\/Mdmb12642-1-scaled.jpg\",\"datePublished\":\"2024-10-26T11:02:53+00:00\",\"dateModified\":\"2026-03-24T13:07:48+00:00\",\"breadcrumb\":{\"@id\":\"https:\/\/www.modamob.com.tr\/urun\/cift-kisilik-dikey-acilir-koltuklu-mekanizma\/#breadcrumb\"},\"inLanguage\":\"ar\",\"potentialAction\":[{\"@type\":\"ReadAction\",\"target\":[\"https:\/\/www.modamob.com.tr\/urun\/cift-kisilik-dikey-acilir-koltuklu-mekanizma\/\"]}]},{\"@type\":\"ImageObject\",\"inLanguage\":\"ar\",\"@id\":\"https:\/\/www.modamob.com.tr\/urun\/cift-kisilik-dikey-acilir-koltuklu-mekanizma\/#primaryimage\",\"url\":\"https:\/\/www.modamob.com.tr\/wp-content\/uploads\/2024\/10\/Mdmb12642-1-scaled.jpg\",\"contentUrl\":\"https:\/\/www.modamob.com.tr\/wp-content\/uploads\/2024\/10\/Mdmb12642-1-scaled.jpg\",\"width\":2560,\"height\":1920,\"caption\":\"\u00c7ift Ki\u015filik Dikey A\u00e7\u0131l\u0131r Koltuklu Mekanizma\"},{\"@type\":\"BreadcrumbList\",\"@id\":\"https:\/\/www.modamob.com.tr\/urun\/cift-kisilik-dikey-acilir-koltuklu-mekanizma\/#breadcrumb\",\"itemListElement\":[{\"@type\":\"ListItem\",\"position\":1,\"name\":\"Anasayfa\",\"item\":\"https:\/\/www.modamob.com.tr\/\"},{\"@type\":\"ListItem\",\"position\":2,\"name\":\"Ma\u011faza\",\"item\":\"https:\/\/www.modamob.com.tr\/magaza\/\"},{\"@type\":\"ListItem\",\"position\":3,\"name\":\"\u00c7ift Ki\u015filik Dikey A\u00e7\u0131l\u0131r Koltuklu Mekanizma\"}]},{\"@type\":\"WebSite\",\"@id\":\"https:\/\/www.modamob.com.tr\/#website\",\"url\":\"https:\/\/www.modamob.com.tr\/\",\"name\":\"Modamob Ak\u0131ll\u0131 Mobilya\",\"description\":\"Yeni Nesil Hareketli Mobilyalar\",\"potentialAction\":[{\"@type\":\"SearchAction\",\"target\":{\"@type\":\"EntryPoint\",\"urlTemplate\":\"https:\/\/www.modamob.com.tr\/?s={search_term_string}\"},\"query-input\":{\"@type\":\"PropertyValueSpecification\",\"valueRequired\":true,\"valueName\":\"search_term_string\"}}],\"inLanguage\":\"ar\"}]}<\/script>\n<!-- \/ Yoast SEO plugin. -->","yoast_head_json":{"title":"\u0622\u0644\u064a\u0629 \u0645\u0642\u0639\u062f \u0645\u0632\u062f\u0648\u062c \u0642\u0627\u0628\u0644 \u0644\u0644\u0637\u064a \u0639\u0645\u0648\u062f\u064a\u064b\u0627 - \u0623\u062b\u0627\u062b \u0645\u0648\u062f\u0627\u0645\u0648\u0628 \u0627\u0644\u0630\u0643\u064a","robots":{"index":"index","follow":"follow","max-snippet":"max-snippet:-1","max-image-preview":"max-image-preview:large","max-video-preview":"max-video-preview:-1"},"canonical":"https:\/\/www.modamob.com.tr\/ar\/\u0645\u0646\u062a\u062c\/\u0622\u0644\u064a\u0629-\u0627\u0644\u0645\u0642\u0639\u062f-\u0627\u0644\u0639\u0645\u0648\u062f\u064a-\u0627\u0644\u0642\u0627\u0628\u0644-\u0644\u0644\u0637\u064a-\u0628\u0645\u0642\u0639\u062f\/","og_locale":"ar_AR","og_type":"article","og_title":"\u00c7ift Ki\u015filik Dikey A\u00e7\u0131l\u0131r Koltuklu Mekanizma - Modamob Ak\u0131ll\u0131 Mobilya","og_description":"Modamob Ak\u0131ll\u0131 Duvar Yata\u011f\u0131 Sistemleri, \u00f6zellikle dar alanlara y\u00f6nelik i\u015flevsel ve estetik \u00e7\u00f6z\u00fcmler sunmak isteyen mobilya \u00fcreticileri, mimarlar ve marangozlar i\u00e7in y\u00fcksek kaliteli mekanizma ve dayan\u0131kl\u0131 amortis\u00f6rlerle donat\u0131lm\u0131\u015f olan bu mekanizma, tek bir hareketle kolayca a\u00e7\u0131l\u0131p kapan\u0131r ve duvara katland\u0131\u011f\u0131nda g\u00fcvenli bir \u015fekilde sabitlenir.  Mekan\u0131n verimli kullan\u0131m\u0131n\u0131 \u00f6n planda tutan bu sistem, fonksiyonel mobilya tasar\u0131mlar\u0131na uygun olup mod\u00fcler yap\u0131s\u0131yla hem \u00e7ift ki\u015filik hem de tek ki\u015filik yatak \u00e7\u00f6z\u00fcmleri sunar. Koltuk k\u0131sm\u0131, mekanizma ile entegre \u015fekilde sabit kal\u0131r, bu sayede oturma ve uyuma alanlar\u0131 aras\u0131nda pratik bir ge\u00e7i\u015f sa\u011flar.  Bu duvar yata\u011f\u0131 mekanizmas\u0131, modern ve kompakt ya\u015fam alanlar\u0131 tasarlayan profesyoneller i\u00e7in ideal bir \u00fcr\u00fcnd\u00fcr. \u00d6zellikle ak\u0131ll\u0131 mobilya \u00e7\u00f6z\u00fcmlerine ihtiya\u00e7 duyan projelerde, kullan\u0131c\u0131lar\u0131n alan\u0131n\u0131 maksimum verimlilikle de\u011ferlendirmelerine yard\u0131mc\u0131 olacak \u015fekilde tasarlanm\u0131\u015ft\u0131r. \u00d6zel \u00f6l\u00e7\u00fc tasar\u0131mlar\u0131n\u0131zla ilgili bizimle ileti\u015fime ge\u00e7ebilirsiniz.  Mekanizma ve somya \u00fczerindeki G\u00fcrgen Latalar fiyata dahildir.  Ah\u015fap K\u0131s\u0131mlar Hari\u00e7tir.","og_url":"https:\/\/www.modamob.com.tr\/ar\/\u0645\u0646\u062a\u062c\/\u0622\u0644\u064a\u0629-\u0627\u0644\u0645\u0642\u0639\u062f-\u0627\u0644\u0639\u0645\u0648\u062f\u064a-\u0627\u0644\u0642\u0627\u0628\u0644-\u0644\u0644\u0637\u064a-\u0628\u0645\u0642\u0639\u062f\/","og_site_name":"Modamob Ak\u0131ll\u0131 Mobilya","article_modified_time":"2026-03-24T13:07:48+00:00","og_image":[{"width":2560,"height":1920,"url":"https:\/\/www.modamob.com.tr\/wp-content\/uploads\/2024\/10\/Mdmb12642-1-scaled.jpg","type":"image\/jpeg"}],"twitter_card":"summary_large_image","twitter_misc":{"\u0648\u0642\u062a \u0627\u0644\u0642\u0631\u0627\u0621\u0629 \u0627\u0644\u0645\u064f\u0642\u062f\u0651\u0631":"\u062f\u0642\u064a\u0642\u0629 \u0648\u0627\u062d\u062f\u0629"},"schema":{"@context":"https:\/\/schema.org","@graph":[{"@type":"WebPage","@id":"https:\/\/www.modamob.com.tr\/urun\/cift-kisilik-dikey-acilir-koltuklu-mekanizma\/","url":"https:\/\/www.modamob.com.tr\/urun\/cift-kisilik-dikey-acilir-koltuklu-mekanizma\/","name":"\u0622\u0644\u064a\u0629 \u0645\u0642\u0639\u062f \u0645\u0632\u062f\u0648\u062c \u0642\u0627\u0628\u0644 \u0644\u0644\u0637\u064a \u0639\u0645\u0648\u062f\u064a\u064b\u0627 - \u0623\u062b\u0627\u062b \u0645\u0648\u062f\u0627\u0645\u0648\u0628 \u0627\u0644\u0630\u0643\u064a","isPartOf":{"@id":"https:\/\/www.modamob.com.tr\/#website"},"primaryImageOfPage":{"@id":"https:\/\/www.modamob.com.tr\/urun\/cift-kisilik-dikey-acilir-koltuklu-mekanizma\/#primaryimage"},"image":{"@id":"https:\/\/www.modamob.com.tr\/urun\/cift-kisilik-dikey-acilir-koltuklu-mekanizma\/#primaryimage"},"thumbnailUrl":"https:\/\/www.modamob.com.tr\/wp-content\/uploads\/2024\/10\/Mdmb12642-1-scaled.jpg","datePublished":"2024-10-26T11:02:53+00:00","dateModified":"2026-03-24T13:07:48+00:00","breadcrumb":{"@id":"https:\/\/www.modamob.com.tr\/urun\/cift-kisilik-dikey-acilir-koltuklu-mekanizma\/#breadcrumb"},"inLanguage":"ar","potentialAction":[{"@type":"ReadAction","target":["https:\/\/www.modamob.com.tr\/urun\/cift-kisilik-dikey-acilir-koltuklu-mekanizma\/"]}]},{"@type":"ImageObject","inLanguage":"ar","@id":"https:\/\/www.modamob.com.tr\/urun\/cift-kisilik-dikey-acilir-koltuklu-mekanizma\/#primaryimage","url":"https:\/\/www.modamob.com.tr\/wp-content\/uploads\/2024\/10\/Mdmb12642-1-scaled.jpg","contentUrl":"https:\/\/www.modamob.com.tr\/wp-content\/uploads\/2024\/10\/Mdmb12642-1-scaled.jpg","width":2560,"height":1920,"caption":"\u00c7ift Ki\u015filik Dikey A\u00e7\u0131l\u0131r Koltuklu Mekanizma"},{"@type":"BreadcrumbList","@id":"https:\/\/www.modamob.com.tr\/urun\/cift-kisilik-dikey-acilir-koltuklu-mekanizma\/#breadcrumb","itemListElement":[{"@type":"ListItem","position":1,"name":"Anasayfa","item":"https:\/\/www.modamob.com.tr\/"},{"@type":"ListItem","position":2,"name":"Ma\u011faza","item":"https:\/\/www.modamob.com.tr\/magaza\/"},{"@type":"ListItem","position":3,"name":"\u00c7ift Ki\u015filik Dikey A\u00e7\u0131l\u0131r Koltuklu Mekanizma"}]},{"@type":"WebSite","@id":"https:\/\/www.modamob.com.tr\/#website","url":"https:\/\/www.modamob.com.tr\/","name":"\u0645\u0648\u062f\u0627\u0645\u0648\u0628 \u0633\u0645\u0627\u0631\u062a \u0644\u0644\u0623\u062b\u0627\u062b","description":"\u0627\u0644\u062c\u064a\u0644 \u0627\u0644\u062c\u062f\u064a\u062f \u0645\u0646 \u0627\u0644\u0623\u062b\u0627\u062b \u0627\u0644\u0645\u062a\u062d\u0631\u0643","potentialAction":[{"@type":"SearchAction","target":{"@type":"EntryPoint","urlTemplate":"https:\/\/www.modamob.com.tr\/?s={search_term_string}"},"query-input":{"@type":"PropertyValueSpecification","valueRequired":true,"valueName":"search_term_string"}}],"inLanguage":"ar"}]}},"_links":{"self":[{"href":"https:\/\/www.modamob.com.tr\/ar\/wp-json\/wp\/v2\/product\/16875","targetHints":{"allow":["GET"]}}],"collection":[{"href":"https:\/\/www.modamob.com.tr\/ar\/wp-json\/wp\/v2\/product"}],"about":[{"href":"https:\/\/www.modamob.com.tr\/ar\/wp-json\/wp\/v2\/types\/product"}],"version-history":[{"count":5,"href":"https:\/\/www.modamob.com.tr\/ar\/wp-json\/wp\/v2\/product\/16875\/revisions"}],"predecessor-version":[{"id":18756,"href":"https:\/\/www.modamob.com.tr\/ar\/wp-json\/wp\/v2\/product\/16875\/revisions\/18756"}],"wp:featuredmedia":[{"embeddable":true,"href":"https:\/\/www.modamob.com.tr\/ar\/wp-json\/wp\/v2\/media\/16880"}],"wp:attachment":[{"href":"https:\/\/www.modamob.com.tr\/ar\/wp-json\/wp\/v2\/media?parent=16875"}],"wp:term":[{"taxonomy":"product_brand","embeddable":true,"href":"https:\/\/www.modamob.com.tr\/ar\/wp-json\/wp\/v2\/product_brand?post=16875"},{"taxonomy":"product_cat","embeddable":true,"href":"https:\/\/www.modamob.com.tr\/ar\/wp-json\/wp\/v2\/product_cat?post=16875"},{"taxonomy":"product_tag","embeddable":true,"href":"https:\/\/www.modamob.com.tr\/ar\/wp-json\/wp\/v2\/product_tag?post=16875"}],"curies":[{"name":"wp","href":"https:\/\/api.w.org\/{rel}","templated":true}]}}