{"id":14978,"date":"2022-12-29T14:44:51","date_gmt":"2022-12-29T11:44:51","guid":{"rendered":"https:\/\/www.modamob.com.tr\/?post_type=product&#038;p=14978"},"modified":"2026-02-13T22:43:49","modified_gmt":"2026-02-13T19:43:49","slug":"%d8%a2%d9%84%d9%8a%d8%a9-%d8%b7%d8%a7%d9%88%d9%84%d8%a9-%d8%b9%d9%85%d9%84%d9%8a%d8%a9-%d9%88%d8%a7%d8%ad%d8%af%d8%a9-%d9%82%d8%a7%d8%a8%d9%84%d8%a9-%d9%84%d9%84%d8%aa%d9%85%d8%af%d9%8a%d8%af","status":"publish","type":"product","link":"https:\/\/www.modamob.com.tr\/ar\/%d9%85%d9%86%d8%aa%d8%ac\/%d8%a2%d9%84%d9%8a%d8%a9-%d8%b7%d8%a7%d9%88%d9%84%d8%a9-%d8%b9%d9%85%d9%84%d9%8a%d8%a9-%d9%88%d8%a7%d8%ad%d8%af%d8%a9-%d9%82%d8%a7%d8%a8%d9%84%d8%a9-%d9%84%d9%84%d8%aa%d9%85%d8%af%d9%8a%d8%af\/","title":{"rendered":"\u0622\u0644\u064a\u0629 \u0641\u062a\u062d \u0627\u0644\u0637\u0627\u0648\u0644\u0629 \u0627\u0644\u0639\u0645\u0644\u064a\u0629 \u0627\u0644\u0648\u0627\u062d\u062f\u0629"},"content":{"rendered":"<h1><a href=\"https:\/\/www.modamob.com.tr\/ar\/%d9%85%d9%86%d8%aa%d8%ac\/%d8%a2%d9%84%d9%8a%d8%a9-%d8%b7%d8%a7%d9%88%d9%84%d8%a9-%d8%b9%d9%85%d9%84%d9%8a%d8%a9-%d9%88%d8%a7%d8%ad%d8%af%d8%a9-%d9%82%d8%a7%d8%a8%d9%84%d8%a9-%d9%84%d9%84%d8%aa%d9%85%d8%af%d9%8a%d8%af\/\">\u0622\u0644\u064a\u0629 \u0641\u062a\u062d \u0627\u0644\u0637\u0627\u0648\u0644\u0629 \u0627\u0644\u0639\u0645\u0644\u064a\u0629 \u0627\u0644\u0648\u0627\u062d\u062f\u0629<\/a><\/h1>","protected":false},"excerpt":{"rendered":"<p>\u0627\u0644\u0623\u062c\u0632\u0627\u0621 \u0627\u0644\u062e\u0634\u0628\u064a\u0629 \u0645\u0633\u062a\u0628\u0639\u062f\u0629.<\/p>","protected":false},"featured_media":17017,"template":"","meta":{"footnotes":""},"product_brand":[],"product_cat":[235],"product_tag":[239,241,242,244],"class_list":{"0":"post-14978","1":"product","2":"type-product","3":"status-publish","4":"has-post-thumbnail","6":"product_cat-pratik-masa-mekanizmalari","7":"product_tag-akilli-mobilya","8":"product_tag-pratik-urunler","9":"product_tag-pratik-masa","10":"product_tag-duvar-yataklari","11":"tm-no-options","13":"first","14":"instock","15":"taxable","16":"shipping-taxable","17":"purchasable","18":"product-type-simple"},"yoast_head":"<!-- This site is optimized with the Yoast SEO plugin v26.8 - https:\/\/yoast.com\/product\/yoast-seo-wordpress\/ -->\n<title>Tek A\u00e7\u0131l\u0131r Pratik Masa Mekanizmas\u0131 - Modamob Ak\u0131ll\u0131 Mobilya<\/title>\n<meta name=\"robots\" content=\"index, follow, max-snippet:-1, max-image-preview:large, max-video-preview:-1\" \/>\n<link rel=\"canonical\" href=\"https:\/\/www.modamob.com.tr\/ar\/\u0645\u0646\u062a\u062c\/\u0622\u0644\u064a\u0629-\u0637\u0627\u0648\u0644\u0629-\u0639\u0645\u0644\u064a\u0629-\u0648\u0627\u062d\u062f\u0629-\u0642\u0627\u0628\u0644\u0629-\u0644\u0644\u062a\u0645\u062f\u064a\u062f\/\" \/>\n<meta property=\"og:locale\" content=\"ar_AR\" \/>\n<meta property=\"og:type\" content=\"article\" \/>\n<meta property=\"og:title\" content=\"Tek A\u00e7\u0131l\u0131r Pratik Masa Mekanizmas\u0131 - Modamob Ak\u0131ll\u0131 Mobilya\" \/>\n<meta property=\"og:description\" content=\"Ah\u015fap K\u0131s\u0131mlar Hari\u00e7tir.\" \/>\n<meta property=\"og:url\" content=\"https:\/\/www.modamob.com.tr\/ar\/\u0645\u0646\u062a\u062c\/\u0622\u0644\u064a\u0629-\u0637\u0627\u0648\u0644\u0629-\u0639\u0645\u0644\u064a\u0629-\u0648\u0627\u062d\u062f\u0629-\u0642\u0627\u0628\u0644\u0629-\u0644\u0644\u062a\u0645\u062f\u064a\u062f\/\" \/>\n<meta property=\"og:site_name\" content=\"Modamob Ak\u0131ll\u0131 Mobilya\" \/>\n<meta property=\"article:modified_time\" content=\"2026-02-13T19:43:49+00:00\" \/>\n<meta property=\"og:image\" content=\"https:\/\/www.modamob.com.tr\/wp-content\/uploads\/2022\/12\/Mdmb12736--scaled.jpg\" \/>\n\t<meta property=\"og:image:width\" content=\"1920\" \/>\n\t<meta property=\"og:image:height\" content=\"2560\" \/>\n\t<meta property=\"og:image:type\" content=\"image\/jpeg\" \/>\n<meta name=\"twitter:card\" content=\"summary_large_image\" \/>\n<meta name=\"twitter:label1\" content=\"\u0648\u0642\u062a \u0627\u0644\u0642\u0631\u0627\u0621\u0629 \u0627\u0644\u0645\u064f\u0642\u062f\u0651\u0631\" \/>\n\t<meta name=\"twitter:data1\" content=\"\u062f\u0642\u064a\u0642\u0629 \u0648\u0627\u062d\u062f\u0629\" \/>\n<script type=\"application\/ld+json\" class=\"yoast-schema-graph\">{\"@context\":\"https:\/\/schema.org\",\"@graph\":[{\"@type\":\"WebPage\",\"@id\":\"https:\/\/www.modamob.com.tr\/urun\/tek-acilir-pratik-masa-mekanizmasi\/\",\"url\":\"https:\/\/www.modamob.com.tr\/urun\/tek-acilir-pratik-masa-mekanizmasi\/\",\"name\":\"Tek A\u00e7\u0131l\u0131r Pratik Masa Mekanizmas\u0131 - Modamob Ak\u0131ll\u0131 Mobilya\",\"isPartOf\":{\"@id\":\"https:\/\/www.modamob.com.tr\/#website\"},\"primaryImageOfPage\":{\"@id\":\"https:\/\/www.modamob.com.tr\/urun\/tek-acilir-pratik-masa-mekanizmasi\/#primaryimage\"},\"image\":{\"@id\":\"https:\/\/www.modamob.com.tr\/urun\/tek-acilir-pratik-masa-mekanizmasi\/#primaryimage\"},\"thumbnailUrl\":\"https:\/\/www.modamob.com.tr\/wp-content\/uploads\/2022\/12\/Mdmb12736--scaled.jpg\",\"datePublished\":\"2022-12-29T11:44:51+00:00\",\"dateModified\":\"2026-02-13T19:43:49+00:00\",\"breadcrumb\":{\"@id\":\"https:\/\/www.modamob.com.tr\/urun\/tek-acilir-pratik-masa-mekanizmasi\/#breadcrumb\"},\"inLanguage\":\"ar\",\"potentialAction\":[{\"@type\":\"ReadAction\",\"target\":[\"https:\/\/www.modamob.com.tr\/urun\/tek-acilir-pratik-masa-mekanizmasi\/\"]}]},{\"@type\":\"ImageObject\",\"inLanguage\":\"ar\",\"@id\":\"https:\/\/www.modamob.com.tr\/urun\/tek-acilir-pratik-masa-mekanizmasi\/#primaryimage\",\"url\":\"https:\/\/www.modamob.com.tr\/wp-content\/uploads\/2022\/12\/Mdmb12736--scaled.jpg\",\"contentUrl\":\"https:\/\/www.modamob.com.tr\/wp-content\/uploads\/2022\/12\/Mdmb12736--scaled.jpg\",\"width\":1920,\"height\":2560,\"caption\":\"Tek A\u00e7\u0131l\u0131r Pratik Masa Mekanizmas\u0131\"},{\"@type\":\"BreadcrumbList\",\"@id\":\"https:\/\/www.modamob.com.tr\/urun\/tek-acilir-pratik-masa-mekanizmasi\/#breadcrumb\",\"itemListElement\":[{\"@type\":\"ListItem\",\"position\":1,\"name\":\"Anasayfa\",\"item\":\"https:\/\/www.modamob.com.tr\/\"},{\"@type\":\"ListItem\",\"position\":2,\"name\":\"Ma\u011faza\",\"item\":\"https:\/\/www.modamob.com.tr\/magaza\/\"},{\"@type\":\"ListItem\",\"position\":3,\"name\":\"Tek A\u00e7\u0131l\u0131r Pratik Masa Mekanizmas\u0131\"}]},{\"@type\":\"WebSite\",\"@id\":\"https:\/\/www.modamob.com.tr\/#website\",\"url\":\"https:\/\/www.modamob.com.tr\/\",\"name\":\"Modamob Ak\u0131ll\u0131 Mobilya\",\"description\":\"Yeni Nesil Hareketli Mobilyalar\",\"potentialAction\":[{\"@type\":\"SearchAction\",\"target\":{\"@type\":\"EntryPoint\",\"urlTemplate\":\"https:\/\/www.modamob.com.tr\/?s={search_term_string}\"},\"query-input\":{\"@type\":\"PropertyValueSpecification\",\"valueRequired\":true,\"valueName\":\"search_term_string\"}}],\"inLanguage\":\"ar\"}]}<\/script>\n<!-- \/ Yoast SEO plugin. -->","yoast_head_json":{"title":"\u0622\u0644\u064a\u0629 \u0641\u062a\u062d \u0627\u0644\u0637\u0627\u0648\u0644\u0629 \u0627\u0644\u0639\u0645\u0644\u064a\u0629 - Modamob Smart Furniture","robots":{"index":"index","follow":"follow","max-snippet":"max-snippet:-1","max-image-preview":"max-image-preview:large","max-video-preview":"max-video-preview:-1"},"canonical":"https:\/\/www.modamob.com.tr\/ar\/\u0645\u0646\u062a\u062c\/\u0622\u0644\u064a\u0629-\u0637\u0627\u0648\u0644\u0629-\u0639\u0645\u0644\u064a\u0629-\u0648\u0627\u062d\u062f\u0629-\u0642\u0627\u0628\u0644\u0629-\u0644\u0644\u062a\u0645\u062f\u064a\u062f\/","og_locale":"ar_AR","og_type":"article","og_title":"Tek A\u00e7\u0131l\u0131r Pratik Masa Mekanizmas\u0131 - Modamob Ak\u0131ll\u0131 Mobilya","og_description":"Ah\u015fap K\u0131s\u0131mlar Hari\u00e7tir.","og_url":"https:\/\/www.modamob.com.tr\/ar\/\u0645\u0646\u062a\u062c\/\u0622\u0644\u064a\u0629-\u0637\u0627\u0648\u0644\u0629-\u0639\u0645\u0644\u064a\u0629-\u0648\u0627\u062d\u062f\u0629-\u0642\u0627\u0628\u0644\u0629-\u0644\u0644\u062a\u0645\u062f\u064a\u062f\/","og_site_name":"Modamob Ak\u0131ll\u0131 Mobilya","article_modified_time":"2026-02-13T19:43:49+00:00","og_image":[{"width":1920,"height":2560,"url":"https:\/\/www.modamob.com.tr\/wp-content\/uploads\/2022\/12\/Mdmb12736--scaled.jpg","type":"image\/jpeg"}],"twitter_card":"summary_large_image","twitter_misc":{"\u0648\u0642\u062a \u0627\u0644\u0642\u0631\u0627\u0621\u0629 \u0627\u0644\u0645\u064f\u0642\u062f\u0651\u0631":"\u062f\u0642\u064a\u0642\u0629 \u0648\u0627\u062d\u062f\u0629"},"schema":{"@context":"https:\/\/schema.org","@graph":[{"@type":"WebPage","@id":"https:\/\/www.modamob.com.tr\/urun\/tek-acilir-pratik-masa-mekanizmasi\/","url":"https:\/\/www.modamob.com.tr\/urun\/tek-acilir-pratik-masa-mekanizmasi\/","name":"\u0622\u0644\u064a\u0629 \u0641\u062a\u062d \u0627\u0644\u0637\u0627\u0648\u0644\u0629 \u0627\u0644\u0639\u0645\u0644\u064a\u0629 - Modamob Smart Furniture","isPartOf":{"@id":"https:\/\/www.modamob.com.tr\/#website"},"primaryImageOfPage":{"@id":"https:\/\/www.modamob.com.tr\/urun\/tek-acilir-pratik-masa-mekanizmasi\/#primaryimage"},"image":{"@id":"https:\/\/www.modamob.com.tr\/urun\/tek-acilir-pratik-masa-mekanizmasi\/#primaryimage"},"thumbnailUrl":"https:\/\/www.modamob.com.tr\/wp-content\/uploads\/2022\/12\/Mdmb12736--scaled.jpg","datePublished":"2022-12-29T11:44:51+00:00","dateModified":"2026-02-13T19:43:49+00:00","breadcrumb":{"@id":"https:\/\/www.modamob.com.tr\/urun\/tek-acilir-pratik-masa-mekanizmasi\/#breadcrumb"},"inLanguage":"ar","potentialAction":[{"@type":"ReadAction","target":["https:\/\/www.modamob.com.tr\/urun\/tek-acilir-pratik-masa-mekanizmasi\/"]}]},{"@type":"ImageObject","inLanguage":"ar","@id":"https:\/\/www.modamob.com.tr\/urun\/tek-acilir-pratik-masa-mekanizmasi\/#primaryimage","url":"https:\/\/www.modamob.com.tr\/wp-content\/uploads\/2022\/12\/Mdmb12736--scaled.jpg","contentUrl":"https:\/\/www.modamob.com.tr\/wp-content\/uploads\/2022\/12\/Mdmb12736--scaled.jpg","width":1920,"height":2560,"caption":"Tek A\u00e7\u0131l\u0131r Pratik Masa Mekanizmas\u0131"},{"@type":"BreadcrumbList","@id":"https:\/\/www.modamob.com.tr\/urun\/tek-acilir-pratik-masa-mekanizmasi\/#breadcrumb","itemListElement":[{"@type":"ListItem","position":1,"name":"Anasayfa","item":"https:\/\/www.modamob.com.tr\/"},{"@type":"ListItem","position":2,"name":"Ma\u011faza","item":"https:\/\/www.modamob.com.tr\/magaza\/"},{"@type":"ListItem","position":3,"name":"Tek A\u00e7\u0131l\u0131r Pratik Masa Mekanizmas\u0131"}]},{"@type":"WebSite","@id":"https:\/\/www.modamob.com.tr\/#website","url":"https:\/\/www.modamob.com.tr\/","name":"\u0645\u0648\u062f\u0627\u0645\u0648\u0628 \u0633\u0645\u0627\u0631\u062a \u0644\u0644\u0623\u062b\u0627\u062b","description":"\u0627\u0644\u062c\u064a\u0644 \u0627\u0644\u062c\u062f\u064a\u062f \u0645\u0646 \u0627\u0644\u0623\u062b\u0627\u062b \u0627\u0644\u0645\u062a\u062d\u0631\u0643","potentialAction":[{"@type":"SearchAction","target":{"@type":"EntryPoint","urlTemplate":"https:\/\/www.modamob.com.tr\/?s={search_term_string}"},"query-input":{"@type":"PropertyValueSpecification","valueRequired":true,"valueName":"search_term_string"}}],"inLanguage":"ar"}]}},"_links":{"self":[{"href":"https:\/\/www.modamob.com.tr\/ar\/wp-json\/wp\/v2\/product\/14978","targetHints":{"allow":["GET"]}}],"collection":[{"href":"https:\/\/www.modamob.com.tr\/ar\/wp-json\/wp\/v2\/product"}],"about":[{"href":"https:\/\/www.modamob.com.tr\/ar\/wp-json\/wp\/v2\/types\/product"}],"version-history":[{"count":4,"href":"https:\/\/www.modamob.com.tr\/ar\/wp-json\/wp\/v2\/product\/14978\/revisions"}],"predecessor-version":[{"id":18817,"href":"https:\/\/www.modamob.com.tr\/ar\/wp-json\/wp\/v2\/product\/14978\/revisions\/18817"}],"wp:featuredmedia":[{"embeddable":true,"href":"https:\/\/www.modamob.com.tr\/ar\/wp-json\/wp\/v2\/media\/17017"}],"wp:attachment":[{"href":"https:\/\/www.modamob.com.tr\/ar\/wp-json\/wp\/v2\/media?parent=14978"}],"wp:term":[{"taxonomy":"product_brand","embeddable":true,"href":"https:\/\/www.modamob.com.tr\/ar\/wp-json\/wp\/v2\/product_brand?post=14978"},{"taxonomy":"product_cat","embeddable":true,"href":"https:\/\/www.modamob.com.tr\/ar\/wp-json\/wp\/v2\/product_cat?post=14978"},{"taxonomy":"product_tag","embeddable":true,"href":"https:\/\/www.modamob.com.tr\/ar\/wp-json\/wp\/v2\/product_tag?post=14978"}],"curies":[{"name":"wp","href":"https:\/\/api.w.org\/{rel}","templated":true}]}}