{"id":12812,"date":"2022-12-02T14:30:18","date_gmt":"2022-12-02T14:30:18","guid":{"rendered":"https:\/\/modamob2.myco.site\/?post_type=product&#038;p=12812"},"modified":"2026-03-24T16:16:10","modified_gmt":"2026-03-24T13:16:10","slug":"%d8%a2%d9%84%d9%8a%d8%a9-%d8%b3%d8%b1%d9%8a%d8%b1-%d8%ac%d8%af%d8%a7%d8%b1%d9%8a-%d9%85%d8%b2%d8%af%d9%88%d8%ac-%d9%82%d8%a7%d8%a8%d9%84-%d9%84%d9%84%d8%b7%d9%8a-%d8%b9%d9%85%d9%88%d8%af%d9%8a%d9%8b","status":"publish","type":"product","link":"https:\/\/www.modamob.com.tr\/ar\/%d9%85%d9%86%d8%aa%d8%ac\/%d8%a2%d9%84%d9%8a%d8%a9-%d8%b3%d8%b1%d9%8a%d8%b1-%d8%ac%d8%af%d8%a7%d8%b1%d9%8a-%d9%85%d8%b2%d8%af%d9%88%d8%ac-%d9%82%d8%a7%d8%a8%d9%84-%d9%84%d9%84%d8%b7%d9%8a-%d8%b9%d9%85%d9%88%d8%af%d9%8a%d9%8b\/","title":{"rendered":"\u0622\u0644\u064a\u0629 \u0633\u0631\u064a\u0631 \u062c\u062f\u0627\u0631\u064a \u0645\u0632\u062f\u0648\u062c \u0639\u0645\u0648\u062f\u064a \u0642\u0627\u0628\u0644 \u0644\u0644\u062a\u0645\u062f\u064a\u062f"},"content":{"rendered":"<h1><a href=\"https:\/\/www.modamob.com.tr\/ar\/%d9%85%d9%86%d8%aa%d8%ac\/cift-kisilik-dikey-acilir-gizli-duvar-yatagi-mekanizma\/\">\u0622\u0644\u064a\u0629 \u0633\u0631\u064a\u0631 \u062c\u062f\u0627\u0631\u064a \u0645\u0632\u062f\u0648\u062c \u0639\u0645\u0648\u062f\u064a \u0642\u0627\u0628\u0644 \u0644\u0644\u062a\u0645\u062f\u064a\u062f<\/a><\/h1>\n<h2>\u062a\u0641\u0627\u0635\u064a\u0644 \u0627\u0644\u0645\u0646\u062a\u062c:<\/h2>\n<ul>\n<li><strong>\u064a\u062a\u0645 \u0625\u0631\u0633\u0627\u0644\u0647 \u0625\u0644\u0649 \u062c\u0645\u064a\u0639 \u062a\u0631\u0643\u064a\u0627 \u0645\u0639 \u0627\u0644\u0634\u062d\u0646 \u0627\u0644\u0645\u062c\u0627\u0646\u064a.<\/strong><\/li>\n<li><b>\u064a\u062a\u0645 \u0625\u0646\u062a\u0627\u062c \u0627\u0644\u0622\u0644\u064a\u0627\u062a \u0645\u0646 \u0635\u0641\u0627\u0626\u062d \u0645\u0639\u062f\u0646\u064a\u0629 \u0645\u0642\u0637\u0648\u0639\u0629 \u0628\u0627\u0644\u0644\u064a\u0632\u0631 \u0628\u0642\u0637\u0631 5 \u0645\u0645.<\/b><\/li>\n<li><strong>\u0627\u0644\u062a\u0634\u0643\u064a\u0644\u0627\u062a \u0627\u0644\u062c\u0627\u0646\u0628\u064a\u0629: \u064a\u062a\u0645 \u0625\u0646\u062a\u0627\u062c\u0647\u0627 \u0645\u0646 \u0627\u0644\u062a\u0634\u0643\u064a\u0644\u0627\u062a \u0627\u0644\u062c\u0627\u0646\u0628\u064a\u0629 \u0644\u0644\u0635\u0646\u062f\u0648\u0642 \u0645\u0642\u0627\u0633 30 \u00d7 40 \u00d7 1.5 \u0645\u0645.<\/strong><\/li>\n<li><strong>\u0627\u0644\u0645\u0646\u062a\u062c\u0627\u062a \u0645\u0637\u0644\u064a\u0629 \u0628\u0627\u0644\u0641\u0631\u0646 \u0628\u0627\u0644\u0644\u0648\u0646 \u0627\u0644\u0623\u0633\u0648\u062f \u063a\u064a\u0631 \u0627\u0644\u0644\u0627\u0645\u0639.<\/strong><\/li>\n<li><strong>\u0627\u0644\u0623\u062c\u0632\u0627\u0621 \u0627\u0644\u062e\u0634\u0628\u064a\u0629 \u0645\u0633\u062a\u0628\u0639\u062f\u0629 \u0641\u064a \u0627\u0644\u0623\u0633\u0639\u0627\u0631.<\/strong><\/li>\n<li><b>\u064a\u062a\u0645 \u0634\u062d\u0646 \u0627\u0644\u0622\u0644\u064a\u0627\u062a \u0645\u062c\u0645\u0639\u0629 \u0645\u0633\u0628\u0642\u064b\u0627.<\/b><\/li>\n<li><strong>\u064a\u062a\u0645 \u0625\u0631\u0633\u0627\u0644 \u0627\u0644\u0645\u0646\u062a\u062c\u0627\u062a \u0641\u064a \u0639\u0628\u0648\u0627\u062a \u0635\u0646\u062f\u0648\u0642\u064a\u0629.<\/strong><\/li>\n<li><strong>\u064a\u062a\u0645 \u062a\u0636\u0645\u064a\u0646 \u0645\u062e\u0637\u0637\u0627\u062a \u0627\u0644\u062a\u062b\u0628\u064a\u062a \u0641\u064a \u0639\u0628\u0648\u0629 \u0627\u0644\u0635\u0646\u062f\u0648\u0642.<\/strong><\/li>\n<\/ul>\n<p><strong>\u064a\u0645\u0643\u0646\u0643 \u0637\u0644\u0628 \u0642\u0648\u0627\u0626\u0645 \u0642\u0637\u0639 \u0627\u0644\u0623\u062b\u0627\u062b \u0627\u0644\u0645\u062a\u0639\u0644\u0642\u0629 \u0628\u0627\u0644\u0622\u0644\u064a\u0629 \u0627\u0644\u062a\u064a \u0627\u0634\u062a\u0631\u064a\u062a\u0647\u0627 \u0645\u0646 \u0634\u0631\u0643\u062a\u0646\u0627.<\/strong><\/p>","protected":false},"excerpt":{"rendered":"<p>\u062a\u062a\u0645\u064a\u0632 \u0623\u0646\u0638\u0645\u0629 Modamob Smart Wall Bed Systems \u0628\u0623\u0646\u0647\u0627 \u0622\u0644\u064a\u0629 \u0628\u0633\u064a\u0637\u0629 \u0648\u0639\u0645\u0644\u064a\u0629 \u0644\u0633\u0631\u064a\u0631 \u0627\u0644\u062d\u0627\u0626\u0637. \u062a\u0645 \u062a\u0637\u0648\u064a\u0631 \u0647\u0630\u0627 \u0627\u0644\u0646\u0638\u0627\u0645 \u0644\u0645\u0635\u0646\u0639\u064a \u0627\u0644\u0623\u062b\u0627\u062b \u0627\u0644\u0630\u064a\u0646 \u064a\u062d\u062a\u0627\u062c\u0648\u0646 \u0625\u0644\u0649 \u0633\u0631\u064a\u0631 \u0642\u0627\u0628\u0644 \u0644\u0644\u0637\u064a \u0639\u0644\u0649 \u0627\u0644\u062d\u0627\u0626\u0637\u060c \u0648\u0647\u0648 \u064a\u062a\u0643\u0627\u0645\u0644 \u062a\u0645\u0627\u0645\u064b\u0627 \u0645\u0639 \u0627\u0644\u062d\u0627\u0626\u0637 \u0639\u0646\u062f \u0627\u0644\u0641\u062a\u062d \u0648\u0627\u0644\u0625\u063a\u0644\u0627\u0642 \u0648\u064a\u0648\u0641\u0631 \u0627\u0644\u0645\u0633\u0627\u062d\u0629. \u064a\u062a\u0645 \u062a\u0642\u062f\u064a\u0645 \u0647\u0630\u0627 \u0627\u0644\u0645\u0646\u062a\u062c \u0643\u0622\u0644\u064a\u0629 \u0633\u0631\u064a\u0631 \u0628\u062c\u062f\u0627\u0631 \u0645\u0641\u0631\u062f \u0623\u0648 \u0645\u0632\u062f\u0648\u062c\u060c \u0648\u064a\u0648\u0641\u0631 \u062e\u064a\u0627\u0631\u064b\u0627 \u0628\u0633\u064a\u0637\u064b\u0627 \u0648\u0644\u0643\u0646\u0647 \u0641\u0639\u0627\u0644 \u0644\u0644\u0645\u0647\u0646\u062f\u0633\u064a\u0646 \u0627\u0644\u0645\u0639\u0645\u0627\u0631\u064a\u064a\u0646 \u0648\u0627\u0644\u0646\u062c\u0627\u0631\u064a\u0646 \u0648\u0623\u0648\u0644\u0626\u0643 \u0627\u0644\u0630\u064a\u0646 \u064a\u0631\u063a\u0628\u0648\u0646 \u0641\u064a \u062a\u0635\u0645\u064a\u0645 \u0623\u062b\u0627\u062b\u0647\u0645 \u0627\u0644\u062e\u0627\u0635 \u0644\u0625\u0646\u062a\u0627\u062c \u0623\u062b\u0627\u062b \u0644\u0644\u0645\u0633\u0627\u062d\u0627\u062a \u0627\u0644\u0636\u064a\u0642\u0629. \u064a\u0633\u0627\u0647\u0645 \u0627\u0644\u0647\u064a\u0643\u0644 \u0627\u0644\u0642\u0648\u064a \u0648\u0645\u064a\u0632\u0629 \u0627\u0644\u062a\u062c\u0645\u064a\u0639 \u0627\u0644\u0633\u0647\u0644 \u0644\u0644\u0622\u0644\u064a\u0629 \u0641\u064a \u062a\u0635\u0645\u064a\u0645\u0627\u062a \u0627\u0644\u0623\u062b\u0627\u062b \u0627\u0644\u0639\u0645\u0644\u064a\u0629.<\/p>\n<p>\u062a\u0639\u062f \u0622\u0644\u064a\u0629 \u0627\u0644\u0633\u0631\u064a\u0631 \u0627\u0644\u062c\u062f\u0627\u0631\u064a \u0647\u0630\u0647 \u0627\u0644\u0645\u0646\u062a\u062c \u0627\u0644\u0645\u062b\u0627\u0644\u064a \u0644\u0644\u0645\u062d\u062a\u0631\u0641\u064a\u0646 \u0627\u0644\u0630\u064a\u0646 \u064a\u0635\u0645\u0645\u0648\u0646 \u0645\u0633\u0627\u062d\u0627\u062a \u0645\u0639\u064a\u0634\u0629 \u062d\u062f\u064a\u062b\u0629 \u0648\u0645\u062f\u0645\u062c\u0629. \u0648\u0647\u0648 \u0645\u0635\u0645\u0645 \u0644\u0645\u0633\u0627\u0639\u062f\u0629 \u0627\u0644\u0645\u0633\u062a\u062e\u062f\u0645\u064a\u0646 \u0639\u0644\u0649 \u0627\u0633\u062a\u063a\u0644\u0627\u0644 \u0627\u0644\u0645\u0633\u0627\u062d\u0629 \u0627\u0644\u062e\u0627\u0635\u0629 \u0628\u0647\u0645 \u0628\u0623\u0642\u0635\u0649 \u0642\u062f\u0631 \u0645\u0646 \u0627\u0644\u0643\u0641\u0627\u0621\u0629\u060c \u0648\u062e\u0627\u0635\u0629 \u0641\u064a \u0627\u0644\u0645\u0634\u0627\u0631\u064a\u0639 \u0627\u0644\u062a\u064a \u062a\u062d\u062a\u0627\u062c \u0625\u0644\u0649 \u062d\u0644\u0648\u0644 \u0623\u062b\u0627\u062b \u0630\u0643\u064a\u0629.\u00a0<span style=\"color: #993300;\">\u064a\u0645\u0643\u0646\u0643 \u0627\u0644\u0627\u062a\u0635\u0627\u0644 \u0628\u0646\u0627 \u0628\u062e\u0635\u0648\u0635 \u062a\u0635\u0645\u064a\u0645\u0627\u062a\u0643 \u0630\u0627\u062a \u0627\u0644\u062d\u062c\u0645 \u0627\u0644\u062e\u0627\u0635.<\/span><\/p>\n<p><strong>\u064a\u062a\u0645 \u062a\u0636\u0645\u064a\u0646 \u0634\u0631\u0627\u0626\u062d Hornbeam \u0627\u0644\u0645\u0648\u062c\u0648\u062f\u0629 \u0639\u0644\u0649 \u0627\u0644\u0622\u0644\u064a\u0629 \u0648\u0625\u0637\u0627\u0631 \u0627\u0644\u0633\u0631\u064a\u0631 \u0641\u064a \u0627\u0644\u0633\u0639\u0631.<\/strong><\/p>\n<p><strong>\u0627\u0644\u0623\u062c\u0632\u0627\u0621 \u0627\u0644\u062e\u0634\u0628\u064a\u0629 \u0645\u0633\u062a\u0628\u0639\u062f\u0629.<\/strong><\/p>","protected":false},"featured_media":16861,"template":"","meta":{"footnotes":""},"product_brand":[],"product_cat":[205,206],"product_tag":[252,239,244,251],"class_list":{"0":"post-12812","1":"product","2":"type-product","3":"status-publish","4":"has-post-thumbnail","6":"product_cat-cift-kisilik-somyali-mekanizmalar","7":"product_cat-mekanizmalar","8":"product_tag-somyali-mekanizma","9":"product_tag-akilli-mobilya","10":"product_tag-duvar-yataklari","11":"product_tag-duvar-yatak-mekanizmalari","12":"tm-no-options","14":"first","15":"instock","16":"sale","17":"taxable","18":"shipping-taxable","19":"purchasable","20":"product-type-variable"},"yoast_head":"<!-- This site is optimized with the Yoast SEO plugin v26.8 - https:\/\/yoast.com\/product\/yoast-seo-wordpress\/ -->\n<title>\u00c7ift Ki\u015filik Dikey A\u00e7\u0131l\u0131r Duvar Yata\u011f\u0131 Mekanizmas\u0131 - Modamob Ak\u0131ll\u0131 Mobilya<\/title>\n<meta name=\"robots\" content=\"index, follow, max-snippet:-1, max-image-preview:large, max-video-preview:-1\" \/>\n<link rel=\"canonical\" href=\"https:\/\/www.modamob.com.tr\/ar\/\u0645\u0646\u062a\u062c\/\u0622\u0644\u064a\u0629-\u0633\u0631\u064a\u0631-\u062c\u062f\u0627\u0631\u064a-\u0645\u0632\u062f\u0648\u062c-\u0642\u0627\u0628\u0644-\u0644\u0644\u0637\u064a-\u0639\u0645\u0648\u062f\u064a\u064b\/\" \/>\n<meta property=\"og:locale\" content=\"ar_AR\" \/>\n<meta property=\"og:type\" content=\"article\" \/>\n<meta property=\"og:title\" content=\"\u00c7ift Ki\u015filik Dikey A\u00e7\u0131l\u0131r Duvar Yata\u011f\u0131 Mekanizmas\u0131 - Modamob Ak\u0131ll\u0131 Mobilya\" \/>\n<meta property=\"og:description\" content=\"Modamob Ak\u0131ll\u0131 Duvar Yata\u011f\u0131 Sistemleri, yal\u0131n ve i\u015flevsel bir duvar yata\u011f\u0131 mekanizmas\u0131 olarak \u00f6ne \u00e7\u0131k\u0131yor. Duvara katlanabilir yatak ihtiyac\u0131 olan mobilya \u00fcreticileri i\u00e7in geli\u015ftirilen bu sistem, a\u00e7\u0131l\u0131p kapand\u0131\u011f\u0131nda tamamen duvarla b\u00fct\u00fcnle\u015fir ve alandan tasarruf sa\u011flar. Tek veya \u00e7ift ki\u015filik duvar yata\u011f\u0131 mekanizmas\u0131 olarak sunulan bu \u00fcr\u00fcn, dar alan mobilyalar\u0131 \u00fcretmek mimarlar, marangozlar ve kendi mobilyas\u0131n\u0131 tasarlamak isteyenler i\u00e7in sade ama etkili bir se\u00e7enek sunar. Mekanizman\u0131n sa\u011flam yap\u0131s\u0131 ve kolay montaj \u00f6zelli\u011fi, pratik mobilya tasar\u0131mlar\u0131na katk\u0131 sa\u011flar.  Bu duvar yata\u011f\u0131 mekanizmas\u0131, modern ve kompakt ya\u015fam alanlar\u0131 tasarlayan profesyoneller i\u00e7in ideal bir \u00fcr\u00fcnd\u00fcr. \u00d6zellikle ak\u0131ll\u0131 mobilya \u00e7\u00f6z\u00fcmlerine ihtiya\u00e7 duyan projelerde, kullan\u0131c\u0131lar\u0131n alan\u0131n\u0131 maksimum verimlilikle de\u011ferlendirmelerine yard\u0131mc\u0131 olacak \u015fekilde tasarlanm\u0131\u015ft\u0131r.\u00a0\u00d6zel \u00f6l\u00e7\u00fc tasar\u0131mlar\u0131n\u0131zla ilgili bizimle ileti\u015fime ge\u00e7ebilirsiniz.  Mekanizma ve somya \u00fczerindeki G\u00fcrgen Latalar fiyata dahildir.  Ah\u015fap K\u0131s\u0131mlar Hari\u00e7tir.\" \/>\n<meta property=\"og:url\" content=\"https:\/\/www.modamob.com.tr\/ar\/\u0645\u0646\u062a\u062c\/\u0622\u0644\u064a\u0629-\u0633\u0631\u064a\u0631-\u062c\u062f\u0627\u0631\u064a-\u0645\u0632\u062f\u0648\u062c-\u0642\u0627\u0628\u0644-\u0644\u0644\u0637\u064a-\u0639\u0645\u0648\u062f\u064a\u064b\/\" \/>\n<meta property=\"og:site_name\" content=\"Modamob Ak\u0131ll\u0131 Mobilya\" \/>\n<meta property=\"article:modified_time\" content=\"2026-03-24T13:16:10+00:00\" \/>\n<meta property=\"og:image\" content=\"https:\/\/www.modamob.com.tr\/wp-content\/uploads\/2022\/12\/Mdmb12635--scaled.jpg\" \/>\n\t<meta property=\"og:image:width\" content=\"2560\" \/>\n\t<meta property=\"og:image:height\" content=\"1920\" \/>\n\t<meta property=\"og:image:type\" content=\"image\/jpeg\" \/>\n<meta name=\"twitter:card\" content=\"summary_large_image\" \/>\n<meta name=\"twitter:label1\" content=\"\u0648\u0642\u062a \u0627\u0644\u0642\u0631\u0627\u0621\u0629 \u0627\u0644\u0645\u064f\u0642\u062f\u0651\u0631\" \/>\n\t<meta name=\"twitter:data1\" content=\"\u062f\u0642\u064a\u0642\u0629 \u0648\u0627\u062d\u062f\u0629\" \/>\n<script type=\"application\/ld+json\" class=\"yoast-schema-graph\">{\"@context\":\"https:\/\/schema.org\",\"@graph\":[{\"@type\":\"WebPage\",\"@id\":\"https:\/\/www.modamob.com.tr\/urun\/cift-kisilik-dikey-acilir-duvar-yatagi-mekanizma\/\",\"url\":\"https:\/\/www.modamob.com.tr\/urun\/cift-kisilik-dikey-acilir-duvar-yatagi-mekanizma\/\",\"name\":\"\u00c7ift Ki\u015filik Dikey A\u00e7\u0131l\u0131r Duvar Yata\u011f\u0131 Mekanizmas\u0131 - Modamob Ak\u0131ll\u0131 Mobilya\",\"isPartOf\":{\"@id\":\"https:\/\/www.modamob.com.tr\/#website\"},\"primaryImageOfPage\":{\"@id\":\"https:\/\/www.modamob.com.tr\/urun\/cift-kisilik-dikey-acilir-duvar-yatagi-mekanizma\/#primaryimage\"},\"image\":{\"@id\":\"https:\/\/www.modamob.com.tr\/urun\/cift-kisilik-dikey-acilir-duvar-yatagi-mekanizma\/#primaryimage\"},\"thumbnailUrl\":\"https:\/\/www.modamob.com.tr\/wp-content\/uploads\/2022\/12\/Mdmb12635--scaled.jpg\",\"datePublished\":\"2022-12-02T14:30:18+00:00\",\"dateModified\":\"2026-03-24T13:16:10+00:00\",\"breadcrumb\":{\"@id\":\"https:\/\/www.modamob.com.tr\/urun\/cift-kisilik-dikey-acilir-duvar-yatagi-mekanizma\/#breadcrumb\"},\"inLanguage\":\"ar\",\"potentialAction\":[{\"@type\":\"ReadAction\",\"target\":[\"https:\/\/www.modamob.com.tr\/urun\/cift-kisilik-dikey-acilir-duvar-yatagi-mekanizma\/\"]}]},{\"@type\":\"ImageObject\",\"inLanguage\":\"ar\",\"@id\":\"https:\/\/www.modamob.com.tr\/urun\/cift-kisilik-dikey-acilir-duvar-yatagi-mekanizma\/#primaryimage\",\"url\":\"https:\/\/www.modamob.com.tr\/wp-content\/uploads\/2022\/12\/Mdmb12635--scaled.jpg\",\"contentUrl\":\"https:\/\/www.modamob.com.tr\/wp-content\/uploads\/2022\/12\/Mdmb12635--scaled.jpg\",\"width\":2560,\"height\":1920,\"caption\":\"\u00c7ift Ki\u015filik Dikey A\u00e7\u0131l\u0131r Duvar Yata\u011f\u0131 Mekanizmas\u0131\"},{\"@type\":\"BreadcrumbList\",\"@id\":\"https:\/\/www.modamob.com.tr\/urun\/cift-kisilik-dikey-acilir-duvar-yatagi-mekanizma\/#breadcrumb\",\"itemListElement\":[{\"@type\":\"ListItem\",\"position\":1,\"name\":\"Anasayfa\",\"item\":\"https:\/\/www.modamob.com.tr\/\"},{\"@type\":\"ListItem\",\"position\":2,\"name\":\"Ma\u011faza\",\"item\":\"https:\/\/www.modamob.com.tr\/magaza\/\"},{\"@type\":\"ListItem\",\"position\":3,\"name\":\"\u00c7ift Ki\u015filik Dikey A\u00e7\u0131l\u0131r Duvar Yata\u011f\u0131 Mekanizmas\u0131\"}]},{\"@type\":\"WebSite\",\"@id\":\"https:\/\/www.modamob.com.tr\/#website\",\"url\":\"https:\/\/www.modamob.com.tr\/\",\"name\":\"Modamob Ak\u0131ll\u0131 Mobilya\",\"description\":\"Yeni Nesil Hareketli Mobilyalar\",\"potentialAction\":[{\"@type\":\"SearchAction\",\"target\":{\"@type\":\"EntryPoint\",\"urlTemplate\":\"https:\/\/www.modamob.com.tr\/?s={search_term_string}\"},\"query-input\":{\"@type\":\"PropertyValueSpecification\",\"valueRequired\":true,\"valueName\":\"search_term_string\"}}],\"inLanguage\":\"ar\"}]}<\/script>\n<!-- \/ Yoast SEO plugin. -->","yoast_head_json":{"title":"\u0622\u0644\u064a\u0629 \u0633\u0631\u064a\u0631 \u062c\u062f\u0627\u0631\u064a \u0645\u0632\u062f\u0648\u062c \u0639\u0645\u0648\u062f\u064a \u0642\u0627\u0628\u0644 \u0644\u0644\u062a\u0645\u062f\u064a\u062f - \u0623\u062b\u0627\u062b Modamob \u0627\u0644\u0630\u0643\u064a","robots":{"index":"index","follow":"follow","max-snippet":"max-snippet:-1","max-image-preview":"max-image-preview:large","max-video-preview":"max-video-preview:-1"},"canonical":"https:\/\/www.modamob.com.tr\/ar\/\u0645\u0646\u062a\u062c\/\u0622\u0644\u064a\u0629-\u0633\u0631\u064a\u0631-\u062c\u062f\u0627\u0631\u064a-\u0645\u0632\u062f\u0648\u062c-\u0642\u0627\u0628\u0644-\u0644\u0644\u0637\u064a-\u0639\u0645\u0648\u062f\u064a\u064b\/","og_locale":"ar_AR","og_type":"article","og_title":"\u00c7ift Ki\u015filik Dikey A\u00e7\u0131l\u0131r Duvar Yata\u011f\u0131 Mekanizmas\u0131 - Modamob Ak\u0131ll\u0131 Mobilya","og_description":"Modamob Ak\u0131ll\u0131 Duvar Yata\u011f\u0131 Sistemleri, yal\u0131n ve i\u015flevsel bir duvar yata\u011f\u0131 mekanizmas\u0131 olarak \u00f6ne \u00e7\u0131k\u0131yor. Duvara katlanabilir yatak ihtiyac\u0131 olan mobilya \u00fcreticileri i\u00e7in geli\u015ftirilen bu sistem, a\u00e7\u0131l\u0131p kapand\u0131\u011f\u0131nda tamamen duvarla b\u00fct\u00fcnle\u015fir ve alandan tasarruf sa\u011flar. Tek veya \u00e7ift ki\u015filik duvar yata\u011f\u0131 mekanizmas\u0131 olarak sunulan bu \u00fcr\u00fcn, dar alan mobilyalar\u0131 \u00fcretmek mimarlar, marangozlar ve kendi mobilyas\u0131n\u0131 tasarlamak isteyenler i\u00e7in sade ama etkili bir se\u00e7enek sunar. Mekanizman\u0131n sa\u011flam yap\u0131s\u0131 ve kolay montaj \u00f6zelli\u011fi, pratik mobilya tasar\u0131mlar\u0131na katk\u0131 sa\u011flar.  Bu duvar yata\u011f\u0131 mekanizmas\u0131, modern ve kompakt ya\u015fam alanlar\u0131 tasarlayan profesyoneller i\u00e7in ideal bir \u00fcr\u00fcnd\u00fcr. \u00d6zellikle ak\u0131ll\u0131 mobilya \u00e7\u00f6z\u00fcmlerine ihtiya\u00e7 duyan projelerde, kullan\u0131c\u0131lar\u0131n alan\u0131n\u0131 maksimum verimlilikle de\u011ferlendirmelerine yard\u0131mc\u0131 olacak \u015fekilde tasarlanm\u0131\u015ft\u0131r.\u00a0\u00d6zel \u00f6l\u00e7\u00fc tasar\u0131mlar\u0131n\u0131zla ilgili bizimle ileti\u015fime ge\u00e7ebilirsiniz.  Mekanizma ve somya \u00fczerindeki G\u00fcrgen Latalar fiyata dahildir.  Ah\u015fap K\u0131s\u0131mlar Hari\u00e7tir.","og_url":"https:\/\/www.modamob.com.tr\/ar\/\u0645\u0646\u062a\u062c\/\u0622\u0644\u064a\u0629-\u0633\u0631\u064a\u0631-\u062c\u062f\u0627\u0631\u064a-\u0645\u0632\u062f\u0648\u062c-\u0642\u0627\u0628\u0644-\u0644\u0644\u0637\u064a-\u0639\u0645\u0648\u062f\u064a\u064b\/","og_site_name":"Modamob Ak\u0131ll\u0131 Mobilya","article_modified_time":"2026-03-24T13:16:10+00:00","og_image":[{"width":2560,"height":1920,"url":"https:\/\/www.modamob.com.tr\/wp-content\/uploads\/2022\/12\/Mdmb12635--scaled.jpg","type":"image\/jpeg"}],"twitter_card":"summary_large_image","twitter_misc":{"\u0648\u0642\u062a \u0627\u0644\u0642\u0631\u0627\u0621\u0629 \u0627\u0644\u0645\u064f\u0642\u062f\u0651\u0631":"\u062f\u0642\u064a\u0642\u0629 \u0648\u0627\u062d\u062f\u0629"},"schema":{"@context":"https:\/\/schema.org","@graph":[{"@type":"WebPage","@id":"https:\/\/www.modamob.com.tr\/urun\/cift-kisilik-dikey-acilir-duvar-yatagi-mekanizma\/","url":"https:\/\/www.modamob.com.tr\/urun\/cift-kisilik-dikey-acilir-duvar-yatagi-mekanizma\/","name":"\u0622\u0644\u064a\u0629 \u0633\u0631\u064a\u0631 \u062c\u062f\u0627\u0631\u064a \u0645\u0632\u062f\u0648\u062c \u0639\u0645\u0648\u062f\u064a \u0642\u0627\u0628\u0644 \u0644\u0644\u062a\u0645\u062f\u064a\u062f - \u0623\u062b\u0627\u062b Modamob \u0627\u0644\u0630\u0643\u064a","isPartOf":{"@id":"https:\/\/www.modamob.com.tr\/#website"},"primaryImageOfPage":{"@id":"https:\/\/www.modamob.com.tr\/urun\/cift-kisilik-dikey-acilir-duvar-yatagi-mekanizma\/#primaryimage"},"image":{"@id":"https:\/\/www.modamob.com.tr\/urun\/cift-kisilik-dikey-acilir-duvar-yatagi-mekanizma\/#primaryimage"},"thumbnailUrl":"https:\/\/www.modamob.com.tr\/wp-content\/uploads\/2022\/12\/Mdmb12635--scaled.jpg","datePublished":"2022-12-02T14:30:18+00:00","dateModified":"2026-03-24T13:16:10+00:00","breadcrumb":{"@id":"https:\/\/www.modamob.com.tr\/urun\/cift-kisilik-dikey-acilir-duvar-yatagi-mekanizma\/#breadcrumb"},"inLanguage":"ar","potentialAction":[{"@type":"ReadAction","target":["https:\/\/www.modamob.com.tr\/urun\/cift-kisilik-dikey-acilir-duvar-yatagi-mekanizma\/"]}]},{"@type":"ImageObject","inLanguage":"ar","@id":"https:\/\/www.modamob.com.tr\/urun\/cift-kisilik-dikey-acilir-duvar-yatagi-mekanizma\/#primaryimage","url":"https:\/\/www.modamob.com.tr\/wp-content\/uploads\/2022\/12\/Mdmb12635--scaled.jpg","contentUrl":"https:\/\/www.modamob.com.tr\/wp-content\/uploads\/2022\/12\/Mdmb12635--scaled.jpg","width":2560,"height":1920,"caption":"\u00c7ift Ki\u015filik Dikey A\u00e7\u0131l\u0131r Duvar Yata\u011f\u0131 Mekanizmas\u0131"},{"@type":"BreadcrumbList","@id":"https:\/\/www.modamob.com.tr\/urun\/cift-kisilik-dikey-acilir-duvar-yatagi-mekanizma\/#breadcrumb","itemListElement":[{"@type":"ListItem","position":1,"name":"Anasayfa","item":"https:\/\/www.modamob.com.tr\/"},{"@type":"ListItem","position":2,"name":"Ma\u011faza","item":"https:\/\/www.modamob.com.tr\/magaza\/"},{"@type":"ListItem","position":3,"name":"\u00c7ift Ki\u015filik Dikey A\u00e7\u0131l\u0131r Duvar Yata\u011f\u0131 Mekanizmas\u0131"}]},{"@type":"WebSite","@id":"https:\/\/www.modamob.com.tr\/#website","url":"https:\/\/www.modamob.com.tr\/","name":"\u0645\u0648\u062f\u0627\u0645\u0648\u0628 \u0633\u0645\u0627\u0631\u062a \u0644\u0644\u0623\u062b\u0627\u062b","description":"\u0627\u0644\u062c\u064a\u0644 \u0627\u0644\u062c\u062f\u064a\u062f \u0645\u0646 \u0627\u0644\u0623\u062b\u0627\u062b \u0627\u0644\u0645\u062a\u062d\u0631\u0643","potentialAction":[{"@type":"SearchAction","target":{"@type":"EntryPoint","urlTemplate":"https:\/\/www.modamob.com.tr\/?s={search_term_string}"},"query-input":{"@type":"PropertyValueSpecification","valueRequired":true,"valueName":"search_term_string"}}],"inLanguage":"ar"}]}},"_links":{"self":[{"href":"https:\/\/www.modamob.com.tr\/ar\/wp-json\/wp\/v2\/product\/12812","targetHints":{"allow":["GET"]}}],"collection":[{"href":"https:\/\/www.modamob.com.tr\/ar\/wp-json\/wp\/v2\/product"}],"about":[{"href":"https:\/\/www.modamob.com.tr\/ar\/wp-json\/wp\/v2\/types\/product"}],"version-history":[{"count":5,"href":"https:\/\/www.modamob.com.tr\/ar\/wp-json\/wp\/v2\/product\/12812\/revisions"}],"predecessor-version":[{"id":18761,"href":"https:\/\/www.modamob.com.tr\/ar\/wp-json\/wp\/v2\/product\/12812\/revisions\/18761"}],"wp:featuredmedia":[{"embeddable":true,"href":"https:\/\/www.modamob.com.tr\/ar\/wp-json\/wp\/v2\/media\/16861"}],"wp:attachment":[{"href":"https:\/\/www.modamob.com.tr\/ar\/wp-json\/wp\/v2\/media?parent=12812"}],"wp:term":[{"taxonomy":"product_brand","embeddable":true,"href":"https:\/\/www.modamob.com.tr\/ar\/wp-json\/wp\/v2\/product_brand?post=12812"},{"taxonomy":"product_cat","embeddable":true,"href":"https:\/\/www.modamob.com.tr\/ar\/wp-json\/wp\/v2\/product_cat?post=12812"},{"taxonomy":"product_tag","embeddable":true,"href":"https:\/\/www.modamob.com.tr\/ar\/wp-json\/wp\/v2\/product_tag?post=12812"}],"curies":[{"name":"wp","href":"https:\/\/api.w.org\/{rel}","templated":true}]}}