{"id":11785,"date":"2022-11-18T13:56:13","date_gmt":"2022-11-18T13:56:13","guid":{"rendered":"https:\/\/modamob2.myco.site\/?post_type=product&#038;p=11785"},"modified":"2023-09-17T22:03:15","modified_gmt":"2023-09-17T19:03:15","slug":"%d8%a2%d9%84%d9%8a%d8%a9-%d8%b3%d8%b1%d9%8a%d8%b1-%d9%85%d9%83%d8%aa%d8%a8%d9%8a-%d8%a8%d8%b7%d8%a7%d8%a8%d9%82%d9%8a%d9%86","status":"publish","type":"product","link":"https:\/\/www.modamob.com.tr\/ar\/%d9%85%d9%86%d8%aa%d8%ac\/%d8%a2%d9%84%d9%8a%d8%a9-%d8%b3%d8%b1%d9%8a%d8%b1-%d9%85%d9%83%d8%aa%d8%a8%d9%8a-%d8%a8%d8%b7%d8%a7%d8%a8%d9%82%d9%8a%d9%86\/","title":{"rendered":"\u0622\u0644\u064a\u0629 \u0637\u0627\u0648\u0644\u0629 \u0627\u0644\u0633\u0631\u064a\u0631 \u0628\u0637\u0627\u0628\u0642\u064a\u0646"},"content":{"rendered":"<h1><a href=\"https:\/\/www.modamob.com.tr\/ar\/?post_type=product&amp;p=11785&amp;preview=true\">\u0622\u0644\u064a\u0629 \u0637\u0627\u0648\u0644\u0629 \u0627\u0644\u0633\u0631\u064a\u0631 \u0628\u0637\u0627\u0628\u0642\u064a\u0646<\/a><\/h1>\n<p><strong>\u062a\u0641\u0627\u0635\u064a\u0644 \u0627\u0644\u0645\u0646\u062a\u062c<\/strong><br \/>\n\u0625\u0646\u0647 \u0633\u0639\u0631 \u0627\u0644\u062c\u0645\u0644\u0629. \u062a\u0645 \u0627\u0633\u062a\u0628\u0639\u0627\u062f \u0636\u0631\u064a\u0628\u0629 \u0627\u0644\u0642\u064a\u0645\u0629 \u0627\u0644\u0645\u0636\u0627\u0641\u0629. \u0627\u0644\u0623\u062c\u0632\u0627\u0621 \u0627\u0644\u0645\u0639\u062f\u0646\u064a\u0629 \u0641\u0642\u0637. \u064b\u0627\u0644\u0634\u062d\u0646 \u0645\u062c\u0627\u0646\u0627<\/p>\n<p><strong>\u0645\u062e\u0637\u0637 \u0627\u0644\u0645\u0646\u062a\u062c<\/strong><br \/>\n\u062d\u062c\u0645 \u0627\u0644\u0633\u0631\u064a\u0631 90 \u0633\u0645 \u00d7 190 \u0633\u0645.<\/p>\n<p>\u064a\u062a\u0645 \u0627\u0644\u0625\u0646\u062a\u0627\u062c \u0628\u0623\u062d\u062c\u0627\u0645 \u0645\u062e\u062a\u0644\u0641\u0629.<\/p>\n<p>\u064a\u0631\u062c\u0649 \u0627\u0644\u0627\u062a\u0635\u0627\u0644 \u0628\u0646\u0627 \u0644\u0644\u062d\u0635\u0648\u0644 \u0639\u0644\u0649 \u0645\u0639\u0644\u0648\u0645\u0627\u062a \u0645\u0641\u0635\u0644\u0629.<\/p>\n<p><img fetchpriority=\"high\" decoding=\"async\" class=\"alignnone size-medium wp-image-11786\" src=\"https:\/\/modamob.com.tr\/wp-content\/uploads\/2022\/11\/safirranza1x-211x300.jpg\" alt=\"\" width=\"211\" height=\"300\" srcset=\"https:\/\/www.modamob.com.tr\/wp-content\/uploads\/2022\/11\/safirranza1x-211x300.jpg 211w, https:\/\/www.modamob.com.tr\/wp-content\/uploads\/2022\/11\/safirranza1x.jpg 561w\" sizes=\"(max-width: 211px) 100vw, 211px\" \/><\/p>\n<p><strong>\u0645\u062e\u0637\u0637 \u062a\u062c\u0645\u064a\u0639 \u0627\u0644\u0645\u0646\u062a\u062c:<\/strong><br \/>\n\u064a\u0631\u062c\u0649 \u0627\u0644\u0627\u062a\u0635\u0627\u0644 \u0628\u0646\u0627 \u0644\u0644\u062d\u0635\u0648\u0644 \u0639\u0644\u0649 \u0623\u062d\u062c\u0627\u0645 \u0645\u062e\u062a\u0644\u0641\u0629.<\/p>\n<p><img decoding=\"async\" class=\"alignnone size-medium wp-image-11777\" src=\"https:\/\/modamob.com.tr\/wp-content\/uploads\/2022\/11\/yatay-demontex-2-300x159.jpg\" alt=\"\" width=\"300\" height=\"159\" srcset=\"https:\/\/www.modamob.com.tr\/wp-content\/uploads\/2022\/11\/yatay-demontex-2-300x159.jpg 300w, https:\/\/www.modamob.com.tr\/wp-content\/uploads\/2022\/11\/yatay-demontex-2-600x317.jpg 600w, https:\/\/www.modamob.com.tr\/wp-content\/uploads\/2022\/11\/yatay-demontex-2-768x406.jpg 768w, https:\/\/www.modamob.com.tr\/wp-content\/uploads\/2022\/11\/yatay-demontex-2.jpg 851w\" sizes=\"(max-width: 300px) 100vw, 300px\" \/><\/p>\n<p><strong>\u062a\u0641\u0627\u0635\u064a\u0644 \u0627\u0644\u0645\u0646\u062a\u062c<\/strong><br \/>\n\u0642\u0627\u0626\u0645\u0629 \u0627\u0644\u0645\u0648\u0627\u062f \u0644\u0622\u0644\u064a\u0629 \u0627\u0644\u0633\u0631\u064a\u0631 \u0627\u0644\u062c\u062f\u0627\u0631\u064a \u0644\u0633\u0631\u064a\u0631 \u0628\u0637\u0627\u0628\u0642\u064a\u0646 \u0645\u0639 \u0637\u0627\u0648\u0644\u0629<\/p>\n<p><img decoding=\"async\" class=\"alignnone size-medium wp-image-11787\" src=\"https:\/\/modamob.com.tr\/wp-content\/uploads\/2022\/11\/safirranza2-206x300.jpg\" alt=\"\" width=\"206\" height=\"300\" srcset=\"https:\/\/www.modamob.com.tr\/wp-content\/uploads\/2022\/11\/safirranza2-206x300.jpg 206w, https:\/\/www.modamob.com.tr\/wp-content\/uploads\/2022\/11\/safirranza2.jpg 541w\" sizes=\"(max-width: 206px) 100vw, 206px\" \/><\/p>","protected":false},"excerpt":{"rendered":"<p>Masal\u0131 Ranza Mekanizma \u00dcr\u00fcn Detaylar\u0131 TOPTAN F\u0130YATTIR. KDV HAR\u0130\u00c7T\u0130R. SADECE METAL AKSAMLAR. \u00dcCRETS\u0130Z KARGO \u00dcr\u00fcn Grafi\u011fi YATAK \u00d6L\u00c7\u00dcS\u00dc 90cm x 190cm&#8217;D\u0130R. FARKLI \u00d6L\u00c7\u00dcLERDE \u00dcRET\u0130M YAPILMAKTADIR. DETAYLI B\u0130LG\u0130 \u0130\u00c7\u0130N \u0130LET\u0130\u015e\u0130ME GE\u00c7\u0130N\u0130Z. \u00dcr\u00fcn Montaj \u015eemas\u0131: Farkl\u0131 \u00f6l\u00e7\u00fcler i\u00e7in ileti\u015fime ge\u00e7iniz. \u00dcr\u00fcn Detay Masal\u0131 ranza duvar yata\u011f\u0131 mekanizmas\u0131 malzeme listesi<\/p>","protected":false},"featured_media":11792,"template":"","meta":{"footnotes":""},"product_brand":[],"product_cat":[209,206],"product_tag":[239,244,250],"class_list":{"0":"post-11785","1":"product","2":"type-product","3":"status-publish","4":"has-post-thumbnail","6":"product_cat-ranza-mekanizmalari","7":"product_cat-mekanizmalar","8":"product_tag-akilli-mobilya","9":"product_tag-duvar-yataklari","10":"product_tag-ranza-mekanizmasi","11":"tm-no-options","13":"first","14":"instock","15":"taxable","16":"shipping-taxable","17":"purchasable","18":"product-type-simple"},"yoast_head":"<!-- This site is optimized with the Yoast SEO plugin v26.8 - https:\/\/yoast.com\/product\/yoast-seo-wordpress\/ -->\n<title>Masal\u0131 Ranza Mekanizma - Modamob Ak\u0131ll\u0131 Mobilya<\/title>\n<meta name=\"robots\" content=\"index, follow, max-snippet:-1, max-image-preview:large, max-video-preview:-1\" \/>\n<link rel=\"canonical\" href=\"https:\/\/www.modamob.com.tr\/ar\/?post_type=product&p=11785\" \/>\n<meta property=\"og:locale\" content=\"ar_AR\" \/>\n<meta property=\"og:type\" content=\"article\" \/>\n<meta property=\"og:title\" content=\"Masal\u0131 Ranza Mekanizma - Modamob Ak\u0131ll\u0131 Mobilya\" \/>\n<meta property=\"og:description\" content=\"Masal\u0131 Ranza Mekanizma \u00dcr\u00fcn Detaylar\u0131 TOPTAN F\u0130YATTIR. KDV HAR\u0130\u00c7T\u0130R. SADECE METAL AKSAMLAR. \u00dcCRETS\u0130Z KARGO \u00dcr\u00fcn Grafi\u011fi YATAK \u00d6L\u00c7\u00dcS\u00dc 90cm x 190cm&#8217;D\u0130R. FARKLI \u00d6L\u00c7\u00dcLERDE \u00dcRET\u0130M YAPILMAKTADIR. DETAYLI B\u0130LG\u0130 \u0130\u00c7\u0130N \u0130LET\u0130\u015e\u0130ME GE\u00c7\u0130N\u0130Z. \u00dcr\u00fcn Montaj \u015eemas\u0131: Farkl\u0131 \u00f6l\u00e7\u00fcler i\u00e7in ileti\u015fime ge\u00e7iniz. \u00dcr\u00fcn Detay Masal\u0131 ranza duvar yata\u011f\u0131 mekanizmas\u0131 malzeme listesi\" \/>\n<meta property=\"og:url\" content=\"https:\/\/www.modamob.com.tr\/ar\/?post_type=product&amp;p=11785\" \/>\n<meta property=\"og:site_name\" content=\"Modamob Ak\u0131ll\u0131 Mobilya\" \/>\n<meta property=\"article:modified_time\" content=\"2023-09-17T19:03:15+00:00\" \/>\n<meta property=\"og:image\" content=\"https:\/\/www.modamob.com.tr\/wp-content\/uploads\/2022\/11\/ranza-masali-mekanizma.jpg\" \/>\n\t<meta property=\"og:image:width\" content=\"1000\" \/>\n\t<meta property=\"og:image:height\" content=\"563\" \/>\n\t<meta property=\"og:image:type\" content=\"image\/jpeg\" \/>\n<meta name=\"twitter:card\" content=\"summary_large_image\" \/>\n<script type=\"application\/ld+json\" class=\"yoast-schema-graph\">{\"@context\":\"https:\/\/schema.org\",\"@graph\":[{\"@type\":\"WebPage\",\"@id\":\"https:\/\/www.modamob.com.tr\/?post_type=product&p=11785\",\"url\":\"https:\/\/www.modamob.com.tr\/?post_type=product&p=11785\",\"name\":\"Masal\u0131 Ranza Mekanizma - Modamob Ak\u0131ll\u0131 Mobilya\",\"isPartOf\":{\"@id\":\"https:\/\/www.modamob.com.tr\/#website\"},\"primaryImageOfPage\":{\"@id\":\"https:\/\/www.modamob.com.tr\/?post_type=product&p=11785#primaryimage\"},\"image\":{\"@id\":\"https:\/\/www.modamob.com.tr\/?post_type=product&p=11785#primaryimage\"},\"thumbnailUrl\":\"https:\/\/www.modamob.com.tr\/wp-content\/uploads\/2022\/11\/ranza-masali-mekanizma.jpg\",\"datePublished\":\"2022-11-18T13:56:13+00:00\",\"dateModified\":\"2023-09-17T19:03:15+00:00\",\"breadcrumb\":{\"@id\":\"https:\/\/www.modamob.com.tr\/?post_type=product&p=11785#breadcrumb\"},\"inLanguage\":\"ar\",\"potentialAction\":[{\"@type\":\"ReadAction\",\"target\":[\"https:\/\/www.modamob.com.tr\/?post_type=product&p=11785\"]}]},{\"@type\":\"ImageObject\",\"inLanguage\":\"ar\",\"@id\":\"https:\/\/www.modamob.com.tr\/?post_type=product&p=11785#primaryimage\",\"url\":\"https:\/\/www.modamob.com.tr\/wp-content\/uploads\/2022\/11\/ranza-masali-mekanizma.jpg\",\"contentUrl\":\"https:\/\/www.modamob.com.tr\/wp-content\/uploads\/2022\/11\/ranza-masali-mekanizma.jpg\",\"width\":1000,\"height\":563,\"caption\":\"Masal\u0131 Ranza Mekanizma\"},{\"@type\":\"BreadcrumbList\",\"@id\":\"https:\/\/www.modamob.com.tr\/?post_type=product&p=11785#breadcrumb\",\"itemListElement\":[{\"@type\":\"ListItem\",\"position\":1,\"name\":\"Anasayfa\",\"item\":\"https:\/\/www.modamob.com.tr\/\"},{\"@type\":\"ListItem\",\"position\":2,\"name\":\"Ma\u011faza\",\"item\":\"https:\/\/www.modamob.com.tr\/magaza\/\"},{\"@type\":\"ListItem\",\"position\":3,\"name\":\"Masal\u0131 Ranza Mekanizma\"}]},{\"@type\":\"WebSite\",\"@id\":\"https:\/\/www.modamob.com.tr\/#website\",\"url\":\"https:\/\/www.modamob.com.tr\/\",\"name\":\"Modamob Ak\u0131ll\u0131 Mobilya\",\"description\":\"Yeni Nesil Hareketli Mobilyalar\",\"potentialAction\":[{\"@type\":\"SearchAction\",\"target\":{\"@type\":\"EntryPoint\",\"urlTemplate\":\"https:\/\/www.modamob.com.tr\/?s={search_term_string}\"},\"query-input\":{\"@type\":\"PropertyValueSpecification\",\"valueRequired\":true,\"valueName\":\"search_term_string\"}}],\"inLanguage\":\"ar\"}]}<\/script>\n<!-- \/ Yoast SEO plugin. -->","yoast_head_json":{"title":"\u0622\u0644\u064a\u0629 \u0633\u0631\u064a\u0631 \u0628\u0637\u0627\u0628\u0642\u064a\u0646 \u0645\u0639 \u0637\u0627\u0648\u0644\u0629 - Modamob Smart Furniture","robots":{"index":"index","follow":"follow","max-snippet":"max-snippet:-1","max-image-preview":"max-image-preview:large","max-video-preview":"max-video-preview:-1"},"canonical":"https:\/\/www.modamob.com.tr\/ar\/?post_type=product&p=11785","og_locale":"ar_AR","og_type":"article","og_title":"Masal\u0131 Ranza Mekanizma - Modamob Ak\u0131ll\u0131 Mobilya","og_description":"Masal\u0131 Ranza Mekanizma \u00dcr\u00fcn Detaylar\u0131 TOPTAN F\u0130YATTIR. KDV HAR\u0130\u00c7T\u0130R. SADECE METAL AKSAMLAR. \u00dcCRETS\u0130Z KARGO \u00dcr\u00fcn Grafi\u011fi YATAK \u00d6L\u00c7\u00dcS\u00dc 90cm x 190cm&#8217;D\u0130R. FARKLI \u00d6L\u00c7\u00dcLERDE \u00dcRET\u0130M YAPILMAKTADIR. DETAYLI B\u0130LG\u0130 \u0130\u00c7\u0130N \u0130LET\u0130\u015e\u0130ME GE\u00c7\u0130N\u0130Z. \u00dcr\u00fcn Montaj \u015eemas\u0131: Farkl\u0131 \u00f6l\u00e7\u00fcler i\u00e7in ileti\u015fime ge\u00e7iniz. \u00dcr\u00fcn Detay Masal\u0131 ranza duvar yata\u011f\u0131 mekanizmas\u0131 malzeme listesi","og_url":"https:\/\/www.modamob.com.tr\/ar\/?post_type=product&p=11785","og_site_name":"Modamob Ak\u0131ll\u0131 Mobilya","article_modified_time":"2023-09-17T19:03:15+00:00","og_image":[{"width":1000,"height":563,"url":"https:\/\/www.modamob.com.tr\/wp-content\/uploads\/2022\/11\/ranza-masali-mekanizma.jpg","type":"image\/jpeg"}],"twitter_card":"summary_large_image","schema":{"@context":"https:\/\/schema.org","@graph":[{"@type":"WebPage","@id":"https:\/\/www.modamob.com.tr\/?post_type=product&p=11785","url":"https:\/\/www.modamob.com.tr\/?post_type=product&p=11785","name":"\u0622\u0644\u064a\u0629 \u0633\u0631\u064a\u0631 \u0628\u0637\u0627\u0628\u0642\u064a\u0646 \u0645\u0639 \u0637\u0627\u0648\u0644\u0629 - Modamob Smart Furniture","isPartOf":{"@id":"https:\/\/www.modamob.com.tr\/#website"},"primaryImageOfPage":{"@id":"https:\/\/www.modamob.com.tr\/?post_type=product&p=11785#primaryimage"},"image":{"@id":"https:\/\/www.modamob.com.tr\/?post_type=product&p=11785#primaryimage"},"thumbnailUrl":"https:\/\/www.modamob.com.tr\/wp-content\/uploads\/2022\/11\/ranza-masali-mekanizma.jpg","datePublished":"2022-11-18T13:56:13+00:00","dateModified":"2023-09-17T19:03:15+00:00","breadcrumb":{"@id":"https:\/\/www.modamob.com.tr\/?post_type=product&p=11785#breadcrumb"},"inLanguage":"ar","potentialAction":[{"@type":"ReadAction","target":["https:\/\/www.modamob.com.tr\/?post_type=product&p=11785"]}]},{"@type":"ImageObject","inLanguage":"ar","@id":"https:\/\/www.modamob.com.tr\/?post_type=product&p=11785#primaryimage","url":"https:\/\/www.modamob.com.tr\/wp-content\/uploads\/2022\/11\/ranza-masali-mekanizma.jpg","contentUrl":"https:\/\/www.modamob.com.tr\/wp-content\/uploads\/2022\/11\/ranza-masali-mekanizma.jpg","width":1000,"height":563,"caption":"Masal\u0131 Ranza Mekanizma"},{"@type":"BreadcrumbList","@id":"https:\/\/www.modamob.com.tr\/?post_type=product&p=11785#breadcrumb","itemListElement":[{"@type":"ListItem","position":1,"name":"Anasayfa","item":"https:\/\/www.modamob.com.tr\/"},{"@type":"ListItem","position":2,"name":"Ma\u011faza","item":"https:\/\/www.modamob.com.tr\/magaza\/"},{"@type":"ListItem","position":3,"name":"Masal\u0131 Ranza Mekanizma"}]},{"@type":"WebSite","@id":"https:\/\/www.modamob.com.tr\/#website","url":"https:\/\/www.modamob.com.tr\/","name":"\u0645\u0648\u062f\u0627\u0645\u0648\u0628 \u0633\u0645\u0627\u0631\u062a \u0644\u0644\u0623\u062b\u0627\u062b","description":"\u0627\u0644\u062c\u064a\u0644 \u0627\u0644\u062c\u062f\u064a\u062f \u0645\u0646 \u0627\u0644\u0623\u062b\u0627\u062b \u0627\u0644\u0645\u062a\u062d\u0631\u0643","potentialAction":[{"@type":"SearchAction","target":{"@type":"EntryPoint","urlTemplate":"https:\/\/www.modamob.com.tr\/?s={search_term_string}"},"query-input":{"@type":"PropertyValueSpecification","valueRequired":true,"valueName":"search_term_string"}}],"inLanguage":"ar"}]}},"_links":{"self":[{"href":"https:\/\/www.modamob.com.tr\/ar\/wp-json\/wp\/v2\/product\/11785","targetHints":{"allow":["GET"]}}],"collection":[{"href":"https:\/\/www.modamob.com.tr\/ar\/wp-json\/wp\/v2\/product"}],"about":[{"href":"https:\/\/www.modamob.com.tr\/ar\/wp-json\/wp\/v2\/types\/product"}],"version-history":[{"count":2,"href":"https:\/\/www.modamob.com.tr\/ar\/wp-json\/wp\/v2\/product\/11785\/revisions"}],"predecessor-version":[{"id":15786,"href":"https:\/\/www.modamob.com.tr\/ar\/wp-json\/wp\/v2\/product\/11785\/revisions\/15786"}],"wp:featuredmedia":[{"embeddable":true,"href":"https:\/\/www.modamob.com.tr\/ar\/wp-json\/wp\/v2\/media\/11792"}],"wp:attachment":[{"href":"https:\/\/www.modamob.com.tr\/ar\/wp-json\/wp\/v2\/media?parent=11785"}],"wp:term":[{"taxonomy":"product_brand","embeddable":true,"href":"https:\/\/www.modamob.com.tr\/ar\/wp-json\/wp\/v2\/product_brand?post=11785"},{"taxonomy":"product_cat","embeddable":true,"href":"https:\/\/www.modamob.com.tr\/ar\/wp-json\/wp\/v2\/product_cat?post=11785"},{"taxonomy":"product_tag","embeddable":true,"href":"https:\/\/www.modamob.com.tr\/ar\/wp-json\/wp\/v2\/product_tag?post=11785"}],"curies":[{"name":"wp","href":"https:\/\/api.w.org\/{rel}","templated":true}]}}