{"id":11646,"date":"2022-11-17T13:57:43","date_gmt":"2022-11-17T13:57:43","guid":{"rendered":"https:\/\/modamob2.myco.site\/?post_type=product&#038;p=11646"},"modified":"2024-05-28T17:18:27","modified_gmt":"2024-05-28T14:18:27","slug":"%d8%a2%d9%84%d9%8a%d8%a9-%d8%a7%d9%84%d9%81%d8%aa%d8%ad-%d8%a7%d9%84%d8%b9%d9%85%d9%88%d8%af%d9%8a-%d9%84%d9%84%d9%85%d9%82%d8%b9%d8%af-%d8%a7%d9%84%d9%85%d8%b2%d8%af%d9%88%d8%ac","status":"publish","type":"product","link":"https:\/\/www.modamob.com.tr\/ar\/%d9%85%d9%86%d8%aa%d8%ac\/%d8%a2%d9%84%d9%8a%d8%a9-%d8%a7%d9%84%d9%81%d8%aa%d8%ad-%d8%a7%d9%84%d8%b9%d9%85%d9%88%d8%af%d9%8a-%d9%84%d9%84%d9%85%d9%82%d8%b9%d8%af-%d8%a7%d9%84%d9%85%d8%b2%d8%af%d9%88%d8%ac\/","title":{"rendered":"\u0622\u0644\u064a\u0629 \u0641\u062a\u062d \u0639\u0645\u0648\u062f\u064a\u0629 \u0645\u0632\u062f\u0648\u062c\u0629"},"content":{"rendered":"<h1><a href=\"https:\/\/www.modamob.com.tr\/ar\/?post_type=product&amp;p=11646&amp;preview=true\">\u0622\u0644\u064a\u0629 \u0641\u062a\u062d \u0639\u0645\u0648\u062f\u064a\u0629 \u0645\u0632\u062f\u0648\u062c\u0629<\/a><\/h1>\n<h2>\u062a\u0641\u0627\u0635\u064a\u0644 \u0627\u0644\u0645\u0646\u062a\u062c:<\/h2>\n<p>\u0625\u0646\u0647 \u0633\u0639\u0631 \u0627\u0644\u062c\u0645\u0644\u0629. \u062a\u0645 \u0627\u0633\u062a\u0628\u0639\u0627\u062f \u0636\u0631\u064a\u0628\u0629 \u0627\u0644\u0642\u064a\u0645\u0629 \u0627\u0644\u0645\u0636\u0627\u0641\u0629. \u0627\u0644\u0623\u062c\u0632\u0627\u0621 \u0627\u0644\u0645\u0639\u062f\u0646\u064a\u0629 \u0641\u0642\u0637. \u064b\u0627\u0644\u0634\u062d\u0646 \u0645\u062c\u0627\u0646\u0627<\/p>\n<p><strong>\u0645\u062e\u0637\u0637 \u0627\u0644\u0645\u0646\u062a\u062c:<\/strong><\/p>\n<p>\u062d\u062c\u0645 \u0627\u0644\u0633\u0631\u064a\u0631 140 \u0633\u0645 \u00d7 190 \u0633\u0645.<\/p>\n<p>\u064a\u062a\u0645 \u0627\u0644\u0625\u0646\u062a\u0627\u062c \u0628\u0623\u062d\u062c\u0627\u0645 \u0645\u062e\u062a\u0644\u0641\u0629.<\/p>\n<p>\u064a\u0631\u062c\u0649 \u0627\u0644\u0627\u062a\u0635\u0627\u0644 \u0628\u0646\u0627 \u0644\u0644\u062d\u0635\u0648\u0644 \u0639\u0644\u0649 \u0645\u0639\u0644\u0648\u0645\u0627\u062a \u0645\u0641\u0635\u0644\u0629.<\/p>\n<p><img fetchpriority=\"high\" decoding=\"async\" class=\"alignnone size-medium wp-image-11647\" src=\"https:\/\/modamob.com.tr\/wp-content\/uploads\/2022\/11\/1-211x300.jpg\" alt=\"\" width=\"211\" height=\"300\" srcset=\"https:\/\/www.modamob.com.tr\/wp-content\/uploads\/2022\/11\/1-211x300.jpg 211w, https:\/\/www.modamob.com.tr\/wp-content\/uploads\/2022\/11\/1.jpg 558w\" sizes=\"(max-width: 211px) 100vw, 211px\" \/><\/p>\n<p><strong>\u0645\u062e\u0637\u0637 \u062a\u062c\u0645\u064a\u0639 \u0627\u0644\u0645\u0646\u062a\u062c:<\/strong><\/p>\n<p>\u064a\u0631\u062c\u0649 \u0627\u0644\u0627\u062a\u0635\u0627\u0644 \u0628\u0646\u0627 \u0644\u0644\u062d\u0635\u0648\u0644 \u0639\u0644\u0649 \u0623\u062d\u062c\u0627\u0645 \u0645\u062e\u062a\u0644\u0641\u0629.<\/p>\n<p><img decoding=\"async\" class=\"alignnone size-medium wp-image-11648\" src=\"https:\/\/modamob.com.tr\/wp-content\/uploads\/2022\/11\/11-232x300.jpg\" alt=\"\" width=\"232\" height=\"300\" srcset=\"https:\/\/www.modamob.com.tr\/wp-content\/uploads\/2022\/11\/11-232x300.jpg 232w, https:\/\/www.modamob.com.tr\/wp-content\/uploads\/2022\/11\/11-600x774.jpg 600w, https:\/\/www.modamob.com.tr\/wp-content\/uploads\/2022\/11\/11.jpg 668w\" sizes=\"(max-width: 232px) 100vw, 232px\" \/><\/p>\n<p><strong>\u062a\u0641\u0627\u0635\u064a\u0644 \u0627\u0644\u0645\u0646\u062a\u062c:<\/strong><\/p>\n<p>\u0642\u0627\u0626\u0645\u0629 \u0645\u0648\u0627\u062f \u0622\u0644\u064a\u0629 \u0627\u0644\u0633\u0631\u064a\u0631 \u0627\u0644\u062c\u062f\u0627\u0631\u064a \u0627\u0644\u0645\u0632\u062f\u0648\u062c \u0627\u0644\u0642\u0627\u0628\u0644 \u0644\u0644\u0637\u064a \u0627\u0644\u0639\u0645\u0648\u062f\u064a.<\/p>\n<p><img decoding=\"async\" class=\"alignnone size-medium wp-image-11649\" src=\"https:\/\/modamob.com.tr\/wp-content\/uploads\/2022\/11\/111-212x300.jpg\" alt=\"\" width=\"212\" height=\"300\" srcset=\"https:\/\/www.modamob.com.tr\/wp-content\/uploads\/2022\/11\/111-212x300.jpg 212w, https:\/\/www.modamob.com.tr\/wp-content\/uploads\/2022\/11\/111.jpg 563w\" sizes=\"(max-width: 212px) 100vw, 212px\" \/><\/p>\n<p>&nbsp;<\/p>\n<p>&nbsp;<\/p>\n<p>&nbsp;<\/p>\n<p>&nbsp;<\/p>\n<p>&nbsp;<\/p>","protected":false},"excerpt":{"rendered":"<p>\u00c7ift Ki\u015filik Dikey A\u00e7\u0131l\u0131r Mekanizma \u00dcr\u00fcn Detaylar\u0131: TOPTAN F\u0130YATTIR. KDV HAR\u0130\u00c7T\u0130R. SADECE METAL AKSAMLAR. \u00dcCRETS\u0130Z KARGO \u00dcr\u00fcn Grafi\u011fi: YATAK \u00d6L\u00c7\u00dcS\u00dc 140cm x 190cm&#8217;D\u0130R. FARKLI \u00d6L\u00c7\u00dcLERDE \u00dcRET\u0130M YAPILMAKTADIR. DETAYLI B\u0130LG\u0130 \u0130\u00c7\u0130N \u0130LET\u0130\u015e\u0130ME GE\u00c7\u0130N\u0130Z. \u00dcr\u00fcn Montaj \u015eemas\u0131: Farkl\u0131 \u00f6l\u00e7\u00fcler i\u00e7in ileti\u015fime ge\u00e7iniz. \u00dcr\u00fcn Detay: \u00c7ift ki\u015filik dikey a\u00e7\u0131l\u0131r duvar yata\u011f\u0131 mekanizmas\u0131 malzeme listesi. &nbsp; &nbsp; &nbsp; &nbsp; [&hellip;]<\/p>","protected":false},"featured_media":11650,"template":"","meta":{"footnotes":""},"product_brand":[],"product_cat":[205,206],"product_tag":[239,240,260],"class_list":{"0":"post-11646","1":"product","2":"type-product","3":"status-publish","4":"has-post-thumbnail","6":"product_cat-cift-kisilik-somyali-mekanizmalar","7":"product_cat-mekanizmalar","8":"product_tag-akilli-mobilya","9":"product_tag-acilir-yatak","10":"product_tag-duvar-yatak-mekanizmasi","11":"tm-no-options","13":"first","14":"instock","15":"taxable","16":"shipping-taxable","17":"purchasable","18":"product-type-simple"},"yoast_head":"<!-- This site is optimized with the Yoast SEO plugin v26.8 - https:\/\/yoast.com\/product\/yoast-seo-wordpress\/ -->\n<title>\u00c7ift Ki\u015filik Dikey A\u00e7\u0131l\u0131r Mekanizma - Modamob Ak\u0131ll\u0131 Mobilya<\/title>\n<meta name=\"robots\" content=\"index, follow, max-snippet:-1, max-image-preview:large, max-video-preview:-1\" \/>\n<link rel=\"canonical\" href=\"https:\/\/www.modamob.com.tr\/ar\/\u0645\u0646\u062a\u062c\/\u0622\u0644\u064a\u0629-\u0627\u0644\u0641\u062a\u062d-\u0627\u0644\u0639\u0645\u0648\u062f\u064a-\u0644\u0644\u0645\u0642\u0639\u062f-\u0627\u0644\u0645\u0632\u062f\u0648\u062c\/\" \/>\n<meta property=\"og:locale\" content=\"ar_AR\" \/>\n<meta property=\"og:type\" content=\"article\" \/>\n<meta property=\"og:title\" content=\"\u00c7ift Ki\u015filik Dikey A\u00e7\u0131l\u0131r Mekanizma - Modamob Ak\u0131ll\u0131 Mobilya\" \/>\n<meta property=\"og:description\" content=\"\u00c7ift Ki\u015filik Dikey A\u00e7\u0131l\u0131r Mekanizma \u00dcr\u00fcn Detaylar\u0131: TOPTAN F\u0130YATTIR. KDV HAR\u0130\u00c7T\u0130R. SADECE METAL AKSAMLAR. \u00dcCRETS\u0130Z KARGO \u00dcr\u00fcn Grafi\u011fi: YATAK \u00d6L\u00c7\u00dcS\u00dc 140cm x 190cm&#8217;D\u0130R. FARKLI \u00d6L\u00c7\u00dcLERDE \u00dcRET\u0130M YAPILMAKTADIR. DETAYLI B\u0130LG\u0130 \u0130\u00c7\u0130N \u0130LET\u0130\u015e\u0130ME GE\u00c7\u0130N\u0130Z. \u00dcr\u00fcn Montaj \u015eemas\u0131: Farkl\u0131 \u00f6l\u00e7\u00fcler i\u00e7in ileti\u015fime ge\u00e7iniz. \u00dcr\u00fcn Detay: \u00c7ift ki\u015filik dikey a\u00e7\u0131l\u0131r duvar yata\u011f\u0131 mekanizmas\u0131 malzeme listesi. &nbsp; &nbsp; &nbsp; &nbsp; [&hellip;]\" \/>\n<meta property=\"og:url\" content=\"https:\/\/www.modamob.com.tr\/ar\/\u0645\u0646\u062a\u062c\/\u0622\u0644\u064a\u0629-\u0627\u0644\u0641\u062a\u062d-\u0627\u0644\u0639\u0645\u0648\u062f\u064a-\u0644\u0644\u0645\u0642\u0639\u062f-\u0627\u0644\u0645\u0632\u062f\u0648\u062c\/\" \/>\n<meta property=\"og:site_name\" content=\"Modamob Ak\u0131ll\u0131 Mobilya\" \/>\n<meta property=\"article:modified_time\" content=\"2024-05-28T14:18:27+00:00\" \/>\n<meta property=\"og:image\" content=\"https:\/\/www.modamob.com.tr\/wp-content\/uploads\/2022\/11\/anaresim1.jpg\" \/>\n\t<meta property=\"og:image:width\" content=\"1024\" \/>\n\t<meta property=\"og:image:height\" content=\"576\" \/>\n\t<meta property=\"og:image:type\" content=\"image\/jpeg\" \/>\n<meta name=\"twitter:card\" content=\"summary_large_image\" \/>\n<meta name=\"twitter:label1\" content=\"\u0648\u0642\u062a \u0627\u0644\u0642\u0631\u0627\u0621\u0629 \u0627\u0644\u0645\u064f\u0642\u062f\u0651\u0631\" \/>\n\t<meta name=\"twitter:data1\" content=\"\u062f\u0642\u064a\u0642\u062a\u0627\u0646\" \/>\n<script type=\"application\/ld+json\" class=\"yoast-schema-graph\">{\"@context\":\"https:\/\/schema.org\",\"@graph\":[{\"@type\":\"WebPage\",\"@id\":\"https:\/\/www.modamob.com.tr\/urun\/cift-kisilik-dikey-acilir-mekanizma\/\",\"url\":\"https:\/\/www.modamob.com.tr\/urun\/cift-kisilik-dikey-acilir-mekanizma\/\",\"name\":\"\u00c7ift Ki\u015filik Dikey A\u00e7\u0131l\u0131r Mekanizma - Modamob Ak\u0131ll\u0131 Mobilya\",\"isPartOf\":{\"@id\":\"https:\/\/www.modamob.com.tr\/#website\"},\"primaryImageOfPage\":{\"@id\":\"https:\/\/www.modamob.com.tr\/urun\/cift-kisilik-dikey-acilir-mekanizma\/#primaryimage\"},\"image\":{\"@id\":\"https:\/\/www.modamob.com.tr\/urun\/cift-kisilik-dikey-acilir-mekanizma\/#primaryimage\"},\"thumbnailUrl\":\"https:\/\/www.modamob.com.tr\/wp-content\/uploads\/2022\/11\/anaresim1.jpg\",\"datePublished\":\"2022-11-17T13:57:43+00:00\",\"dateModified\":\"2024-05-28T14:18:27+00:00\",\"breadcrumb\":{\"@id\":\"https:\/\/www.modamob.com.tr\/urun\/cift-kisilik-dikey-acilir-mekanizma\/#breadcrumb\"},\"inLanguage\":\"ar\",\"potentialAction\":[{\"@type\":\"ReadAction\",\"target\":[\"https:\/\/www.modamob.com.tr\/urun\/cift-kisilik-dikey-acilir-mekanizma\/\"]}]},{\"@type\":\"ImageObject\",\"inLanguage\":\"ar\",\"@id\":\"https:\/\/www.modamob.com.tr\/urun\/cift-kisilik-dikey-acilir-mekanizma\/#primaryimage\",\"url\":\"https:\/\/www.modamob.com.tr\/wp-content\/uploads\/2022\/11\/anaresim1.jpg\",\"contentUrl\":\"https:\/\/www.modamob.com.tr\/wp-content\/uploads\/2022\/11\/anaresim1.jpg\",\"width\":1024,\"height\":576,\"caption\":\"\u00c7ift Ki\u015filik Dikey A\u00e7\u0131l\u0131r Mekanizma\"},{\"@type\":\"BreadcrumbList\",\"@id\":\"https:\/\/www.modamob.com.tr\/urun\/cift-kisilik-dikey-acilir-mekanizma\/#breadcrumb\",\"itemListElement\":[{\"@type\":\"ListItem\",\"position\":1,\"name\":\"Anasayfa\",\"item\":\"https:\/\/www.modamob.com.tr\/\"},{\"@type\":\"ListItem\",\"position\":2,\"name\":\"Ma\u011faza\",\"item\":\"https:\/\/www.modamob.com.tr\/magaza\/\"},{\"@type\":\"ListItem\",\"position\":3,\"name\":\"\u00c7ift Ki\u015filik Dikey A\u00e7\u0131l\u0131r Mekanizma\"}]},{\"@type\":\"WebSite\",\"@id\":\"https:\/\/www.modamob.com.tr\/#website\",\"url\":\"https:\/\/www.modamob.com.tr\/\",\"name\":\"Modamob Ak\u0131ll\u0131 Mobilya\",\"description\":\"Yeni Nesil Hareketli Mobilyalar\",\"potentialAction\":[{\"@type\":\"SearchAction\",\"target\":{\"@type\":\"EntryPoint\",\"urlTemplate\":\"https:\/\/www.modamob.com.tr\/?s={search_term_string}\"},\"query-input\":{\"@type\":\"PropertyValueSpecification\",\"valueRequired\":true,\"valueName\":\"search_term_string\"}}],\"inLanguage\":\"ar\"}]}<\/script>\n<!-- \/ Yoast SEO plugin. -->","yoast_head_json":{"title":"\u0622\u0644\u064a\u0629 \u0641\u062a\u062d \u0631\u0623\u0633\u064a\u0629 \u0645\u0632\u062f\u0648\u062c\u0629 - Modamob Smart Furniture","robots":{"index":"index","follow":"follow","max-snippet":"max-snippet:-1","max-image-preview":"max-image-preview:large","max-video-preview":"max-video-preview:-1"},"canonical":"https:\/\/www.modamob.com.tr\/ar\/\u0645\u0646\u062a\u062c\/\u0622\u0644\u064a\u0629-\u0627\u0644\u0641\u062a\u062d-\u0627\u0644\u0639\u0645\u0648\u062f\u064a-\u0644\u0644\u0645\u0642\u0639\u062f-\u0627\u0644\u0645\u0632\u062f\u0648\u062c\/","og_locale":"ar_AR","og_type":"article","og_title":"\u00c7ift Ki\u015filik Dikey A\u00e7\u0131l\u0131r Mekanizma - Modamob Ak\u0131ll\u0131 Mobilya","og_description":"\u00c7ift Ki\u015filik Dikey A\u00e7\u0131l\u0131r Mekanizma \u00dcr\u00fcn Detaylar\u0131: TOPTAN F\u0130YATTIR. KDV HAR\u0130\u00c7T\u0130R. SADECE METAL AKSAMLAR. \u00dcCRETS\u0130Z KARGO \u00dcr\u00fcn Grafi\u011fi: YATAK \u00d6L\u00c7\u00dcS\u00dc 140cm x 190cm&#8217;D\u0130R. FARKLI \u00d6L\u00c7\u00dcLERDE \u00dcRET\u0130M YAPILMAKTADIR. DETAYLI B\u0130LG\u0130 \u0130\u00c7\u0130N \u0130LET\u0130\u015e\u0130ME GE\u00c7\u0130N\u0130Z. \u00dcr\u00fcn Montaj \u015eemas\u0131: Farkl\u0131 \u00f6l\u00e7\u00fcler i\u00e7in ileti\u015fime ge\u00e7iniz. \u00dcr\u00fcn Detay: \u00c7ift ki\u015filik dikey a\u00e7\u0131l\u0131r duvar yata\u011f\u0131 mekanizmas\u0131 malzeme listesi. &nbsp; &nbsp; &nbsp; &nbsp; [&hellip;]","og_url":"https:\/\/www.modamob.com.tr\/ar\/\u0645\u0646\u062a\u062c\/\u0622\u0644\u064a\u0629-\u0627\u0644\u0641\u062a\u062d-\u0627\u0644\u0639\u0645\u0648\u062f\u064a-\u0644\u0644\u0645\u0642\u0639\u062f-\u0627\u0644\u0645\u0632\u062f\u0648\u062c\/","og_site_name":"Modamob Ak\u0131ll\u0131 Mobilya","article_modified_time":"2024-05-28T14:18:27+00:00","og_image":[{"width":1024,"height":576,"url":"https:\/\/www.modamob.com.tr\/wp-content\/uploads\/2022\/11\/anaresim1.jpg","type":"image\/jpeg"}],"twitter_card":"summary_large_image","twitter_misc":{"\u0648\u0642\u062a \u0627\u0644\u0642\u0631\u0627\u0621\u0629 \u0627\u0644\u0645\u064f\u0642\u062f\u0651\u0631":"\u062f\u0642\u064a\u0642\u062a\u0627\u0646"},"schema":{"@context":"https:\/\/schema.org","@graph":[{"@type":"WebPage","@id":"https:\/\/www.modamob.com.tr\/urun\/cift-kisilik-dikey-acilir-mekanizma\/","url":"https:\/\/www.modamob.com.tr\/urun\/cift-kisilik-dikey-acilir-mekanizma\/","name":"\u0622\u0644\u064a\u0629 \u0641\u062a\u062d \u0631\u0623\u0633\u064a\u0629 \u0645\u0632\u062f\u0648\u062c\u0629 - Modamob Smart Furniture","isPartOf":{"@id":"https:\/\/www.modamob.com.tr\/#website"},"primaryImageOfPage":{"@id":"https:\/\/www.modamob.com.tr\/urun\/cift-kisilik-dikey-acilir-mekanizma\/#primaryimage"},"image":{"@id":"https:\/\/www.modamob.com.tr\/urun\/cift-kisilik-dikey-acilir-mekanizma\/#primaryimage"},"thumbnailUrl":"https:\/\/www.modamob.com.tr\/wp-content\/uploads\/2022\/11\/anaresim1.jpg","datePublished":"2022-11-17T13:57:43+00:00","dateModified":"2024-05-28T14:18:27+00:00","breadcrumb":{"@id":"https:\/\/www.modamob.com.tr\/urun\/cift-kisilik-dikey-acilir-mekanizma\/#breadcrumb"},"inLanguage":"ar","potentialAction":[{"@type":"ReadAction","target":["https:\/\/www.modamob.com.tr\/urun\/cift-kisilik-dikey-acilir-mekanizma\/"]}]},{"@type":"ImageObject","inLanguage":"ar","@id":"https:\/\/www.modamob.com.tr\/urun\/cift-kisilik-dikey-acilir-mekanizma\/#primaryimage","url":"https:\/\/www.modamob.com.tr\/wp-content\/uploads\/2022\/11\/anaresim1.jpg","contentUrl":"https:\/\/www.modamob.com.tr\/wp-content\/uploads\/2022\/11\/anaresim1.jpg","width":1024,"height":576,"caption":"\u00c7ift Ki\u015filik Dikey A\u00e7\u0131l\u0131r Mekanizma"},{"@type":"BreadcrumbList","@id":"https:\/\/www.modamob.com.tr\/urun\/cift-kisilik-dikey-acilir-mekanizma\/#breadcrumb","itemListElement":[{"@type":"ListItem","position":1,"name":"Anasayfa","item":"https:\/\/www.modamob.com.tr\/"},{"@type":"ListItem","position":2,"name":"Ma\u011faza","item":"https:\/\/www.modamob.com.tr\/magaza\/"},{"@type":"ListItem","position":3,"name":"\u00c7ift Ki\u015filik Dikey A\u00e7\u0131l\u0131r Mekanizma"}]},{"@type":"WebSite","@id":"https:\/\/www.modamob.com.tr\/#website","url":"https:\/\/www.modamob.com.tr\/","name":"\u0645\u0648\u062f\u0627\u0645\u0648\u0628 \u0633\u0645\u0627\u0631\u062a \u0644\u0644\u0623\u062b\u0627\u062b","description":"\u0627\u0644\u062c\u064a\u0644 \u0627\u0644\u062c\u062f\u064a\u062f \u0645\u0646 \u0627\u0644\u0623\u062b\u0627\u062b \u0627\u0644\u0645\u062a\u062d\u0631\u0643","potentialAction":[{"@type":"SearchAction","target":{"@type":"EntryPoint","urlTemplate":"https:\/\/www.modamob.com.tr\/?s={search_term_string}"},"query-input":{"@type":"PropertyValueSpecification","valueRequired":true,"valueName":"search_term_string"}}],"inLanguage":"ar"}]}},"_links":{"self":[{"href":"https:\/\/www.modamob.com.tr\/ar\/wp-json\/wp\/v2\/product\/11646","targetHints":{"allow":["GET"]}}],"collection":[{"href":"https:\/\/www.modamob.com.tr\/ar\/wp-json\/wp\/v2\/product"}],"about":[{"href":"https:\/\/www.modamob.com.tr\/ar\/wp-json\/wp\/v2\/types\/product"}],"version-history":[{"count":2,"href":"https:\/\/www.modamob.com.tr\/ar\/wp-json\/wp\/v2\/product\/11646\/revisions"}],"predecessor-version":[{"id":15808,"href":"https:\/\/www.modamob.com.tr\/ar\/wp-json\/wp\/v2\/product\/11646\/revisions\/15808"}],"wp:featuredmedia":[{"embeddable":true,"href":"https:\/\/www.modamob.com.tr\/ar\/wp-json\/wp\/v2\/media\/11650"}],"wp:attachment":[{"href":"https:\/\/www.modamob.com.tr\/ar\/wp-json\/wp\/v2\/media?parent=11646"}],"wp:term":[{"taxonomy":"product_brand","embeddable":true,"href":"https:\/\/www.modamob.com.tr\/ar\/wp-json\/wp\/v2\/product_brand?post=11646"},{"taxonomy":"product_cat","embeddable":true,"href":"https:\/\/www.modamob.com.tr\/ar\/wp-json\/wp\/v2\/product_cat?post=11646"},{"taxonomy":"product_tag","embeddable":true,"href":"https:\/\/www.modamob.com.tr\/ar\/wp-json\/wp\/v2\/product_tag?post=11646"}],"curies":[{"name":"wp","href":"https:\/\/api.w.org\/{rel}","templated":true}]}}