{"id":18411,"date":"2025-03-11T01:59:31","date_gmt":"2025-03-10T22:59:31","guid":{"rendered":"https:\/\/www.modamob.com.tr\/?page_id=18411"},"modified":"2025-03-11T02:04:00","modified_gmt":"2025-03-10T23:04:00","slug":"bayilik-basvurusu","status":"publish","type":"page","link":"https:\/\/www.modamob.com.tr\/ar\/bayilik-basvurusu\/","title":{"rendered":"Bayilik Ba\u015fvurusu"},"content":{"rendered":"<div data-elementor-type=\"wp-page\" data-elementor-id=\"18411\" class=\"elementor elementor-18411\">\n\t\t\t\t\t\t<section class=\"elementor-section elementor-top-section elementor-element elementor-element-11fc054c elementor-section-boxed elementor-section-height-default elementor-section-height-default\" data-id=\"11fc054c\" data-element_type=\"section\" data-settings=\"{&quot;jet_parallax_layout_list&quot;:[]}\">\n\t\t\t\t\t\t<div class=\"elementor-container elementor-column-gap-default\">\n\t\t\t\t\t<div class=\"elementor-column elementor-col-100 elementor-top-column elementor-element elementor-element-1e6d171d\" data-id=\"1e6d171d\" data-element_type=\"column\">\n\t\t\t<div class=\"elementor-widget-wrap elementor-element-populated\">\n\t\t\t\t\t\t<div class=\"elementor-element elementor-element-26ce4e34 elementor-widget elementor-widget-text-editor\" data-id=\"26ce4e34\" data-element_type=\"widget\" data-widget_type=\"text-editor.default\">\n\t\t\t\t<div class=\"elementor-widget-container\">\n\t\t\t\t\t\t\t\t\t\n<p>Modamob olarak, ak\u0131ll\u0131 mobilya sekt\u00f6r\u00fcnde kaliteli \u00fcr\u00fcnlerimizle sekt\u00f6rdeki yerimizi sa\u011flamla\u015ft\u0131rd\u0131k. E-ticaret sat\u0131\u015flar\u0131 i\u00e7in XML bayilik f\u0131rsatlar\u0131 sunuyoruz ve ayn\u0131 zamanda mobilya d\u00fckkanlar\u0131 i\u00e7in toptan \u00fcretim ve mobilya mekanizmalar\u0131 sa\u011fl\u0131yoruz. Bayilik ba\u015fvurusu yapmak isteyen giri\u015fimciler, Modamob\u2019un geli\u015fen markas\u0131na katk\u0131 sa\u011flama f\u0131rsat\u0131 yakalayacaklar.<\/p>\n\n\n\n<p>Bayilik ba\u015fvurusunda bulunarak:<\/p>\n\n\n\n<ul class=\"wp-block-list\">\n<li><strong>XML Bayilik<\/strong>: E-ticaret platformlar\u0131 \u00fczerinden sat\u0131\u015f yapma f\u0131rsat\u0131na sahip olabilirsiniz.<\/li>\n\n\n\n<li><strong>Toptan \u00dcretim ve Mobilya Mekanizmalar\u0131<\/strong>: Mobilya d\u00fckkanlar\u0131n\u0131za kaliteli mekanizmalar ve \u00f6zel \u00fcretimler temin edebilirsiniz.<\/li>\n<\/ul>\n\n\n\n<p>Modamob&#8217;un sundu\u011fu bu f\u0131rsatlar ile i\u015fletmenizi b\u00fcy\u00fctebilir ve sekt\u00f6rdeki lider markalardan biri olabilirsiniz. Bayilik ba\u015fvurusu i\u00e7in daha fazla bilgi almak ve ba\u015fvuruda bulunmak i\u00e7in ileti\u015fime ge\u00e7ebilirsiniz.<\/p>\n\n\n\n<p><\/p>\n\t\t\t\t\t\t\t\t<\/div>\n\t\t\t\t<\/div>\n\t\t\t\t\t<\/div>\n\t\t<\/div>\n\t\t\t\t\t<\/div>\n\t\t<\/section>\n\t\t\t\t<section class=\"elementor-section elementor-top-section elementor-element elementor-element-2fac7bb elementor-section-boxed elementor-section-height-default elementor-section-height-default\" data-id=\"2fac7bb\" data-element_type=\"section\" data-settings=\"{&quot;jet_parallax_layout_list&quot;:[]}\">\n\t\t\t\t\t\t<div class=\"elementor-container elementor-column-gap-default\">\n\t\t\t\t\t<div class=\"elementor-column elementor-col-100 elementor-top-column elementor-element elementor-element-11c15b5\" data-id=\"11c15b5\" data-element_type=\"column\">\n\t\t\t<div class=\"elementor-widget-wrap elementor-element-populated\">\n\t\t\t\t\t\t<div class=\"elementor-element elementor-element-bfdedf8 elementor-widget__width-initial elementor-widget elementor-widget-jet-form-builder-form\" data-id=\"bfdedf8\" data-element_type=\"widget\" data-widget_type=\"jet-form-builder-form.default\">\n\t\t\t\t<div class=\"elementor-widget-container\">\n\t\t\t\t\t<link rel='stylesheet' id='wp-block-library-rtl-css' href='https:\/\/www.modamob.com.tr\/wp-includes\/css\/dist\/block-library\/style-rtl.min.css' type='text\/css' media='all' \/>\n<style id=\"jet-form-builder-10582-inline-css\"><\/style><form  class=\"jet-form-builder layout-column submit-type-reload\" action=\"https:\/\/www.modamob.com.tr\/ar\/wp-json\/wp\/v2\/pages\/18411\/?c635qu=T81H6cnV185Y&#038;method=reload\" method=\"POST\" data-form-id=\"10582\" data-layout=\"column\" enctype=\"multipart\/form-data\" novalidate=\"null\" ssr_validation_method=\"rest\" data-trp-original-action=\"https:\/\/www.modamob.com.tr\/ar\/wp-json\/wp\/v2\/pages\/18411\/?c635qu=T81H6cnV185Y&amp;method=reload\"><input type=\"hidden\" id=\"_wpnonce\" name=\"_wpnonce\" value=\"64adfa783e\" \/><input type=\"hidden\" name=\"_wp_http_referer\" value=\"\/ar\/wp-json\/wp\/v2\/pages\/18411\" \/>\r\n<input type=\"hidden\" name=\"_jfb_current_render_states[]\" value=\"DEFAULT.STATE\" data-jfb-sync \/><input type=\"hidden\" class=\"jet-form-builder__field hidden-field\" name=\"_jet_engine_booking_form_id\" data-field-name=\"_jet_engine_booking_form_id\" value=\"10582\">\n<input type=\"hidden\" class=\"jet-form-builder__field hidden-field\" name=\"_jet_engine_refer\" data-field-name=\"_jet_engine_refer\" value=\"https:\/\/www.modamob.com.tr\/ar\/wp-json\/wp\/v2\/pages\/18411\/\">\n<input type=\"hidden\" class=\"jet-form-builder__field hidden-field\" name=\"__queried_post_id\" data-field-name=\"__queried_post_id\" value=\"18411\">\n<div  class=\"jet-form-builder-row field-type-text-field\" >\n<div class=\"jet-form-builder__label\">\r\n<div class=\"jet-form-builder__label-text\">\u0627\u0644\u0627\u0633\u0645 \u0627\u0644\u0644\u0642\u0628 <span class=\"jet-form-builder__required\">*<\/span><\/div><\/div><div class=\"jet-form-builder__field-wrap\">\n\t\t\t\t<input required=\"required\" name=\"name\" id=\"name\" type=\"text\" data-field-name=\"name\" class=\"jet-form-builder__field text-field\" data-jfb-sync=\"null\" autocomplete=\"off_xIPaoVAv\">\n\t\t\t\t\t<\/div>\n<\/div>\n\n\n<div class=\"wp-block-columns is-layout-flex wp-container-core-columns-is-layout-9d6595d7 wp-block-columns-is-layout-flex\">\n<div class=\"wp-block-column is-layout-flow wp-block-column-is-layout-flow\"><div  class=\"jet-form-builder-row field-type-text-field\" >\n<div class=\"jet-form-builder__label\">\r\n<div class=\"jet-form-builder__label-text\">\u0628\u0631\u064a\u062f \u0625\u0644\u0643\u062a\u0631\u0648\u0646\u064a <span class=\"jet-form-builder__required\">*<\/span><\/div><\/div><div class=\"jet-form-builder__field-wrap\">\n\t\t\t\t<input required=\"required\" name=\"email\" id=\"email\" type=\"email\" data-field-name=\"email\" class=\"jet-form-builder__field text-field\" data-jfb-sync=\"null\" autocomplete=\"off_iQPqjG9Y\">\n\t\t\t\t\t<\/div>\n<\/div><\/div>\n\n\n\n<div class=\"wp-block-column is-layout-flow wp-block-column-is-layout-flow\"><div  class=\"jet-form-builder-row field-type-text-field\" >\n<div class=\"jet-form-builder__label\">\r\n<div class=\"jet-form-builder__label-text\">\u0647\u0627\u062a\u0641 <span class=\"jet-form-builder__required\">*<\/span><\/div><\/div><div class=\"jet-form-builder__field-wrap\">\n\t\t\t\t<input required=\"required\" name=\"phone\" id=\"phone\" type=\"tel\" data-field-name=\"phone\" class=\"jet-form-builder__field text-field jet-form-builder__masked-field\" data-jfb-sync=\"null\" autocomplete=\"off_YonMSpsJ\" data-inputmask=\"&#039;mask&#039;: &#039;+99(999)999-99-99&#039;\" data-inputmask-placeholder=\"_\" data-inputmask-clearmaskonlostfocus=\"false\">\n\t\t\t\t\t<\/div>\n<\/div><\/div>\n<\/div>\n\n\n<div  class=\"jet-form-builder-row field-type-radio-field wp-block-jet-forms-radio-field\">\n<div class=\"jet-form-builder__label\">\r\n<div class=\"jet-form-builder__label-text\">\u0637\u0631\u064a\u0642\u0629 \u0627\u0644\u0627\u062a\u0635\u0627\u0644 \u0627\u0644\u0645\u0641\u0636\u0644\u0629 <span class=\"jet-form-builder__required\">*<\/span><\/div><\/div><div class=\"jet-form-builder__fields-group checkradio-wrap\" data-jfb-sync><div class=\"jet-form-builder__field-wrap radio-wrap checkradio-wrap\"><label class=\"jet-form-builder__field-label for-radio\">\n<input type=\"radio\" name=\"preferred-method-of-communication\" value=\"email\" data-field-name=\"preferred-method-of-communication\"  class=\"jet-form-builder__field radio-field checkradio-field\" required=\"required\"><span>\u0628\u0631\u064a\u062f \u0625\u0644\u0643\u062a\u0631\u0648\u0646\u064a<\/span><\/label><\/div><div class=\"jet-form-builder__field-wrap radio-wrap checkradio-wrap\"><label class=\"jet-form-builder__field-label for-radio\">\n<input type=\"radio\" name=\"preferred-method-of-communication\" value=\"phone\" data-field-name=\"preferred-method-of-communication\"  class=\"jet-form-builder__field radio-field checkradio-field\" required=\"required\"><span>\u0647\u0627\u062a\u0641<\/span><\/label><\/div><\/div>\n<\/div>\n\n<div  class=\"jet-form-builder-row field-type-textarea-field\" >\n<div class=\"jet-form-builder__label\">\r\n<div class=\"jet-form-builder__label-text\">\u0631\u0633\u0627\u0644\u062a\u0643<\/div><\/div><div class=\"jet-form-builder__field-wrap\">\n\t\t<textarea class=\"jet-form-builder__field textarea-field\" name=\"message\" data-field-name=\"message\" id=\"message\" data-jfb-sync=\"null\"><\/textarea>\n\t<\/div>\n<\/div>\n\n<div  class=\"jet-form-builder-row field-type-submit-field\" >\n\t<div data-type=\"submit\" class=\"jet-form-builder__action-button-wrapper jet-form-builder__submit-wrap\">\n\t<button class=\"jet-form-builder__action-button jet-form-builder__submit submit-type-reload\" type=\"submit\">\u064a\u064f\u0642\u062f\u0651\u0650\u0645<\/button>\n\t<\/div>\n\t\n<\/div>\t<div class=\"jet-form-builder-messages-wrap\" data-form-id=\"10582\"><\/div>\n<input type=\"hidden\" name=\"trp-form-language\" value=\"ar\"\/><\/form>\n\t\t\t\t<\/div>\n\t\t\t\t<\/div>\n\t\t\t\t\t<\/div>\n\t\t<\/div>\n\t\t\t\t\t<\/div>\n\t\t<\/section>\n\t\t\t\t<\/div>","protected":false},"excerpt":{"rendered":"<p>Modamob olarak, ak\u0131ll\u0131 mobilya sekt\u00f6r\u00fcnde kaliteli \u00fcr\u00fcnlerimizle sekt\u00f6rdeki yerimizi sa\u011flamla\u015ft\u0131rd\u0131k. E-ticaret sat\u0131\u015flar\u0131 i\u00e7in XML bayilik f\u0131rsatlar\u0131 sunuyoruz ve ayn\u0131 zamanda mobilya d\u00fckkanlar\u0131 i\u00e7in toptan \u00fcretim ve mobilya mekanizmalar\u0131 sa\u011fl\u0131yoruz. Bayilik ba\u015fvurusu yapmak isteyen giri\u015fimciler, Modamob\u2019un geli\u015fen markas\u0131na katk\u0131 sa\u011flama f\u0131rsat\u0131 yakalayacaklar. Bayilik ba\u015fvurusunda bulunarak: Modamob&#8217;un sundu\u011fu bu f\u0131rsatlar ile i\u015fletmenizi b\u00fcy\u00fctebilir ve sekt\u00f6rdeki lider markalardan [&hellip;]<\/p>","protected":false},"author":126,"featured_media":0,"parent":0,"menu_order":0,"comment_status":"closed","ping_status":"closed","template":"","meta":{"footnotes":""},"class_list":["post-18411","page","type-page","status-publish","hentry"],"yoast_head":"<!-- This site is optimized with the Yoast SEO plugin v26.8 - https:\/\/yoast.com\/product\/yoast-seo-wordpress\/ -->\n<title>Bayilik Ba\u015fvurusu - Modamob Ak\u0131ll\u0131 Mobilya<\/title>\n<meta name=\"robots\" content=\"index, follow, max-snippet:-1, max-image-preview:large, max-video-preview:-1\" \/>\n<link rel=\"canonical\" href=\"https:\/\/www.modamob.com.tr\/ar\/bayilik-basvurusu\/\" \/>\n<meta property=\"og:locale\" content=\"ar_AR\" \/>\n<meta property=\"og:type\" content=\"article\" \/>\n<meta property=\"og:title\" content=\"Bayilik Ba\u015fvurusu - Modamob Ak\u0131ll\u0131 Mobilya\" \/>\n<meta property=\"og:description\" content=\"Modamob olarak, ak\u0131ll\u0131 mobilya sekt\u00f6r\u00fcnde kaliteli \u00fcr\u00fcnlerimizle sekt\u00f6rdeki yerimizi sa\u011flamla\u015ft\u0131rd\u0131k. E-ticaret sat\u0131\u015flar\u0131 i\u00e7in XML bayilik f\u0131rsatlar\u0131 sunuyoruz ve ayn\u0131 zamanda mobilya d\u00fckkanlar\u0131 i\u00e7in toptan \u00fcretim ve mobilya mekanizmalar\u0131 sa\u011fl\u0131yoruz. Bayilik ba\u015fvurusu yapmak isteyen giri\u015fimciler, Modamob\u2019un geli\u015fen markas\u0131na katk\u0131 sa\u011flama f\u0131rsat\u0131 yakalayacaklar. Bayilik ba\u015fvurusunda bulunarak: Modamob&#8217;un sundu\u011fu bu f\u0131rsatlar ile i\u015fletmenizi b\u00fcy\u00fctebilir ve sekt\u00f6rdeki lider markalardan [&hellip;]\" \/>\n<meta property=\"og:url\" content=\"https:\/\/www.modamob.com.tr\/ar\/bayilik-basvurusu\/\" \/>\n<meta property=\"og:site_name\" content=\"Modamob Ak\u0131ll\u0131 Mobilya\" \/>\n<meta property=\"article:modified_time\" content=\"2025-03-10T23:04:00+00:00\" \/>\n<meta name=\"twitter:card\" content=\"summary_large_image\" \/>\n<meta name=\"twitter:label1\" content=\"\u0648\u0642\u062a \u0627\u0644\u0642\u0631\u0627\u0621\u0629 \u0627\u0644\u0645\u064f\u0642\u062f\u0651\u0631\" \/>\n\t<meta name=\"twitter:data1\" content=\"\u062f\u0642\u064a\u0642\u0629 \u0648\u0627\u062d\u062f\u0629\" \/>\n<script type=\"application\/ld+json\" class=\"yoast-schema-graph\">{\"@context\":\"https:\/\/schema.org\",\"@graph\":[{\"@type\":\"WebPage\",\"@id\":\"https:\/\/www.modamob.com.tr\/bayilik-basvurusu\/\",\"url\":\"https:\/\/www.modamob.com.tr\/bayilik-basvurusu\/\",\"name\":\"Bayilik Ba\u015fvurusu - Modamob Ak\u0131ll\u0131 Mobilya\",\"isPartOf\":{\"@id\":\"https:\/\/www.modamob.com.tr\/#website\"},\"datePublished\":\"2025-03-10T22:59:31+00:00\",\"dateModified\":\"2025-03-10T23:04:00+00:00\",\"breadcrumb\":{\"@id\":\"https:\/\/www.modamob.com.tr\/bayilik-basvurusu\/#breadcrumb\"},\"inLanguage\":\"ar\",\"potentialAction\":[{\"@type\":\"ReadAction\",\"target\":[\"https:\/\/www.modamob.com.tr\/bayilik-basvurusu\/\"]}]},{\"@type\":\"BreadcrumbList\",\"@id\":\"https:\/\/www.modamob.com.tr\/bayilik-basvurusu\/#breadcrumb\",\"itemListElement\":[{\"@type\":\"ListItem\",\"position\":1,\"name\":\"Anasayfa\",\"item\":\"https:\/\/www.modamob.com.tr\/\"},{\"@type\":\"ListItem\",\"position\":2,\"name\":\"Bayilik Ba\u015fvurusu\"}]},{\"@type\":\"WebSite\",\"@id\":\"https:\/\/www.modamob.com.tr\/#website\",\"url\":\"https:\/\/www.modamob.com.tr\/\",\"name\":\"Modamob Ak\u0131ll\u0131 Mobilya\",\"description\":\"Yeni Nesil Hareketli Mobilyalar\",\"potentialAction\":[{\"@type\":\"SearchAction\",\"target\":{\"@type\":\"EntryPoint\",\"urlTemplate\":\"https:\/\/www.modamob.com.tr\/?s={search_term_string}\"},\"query-input\":{\"@type\":\"PropertyValueSpecification\",\"valueRequired\":true,\"valueName\":\"search_term_string\"}}],\"inLanguage\":\"ar\"}]}<\/script>\n<!-- \/ Yoast SEO plugin. -->","yoast_head_json":{"title":"Bayilik Ba\u015fvurusu - Modamob Ak\u0131ll\u0131 Mobilya","robots":{"index":"index","follow":"follow","max-snippet":"max-snippet:-1","max-image-preview":"max-image-preview:large","max-video-preview":"max-video-preview:-1"},"canonical":"https:\/\/www.modamob.com.tr\/ar\/bayilik-basvurusu\/","og_locale":"ar_AR","og_type":"article","og_title":"Bayilik Ba\u015fvurusu - Modamob Ak\u0131ll\u0131 Mobilya","og_description":"Modamob olarak, ak\u0131ll\u0131 mobilya sekt\u00f6r\u00fcnde kaliteli \u00fcr\u00fcnlerimizle sekt\u00f6rdeki yerimizi sa\u011flamla\u015ft\u0131rd\u0131k. E-ticaret sat\u0131\u015flar\u0131 i\u00e7in XML bayilik f\u0131rsatlar\u0131 sunuyoruz ve ayn\u0131 zamanda mobilya d\u00fckkanlar\u0131 i\u00e7in toptan \u00fcretim ve mobilya mekanizmalar\u0131 sa\u011fl\u0131yoruz. Bayilik ba\u015fvurusu yapmak isteyen giri\u015fimciler, Modamob\u2019un geli\u015fen markas\u0131na katk\u0131 sa\u011flama f\u0131rsat\u0131 yakalayacaklar. Bayilik ba\u015fvurusunda bulunarak: Modamob&#8217;un sundu\u011fu bu f\u0131rsatlar ile i\u015fletmenizi b\u00fcy\u00fctebilir ve sekt\u00f6rdeki lider markalardan [&hellip;]","og_url":"https:\/\/www.modamob.com.tr\/ar\/bayilik-basvurusu\/","og_site_name":"Modamob Ak\u0131ll\u0131 Mobilya","article_modified_time":"2025-03-10T23:04:00+00:00","twitter_card":"summary_large_image","twitter_misc":{"\u0648\u0642\u062a \u0627\u0644\u0642\u0631\u0627\u0621\u0629 \u0627\u0644\u0645\u064f\u0642\u062f\u0651\u0631":"\u062f\u0642\u064a\u0642\u0629 \u0648\u0627\u062d\u062f\u0629"},"schema":{"@context":"https:\/\/schema.org","@graph":[{"@type":"WebPage","@id":"https:\/\/www.modamob.com.tr\/bayilik-basvurusu\/","url":"https:\/\/www.modamob.com.tr\/bayilik-basvurusu\/","name":"Bayilik Ba\u015fvurusu - Modamob Ak\u0131ll\u0131 Mobilya","isPartOf":{"@id":"https:\/\/www.modamob.com.tr\/#website"},"datePublished":"2025-03-10T22:59:31+00:00","dateModified":"2025-03-10T23:04:00+00:00","breadcrumb":{"@id":"https:\/\/www.modamob.com.tr\/bayilik-basvurusu\/#breadcrumb"},"inLanguage":"ar","potentialAction":[{"@type":"ReadAction","target":["https:\/\/www.modamob.com.tr\/bayilik-basvurusu\/"]}]},{"@type":"BreadcrumbList","@id":"https:\/\/www.modamob.com.tr\/bayilik-basvurusu\/#breadcrumb","itemListElement":[{"@type":"ListItem","position":1,"name":"Anasayfa","item":"https:\/\/www.modamob.com.tr\/"},{"@type":"ListItem","position":2,"name":"Bayilik Ba\u015fvurusu"}]},{"@type":"WebSite","@id":"https:\/\/www.modamob.com.tr\/#website","url":"https:\/\/www.modamob.com.tr\/","name":"\u0645\u0648\u062f\u0627\u0645\u0648\u0628 \u0633\u0645\u0627\u0631\u062a \u0644\u0644\u0623\u062b\u0627\u062b","description":"\u0627\u0644\u062c\u064a\u0644 \u0627\u0644\u062c\u062f\u064a\u062f \u0645\u0646 \u0627\u0644\u0623\u062b\u0627\u062b \u0627\u0644\u0645\u062a\u062d\u0631\u0643","potentialAction":[{"@type":"SearchAction","target":{"@type":"EntryPoint","urlTemplate":"https:\/\/www.modamob.com.tr\/?s={search_term_string}"},"query-input":{"@type":"PropertyValueSpecification","valueRequired":true,"valueName":"search_term_string"}}],"inLanguage":"ar"}]}},"_links":{"self":[{"href":"https:\/\/www.modamob.com.tr\/ar\/wp-json\/wp\/v2\/pages\/18411","targetHints":{"allow":["GET"]}}],"collection":[{"href":"https:\/\/www.modamob.com.tr\/ar\/wp-json\/wp\/v2\/pages"}],"about":[{"href":"https:\/\/www.modamob.com.tr\/ar\/wp-json\/wp\/v2\/types\/page"}],"author":[{"embeddable":true,"href":"https:\/\/www.modamob.com.tr\/ar\/wp-json\/wp\/v2\/users\/126"}],"replies":[{"embeddable":true,"href":"https:\/\/www.modamob.com.tr\/ar\/wp-json\/wp\/v2\/comments?post=18411"}],"version-history":[{"count":5,"href":"https:\/\/www.modamob.com.tr\/ar\/wp-json\/wp\/v2\/pages\/18411\/revisions"}],"predecessor-version":[{"id":18417,"href":"https:\/\/www.modamob.com.tr\/ar\/wp-json\/wp\/v2\/pages\/18411\/revisions\/18417"}],"wp:attachment":[{"href":"https:\/\/www.modamob.com.tr\/ar\/wp-json\/wp\/v2\/media?parent=18411"}],"curies":[{"name":"wp","href":"https:\/\/api.w.org\/{rel}","templated":true}]}}