{"id":15249,"date":"2023-03-23T14:06:30","date_gmt":"2023-03-23T11:06:30","guid":{"rendered":"https:\/\/www.modamob.com.tr\/?page_id=15249"},"modified":"2023-03-23T14:07:32","modified_gmt":"2023-03-23T11:07:32","slug":"%d8%a7%d9%84%d8%aa%d8%b3%d9%84%d9%8a%d9%85-%d9%88%d8%a7%d9%84%d8%aa%d8%ac%d9%85%d9%8a%d8%b9","status":"publish","type":"page","link":"https:\/\/www.modamob.com.tr\/ar\/%d8%a7%d9%84%d8%aa%d8%b3%d9%84%d9%8a%d9%85-%d9%88%d8%a7%d9%84%d8%aa%d8%ac%d9%85%d9%8a%d8%b9\/","title":{"rendered":"\u0627\u0644\u062a\u0633\u0644\u064a\u0645 \u0648\u0627\u0644\u062a\u0631\u0643\u064a\u0628"},"content":{"rendered":"<p><strong><u>\u0627\u0644\u062a\u0633\u0644\u064a\u0645 \u0648\u0627\u0644\u062a\u062c\u0645\u064a\u0639:<\/u><\/strong><\/p>\n\n\n\n<ul class=\"wp-block-list\">\n<li>\u064a\u062a\u0645 \u0634\u062d\u0646 \u0645\u0646\u062a\u062c\u0627\u062a\u0646\u0627 \u0625\u0644\u0649 \u0639\u0646\u0648\u0627\u0646\u0643 \u0639\u0646 \u0637\u0631\u064a\u0642 \u0634\u0631\u0643\u0627\u062a \u0627\u0644\u0634\u062d\u0646 \u0627\u0644\u0645\u062a\u0639\u0627\u0642\u062f \u0645\u0639\u0647\u0627.<\/li>\n\n\n\n<li>\u0628\u0645\u062c\u0631\u062f \u0627\u0644\u0645\u0648\u0627\u0641\u0642\u0629 \u0639\u0644\u0649 \u0637\u0644\u0628\u0627\u062a\u0643 \u0627\u0644\u062e\u0627\u0635\u0629 \u0628\u0627\u0644\u0622\u0644\u064a\u0629\u060c \u0633\u064a\u062a\u0645 \u062a\u0633\u0644\u064a\u0645\u0647\u0627 \u0625\u0644\u0649 \u0634\u0631\u0643\u0629 \u0627\u0644\u0634\u062d\u0646 \u0627\u0644\u0645\u062a\u0639\u0627\u0642\u062f \u0645\u0639\u0647\u0627 \u062e\u0644\u0627\u0644 \u064a\u0648\u0645\u064a \u0639\u0645\u0644 \u0639\u0644\u0649 \u0623\u0628\u0639\u062f \u062a\u0642\u062f\u064a\u0631.<\/li>\n\n\n\n<li>\u064a\u0645\u0643\u0646\u0643 \u0627\u0644\u0627\u062a\u0635\u0627\u0644 \u0628\u0646\u0627 \u0628\u062e\u0635\u0648\u0635 \u062d\u0627\u0644\u0629 \u0627\u0644\u0645\u062e\u0632\u0648\u0646 \u0648\u0639\u0645\u0644\u064a\u0629 \u0625\u0646\u062a\u0627\u062c \u0627\u0644\u0623\u062b\u0627\u062b.<\/li>\n\n\n\n<li>\u064a\u062a\u0645 \u0625\u0639\u062f\u0627\u062f \u0648\u062a\u063a\u0644\u064a\u0641 \u0627\u0644\u0645\u0648\u0627\u062f \u0648\u0627\u0644\u0645\u0633\u062a\u0646\u062f\u0627\u062a \u0627\u0644\u0645\u0637\u0644\u0648\u0628\u0629 \u0644\u0644\u062a\u062b\u0628\u064a\u062a \u0628\u0639\u0646\u0627\u064a\u0629.<\/li>\n\n\n\n<li>\u0641\u064a \u062d\u0627\u0644\u0629 \u0627\u0644\u062d\u0627\u062c\u0629\u060c \u064a\u062a\u0645 \u062a\u0648\u0641\u064a\u0631 \u062f\u0639\u0645 \u0627\u0644\u062a\u0631\u0643\u064a\u0628 \u0645\u0642\u0627\u0628\u0644 \u0631\u0633\u0648\u0645 \u0641\u064a \u0645\u062d\u0627\u0641\u0638\u0627\u062a \u0628\u0648\u0631\u0635\u0629 \u0648\u0625\u0633\u0637\u0646\u0628\u0648\u0644 \u0648\u0623\u0646\u0642\u0631\u0629 \u0648\u0625\u0632\u0645\u064a\u0631.<\/li>\n\n\n\n<li>\u0625\u0630\u0627 \u0643\u0646\u062a \u0628\u062d\u0627\u062c\u0629 \u0625\u0644\u0649 \u062f\u0639\u0645 \u0644\u0644\u062a\u062b\u0628\u064a\u062a\u060c \u064a\u0645\u0643\u0646\u0643 \u0627\u0644\u0627\u062a\u0635\u0627\u0644 \u0628\u0631\u0642\u0645 GSM (Remzi Deniz \u2013 0530 036 18 21).<\/li>\n<\/ul>\n\n\n\n<p><strong><u>\u0645\u0639\u0644\u0648\u0645\u0627\u062a \u0647\u0627\u0645\u0629:<\/u><\/strong><\/p>\n\n\n\n<ul class=\"wp-block-list\">\n<li>\u064a\u062a\u0645 \u062a\u062b\u0628\u064a\u062a \u0645\u0646\u062a\u062c\u0627\u062a\u0646\u0627 \u0639\u0644\u0649 \u0627\u0644\u062d\u0627\u0626\u0637 \u0639\u0646 \u0637\u0631\u064a\u0642 \u0625\u0631\u0633\u0627\u0644 \u0627\u0644\u0623\u0642\u0648\u0627\u0633 \u0625\u0644\u064a\u0643.<\/li>\n\n\n\n<li>\u0648\u0628\u0647\u0630\u0647 \u0627\u0644\u0637\u0631\u064a\u0642\u0629\u060c \u0644\u0627 \u064a\u0634\u0643\u0644 \u062e\u0637\u0631\u064b\u0627 \u0625\u0636\u0627\u0641\u064a\u064b\u0627 \u0641\u064a \u062d\u0627\u0644\u0629 \u0627\u0644\u0632\u0644\u0627\u0632\u0644.<\/li>\n\n\n\n<li>\u0648\u0628\u0645\u0627 \u0623\u0646 \u0627\u0644\u0622\u0644\u064a\u0629 \u062a\u062a\u062d\u0631\u0643 \u0641\u064a \u0627\u0644\u0627\u062a\u062c\u0627\u0647 \u0627\u0644\u0645\u0639\u0627\u0643\u0633\u060c \u0641\u0625\u0646 \u0627\u0644\u063a\u0637\u0627\u0621 \u0644\u0627 \u064a\u0641\u062a\u062d \u0645\u0646 \u062a\u0644\u0642\u0627\u0621 \u0646\u0641\u0633\u0647.<\/li>\n\n\n\n<li>\u0622\u0644\u064a\u0627\u062a\u0646\u0627 \u0645\u063a\u0637\u0627\u0629 \u0628\u0636\u0645\u0627\u0646 \u0644\u0645\u062f\u0629 10 \u0633\u0646\u0648\u0627\u062a.<\/li>\n\n\n\n<li>\u0636\u0645\u0627\u0646\u0646\u0627 \u0639\u0644\u0649 \u0645\u0645\u062a\u0635\u0627\u062a \u0627\u0644\u0635\u062f\u0645\u0627\u062a \u0647\u0648 3 \u0633\u0646\u0648\u0627\u062a.<\/li>\n\n\n\n<li>\u064a\u0648\u0635\u0649 \u0628\u0627\u0633\u062a\u0628\u062f\u0627\u0644 \u0645\u0645\u062a\u0635\u0627\u062a \u0627\u0644\u0635\u062f\u0645\u0627\u062a \u0643\u0644 7 \u0633\u0646\u0648\u0627\u062a.<\/li>\n\n\n\n<li>\u0644\u0643\u064a \u064a\u0639\u0645\u0644 \u0627\u0644\u0645\u0646\u062a\u062c \u0627\u0644\u0630\u064a \u0627\u0634\u062a\u0631\u064a\u062a\u0647 \u0628\u0634\u0643\u0644 \u0635\u062d\u064a\u062d\u061b<\/li>\n\n\n\n<li>\u0645\u0642\u0627\u0633 \u0627\u0644\u0633\u0631\u064a\u0631 \u0627\u0644\u062f\u0627\u062e\u0644\u064a 18 \u0633\u0645<\/li>\n\n\n\n<li>\u064a\u0646\u0628\u063a\u064a \u0623\u0646 \u062a\u0632\u0646 \u0627\u0644\u0623\u0633\u0631\u0629 \u062d\u0648\u0627\u0644\u064a 20 \u0643\u062c\u0645 \u0644\u0644\u0634\u062e\u0635 \u0627\u0644\u0648\u0627\u062d\u062f \u064828 \u0643\u062c\u0645 \u0644\u0644\u0634\u062e\u0635 \u0627\u0644\u0645\u0632\u062f\u0648\u062c.<\/li>\n<\/ul>","protected":false},"excerpt":{"rendered":"<p>\u0627\u0644\u062a\u0633\u0644\u064a\u0645 \u0648\u0627\u0644\u062a\u062c\u0645\u064a\u0639: \u0645\u0639\u0644\u0648\u0645\u0627\u062a \u0647\u0627\u0645\u0629:<\/p>","protected":false},"author":1,"featured_media":0,"parent":0,"menu_order":0,"comment_status":"closed","ping_status":"closed","template":"","meta":{"footnotes":""},"class_list":["post-15249","page","type-page","status-publish","hentry"],"yoast_head":"<!-- This site is optimized with the Yoast SEO plugin v26.8 - https:\/\/yoast.com\/product\/yoast-seo-wordpress\/ -->\n<title>Teslimat ve Montaj - Modamob Ak\u0131ll\u0131 Mobilya<\/title>\n<meta name=\"robots\" content=\"index, follow, max-snippet:-1, max-image-preview:large, max-video-preview:-1\" \/>\n<link rel=\"canonical\" href=\"https:\/\/www.modamob.com.tr\/ar\/\u0627\u0644\u062a\u0633\u0644\u064a\u0645-\u0648\u0627\u0644\u062a\u062c\u0645\u064a\u0639\/\" \/>\n<meta property=\"og:locale\" content=\"ar_AR\" \/>\n<meta property=\"og:type\" content=\"article\" \/>\n<meta property=\"og:title\" content=\"Teslimat ve Montaj - Modamob Ak\u0131ll\u0131 Mobilya\" \/>\n<meta property=\"og:description\" content=\"Teslimat ve Montaj: \u00d6nemli Bilgiler:\" \/>\n<meta property=\"og:url\" content=\"https:\/\/www.modamob.com.tr\/ar\/\u0627\u0644\u062a\u0633\u0644\u064a\u0645-\u0648\u0627\u0644\u062a\u062c\u0645\u064a\u0639\/\" \/>\n<meta property=\"og:site_name\" content=\"Modamob Ak\u0131ll\u0131 Mobilya\" \/>\n<meta property=\"article:modified_time\" content=\"2023-03-23T11:07:32+00:00\" \/>\n<meta name=\"twitter:card\" content=\"summary_large_image\" \/>\n<script type=\"application\/ld+json\" class=\"yoast-schema-graph\">{\"@context\":\"https:\/\/schema.org\",\"@graph\":[{\"@type\":\"WebPage\",\"@id\":\"https:\/\/www.modamob.com.tr\/teslimat-ve-montaj\/\",\"url\":\"https:\/\/www.modamob.com.tr\/teslimat-ve-montaj\/\",\"name\":\"Teslimat ve Montaj - Modamob Ak\u0131ll\u0131 Mobilya\",\"isPartOf\":{\"@id\":\"https:\/\/www.modamob.com.tr\/#website\"},\"datePublished\":\"2023-03-23T11:06:30+00:00\",\"dateModified\":\"2023-03-23T11:07:32+00:00\",\"breadcrumb\":{\"@id\":\"https:\/\/www.modamob.com.tr\/teslimat-ve-montaj\/#breadcrumb\"},\"inLanguage\":\"ar\",\"potentialAction\":[{\"@type\":\"ReadAction\",\"target\":[\"https:\/\/www.modamob.com.tr\/teslimat-ve-montaj\/\"]}]},{\"@type\":\"BreadcrumbList\",\"@id\":\"https:\/\/www.modamob.com.tr\/teslimat-ve-montaj\/#breadcrumb\",\"itemListElement\":[{\"@type\":\"ListItem\",\"position\":1,\"name\":\"Anasayfa\",\"item\":\"https:\/\/www.modamob.com.tr\/\"},{\"@type\":\"ListItem\",\"position\":2,\"name\":\"Teslimat ve Montaj\"}]},{\"@type\":\"WebSite\",\"@id\":\"https:\/\/www.modamob.com.tr\/#website\",\"url\":\"https:\/\/www.modamob.com.tr\/\",\"name\":\"Modamob Ak\u0131ll\u0131 Mobilya\",\"description\":\"Yeni Nesil Hareketli Mobilyalar\",\"potentialAction\":[{\"@type\":\"SearchAction\",\"target\":{\"@type\":\"EntryPoint\",\"urlTemplate\":\"https:\/\/www.modamob.com.tr\/?s={search_term_string}\"},\"query-input\":{\"@type\":\"PropertyValueSpecification\",\"valueRequired\":true,\"valueName\":\"search_term_string\"}}],\"inLanguage\":\"ar\"}]}<\/script>\n<!-- \/ Yoast SEO plugin. -->","yoast_head_json":{"title":"\u0627\u0644\u062a\u0633\u0644\u064a\u0645 \u0648\u0627\u0644\u062a\u0631\u0643\u064a\u0628 - Modamob Smart Furniture","robots":{"index":"index","follow":"follow","max-snippet":"max-snippet:-1","max-image-preview":"max-image-preview:large","max-video-preview":"max-video-preview:-1"},"canonical":"https:\/\/www.modamob.com.tr\/ar\/\u0627\u0644\u062a\u0633\u0644\u064a\u0645-\u0648\u0627\u0644\u062a\u062c\u0645\u064a\u0639\/","og_locale":"ar_AR","og_type":"article","og_title":"Teslimat ve Montaj - Modamob Ak\u0131ll\u0131 Mobilya","og_description":"Teslimat ve Montaj: \u00d6nemli Bilgiler:","og_url":"https:\/\/www.modamob.com.tr\/ar\/\u0627\u0644\u062a\u0633\u0644\u064a\u0645-\u0648\u0627\u0644\u062a\u062c\u0645\u064a\u0639\/","og_site_name":"Modamob Ak\u0131ll\u0131 Mobilya","article_modified_time":"2023-03-23T11:07:32+00:00","twitter_card":"summary_large_image","schema":{"@context":"https:\/\/schema.org","@graph":[{"@type":"WebPage","@id":"https:\/\/www.modamob.com.tr\/teslimat-ve-montaj\/","url":"https:\/\/www.modamob.com.tr\/teslimat-ve-montaj\/","name":"\u0627\u0644\u062a\u0633\u0644\u064a\u0645 \u0648\u0627\u0644\u062a\u0631\u0643\u064a\u0628 - Modamob Smart Furniture","isPartOf":{"@id":"https:\/\/www.modamob.com.tr\/#website"},"datePublished":"2023-03-23T11:06:30+00:00","dateModified":"2023-03-23T11:07:32+00:00","breadcrumb":{"@id":"https:\/\/www.modamob.com.tr\/teslimat-ve-montaj\/#breadcrumb"},"inLanguage":"ar","potentialAction":[{"@type":"ReadAction","target":["https:\/\/www.modamob.com.tr\/teslimat-ve-montaj\/"]}]},{"@type":"BreadcrumbList","@id":"https:\/\/www.modamob.com.tr\/teslimat-ve-montaj\/#breadcrumb","itemListElement":[{"@type":"ListItem","position":1,"name":"Anasayfa","item":"https:\/\/www.modamob.com.tr\/"},{"@type":"ListItem","position":2,"name":"Teslimat ve Montaj"}]},{"@type":"WebSite","@id":"https:\/\/www.modamob.com.tr\/#website","url":"https:\/\/www.modamob.com.tr\/","name":"\u0645\u0648\u062f\u0627\u0645\u0648\u0628 \u0633\u0645\u0627\u0631\u062a \u0644\u0644\u0623\u062b\u0627\u062b","description":"\u0627\u0644\u062c\u064a\u0644 \u0627\u0644\u062c\u062f\u064a\u062f \u0645\u0646 \u0627\u0644\u0623\u062b\u0627\u062b \u0627\u0644\u0645\u062a\u062d\u0631\u0643","potentialAction":[{"@type":"SearchAction","target":{"@type":"EntryPoint","urlTemplate":"https:\/\/www.modamob.com.tr\/?s={search_term_string}"},"query-input":{"@type":"PropertyValueSpecification","valueRequired":true,"valueName":"search_term_string"}}],"inLanguage":"ar"}]}},"_links":{"self":[{"href":"https:\/\/www.modamob.com.tr\/ar\/wp-json\/wp\/v2\/pages\/15249","targetHints":{"allow":["GET"]}}],"collection":[{"href":"https:\/\/www.modamob.com.tr\/ar\/wp-json\/wp\/v2\/pages"}],"about":[{"href":"https:\/\/www.modamob.com.tr\/ar\/wp-json\/wp\/v2\/types\/page"}],"author":[{"embeddable":true,"href":"https:\/\/www.modamob.com.tr\/ar\/wp-json\/wp\/v2\/users\/1"}],"replies":[{"embeddable":true,"href":"https:\/\/www.modamob.com.tr\/ar\/wp-json\/wp\/v2\/comments?post=15249"}],"version-history":[{"count":0,"href":"https:\/\/www.modamob.com.tr\/ar\/wp-json\/wp\/v2\/pages\/15249\/revisions"}],"wp:attachment":[{"href":"https:\/\/www.modamob.com.tr\/ar\/wp-json\/wp\/v2\/media?parent=15249"}],"curies":[{"name":"wp","href":"https:\/\/api.w.org\/{rel}","templated":true}]}}