{"id":11287,"date":"2022-11-03T10:47:10","date_gmt":"2022-11-03T10:47:10","guid":{"rendered":"https:\/\/modamob2.myco.site\/?page_id=11287"},"modified":"2023-08-19T15:31:08","modified_gmt":"2023-08-19T12:31:08","slug":"%d8%a7%d9%84%d8%af%d9%81%d8%b9-%d9%88%d8%a7%d9%84%d8%aa%d8%b3%d9%84%d9%8a%d9%85","status":"publish","type":"page","link":"https:\/\/www.modamob.com.tr\/ar\/%d8%a7%d9%84%d8%af%d9%81%d8%b9-%d9%88%d8%a7%d9%84%d8%aa%d8%b3%d9%84%d9%8a%d9%85\/","title":{"rendered":"\u0627\u0644\u062f\u0641\u0639 \u0648\u0627\u0644\u062a\u0633\u0644\u064a\u0645"},"content":{"rendered":"<p>\u0627\u0644\u062f\u0641\u0639 \u0648\u0627\u0644\u062a\u0633\u0644\u064a\u0645<\/p>\n\n\n\n<p>1) \u0639\u0646 \u0637\u0631\u064a\u0642 \u0627\u0644\u062a\u062d\u0648\u064a\u0644 \u0627\u0644\u0645\u0635\u0631\u0641\u064a \u0623\u0648 \u0627\u0644\u062a\u062d\u0648\u064a\u0644 \u0627\u0644\u0625\u0644\u0643\u062a\u0631\u0648\u0646\u064a (\u062a\u062d\u0648\u064a\u0644 \u0627\u0644\u0623\u0645\u0648\u0627\u0644 \u0627\u0644\u0625\u0644\u0643\u062a\u0631\u0648\u0646\u064a)<\/p>\n\n\n\n<p>\u064a\u0645\u0643\u0646\u0643 \u0625\u062c\u0631\u0627\u0621 \u0627\u0644\u062f\u0641\u0639\u0627\u062a \u0625\u0644\u0649 \u0623\u064a \u0645\u0646 \u062d\u0633\u0627\u0628\u0627\u062a\u0646\u0627 \u0627\u0644\u0645\u0635\u0631\u0641\u064a\u0629 \u0641\u064a Akbank \u0648Finasbank \u0648Garanti Bank \u0648T.I\u015f Bank \u0648Yap\u0131 Kredi (TL).<\/p>\n\n\n\n<p>2) \u0645\u0639 \u0628\u0637\u0627\u0642\u0627\u062a \u0627\u0644\u0627\u0626\u062a\u0645\u0627\u0646 \u0627\u0644\u062e\u0627\u0635\u0629 \u0628\u0643 \u0639\u0628\u0631 \u0645\u0648\u0642\u0639\u0646\u0627<\/p>\n\n\n\n<p>\u064a\u0645\u0643\u0646\u0643 \u0627\u0644\u0627\u0633\u062a\u0641\u0627\u062f\u0629 \u0645\u0646 \u0641\u0631\u0635 \u0627\u0644\u062f\u0641\u0639 \u0627\u0644\u0641\u0631\u062f\u064a \u0639\u0628\u0631 \u0627\u0644\u0625\u0646\u062a\u0631\u0646\u062a \u0623\u0648 \u0627\u0644\u062a\u0642\u0633\u064a\u0637 \u0639\u0628\u0631 \u0627\u0644\u0625\u0646\u062a\u0631\u0646\u062a \u0645\u0646 Akbank \u0644\u0623\u064a \u0628\u0637\u0627\u0642\u0629 \u0627\u0626\u062a\u0645\u0627\u0646. \u0628\u0627\u0644\u0646\u0633\u0628\u0629 \u0644\u0644\u0645\u062f\u0641\u0648\u0639\u0627\u062a \u0639\u0628\u0631 \u0627\u0644\u0625\u0646\u062a\u0631\u0646\u062a\u060c \u0633\u064a\u062a\u0645 \u062e\u0635\u0645 \u0627\u0644\u0645\u0628\u0644\u063a \u0645\u0646 \u0628\u0637\u0627\u0642\u062a\u0643 \u0627\u0644\u0627\u0626\u062a\u0645\u0627\u0646\u064a\u0629 \u0641\u064a \u0646\u0647\u0627\u064a\u0629 \u0637\u0644\u0628\u0643. \u0641\u064a \u062d\u0627\u0644\u0629 \u0625\u0644\u063a\u0627\u0621 \u0627\u0644\u0637\u0644\u0628 \u0628\u0633\u0628\u0628 \u0627\u062d\u062a\u0645\u0627\u0644 \u0625\u0644\u063a\u0627\u0621 \u0627\u0644\u0637\u0644\u0628 \u0623\u0648 \u0645\u0634\u0627\u0643\u0644 \u0641\u064a \u0627\u0644\u0645\u062e\u0632\u0648\u0646\u060c \u0633\u064a\u062a\u0645 \u0631\u062f \u0627\u0644\u0645\u0628\u0644\u063a \u0625\u0644\u0649 \u0628\u0637\u0627\u0642\u062a\u0643 \u0627\u0644\u0627\u0626\u062a\u0645\u0627\u0646\u064a\u0629 \u062e\u0644\u0627\u0644 3 \u0623\u064a\u0627\u0645 \u0639\u0645\u0644.<\/p>\n\n\n\n<p>3) \u0627\u0633\u062a\u0631\u062f\u0627\u062f \u0633\u0639\u0631 \u0627\u0644\u0637\u0644\u0628&nbsp;<\/p>\n\n\n\n<p>\u0641\u064a \u062d\u0627\u0644\u0629 \u0625\u0644\u063a\u0627\u0621 \u0637\u0644\u0628\u0627\u062a\u0643 \u0644\u0623\u0633\u0628\u0627\u0628 \u0645\u062d\u062a\u0645\u0644\u0629\u061b \u0633\u062a\u0642\u0648\u0645 MODAMOB MACHINE AND ACCESSORIES MOBILYA SANAYI TICARET LIMITED \u015eIRKET\u0130 \u0628\u0631\u062f \u0633\u0639\u0631 \u0627\u0644\u0645\u0646\u062a\u062c \u0625\u0644\u0649 \u062d\u0633\u0627\u0628\u0643 \u0648\/\u0623\u0648 \u0628\u0637\u0627\u0642\u062a\u0643 \u0627\u0644\u0627\u0626\u062a\u0645\u0627\u0646\u064a\u0629 \u062e\u0644\u0627\u0644 \u062b\u0644\u0627\u062b\u0629 \u0623\u064a\u0627\u0645 \u0639\u0645\u0644. \u0648\u0645\u0639 \u0630\u0644\u0643\u060c \u064a\u062c\u0628 \u0639\u0644\u064a\u0643 \u062a\u0642\u062f\u064a\u0645 \u0645\u0639\u0644\u0648\u0645\u0627\u062a \u062d\u0633\u0627\u0628\u0643 \u0627\u0644\u0645\u0635\u0631\u0641\u064a \u0648\/\u0623\u0648 \u0645\u0639\u0644\u0648\u0645\u0627\u062a \u0628\u0637\u0627\u0642\u0629 \u0627\u0644\u0627\u0626\u062a\u0645\u0627\u0646 \u0627\u0644\u062e\u0627\u0635\u0629 \u0628\u0643 \u0628\u062f\u0642\u0629 \u0648\u0628\u0634\u0643\u0644 \u0643\u0627\u0645\u0644 \u0625\u0644\u0649 \u0627\u0644\u0633\u0644\u0637\u0627\u062a \u0627\u0644\u0645\u0627\u0644\u064a\u0629 \u0644\u0634\u0631\u0643\u062a\u0646\u0627.&nbsp;<\/p>\n\n\n\n<p>4) \u0627\u0644\u062a\u0633\u0644\u064a\u0645&nbsp;<\/p>\n\n\n\n<p>\u0646\u062d\u0646 \u0646\u0633\u0639\u0649 \u062c\u0627\u0647\u062f\u064a\u0646 \u0644\u062a\u0633\u0644\u064a\u0645 \u0627\u0644\u0645\u0646\u062a\u062c\u0627\u062a \u0627\u0644\u062a\u064a \u0637\u0644\u0628\u062a\u0647\u0627 \u0625\u0644\u0649 \u0627\u0644\u0628\u0636\u0627\u0626\u0639 \u0641\u064a \u0646\u0641\u0633 \u0627\u0644\u064a\u0648\u0645. \u0628\u0627\u0644\u0646\u0633\u0628\u0629 \u0644\u0644\u0645\u0646\u062a\u062c\u0627\u062a \u0627\u0644\u062a\u064a \u064a\u0633\u062a\u063a\u0631\u0642 \u062a\u0648\u0631\u064a\u062f\u0647\u0627 \u0623\u0648 \u0625\u0646\u062a\u0627\u062c\u0647\u0627 \u0648\u0642\u062a\u064b\u0627 \u0637\u0648\u064a\u0644\u0627\u064b\u060c \u0641\u0625\u0646 \u0648\u0642\u062a \u062a\u0633\u0644\u064a\u0645 \u0627\u0644\u0628\u0636\u0627\u0626\u0639 \u0647\u0648 \u0643\u0645\u0627 \u0647\u0648 \u0645\u0630\u0643\u0648\u0631 \u0641\u064a \u062a\u0641\u0627\u0635\u064a\u0644 \u0627\u0644\u0645\u0646\u062a\u062c. \u0633\u064a\u062a\u0645 \u0625\u0639\u0644\u0627\u0645\u0643 \u0641\u064a \u062d\u0627\u0644\u0629 \u0627\u062d\u062a\u0645\u0627\u0644 \u062a\u0623\u062e\u064a\u0631 \u0627\u0644\u062a\u0633\u0644\u064a\u0645.&nbsp;<\/p>\n\n\n\n<p>\u0644\u0643\u064a \u064a\u062a\u0645 \u062a\u0633\u0644\u064a\u0645 \u0627\u0644\u0645\u0646\u062a\u062c \u062f\u0648\u0646 \u0623\u064a \u0627\u0646\u0642\u0637\u0627\u0639\u060c \u064a\u0631\u062c\u0649 \u062a\u0642\u062f\u064a\u0645 \u0639\u0646\u0648\u0627\u0646 \u0645\u0648\u0642\u0639\u0643 \u062e\u0644\u0627\u0644 \u0627\u0644\u064a\u0648\u0645 \u0643\u0639\u0646\u0648\u0627\u0646 \u0627\u0644\u062a\u0633\u0644\u064a\u0645.&nbsp;<\/p>\n\n\n\n<p>\u0633\u062a\u062a\u0645 \u0645\u0639\u0627\u0644\u062c\u0629 \u0637\u0644\u0628\u0627\u062a\u0643 \u0648\u0641\u0642\u064b\u0627 \u0644\u0646\u0648\u0639 \u0627\u0644\u062a\u0633\u0644\u064a\u0645 \u0627\u0644\u0630\u064a \u062d\u062f\u062f\u062a\u0647 \u0641\u064a \u0646\u0647\u0627\u064a\u0629 \u0627\u0644\u0637\u0644\u0628. \u0633\u064a\u062a\u0645 \u0625\u0631\u0633\u0627\u0644 \u0627\u0644\u0645\u0646\u062a\u062c\u0627\u062a \u0645\u0646 \u0634\u0631\u0643\u062a\u0646\u0627 \u0627\u0644\u062a\u064a \u064a\u0642\u0639 \u0645\u0642\u0631\u0647\u0627 \u0641\u064a \u0628\u0648\u0631\u0635\u0629 \u0639\u0646 \u0637\u0631\u064a\u0642 \u0634\u0631\u0643\u0629 \u0634\u062d\u0646 \u0645\u062a\u0639\u0627\u0642\u062f\u0629. \u0628\u0639\u062f \u0627\u0644\u0645\u0648\u0627\u0641\u0642\u0629 \u0639\u0644\u0649 \u0637\u0644\u0628\u0627\u062a\u0643\u060c \u0633\u064a\u062a\u0645 \u062a\u0633\u0644\u064a\u0645\u0647\u0627 \u0625\u0644\u0649 \u0634\u0631\u0643\u0629 \u0627\u0644\u0634\u062d\u0646 \u062e\u0644\u0627\u0644 \u064a\u0648\u0645\u064a \u0639\u0645\u0644 \u0639\u0644\u0649 \u0623\u0628\u0639\u062f \u062a\u0642\u062f\u064a\u0631 \u0644\u0644\u0622\u0644\u064a\u0629.\u00a0<\/p>\n\n\n\n<p>\u064a\u0645\u0643\u0646\u0643 \u0627\u0644\u0627\u062a\u0635\u0627\u0644 \u0628\u0646\u0627 \u0628\u062e\u0635\u0648\u0635 \u062d\u0627\u0644\u0629 \u0627\u0644\u0645\u062e\u0632\u0648\u0646 \u0648\u0639\u0645\u0644\u064a\u0629 \u0625\u0646\u062a\u0627\u062c \u0627\u0644\u0623\u062b\u0627\u062b.<\/p>\n\n\n\n<p>\u064a\u0645\u0643\u0646\u0643 \u0645\u0646\u0627\u0642\u0634\u0629 \u0634\u0631\u0648\u0637 \u0627\u0644\u062a\u0633\u0644\u064a\u0645 \u0627\u0644\u0645\u062e\u062a\u0644\u0641\u0629 \u0645\u0646 \u062e\u0644\u0627\u0644 \u0627\u0633\u062a\u0634\u0627\u0631\u0629 \u0645\u0645\u062b\u0644 \u0627\u0644\u0639\u0645\u0644\u0627\u0621 \u0644\u062f\u064a\u0646\u0627. \u0628\u0627\u0644\u0625\u0636\u0627\u0641\u0629 \u0625\u0644\u0649 \u0630\u0644\u0643\u060c \u0641\u0625\u0646 \u0639\u0645\u0644\u064a\u0627\u062a \u062a\u0633\u0644\u064a\u0645 \u0627\u0644\u0628\u0636\u0627\u0626\u0639 \u0635\u0627\u0644\u062d\u0629 \u0641\u0642\u0637 \u0644\u062a\u0631\u0643\u064a\u0627.<\/p>\n\n\n\n<p>\u064a\u062a\u0645 \u0634\u062d\u0646 \u0645\u0646\u062a\u062c\u0627\u062a\u0646\u0627 \u0639\u0646 \u0637\u0631\u064a\u0642 \u0627\u0644\u0628\u0636\u0627\u0626\u0639 \u0627\u0644\u0645\u062a\u0639\u0627\u0642\u062f \u0639\u0644\u064a\u0647\u0627 \u0641\u064a \u0628\u0639\u0636 \u0627\u0644\u0645\u0646\u0627\u0637\u0642 \u0627\u0644\u0633\u064a\u0627\u062d\u064a\u0629 \u062d\u064a\u062b \u0644\u0627 \u064a\u062a\u0645 \u062a\u0648\u0632\u064a\u0639 \u0627\u0644\u0628\u0636\u0627\u0626\u0639 \u0623\u0648 \u0641\u064a \u0627\u0644\u0645\u062f\u0646 \u0627\u0644\u062a\u064a \u0644\u0627 \u062a\u0648\u062c\u062f \u0628\u0647\u0627 \u0641\u0631\u0648\u0639\u060c \u064a\u062c\u0628 \u0639\u0644\u0649 \u0639\u0645\u0644\u0627\u0626\u0646\u0627 \u0627\u0633\u062a\u0644\u0627\u0645 \u0645\u0646\u062a\u062c\u0627\u062a\u0647\u0645 \u0628\u0623\u0646\u0641\u0633\u0647\u0645 \u0645\u0646 \u0641\u0631\u0648\u0639 \u0627\u0644\u0634\u062d\u0646.<\/p>\n\n\n\n<p><\/p>\n\n\n\n<p>5) \u062a\u062a\u0628\u0639 \u0627\u0644\u062f\u0641\u0639&nbsp;<\/p>\n\n\n\n<p>\u0625\u0630\u0627 \u0644\u0645 \u064a\u062a\u0645\u0643\u0646 \u0627\u0644\u0646\u0638\u0627\u0645 \u0627\u0644\u0645\u0639\u0646\u064a \u0645\u0646 \u0625\u062c\u0631\u0627\u0621 \u0627\u0644\u0645\u0639\u0627\u0645\u0644\u0629 \u0628\u0633\u0628\u0628 \u0623\u064a \u0645\u0634\u0643\u0644\u0629\u060c \u0641\u0633\u064a\u062a\u0645 \u0625\u0628\u0644\u0627\u063a \u0632\u0627\u0626\u0631\u0646\u0627 \u0628\u0647\u0630\u0627 \u0627\u0644\u0645\u0648\u0642\u0641 \u0639\u0644\u0649 \u0635\u0641\u062d\u0629 \u0627\u0644\u062f\u0641\u0639.&nbsp;<\/p>\n\n\n\n<p>\u0641\u064a \u062d\u0627\u0644\u0629 \u0648\u062c\u0648\u062f \u0623\u064a \u062e\u0637\u0623 \u0641\u064a \u0627\u0644\u0639\u0646\u0648\u0627\u0646 \u0627\u0644\u0645\u062d\u062f\u062f\u060c \u064a\u062a\u0645 \u0627\u0644\u0627\u062a\u0635\u0627\u0644 \u0628\u0627\u0644\u0637\u0627\u0644\u0628 \u0628\u062e\u0635\u0648\u0635 \u0627\u0644\u0637\u0644\u0628 \u0627\u0644\u0630\u064a \u0644\u0627 \u064a\u0645\u0643\u0646 \u062a\u0633\u0644\u064a\u0645\u0647.<\/p>\n\n\n\n<p>\u064a\u062a\u0645 \u0627\u0644\u062a\u0623\u0643\u062f \u0645\u0646 \u0635\u062d\u0629 \u0639\u0646\u0648\u0627\u0646 \u0627\u0644\u0628\u0631\u064a\u062f \u0627\u0644\u0625\u0644\u0643\u062a\u0631\u0648\u0646\u064a \u0627\u0644\u0630\u064a \u062d\u062f\u062f\u0647 \u0632\u0627\u0626\u0631\u0646\u0627 \u0645\u0646 \u062e\u0644\u0627\u0644 \u0627\u0644\u0628\u0631\u064a\u062f \u0627\u0644\u0625\u0644\u0643\u062a\u0631\u0648\u0646\u064a \u0627\u0644\u062a\u0644\u0642\u0627\u0626\u064a \u0627\u0644\u0630\u064a \u064a\u062a\u0645 \u0625\u0631\u0633\u0627\u0644\u0647 \u0628\u0639\u062f \u0646\u0642\u0644 \u0627\u0644\u0637\u0644\u0628.&nbsp;<\/p>\n\n\n\n<p>\u0644\u062f\u064a\u0646\u0627 \u0645\u0633\u0624\u0648\u0644\u064a\u0629 \u062a\u062c\u0627\u0647 \u0627\u0644\u0628\u0646\u0643 \u0627\u0644\u0630\u064a \u0646\u0633\u062a\u062e\u062f\u0645 \u0646\u0638\u0627\u0645 \u0628\u0637\u0627\u0642\u0629 \u0627\u0644\u0627\u0626\u062a\u0645\u0627\u0646 \u0627\u0644\u062e\u0627\u0635 \u0628\u0647\u060c \u0648\u0643\u0630\u0644\u0643 \u062a\u062c\u0627\u0647 \u0627\u0644\u0639\u0645\u064a\u0644\u060c \u0641\u064a\u0645\u0627 \u064a\u062a\u0639\u0644\u0642 \u0628\u0627\u0644\u062a\u0633\u0644\u064a\u0645.&nbsp;<\/p>\n\n\n\n<p>&nbsp;\u064a\u0631\u062c\u0649 \u0627\u0644\u0627\u0646\u062a\u0628\u0627\u0647!<\/p>\n\n\n\n<p>\u0642\u0645 \u0628\u0641\u062a\u062d \u0627\u0644\u0637\u0631\u0648\u062f \u0627\u0644\u062a\u064a \u062a\u0639\u062a\u0642\u062f \u0623\u0646\u0647\u0627 \u062a\u0639\u0631\u0636\u062a \u0644\u0644\u062a\u0644\u0641 \u0623\u062b\u0646\u0627\u0621 \u0627\u0644\u0634\u062d\u0646 \u0648\u0627\u0644\u062a\u062d\u0642\u0642 \u0645\u0646\u0647\u0627 \u0623\u0645\u0627\u0645 \u0645\u0646\u062f\u0648\u0628 \u0627\u0644\u0634\u0631\u0643\u0629 \u0627\u0644\u062a\u064a \u0627\u0633\u062a\u0644\u0645\u062a\u0647\u0627 \u0645\u0646\u0647\u0627. \u0625\u0630\u0627 \u0643\u0646\u062a \u062a\u0639\u062a\u0642\u062f \u0623\u0646 \u0647\u0646\u0627\u0643 \u0623\u064a \u0636\u0631\u0631 \u0644\u0644\u0645\u0646\u062a\u062c\u060c \u0641\u0644\u0627 \u062a\u0633\u062a\u0644\u0645 \u0627\u0644\u0645\u0646\u062a\u062c \u0639\u0646 \u0637\u0631\u064a\u0642 \u0627\u0644\u0627\u062d\u062a\u0641\u0627\u0638 \u0628\u062a\u0642\u0631\u064a\u0631 \u0644\u062f\u0649 \u0634\u0631\u0643\u0629 \u0627\u0644\u0634\u062d\u0646.&nbsp;<\/p>\n\n\n\n<p>\u0628\u0645\u062c\u0631\u062f \u0627\u0633\u062a\u0644\u0627\u0645 \u0627\u0644\u0645\u0646\u062a\u062c\u060c \u064a\u064f\u0641\u062a\u0631\u0636 \u0623\u0646 \u0634\u0631\u0643\u0629 \u0627\u0644\u0634\u062d\u0646 \u0642\u062f \u0623\u0648\u0641\u062a \u0628\u0648\u0627\u062c\u0628\u0647\u0627 \u0628\u0627\u0644\u0643\u0627\u0645\u0644.&nbsp;<\/p>\n\n\n\n<p>\u0641\u064a \u062d\u0627\u0644\u0629 \u062a\u0644\u0641 \u0627\u0644\u0645\u0646\u062a\u062c: \u0623\u0631\u0633\u0644 \u0627\u0644\u062a\u0642\u0631\u064a\u0631 \u0627\u0644\u0630\u064a \u0642\u0645\u062a \u0628\u0625\u0639\u062f\u0627\u062f\u0647 \u0625\u0644\u0649 \u0631\u0642\u0645 \u0627\u0644\u0641\u0627\u0643\u0633 0224 443 44 66 \u0641\u064a \u0623\u0642\u0631\u0628 \u0648\u0642\u062a \u0645\u0645\u0643\u0646 \u0648\u0623\u0628\u0644\u063a \u0639\u0646 \u0627\u0644\u0645\u0648\u0642\u0641 \u0625\u0644\u0649 \u0639\u0646\u0648\u0627\u0646 \u0627\u0644\u0628\u0631\u064a\u062f \u0627\u0644\u0625\u0644\u0643\u062a\u0631\u0648\u0646\u064a bilgi@modamob.com.tr.&nbsp;<\/p>\n\n\n\n<p>\u0625\u0630\u0627 \u0623\u0643\u0645\u0644\u062a \u0647\u0630\u0647 \u0627\u0644\u0625\u062c\u0631\u0627\u0621\u0627\u062a\u060c \u0633\u0646\u0628\u062f\u0623 \u0627\u0644\u0639\u0645\u0644 \u0639\u0644\u0649 \u0637\u0631\u062f\u0643 \u0648\u0646\u0636\u0645\u0646 \u062a\u0643\u0631\u0627\u0631 \u0627\u0644\u062a\u0633\u0644\u064a\u0645 \u0641\u064a \u0623\u0633\u0631\u0639 \u0648\u0642\u062a \u0645\u0645\u0643\u0646.<\/p>\n\n\n\n<p>\u0625\u0630\u0627 \u0634\u0631\u062d\u062a \u0628\u0627\u062e\u062a\u0635\u0627\u0631 \u0641\u064a \u0647\u0630\u0647 \u0627\u0644\u0631\u0633\u0627\u0644\u0629 \u0627\u0644\u0625\u0644\u0643\u062a\u0631\u0648\u0646\u064a\u0629 \u0633\u0628\u0628 \u0631\u063a\u0628\u062a\u0643 \u0641\u064a \u0625\u0631\u062c\u0627\u0639 \u0627\u0644\u0645\u0646\u062a\u062c\u060c \u0641\u0633\u0648\u0641 \u062a\u0633\u0627\u0639\u062f\u0646\u0627 \u0641\u064a \u0639\u0645\u0644\u0646\u0627 \u0639\u0644\u0649 \u0627\u0644\u0645\u0646\u062a\u062c.<\/p>","protected":false},"excerpt":{"rendered":"<p>\u00d6deme ve Teslimat 1) Banka Havalesi veya EFT (Elektronik Fon Transferi) yaparak Akbank, Finasbank, Garanti Bankas\u0131, T.\u0130\u015f Bankas\u0131 ve Yap\u0131 Kredi bankas\u0131 hesaplar\u0131m\u0131zdan (TL) herhangi birine yapabilirsiniz 2) Sitemiz \u00fczerinden kredi kartlar\u0131n\u0131z ile Her t\u00fcrl\u00fc kredi kart\u0131n\u0131za online tek \u00f6deme ya da Akbankdan &nbsp;online taksit imk\u00e2nlar\u0131m\u0131zdan yararlanabilirsiniz. Online \u00f6demelerinizde sipari\u015finiz sonunda kredi kart\u0131n\u0131zdan tutar \u00e7ekim [&hellip;]<\/p>","protected":false},"author":1,"featured_media":0,"parent":0,"menu_order":0,"comment_status":"closed","ping_status":"closed","template":"","meta":{"footnotes":""},"class_list":["post-11287","page","type-page","status-publish","hentry"],"yoast_head":"<!-- This site is optimized with the Yoast SEO plugin v26.8 - https:\/\/yoast.com\/product\/yoast-seo-wordpress\/ -->\n<title>\u00d6deme ve Teslimat - Modamob Ak\u0131ll\u0131 Mobilya<\/title>\n<meta name=\"robots\" content=\"index, follow, max-snippet:-1, max-image-preview:large, max-video-preview:-1\" \/>\n<link rel=\"canonical\" href=\"https:\/\/www.modamob.com.tr\/ar\/\u0627\u0644\u062f\u0641\u0639-\u0648\u0627\u0644\u062a\u0633\u0644\u064a\u0645\/\" \/>\n<meta property=\"og:locale\" content=\"ar_AR\" \/>\n<meta property=\"og:type\" content=\"article\" \/>\n<meta property=\"og:title\" content=\"\u00d6deme ve Teslimat - Modamob Ak\u0131ll\u0131 Mobilya\" \/>\n<meta property=\"og:description\" content=\"\u00d6deme ve Teslimat 1) Banka Havalesi veya EFT (Elektronik Fon Transferi) yaparak Akbank, Finasbank, Garanti Bankas\u0131, T.\u0130\u015f Bankas\u0131 ve Yap\u0131 Kredi bankas\u0131 hesaplar\u0131m\u0131zdan (TL) herhangi birine yapabilirsiniz 2) Sitemiz \u00fczerinden kredi kartlar\u0131n\u0131z ile Her t\u00fcrl\u00fc kredi kart\u0131n\u0131za online tek \u00f6deme ya da Akbankdan &nbsp;online taksit imk\u00e2nlar\u0131m\u0131zdan yararlanabilirsiniz. Online \u00f6demelerinizde sipari\u015finiz sonunda kredi kart\u0131n\u0131zdan tutar \u00e7ekim [&hellip;]\" \/>\n<meta property=\"og:url\" content=\"https:\/\/www.modamob.com.tr\/ar\/\u0627\u0644\u062f\u0641\u0639-\u0648\u0627\u0644\u062a\u0633\u0644\u064a\u0645\/\" \/>\n<meta property=\"og:site_name\" content=\"Modamob Ak\u0131ll\u0131 Mobilya\" \/>\n<meta property=\"article:modified_time\" content=\"2023-08-19T12:31:08+00:00\" \/>\n<meta name=\"twitter:card\" content=\"summary_large_image\" \/>\n<meta name=\"twitter:label1\" content=\"\u0648\u0642\u062a \u0627\u0644\u0642\u0631\u0627\u0621\u0629 \u0627\u0644\u0645\u064f\u0642\u062f\u0651\u0631\" \/>\n\t<meta name=\"twitter:data1\" content=\"3 \u062f\u0642\u0627\u0626\u0642\" \/>\n<script type=\"application\/ld+json\" class=\"yoast-schema-graph\">{\"@context\":\"https:\/\/schema.org\",\"@graph\":[{\"@type\":\"WebPage\",\"@id\":\"https:\/\/www.modamob.com.tr\/odeme-ve-teslimat\/\",\"url\":\"https:\/\/www.modamob.com.tr\/odeme-ve-teslimat\/\",\"name\":\"\u00d6deme ve Teslimat - Modamob Ak\u0131ll\u0131 Mobilya\",\"isPartOf\":{\"@id\":\"https:\/\/www.modamob.com.tr\/#website\"},\"datePublished\":\"2022-11-03T10:47:10+00:00\",\"dateModified\":\"2023-08-19T12:31:08+00:00\",\"breadcrumb\":{\"@id\":\"https:\/\/www.modamob.com.tr\/odeme-ve-teslimat\/#breadcrumb\"},\"inLanguage\":\"ar\",\"potentialAction\":[{\"@type\":\"ReadAction\",\"target\":[\"https:\/\/www.modamob.com.tr\/odeme-ve-teslimat\/\"]}]},{\"@type\":\"BreadcrumbList\",\"@id\":\"https:\/\/www.modamob.com.tr\/odeme-ve-teslimat\/#breadcrumb\",\"itemListElement\":[{\"@type\":\"ListItem\",\"position\":1,\"name\":\"Anasayfa\",\"item\":\"https:\/\/www.modamob.com.tr\/\"},{\"@type\":\"ListItem\",\"position\":2,\"name\":\"\u00d6deme ve Teslimat\"}]},{\"@type\":\"WebSite\",\"@id\":\"https:\/\/www.modamob.com.tr\/#website\",\"url\":\"https:\/\/www.modamob.com.tr\/\",\"name\":\"Modamob Ak\u0131ll\u0131 Mobilya\",\"description\":\"Yeni Nesil Hareketli Mobilyalar\",\"potentialAction\":[{\"@type\":\"SearchAction\",\"target\":{\"@type\":\"EntryPoint\",\"urlTemplate\":\"https:\/\/www.modamob.com.tr\/?s={search_term_string}\"},\"query-input\":{\"@type\":\"PropertyValueSpecification\",\"valueRequired\":true,\"valueName\":\"search_term_string\"}}],\"inLanguage\":\"ar\"}]}<\/script>\n<!-- \/ Yoast SEO plugin. -->","yoast_head_json":{"title":"\u0627\u0644\u062f\u0641\u0639 \u0648\u0627\u0644\u062a\u0633\u0644\u064a\u0645 - Modamob Smart Furniture","robots":{"index":"index","follow":"follow","max-snippet":"max-snippet:-1","max-image-preview":"max-image-preview:large","max-video-preview":"max-video-preview:-1"},"canonical":"https:\/\/www.modamob.com.tr\/ar\/\u0627\u0644\u062f\u0641\u0639-\u0648\u0627\u0644\u062a\u0633\u0644\u064a\u0645\/","og_locale":"ar_AR","og_type":"article","og_title":"\u00d6deme ve Teslimat - Modamob Ak\u0131ll\u0131 Mobilya","og_description":"\u00d6deme ve Teslimat 1) Banka Havalesi veya EFT (Elektronik Fon Transferi) yaparak Akbank, Finasbank, Garanti Bankas\u0131, T.\u0130\u015f Bankas\u0131 ve Yap\u0131 Kredi bankas\u0131 hesaplar\u0131m\u0131zdan (TL) herhangi birine yapabilirsiniz 2) Sitemiz \u00fczerinden kredi kartlar\u0131n\u0131z ile Her t\u00fcrl\u00fc kredi kart\u0131n\u0131za online tek \u00f6deme ya da Akbankdan &nbsp;online taksit imk\u00e2nlar\u0131m\u0131zdan yararlanabilirsiniz. Online \u00f6demelerinizde sipari\u015finiz sonunda kredi kart\u0131n\u0131zdan tutar \u00e7ekim [&hellip;]","og_url":"https:\/\/www.modamob.com.tr\/ar\/\u0627\u0644\u062f\u0641\u0639-\u0648\u0627\u0644\u062a\u0633\u0644\u064a\u0645\/","og_site_name":"Modamob Ak\u0131ll\u0131 Mobilya","article_modified_time":"2023-08-19T12:31:08+00:00","twitter_card":"summary_large_image","twitter_misc":{"\u0648\u0642\u062a \u0627\u0644\u0642\u0631\u0627\u0621\u0629 \u0627\u0644\u0645\u064f\u0642\u062f\u0651\u0631":"3 \u062f\u0642\u0627\u0626\u0642"},"schema":{"@context":"https:\/\/schema.org","@graph":[{"@type":"WebPage","@id":"https:\/\/www.modamob.com.tr\/odeme-ve-teslimat\/","url":"https:\/\/www.modamob.com.tr\/odeme-ve-teslimat\/","name":"\u0627\u0644\u062f\u0641\u0639 \u0648\u0627\u0644\u062a\u0633\u0644\u064a\u0645 - Modamob Smart Furniture","isPartOf":{"@id":"https:\/\/www.modamob.com.tr\/#website"},"datePublished":"2022-11-03T10:47:10+00:00","dateModified":"2023-08-19T12:31:08+00:00","breadcrumb":{"@id":"https:\/\/www.modamob.com.tr\/odeme-ve-teslimat\/#breadcrumb"},"inLanguage":"ar","potentialAction":[{"@type":"ReadAction","target":["https:\/\/www.modamob.com.tr\/odeme-ve-teslimat\/"]}]},{"@type":"BreadcrumbList","@id":"https:\/\/www.modamob.com.tr\/odeme-ve-teslimat\/#breadcrumb","itemListElement":[{"@type":"ListItem","position":1,"name":"Anasayfa","item":"https:\/\/www.modamob.com.tr\/"},{"@type":"ListItem","position":2,"name":"\u00d6deme ve Teslimat"}]},{"@type":"WebSite","@id":"https:\/\/www.modamob.com.tr\/#website","url":"https:\/\/www.modamob.com.tr\/","name":"\u0645\u0648\u062f\u0627\u0645\u0648\u0628 \u0633\u0645\u0627\u0631\u062a \u0644\u0644\u0623\u062b\u0627\u062b","description":"\u0627\u0644\u062c\u064a\u0644 \u0627\u0644\u062c\u062f\u064a\u062f \u0645\u0646 \u0627\u0644\u0623\u062b\u0627\u062b \u0627\u0644\u0645\u062a\u062d\u0631\u0643","potentialAction":[{"@type":"SearchAction","target":{"@type":"EntryPoint","urlTemplate":"https:\/\/www.modamob.com.tr\/?s={search_term_string}"},"query-input":{"@type":"PropertyValueSpecification","valueRequired":true,"valueName":"search_term_string"}}],"inLanguage":"ar"}]}},"_links":{"self":[{"href":"https:\/\/www.modamob.com.tr\/ar\/wp-json\/wp\/v2\/pages\/11287","targetHints":{"allow":["GET"]}}],"collection":[{"href":"https:\/\/www.modamob.com.tr\/ar\/wp-json\/wp\/v2\/pages"}],"about":[{"href":"https:\/\/www.modamob.com.tr\/ar\/wp-json\/wp\/v2\/types\/page"}],"author":[{"embeddable":true,"href":"https:\/\/www.modamob.com.tr\/ar\/wp-json\/wp\/v2\/users\/1"}],"replies":[{"embeddable":true,"href":"https:\/\/www.modamob.com.tr\/ar\/wp-json\/wp\/v2\/comments?post=11287"}],"version-history":[{"count":0,"href":"https:\/\/www.modamob.com.tr\/ar\/wp-json\/wp\/v2\/pages\/11287\/revisions"}],"wp:attachment":[{"href":"https:\/\/www.modamob.com.tr\/ar\/wp-json\/wp\/v2\/media?parent=11287"}],"curies":[{"name":"wp","href":"https:\/\/api.w.org\/{rel}","templated":true}]}}